{"id":173,"date":"2022-08-30T10:32:54","date_gmt":"2022-08-30T08:32:54","guid":{"rendered":"https:\/\/stage.poxclin.com\/be\/poxclin\/"},"modified":"2025-01-07T09:06:30","modified_gmt":"2025-01-07T08:06:30","slug":"poxclin","status":"publish","type":"page","link":"https:\/\/stage.poxclin.com\/be\/fr\/","title":{"rendered":"PoxClin"},"content":{"rendered":"\n<div class=\"wp-block-karopharma-product-promotion text-align-center pt-medium pb-medium bg-center bg-cover bg-no-repeat  text-align-right bg-right is-style-secondary\" style=\"background-image:url(https:\/\/stage.poxclin.com\/cdn-cgi\/image\/format=auto\/app\/uploads\/sites\/4\/2022\/09\/bg-red.png)\"><div class=\"container max-w-medium\">\n<div class=\"wp-block-group is-layout-flow wp-block-group-is-layout-flow\">\n<div class=\"wp-block-image\"><figure class=\"aligncenter is-resized\"><img loading=\"lazy\" decoding=\"async\" src=\"https:\/\/stage.poxclin.com\/app\/uploads\/sites\/4\/2022\/09\/poxclin_coolmousse_be_croped.png\" alt=\"Promoted product image\" width=\"252\" height=\"500\"\/><\/figure><\/div>\n<\/div>\n\n\n\n<div class=\"wp-block-group is-layout-flow wp-block-group-is-layout-flow\">\n<h1 class=\"has-text-align-left title is-style-heading-huge wp-block-heading\"><mark style=\"background-color:rgba(0, 0, 0, 0)\" class=\"has-inline-color has-white-color\">SOULAGER RAPIDEMENT ET INSTANTAN\u00c9MENT VOTRE PEAU<\/mark><\/h1>\n\n\n\n<h2 class=\"is-style-heading-h3 wp-block-heading\"><\/h2>\n\n\n\n<ul class=\"is-style-icon wp-block-list\"><li><mark style=\"background-color:rgba(0, 0, 0, 0)\" class=\"has-inline-color has-white-color\"><strong>Efficace<\/strong><\/mark><\/li><li><mark style=\"background-color:rgba(0, 0, 0, 0)\" class=\"has-inline-color has-white-color\"><strong>Soulagement instantan\u00e9<\/strong><\/mark><\/li><\/ul>\n\n\n\n<div class=\"wp-block-buttons is-layout-flex wp-block-buttons-is-layout-flex\">\n<div class=\"wp-block-button is-style-alternative-outlined-button\"><a class=\"wp-block-button__link\" href=\"https:\/\/stage.poxclin.com\/be\/nl\/product\/poxclin-coolmousse\/\">Produit<\/a><\/div>\n<\/div>\n<\/div>\n<\/div><\/div>\n\n\n<div class=\"product-list wp-block-karopharma-product-list is-style-primary\" data-testid=\"product-list\">\n      <div class=\"swiper-container\">\n      <div class=\"swiper\">\n        <div class=\"swiper-wrapper\">\n                      <div class=\"swiper-slide\">\n              <div class=\"product-card\" data-testid=\"product-card\">\n  <a\n    href=https:\/\/stage.poxclin.com\/be\/fr\/produit\/poxclin-coolmousse\/\n    class=\"product-card-link\"\n    title=\"PoxClin CoolMousse\"\n  >\n  <figure class=\"product-card-image\" data-testid=\"product-image\">\n                          <img decoding=\"async\" src=\"https:\/\/stage.poxclin.com\/cdn-cgi\/image\/width=700,format=auto\/app\/uploads\/sites\/4\/2022\/09\/poxclin_coolmousse_be_croped.png\"\n        srcset=\"https:\/\/stage.poxclin.com\/cdn-cgi\/image\/width=250,format=auto\/app\/uploads\/sites\/4\/2022\/09\/poxclin_coolmousse_be_croped.png 250w,\n                https:\/\/stage.poxclin.com\/cdn-cgi\/image\/width=500,format=auto\/app\/uploads\/sites\/4\/2022\/09\/poxclin_coolmousse_be_croped.png 500w,\n                https:\/\/stage.poxclin.com\/cdn-cgi\/image\/width=700,format=auto\/app\/uploads\/sites\/4\/2022\/09\/poxclin_coolmousse_be_croped.png 700w\"\n        sizes=\"(max-width: 400px) 250px, (max-width: 800px) 500px, 700px\"\n        alt=\"\"\n        class=\"img\">\n            <\/figure>\n    <div class=\"product-card-content\">\n      <div class=\"heading-wrapper\">\n        <h2 class=\"heading\">PoxClin CoolMousse<\/h2>\n      <\/div>\n      <div class=\"product-card-description\"><\/div>\n                      <\/div>\n  <\/a>\n      <div class=\"button-wrapper\">\n    <a\n      href=https:\/\/stage.poxclin.com\/be\/fr\/produit\/poxclin-coolmousse\/\n      target=_self\n      class=\"theme-button button-primary-color rounded-button\"\n      rel=\"noopener\"\n      title=\"En savoir plus\"\n    >\n       En savoir plus\n    <\/a>\n<\/div>  <\/div>\n            <\/div>\n                  <\/div>\n        <div class=\"swiper-scrollbar\"><\/div>\n      <\/div>\n    <\/div>\n  <\/div>\n\n\n\n<div class=\"wp-block-karopharma-free-text pt-large pb-large bg-center bg-cover bg-no-repeat  is-style-primary\" style=\"background-image:url(https:\/\/stage.poxclin.com\/cdn-cgi\/image\/format=auto\/app\/uploads\/sites\/4\/2022\/09\/bg-orange.png)\"><div class=\"free-text-wrapper container max-w-medium text-center\">\n<h2 class=\"has-text-align-center is-style-heading-huge wp-block-heading\"><mark style=\"background-color:rgba(0, 0, 0, 0)\" class=\"has-inline-color has-white-color\">Traitements cutan\u00e9s s\u00fbrs pour votre enfant<\/mark><\/h2>\n\n\n\n<div class=\"wp-block-buttons is-layout-flex wp-block-buttons-is-layout-flex\"><\/div>\n\n\n\n<div class=\"wp-block-buttons is-content-justification-left is-layout-flex wp-container-core-buttons-is-layout-fdcfc74e wp-block-buttons-is-layout-flex\">\n<div class=\"wp-block-button is-style-secondary-button\"><a class=\"wp-block-button__link\" href=\"https:\/\/stage.poxclin.com\/be\/fr\/produit\/poxclin-coolmousse\/\">Voir nos produits<\/a><\/div>\n<\/div>\n<\/div><\/div>\n\n\n\n<div class=\"wp-block-karopharma-free-text pt-none pb-none bg-center bg-cover bg-no-repeat  is-style-secondary\" style=\"background-image:url(https:\/\/stage.poxclin.com\/cdn-cgi\/image\/format=auto\/app\/uploads\/sites\/4\/2022\/09\/bg-red.png)\"><div class=\"free-text-wrapper container max-w-full text-left\">\n<figure class=\"wp-block-image size-large is-resized\"><img loading=\"lazy\" decoding=\"async\" src=\"https:\/\/stage.poxclin.com\/app\/uploads\/sites\/2\/2022\/08\/poxclin-girlonfloor-1024x420.webp\" alt=\"\" class=\"wp-image-36\" width=\"1920\" height=\"787\"\/><\/figure>\n<\/div><\/div>\n\n\n\n<div class=\"wp-block-karopharma-free-text pt-large pb-large bg-center bg-cover bg-no-repeat  is-style-primary\" style=\"background-image:url(https:\/\/stage.poxclin.com\/cdn-cgi\/image\/format=auto\/app\/uploads\/sites\/4\/2022\/09\/bg-orange.png)\"><div class=\"free-text-wrapper container max-w-small text-center\">\n<h2 class=\"is-style-heading-huge has-white-color has-text-color wp-block-heading\"><mark style=\"background-color:rgba(0, 0, 0, 0)\" class=\"has-inline-color has-white-color\">Avez-vous besoin de plus d\u2019informations?<\/mark><\/h2>\n\n\n\n<p class=\"is-style-paragraph-preamble has-white-color has-text-color\"><mark style=\"background-color:rgba(0, 0, 0, 0)\" class=\"has-inline-color has-white-color\">Il peut \u00eatre difficile de reconna\u00eetre les sympt\u00f4mes de la varicelle ou de savoir comment la traiter.<\/mark><\/p>\n\n\n\n<div class=\"wp-block-buttons is-layout-flex wp-block-buttons-is-layout-flex\">\n<div class=\"wp-block-button is-style-secondary-button\"><a class=\"wp-block-button__link\" href=\"https:\/\/stage.poxclin.com\/be\/nl\/faq\/\">FAQ<\/a><\/div>\n<\/div>\n<\/div><\/div>\n","protected":false},"excerpt":{"rendered":"","protected":false},"author":3,"featured_media":0,"parent":0,"menu_order":0,"comment_status":"closed","ping_status":"closed","template":"","meta":{"_acf_changed":false,"footnotes":""},"from-article-database":[],"class_list":["post-173","page","type-page","status-publish","hentry"],"acf":[],"yoast_head":"<!-- This site is optimized with the Yoast SEO plugin v26.6 - https:\/\/yoast.com\/wordpress\/plugins\/seo\/ -->\n<title>PoxClin - PoxClin<\/title>\n<meta name=\"description\" content=\"PoxClin - Traitements cutan\u00e9s s\u00fbrs pour votre enfant Efficace , Soulagement instantan\u00e9, Formule brevet\u00e9e.\" \/>\n<meta name=\"robots\" content=\"noindex, follow, max-snippet:-1, max-image-preview:large, max-video-preview:-1\" \/>\n<meta property=\"og:locale\" content=\"fr_FR\" \/>\n<meta property=\"og:type\" content=\"article\" \/>\n<meta property=\"og:title\" content=\"PoxClin - PoxClin\" \/>\n<meta property=\"og:description\" content=\"PoxClin - Traitements cutan\u00e9s s\u00fbrs pour votre enfant Efficace , Soulagement instantan\u00e9, Formule brevet\u00e9e.\" \/>\n<meta property=\"og:url\" content=\"https:\/\/stage.poxclin.com\/be\/fr\/\" \/>\n<meta property=\"og:site_name\" content=\"PoxClin\" \/>\n<meta property=\"article:modified_time\" content=\"2025-01-07T08:06:30+00:00\" \/>\n<meta property=\"og:image\" content=\"https:\/\/stage.poxclin.com\/app\/uploads\/sites\/4\/2022\/09\/poxclin_coolmousse_be_croped.png\" \/>\n<meta name=\"twitter:card\" content=\"summary_large_image\" \/>\n<meta name=\"twitter:label1\" content=\"Dur\u00e9e de lecture est.\" \/>\n\t<meta name=\"twitter:data1\" content=\"1 minute\" \/>\n<script type=\"application\/ld+json\" class=\"yoast-schema-graph\">{\"@context\":\"https:\/\/schema.org\",\"@graph\":[{\"@type\":\"WebPage\",\"@id\":\"https:\/\/stage.poxclin.com\/be\/fr\/\",\"url\":\"https:\/\/stage.poxclin.com\/be\/fr\/\",\"name\":\"PoxClin - PoxClin\",\"isPartOf\":{\"@id\":\"https:\/\/stage.poxclin.com\/be\/fr\/#website\"},\"primaryImageOfPage\":{\"@id\":\"https:\/\/stage.poxclin.com\/be\/fr\/#primaryimage\"},\"image\":{\"@id\":\"https:\/\/stage.poxclin.com\/be\/fr\/#primaryimage\"},\"thumbnailUrl\":\"https:\/\/stage.poxclin.com\/app\/uploads\/sites\/4\/2022\/09\/poxclin_coolmousse_be_croped.png\",\"datePublished\":\"2022-08-30T08:32:54+00:00\",\"dateModified\":\"2025-01-07T08:06:30+00:00\",\"description\":\"PoxClin - Traitements cutan\u00e9s s\u00fbrs pour votre enfant Efficace , Soulagement instantan\u00e9, Formule brevet\u00e9e.\",\"inLanguage\":\"fr-BE\",\"potentialAction\":[{\"@type\":\"ReadAction\",\"target\":[\"https:\/\/stage.poxclin.com\/be\/fr\/\"]}]},{\"@type\":\"ImageObject\",\"inLanguage\":\"fr-BE\",\"@id\":\"https:\/\/stage.poxclin.com\/be\/fr\/#primaryimage\",\"url\":\"https:\/\/stage.poxclin.com\/app\/uploads\/sites\/4\/2022\/09\/poxclin_coolmousse_be_croped.png\",\"contentUrl\":\"https:\/\/stage.poxclin.com\/app\/uploads\/sites\/4\/2022\/09\/poxclin_coolmousse_be_croped.png\"},{\"@type\":\"WebSite\",\"@id\":\"https:\/\/stage.poxclin.com\/be\/fr\/#website\",\"url\":\"https:\/\/stage.poxclin.com\/be\/fr\/\",\"name\":\"PoxClin\",\"description\":\"\",\"publisher\":{\"@id\":\"https:\/\/stage.poxclin.com\/be\/fr\/#organization\"},\"potentialAction\":[{\"@type\":\"SearchAction\",\"target\":{\"@type\":\"EntryPoint\",\"urlTemplate\":\"https:\/\/stage.poxclin.com\/be\/fr\/?s={search_term_string}\"},\"query-input\":{\"@type\":\"PropertyValueSpecification\",\"valueRequired\":true,\"valueName\":\"search_term_string\"}}],\"inLanguage\":\"fr-BE\"},{\"@type\":\"Organization\",\"@id\":\"https:\/\/stage.poxclin.com\/be\/fr\/#organization\",\"name\":\"PoxClin\",\"url\":\"https:\/\/stage.poxclin.com\/be\/fr\/\",\"logo\":{\"@type\":\"ImageObject\",\"inLanguage\":\"fr-BE\",\"@id\":\"https:\/\/stage.poxclin.com\/be\/fr\/#\/schema\/logo\/image\/\",\"url\":\"https:\/\/stage.poxclin.com\/app\/uploads\/sites\/4\/2022\/08\/PoxClin-logo.png\",\"contentUrl\":\"https:\/\/stage.poxclin.com\/app\/uploads\/sites\/4\/2022\/08\/PoxClin-logo.png\",\"width\":88,\"height\":24,\"caption\":\"PoxClin\"},\"image\":{\"@id\":\"https:\/\/stage.poxclin.com\/be\/fr\/#\/schema\/logo\/image\/\"}}]}<\/script>\n<!-- \/ Yoast SEO plugin. -->","yoast_head_json":{"title":"PoxClin - PoxClin","description":"PoxClin - Traitements cutan\u00e9s s\u00fbrs pour votre enfant Efficace , Soulagement instantan\u00e9, Formule brevet\u00e9e.","robots":{"index":"noindex","follow":"follow","max-snippet":"max-snippet:-1","max-image-preview":"max-image-preview:large","max-video-preview":"max-video-preview:-1"},"og_locale":"fr_FR","og_type":"article","og_title":"PoxClin - PoxClin","og_description":"PoxClin - Traitements cutan\u00e9s s\u00fbrs pour votre enfant Efficace , Soulagement instantan\u00e9, Formule brevet\u00e9e.","og_url":"https:\/\/stage.poxclin.com\/be\/fr\/","og_site_name":"PoxClin","article_modified_time":"2025-01-07T08:06:30+00:00","og_image":[{"url":"https:\/\/stage.poxclin.com\/app\/uploads\/sites\/4\/2022\/09\/poxclin_coolmousse_be_croped.png","type":"","width":"","height":""}],"twitter_card":"summary_large_image","twitter_misc":{"Dur\u00e9e de lecture est.":"1 minute"},"schema":{"@context":"https:\/\/schema.org","@graph":[{"@type":"WebPage","@id":"https:\/\/stage.poxclin.com\/be\/fr\/","url":"https:\/\/stage.poxclin.com\/be\/fr\/","name":"PoxClin - PoxClin","isPartOf":{"@id":"https:\/\/stage.poxclin.com\/be\/fr\/#website"},"primaryImageOfPage":{"@id":"https:\/\/stage.poxclin.com\/be\/fr\/#primaryimage"},"image":{"@id":"https:\/\/stage.poxclin.com\/be\/fr\/#primaryimage"},"thumbnailUrl":"https:\/\/stage.poxclin.com\/app\/uploads\/sites\/4\/2022\/09\/poxclin_coolmousse_be_croped.png","datePublished":"2022-08-30T08:32:54+00:00","dateModified":"2025-01-07T08:06:30+00:00","description":"PoxClin - Traitements cutan\u00e9s s\u00fbrs pour votre enfant Efficace , Soulagement instantan\u00e9, Formule brevet\u00e9e.","inLanguage":"fr-BE","potentialAction":[{"@type":"ReadAction","target":["https:\/\/stage.poxclin.com\/be\/fr\/"]}]},{"@type":"ImageObject","inLanguage":"fr-BE","@id":"https:\/\/stage.poxclin.com\/be\/fr\/#primaryimage","url":"https:\/\/stage.poxclin.com\/app\/uploads\/sites\/4\/2022\/09\/poxclin_coolmousse_be_croped.png","contentUrl":"https:\/\/stage.poxclin.com\/app\/uploads\/sites\/4\/2022\/09\/poxclin_coolmousse_be_croped.png"},{"@type":"WebSite","@id":"https:\/\/stage.poxclin.com\/be\/fr\/#website","url":"https:\/\/stage.poxclin.com\/be\/fr\/","name":"PoxClin","description":"","publisher":{"@id":"https:\/\/stage.poxclin.com\/be\/fr\/#organization"},"potentialAction":[{"@type":"SearchAction","target":{"@type":"EntryPoint","urlTemplate":"https:\/\/stage.poxclin.com\/be\/fr\/?s={search_term_string}"},"query-input":{"@type":"PropertyValueSpecification","valueRequired":true,"valueName":"search_term_string"}}],"inLanguage":"fr-BE"},{"@type":"Organization","@id":"https:\/\/stage.poxclin.com\/be\/fr\/#organization","name":"PoxClin","url":"https:\/\/stage.poxclin.com\/be\/fr\/","logo":{"@type":"ImageObject","inLanguage":"fr-BE","@id":"https:\/\/stage.poxclin.com\/be\/fr\/#\/schema\/logo\/image\/","url":"https:\/\/stage.poxclin.com\/app\/uploads\/sites\/4\/2022\/08\/PoxClin-logo.png","contentUrl":"https:\/\/stage.poxclin.com\/app\/uploads\/sites\/4\/2022\/08\/PoxClin-logo.png","width":88,"height":24,"caption":"PoxClin"},"image":{"@id":"https:\/\/stage.poxclin.com\/be\/fr\/#\/schema\/logo\/image\/"}}]}},"_links":{"self":[{"href":"https:\/\/stage.poxclin.com\/be\/fr\/wp-json\/wp\/v2\/pages\/173","targetHints":{"allow":["GET"]}}],"collection":[{"href":"https:\/\/stage.poxclin.com\/be\/fr\/wp-json\/wp\/v2\/pages"}],"about":[{"href":"https:\/\/stage.poxclin.com\/be\/fr\/wp-json\/wp\/v2\/types\/page"}],"author":[{"embeddable":true,"href":"https:\/\/stage.poxclin.com\/be\/fr\/wp-json\/wp\/v2\/users\/3"}],"replies":[{"embeddable":true,"href":"https:\/\/stage.poxclin.com\/be\/fr\/wp-json\/wp\/v2\/comments?post=173"}],"version-history":[{"count":10,"href":"https:\/\/stage.poxclin.com\/be\/fr\/wp-json\/wp\/v2\/pages\/173\/revisions"}],"predecessor-version":[{"id":280,"href":"https:\/\/stage.poxclin.com\/be\/fr\/wp-json\/wp\/v2\/pages\/173\/revisions\/280"}],"wp:attachment":[{"href":"https:\/\/stage.poxclin.com\/be\/fr\/wp-json\/wp\/v2\/media?parent=173"}],"wp:term":[{"taxonomy":"from-article-database","embeddable":true,"href":"https:\/\/stage.poxclin.com\/be\/fr\/wp-json\/wp\/v2\/from-article-database?post=173"}],"curies":[{"name":"wp","href":"https:\/\/api.w.org\/{rel}","templated":true}]}}