{"id":175,"date":"2022-09-02T08:44:43","date_gmt":"2022-09-02T06:44:43","guid":{"rendered":"https:\/\/stage.poxclin.com\/be\/a-propos-de-poxclin\/"},"modified":"2025-01-07T09:06:30","modified_gmt":"2025-01-07T08:06:30","slug":"a-propos-de-poxclin","status":"publish","type":"page","link":"https:\/\/stage.poxclin.com\/be\/fr\/a-propos-de-poxclin\/","title":{"rendered":"\u00c0 propos de PoxClin"},"content":{"rendered":"\n<div class=\"wp-block-karopharma-free-text pt-large pb-large bg-center bg-cover bg-no-repeat\" style=\"background-image:url(https:\/\/stage.poxclin.com\/cdn-cgi\/image\/format=auto\/app\/uploads\/sites\/4\/2022\/09\/bg-red.png)\"><div class=\"free-text-wrapper container max-w-medium text-left\">\n<h1 class=\"has-text-align-center is-style-heading-huge wp-block-heading\"><mark style=\"background-color:rgba(0, 0, 0, 0)\" class=\"has-inline-color has-white-color\">\u00c0 propos de PoxClin<\/mark><\/h1>\n<\/div><\/div>\n\n\n\n<div class=\"wp-block-karopharma-free-text pt-large pb-large bg-center bg-cover bg-no-repeat  is-style-secondary\" style=\"background-image:url()\"><div class=\"free-text-wrapper container max-w-medium text-left\">\n<p class=\"is-style-paragraph-preamble\"><strong><strong>PoxClin CoolMousse &#8211; Soulage les d\u00e9mangeaisons et pr\u00e9vient les cicatrices!<\/strong><\/strong><\/p>\n\n\n\n<p>PoxClin CoolMousse a \u00e9t\u00e9 d\u00e9velopp\u00e9 dans le but de soulager les irritations cutan\u00e9es, les d\u00e9mangeaisons, les br\u00fblures et la sensibilit\u00e9 associ\u00e9es \u00e0 la varicelle.<\/p>\n\n\n\n<ul class=\"is-style-default wp-block-list\"><li>Soulagement instantan\u00e9 des d\u00e9mangeaisons<\/li><li>Rafra\u00eechissant et apaisant<\/li><li>Aide \u00e0 pr\u00e9venir les cicatrices<\/li><li>Contient des ingr\u00e9dients naturels<\/li><\/ul>\n<\/div><\/div>\n\n\n<div class=\"product-list wp-block-karopharma-product-list is-style-primary\" data-testid=\"product-list\">\n      <div class=\"swiper-container\">\n      <div class=\"swiper\">\n        <div class=\"swiper-wrapper\">\n                      <div class=\"swiper-slide\">\n              <div class=\"product-card\" data-testid=\"product-card\">\n  <a\n    href=https:\/\/stage.poxclin.com\/be\/fr\/produit\/poxclin-coolmousse\/\n    class=\"product-card-link\"\n    title=\"PoxClin CoolMousse\"\n  >\n  <figure class=\"product-card-image\" data-testid=\"product-image\">\n                          <img decoding=\"async\" src=\"https:\/\/stage.poxclin.com\/cdn-cgi\/image\/width=700,format=auto\/app\/uploads\/sites\/4\/2022\/09\/poxclin_coolmousse_be_croped.png\"\n        srcset=\"https:\/\/stage.poxclin.com\/cdn-cgi\/image\/width=250,format=auto\/app\/uploads\/sites\/4\/2022\/09\/poxclin_coolmousse_be_croped.png 250w,\n                https:\/\/stage.poxclin.com\/cdn-cgi\/image\/width=500,format=auto\/app\/uploads\/sites\/4\/2022\/09\/poxclin_coolmousse_be_croped.png 500w,\n                https:\/\/stage.poxclin.com\/cdn-cgi\/image\/width=700,format=auto\/app\/uploads\/sites\/4\/2022\/09\/poxclin_coolmousse_be_croped.png 700w\"\n        sizes=\"(max-width: 400px) 250px, (max-width: 800px) 500px, 700px\"\n        alt=\"\"\n        class=\"img\">\n            <\/figure>\n    <div class=\"product-card-content\">\n      <div class=\"heading-wrapper\">\n        <h2 class=\"heading\">PoxClin CoolMousse<\/h2>\n      <\/div>\n      <div class=\"product-card-description\"><\/div>\n                      <\/div>\n  <\/a>\n      <div class=\"button-wrapper\">\n    <a\n      href=https:\/\/stage.poxclin.com\/be\/fr\/produit\/poxclin-coolmousse\/\n      target=_self\n      class=\"theme-button button-primary-color rounded-button\"\n      rel=\"noopener\"\n      title=\"En savoir plus\"\n    >\n       En savoir plus\n    <\/a>\n<\/div>  <\/div>\n            <\/div>\n                  <\/div>\n        <div class=\"swiper-scrollbar\"><\/div>\n      <\/div>\n    <\/div>\n  <\/div>\n","protected":false},"excerpt":{"rendered":"","protected":false},"author":3,"featured_media":0,"parent":0,"menu_order":0,"comment_status":"closed","ping_status":"closed","template":"","meta":{"_acf_changed":false,"footnotes":""},"from-article-database":[],"class_list":["post-175","page","type-page","status-publish","hentry"],"acf":[],"yoast_head":"<!-- This site is optimized with the Yoast SEO plugin v26.6 - https:\/\/yoast.com\/wordpress\/plugins\/seo\/ -->\n<title>\u00c0 propos de PoxClin - PoxClin<\/title>\n<meta name=\"description\" content=\"PoxClin CoolMousse a \u00e9t\u00e9 d\u00e9velopp\u00e9 dans le but de soulager les irritations cutan\u00e9es, les d\u00e9mangeaisons, les br\u00fblures et la sensibilit\u00e9 associ\u00e9es \u00e0 la varicelle.\" \/>\n<meta name=\"robots\" content=\"noindex, follow, max-snippet:-1, max-image-preview:large, max-video-preview:-1\" \/>\n<meta property=\"og:locale\" content=\"fr_FR\" \/>\n<meta property=\"og:type\" content=\"article\" \/>\n<meta property=\"og:title\" content=\"\u00c0 propos de PoxClin - PoxClin\" \/>\n<meta property=\"og:description\" content=\"PoxClin CoolMousse a \u00e9t\u00e9 d\u00e9velopp\u00e9 dans le but de soulager les irritations cutan\u00e9es, les d\u00e9mangeaisons, les br\u00fblures et la sensibilit\u00e9 associ\u00e9es \u00e0 la varicelle.\" \/>\n<meta property=\"og:url\" content=\"https:\/\/stage.poxclin.com\/be\/fr\/a-propos-de-poxclin\/\" \/>\n<meta property=\"og:site_name\" content=\"PoxClin\" \/>\n<meta property=\"article:modified_time\" content=\"2025-01-07T08:06:30+00:00\" \/>\n<meta name=\"twitter:card\" content=\"summary_large_image\" \/>\n<meta name=\"twitter:label1\" content=\"Dur\u00e9e de lecture est.\" \/>\n\t<meta name=\"twitter:data1\" content=\"1 minute\" \/>\n<script type=\"application\/ld+json\" class=\"yoast-schema-graph\">{\"@context\":\"https:\/\/schema.org\",\"@graph\":[{\"@type\":\"WebPage\",\"@id\":\"https:\/\/stage.poxclin.com\/be\/fr\/a-propos-de-poxclin\/\",\"url\":\"https:\/\/stage.poxclin.com\/be\/fr\/a-propos-de-poxclin\/\",\"name\":\"\u00c0 propos de PoxClin - PoxClin\",\"isPartOf\":{\"@id\":\"https:\/\/stage.poxclin.com\/be\/fr\/#website\"},\"datePublished\":\"2022-09-02T06:44:43+00:00\",\"dateModified\":\"2025-01-07T08:06:30+00:00\",\"description\":\"PoxClin CoolMousse a \u00e9t\u00e9 d\u00e9velopp\u00e9 dans le but de soulager les irritations cutan\u00e9es, les d\u00e9mangeaisons, les br\u00fblures et la sensibilit\u00e9 associ\u00e9es \u00e0 la varicelle.\",\"inLanguage\":\"fr-BE\",\"potentialAction\":[{\"@type\":\"ReadAction\",\"target\":[\"https:\/\/stage.poxclin.com\/be\/fr\/a-propos-de-poxclin\/\"]}]},{\"@type\":\"WebSite\",\"@id\":\"https:\/\/stage.poxclin.com\/be\/fr\/#website\",\"url\":\"https:\/\/stage.poxclin.com\/be\/fr\/\",\"name\":\"PoxClin\",\"description\":\"\",\"publisher\":{\"@id\":\"https:\/\/stage.poxclin.com\/be\/fr\/#organization\"},\"potentialAction\":[{\"@type\":\"SearchAction\",\"target\":{\"@type\":\"EntryPoint\",\"urlTemplate\":\"https:\/\/stage.poxclin.com\/be\/fr\/?s={search_term_string}\"},\"query-input\":{\"@type\":\"PropertyValueSpecification\",\"valueRequired\":true,\"valueName\":\"search_term_string\"}}],\"inLanguage\":\"fr-BE\"},{\"@type\":\"Organization\",\"@id\":\"https:\/\/stage.poxclin.com\/be\/fr\/#organization\",\"name\":\"PoxClin\",\"url\":\"https:\/\/stage.poxclin.com\/be\/fr\/\",\"logo\":{\"@type\":\"ImageObject\",\"inLanguage\":\"fr-BE\",\"@id\":\"https:\/\/stage.poxclin.com\/be\/fr\/#\/schema\/logo\/image\/\",\"url\":\"https:\/\/stage.poxclin.com\/app\/uploads\/sites\/4\/2022\/08\/PoxClin-logo.png\",\"contentUrl\":\"https:\/\/stage.poxclin.com\/app\/uploads\/sites\/4\/2022\/08\/PoxClin-logo.png\",\"width\":88,\"height\":24,\"caption\":\"PoxClin\"},\"image\":{\"@id\":\"https:\/\/stage.poxclin.com\/be\/fr\/#\/schema\/logo\/image\/\"}}]}<\/script>\n<!-- \/ Yoast SEO plugin. -->","yoast_head_json":{"title":"\u00c0 propos de PoxClin - PoxClin","description":"PoxClin CoolMousse a \u00e9t\u00e9 d\u00e9velopp\u00e9 dans le but de soulager les irritations cutan\u00e9es, les d\u00e9mangeaisons, les br\u00fblures et la sensibilit\u00e9 associ\u00e9es \u00e0 la varicelle.","robots":{"index":"noindex","follow":"follow","max-snippet":"max-snippet:-1","max-image-preview":"max-image-preview:large","max-video-preview":"max-video-preview:-1"},"og_locale":"fr_FR","og_type":"article","og_title":"\u00c0 propos de PoxClin - PoxClin","og_description":"PoxClin CoolMousse a \u00e9t\u00e9 d\u00e9velopp\u00e9 dans le but de soulager les irritations cutan\u00e9es, les d\u00e9mangeaisons, les br\u00fblures et la sensibilit\u00e9 associ\u00e9es \u00e0 la varicelle.","og_url":"https:\/\/stage.poxclin.com\/be\/fr\/a-propos-de-poxclin\/","og_site_name":"PoxClin","article_modified_time":"2025-01-07T08:06:30+00:00","twitter_card":"summary_large_image","twitter_misc":{"Dur\u00e9e de lecture est.":"1 minute"},"schema":{"@context":"https:\/\/schema.org","@graph":[{"@type":"WebPage","@id":"https:\/\/stage.poxclin.com\/be\/fr\/a-propos-de-poxclin\/","url":"https:\/\/stage.poxclin.com\/be\/fr\/a-propos-de-poxclin\/","name":"\u00c0 propos de PoxClin - PoxClin","isPartOf":{"@id":"https:\/\/stage.poxclin.com\/be\/fr\/#website"},"datePublished":"2022-09-02T06:44:43+00:00","dateModified":"2025-01-07T08:06:30+00:00","description":"PoxClin CoolMousse a \u00e9t\u00e9 d\u00e9velopp\u00e9 dans le but de soulager les irritations cutan\u00e9es, les d\u00e9mangeaisons, les br\u00fblures et la sensibilit\u00e9 associ\u00e9es \u00e0 la varicelle.","inLanguage":"fr-BE","potentialAction":[{"@type":"ReadAction","target":["https:\/\/stage.poxclin.com\/be\/fr\/a-propos-de-poxclin\/"]}]},{"@type":"WebSite","@id":"https:\/\/stage.poxclin.com\/be\/fr\/#website","url":"https:\/\/stage.poxclin.com\/be\/fr\/","name":"PoxClin","description":"","publisher":{"@id":"https:\/\/stage.poxclin.com\/be\/fr\/#organization"},"potentialAction":[{"@type":"SearchAction","target":{"@type":"EntryPoint","urlTemplate":"https:\/\/stage.poxclin.com\/be\/fr\/?s={search_term_string}"},"query-input":{"@type":"PropertyValueSpecification","valueRequired":true,"valueName":"search_term_string"}}],"inLanguage":"fr-BE"},{"@type":"Organization","@id":"https:\/\/stage.poxclin.com\/be\/fr\/#organization","name":"PoxClin","url":"https:\/\/stage.poxclin.com\/be\/fr\/","logo":{"@type":"ImageObject","inLanguage":"fr-BE","@id":"https:\/\/stage.poxclin.com\/be\/fr\/#\/schema\/logo\/image\/","url":"https:\/\/stage.poxclin.com\/app\/uploads\/sites\/4\/2022\/08\/PoxClin-logo.png","contentUrl":"https:\/\/stage.poxclin.com\/app\/uploads\/sites\/4\/2022\/08\/PoxClin-logo.png","width":88,"height":24,"caption":"PoxClin"},"image":{"@id":"https:\/\/stage.poxclin.com\/be\/fr\/#\/schema\/logo\/image\/"}}]}},"_links":{"self":[{"href":"https:\/\/stage.poxclin.com\/be\/fr\/wp-json\/wp\/v2\/pages\/175","targetHints":{"allow":["GET"]}}],"collection":[{"href":"https:\/\/stage.poxclin.com\/be\/fr\/wp-json\/wp\/v2\/pages"}],"about":[{"href":"https:\/\/stage.poxclin.com\/be\/fr\/wp-json\/wp\/v2\/types\/page"}],"author":[{"embeddable":true,"href":"https:\/\/stage.poxclin.com\/be\/fr\/wp-json\/wp\/v2\/users\/3"}],"replies":[{"embeddable":true,"href":"https:\/\/stage.poxclin.com\/be\/fr\/wp-json\/wp\/v2\/comments?post=175"}],"version-history":[{"count":5,"href":"https:\/\/stage.poxclin.com\/be\/fr\/wp-json\/wp\/v2\/pages\/175\/revisions"}],"predecessor-version":[{"id":278,"href":"https:\/\/stage.poxclin.com\/be\/fr\/wp-json\/wp\/v2\/pages\/175\/revisions\/278"}],"wp:attachment":[{"href":"https:\/\/stage.poxclin.com\/be\/fr\/wp-json\/wp\/v2\/media?parent=175"}],"wp:term":[{"taxonomy":"from-article-database","embeddable":true,"href":"https:\/\/stage.poxclin.com\/be\/fr\/wp-json\/wp\/v2\/from-article-database?post=175"}],"curies":[{"name":"wp","href":"https:\/\/api.w.org\/{rel}","templated":true}]}}