{"id":184,"date":"2022-09-02T08:44:19","date_gmt":"2022-09-02T06:44:19","guid":{"rendered":"https:\/\/stage.poxclin.com\/be\/faq\/"},"modified":"2025-01-07T09:06:30","modified_gmt":"2025-01-07T08:06:30","slug":"faq","status":"publish","type":"page","link":"https:\/\/stage.poxclin.com\/be\/fr\/faq\/","title":{"rendered":"FAQ"},"content":{"rendered":"\n<div class=\"wp-block-karopharma-free-text pt-large pb-large bg-center bg-cover bg-no-repeat  is-style-primary\" style=\"background-image:url(https:\/\/stage.poxclin.com\/cdn-cgi\/image\/format=auto\/app\/uploads\/sites\/4\/2022\/09\/bg-red.png)\"><div class=\"free-text-wrapper container max-w-medium text-left\">\n<h1 class=\"has-text-align-center is-style-heading-huge wp-block-heading\"><mark style=\"background-color:rgba(0, 0, 0, 0)\" class=\"has-inline-color has-white-color\">Foire aux questions<\/mark><\/h1>\n<\/div><\/div>\n\n<div class=\"wp-block-karopharma-accordions\"><div class=\"container\">\n<details class=\"wp-block-karopharma-accordion\"><summary><h2 class=\"accordion-title\">Quelle est la dur\u00e9e de la varicelle?<\/h2><\/summary><div class=\"accordion-content\">\n<p>Apr\u00e8s avoir \u00e9t\u00e9 en contact avec le virus, il faut compter environ 2 semaines jusqu\u2019\u00e0 l\u2019apparition des premiers sympt\u00f4mes. La varicelle d\u00e9bute par une l\u00e9g\u00e8re fi\u00e8vre et se caract\u00e9rise par une \u00e9ruption cutan\u00e9e qui provoque des d\u00e9mangeaisons et fait apparaitre de petites v\u00e9sicules qui se propagent sur l\u2019ensemble du corps. Les petites cloques forment une cro\u00fbte apr\u00e8s quelques jours avant de tomber d\u00e9finitivement. Les v\u00e9sicules typiques de la varicelle se d\u00e9veloppent par vagues successives. Lorsque les premi\u00e8res ont commenc\u00e9 \u00e0 former une cro\u00fbte, de nouvelles cloques peuvent appara\u00eetre. Bien que les sympt\u00f4mes ne durent que quelques jours, il faut compter entre 10 et 14 jours pour que les v\u00e9sicules s\u00e8chent et tombent et que votre enfant ne soit plus contagieux.<\/p>\n<\/div><\/details>\n\n\n\n<details class=\"wp-block-karopharma-accordion\"><summary><h2 class=\"accordion-title\">Est-il vrai que vous \u00eates immunis\u00e9 contre la varicelle toute votre vie si vous \u00eates tomb\u00e9 malade pendant votre enfance ?<\/h2><\/summary><div class=\"accordion-content\">\n<p>Habituellement, une seule infection entra\u00eene une immunit\u00e9 \u00e0 vie contre la maladie. Cependant, si un nouveau-n\u00e9 ou un b\u00e9b\u00e9 tombe malade au cours des six premiers mois de sa vie, il est tr\u00e8s probable qu&rsquo;il sera \u00e0 nouveau atteint de la varicelle plus tard au cours de sa vie.<\/p>\n<\/div><\/details>\n\n\n\n<details class=\"wp-block-karopharma-accordion\"><summary><h2 class=\"accordion-title\">Est-ce que la varicelle est contagieuse?<\/h2><\/summary><div class=\"accordion-content\">\n<p>La varicelle est une maladie courante et extr\u00eamement contagieuse, dont la cause, un virus (le virus varicelle-zona du groupe du virus de l&rsquo;herp\u00e8s), est principalement transmis par voie a\u00e9rienne (infection par gouttelettes). Il est courant d&rsquo;attraper la varicelle pendant l&rsquo;enfance. La transmission du virus se fait par voie a\u00e9rienne en toussant ou en \u00e9ternuant ou parfois m\u00eame, lors de contact avec le liquide qui se trouve dans les v\u00e9sicules de la varicelle.<\/p>\n<\/div><\/details>\n\n\n\n<details class=\"wp-block-karopharma-accordion\"><summary><h2 class=\"accordion-title\">Existe-t-il un vaccin contre la varicelle ?<\/h2><\/summary><div class=\"accordion-content\">\n<p>Oui, il existe un vaccin contre la varicelle. Cependant, tous les pays n&rsquo;offrent pas ce programme de vaccination. Certains pays vaccinent toute la population. Alors que d&rsquo;autres pays ne vaccinent que les b\u00e9b\u00e9s et les enfants. Renseignez-vous aupr\u00e8s de votre m\u00e9decin g\u00e9n\u00e9raliste sur les options de vaccination dans votre pays. N&rsquo;oubliez pas qu&rsquo;en g\u00e9n\u00e9ral, un cas de varicelle passe sans complications et ne met pas votre vie en danger.<\/p>\n<\/div><\/details>\n\n\n\n<details class=\"wp-block-karopharma-accordion\"><summary><h2 class=\"accordion-title\">Puis-je envoyer mon enfant \u00e0 la garderie, \u00e0 la cr\u00e8che, \u00e0 l&rsquo;\u00e9cole maternelle ou \u00e0 l&rsquo;\u00e9cole s&rsquo;il a la varicelle?<\/h2><\/summary><div class=\"accordion-content\">\n<p>Si votre enfant a contract\u00e9 la varicelle, informez-en sa garderie, cr\u00e8che, son \u00e9tablissement pr\u00e9scolaire et scolaire et gardez-le \u00e0 la maison jusqu&rsquo;\u00e0 ce que toutes les v\u00e9sicules soient bien s\u00e8ches et que votre enfant ne soit par cons\u00e9quent plus contagieux. Ce stade survient habituellement une semaine apr\u00e8s la premi\u00e8re \u00e9ruption. D\u2019autres r\u00e8gles peuvent \u00eatre appliqu\u00e9es dans certaines garderies, \u00e9coles ou autres environnements, car il est possible que votre enfant ait \u00e9t\u00e9 contamin\u00e9 dans ces lieux. Avant de prendre une d\u00e9cision, parlez-en avec l\u2019enseignant ou la personne qui s\u2019occupe de votre enfant.<\/p>\n<\/div><\/details>\n\n\n\n<details class=\"wp-block-karopharma-accordion\"><summary><h2 class=\"accordion-title\">Atteint de varicelle, est-ce que mon enfant a le droit de se rendre au groupe de jeux ou d\u2019aller nager dans une piscine publique ou de fr\u00e9quenter des lieux publics?<\/h2><\/summary><div class=\"accordion-content\">\n<p>Si possible, \u00e9vitez les endroits publics pour ne pas mettre en danger certaines personnes sensibles au virus, en particulier les femmes enceintes et allaitantes et les personnes ayant un syst\u00e8me immunitaire d\u00e9ficient. Si votre enfant a contract\u00e9 la varicelle, \u00e9loignez-le de l&rsquo;aire de jeux et d&rsquo;autres lieux publics jusqu&rsquo;\u00e0 ce que toutes les cloques soient recouvertes d&rsquo;une cro\u00fbte et qu&rsquo;elles ne soient plus contagieuses. Ce stade survient habituellement une semaine apr\u00e8s la premi\u00e8re \u00e9ruption. Si vous amenez votre enfant dans une aire de jeux ou dans un autre lieu, informez les personnes \/ parents que votre enfant a la varicelle et qu&rsquo;il est toujours contagieux. Rappelez-vous que ce n&rsquo;est pas parce que vous pensez qu&rsquo;il n&rsquo;y a pas de mal \u00e0 amener votre enfant contagieux dans des lieux publics que toutes les autres pensent comme vous.<\/p>\n<\/div><\/details>\n\n\n\n<details class=\"wp-block-karopharma-accordion\"><summary><h2 class=\"accordion-title\">Est-ce que mon enfant peut aller nager ou faire du sport?<\/h2><\/summary><div class=\"accordion-content\">\n<p>La varicelle est tr\u00e8s contagieuse. Si votre enfant a contract\u00e9 la varicelle, il ne doit pas aller nager ni faire du sport de contact \u00e0 moins que toutes les cloques ne soient recouvertes d&rsquo;une cro\u00fbte. Ce stade survient habituellement une semaine apr\u00e8s la premi\u00e8re \u00e9ruption. Si possible, \u00e9vitez les endroits publics pour ne pas mettre en danger certaines personnes sensibles au virus, en particulier les femmes enceintes et allaitantes et les personnes ayant un syst\u00e8me immunitaire d\u00e9ficient. Les cro\u00fbtes peuvent en outre se ramollir pendant la baignade, ce qui peut intensifier les d\u00e9mangeaisons ou faire tomber les cro\u00fbtes pr\u00e9matur\u00e9ment en laissant des cicatrices.<\/p>\n<\/div><\/details>\n\n\n\n<details class=\"wp-block-karopharma-accordion\"><summary><h2 class=\"accordion-title\">Puis-je donner un bain ou une douche \u00e0 mon enfant atteint de varicelle?<\/h2><\/summary><div class=\"accordion-content\">\n<p>Durant la varicelle, votre enfant peut tout de m\u00eame prendre un bain de courte dur\u00e9e ou une douche. Certains enfants ressentent un soulagement aux d\u00e9mangeaisons lors d\u2019un bain dans une eau ti\u00e8de ou froide. Veillez \u00e0 ce que l\u2019eau ne soit pas trop chaude, car cela aggrave les d\u00e9mangeaisons, et assurez-vous que le bain ne dure pas trop longtemps. Pour s\u00e9cher la peau, tamponnez d\u00e9licatement votre enfant apr\u00e8s le bain ou la douche sans frotter, afin que les petites v\u00e9sicules ne s\u2019infectent pas et pour \u00e9viter la chute des cro\u00fbtes qui favoriserait la formation de cicatrices. <\/p>\n<\/div><\/details>\n\n\n\n<details class=\"wp-block-karopharma-accordion\"><summary><h2 class=\"accordion-title\">Puis-je voyager en avion avec mon enfant sans probl\u00e8me?<\/h2><\/summary><div class=\"accordion-content\">\n<p>La varicelle est tr\u00e8s contagieuse. Il se peut que votre enfant ne soit pas autoris\u00e9 \u00e0 prendre l\u2019avion avant que toutes les cro\u00fbtes aient disparu. L\u2019explication r\u00e9side dans le fait que les germes se propagent dans l\u2019avion par la climatisation. Le virus peut \u00eatre tr\u00e8s dangereux, particuli\u00e8rement pour les femmes enceintes et les personnes ayant un syst\u00e8me immunitaire d\u00e9ficient. En r\u00e8gle g\u00e9n\u00e9rale, une attestation du m\u00e9decin doit \u00eatre pr\u00e9sent\u00e9e avant tout voyage en avion. Chaque compagnie a\u00e9rienne \u00e9tablit ses propres r\u00e8glements. C\u2019est pourquoi, il est conseill\u00e9 de contacter votre compagnie a\u00e9rienne en premier lieu. En cas de varicelle, informez aussi votre assurance-voyage afin d\u2019obtenir une couverture d\u2019assurance en cas d\u2019annulation, de modification ou de prolongation de votre voyage, jusqu\u2019\u00e0 ce que votre enfant soit \u00e0 nouveau en bonne sant\u00e9 et en mesure d\u2019entreprendre le voyage de retour.<\/p>\n<\/div><\/details>\n\n\n\n<details class=\"wp-block-karopharma-accordion\"><summary><h2 class=\"accordion-title\">Atteint de varicelle, est-ce que mon enfant peut se rendre dans un h\u00f4pital ou un centre m\u00e9dical?<\/h2><\/summary><div class=\"accordion-content\">\n<p>En cas de varicelle, les enfants ne doivent en aucun cas rendre visite \u00e0 des parents ou amis se trouvant \u00e0 l\u2019h\u00f4pital ou en centre m\u00e9dical, sans avoir pr\u00e9alablement fait la demande d\u2019une autorisation aupr\u00e8s de l\u2019institution.<\/p>\n<\/div><\/details>\n\n\n\n<details class=\"wp-block-karopharma-accordion\"><summary><h2 class=\"accordion-title\">Une femme enceinte ou allaitante peut-elle s\u00e9journer sans danger aupr\u00e8s d\u2019un enfant atteint de varicelle?<\/h2><\/summary><div class=\"accordion-content\">\n<p>La plupart des femmes ont eu la varicelle pendant l\u2019enfance ou ont \u00e9t\u00e9 vaccin\u00e9es et sont donc immunis\u00e9es. Si une femme enceinte souffre de varicelle, des complications peuvent survenir aussi bien pour le b\u00e9b\u00e9 \u00e0 na\u00eetre que pour la maman encore enceinte. Pour le b\u00e9b\u00e9, il existe une faible probabilit\u00e9 de d\u00e9velopper ce qu&rsquo;on appelle le syndrome de varicelle cong\u00e9nitale, une forme de la maladie qui entra\u00eene de graves malformations de diverses parties du corps. Votre sage-femme ou votre gyn\u00e9cologue vous remettra les informations d\u00e9taill\u00e9es sur la probabilit\u00e9 de votre enfant \u00e0 contracter ce syndrome, car des risques diff\u00e9rents de contraction correspondent \u00e0 chaque stade de la grossesse. Si vous \u00eates enceinte, que vous pensez ou savez que vous souffrez de varicelle, veuillez prendre contact sans tarder avec votre sage-femme, votre gyn\u00e9cologue ou votre m\u00e9decin de famille.<\/p>\n<\/div><\/details>\n\n\n\n<details class=\"wp-block-karopharma-accordion\"><summary><h2 class=\"accordion-title\">Est-ce que mon nouveau-n\u00e9 ou mon b\u00e9b\u00e9 est en danger s\u2019il se tient proche d\u2019un fr\u00e8re ou d\u2019une s\u0153ur atteint(e) de varicelle?<\/h2><\/summary><div class=\"accordion-content\">\n<p>Une infection de varicelle entra\u00eene g\u00e9n\u00e9ralement une immunit\u00e9 \u00e0 vie contre la maladie. Les nouveau-n\u00e9s et les b\u00e9b\u00e9s allait\u00e9s sont habituellement prot\u00e9g\u00e9s contre la varicelle si leur m\u00e8re a eu la varicelle lorsqu&rsquo;elle \u00e9tait enfant. Au cours de la grossesse, les anticorps sont transmis \u00e0 l&rsquo;enfant par le placenta. D&rsquo;autres anticorps sont transmis par le lait maternel, assurant ainsi une immunit\u00e9 suffisante. Cependant, si votre nouveau-n\u00e9 ou votre b\u00e9b\u00e9 souffre de varicelle au cours des six premiers mois de sa vie, il est tr\u00e8s probable que la quantit\u00e9 d\u2019anticorps d\u00e9velopp\u00e9s ne soit pas suffisante et qu&rsquo;une nouvelle phase de la maladie apparaisse \u00e0 nouveau ult\u00e9rieurement.<\/p>\n<\/div><\/details>\n\n\n\n<details class=\"wp-block-karopharma-accordion\"><summary><h2 class=\"accordion-title\">Durant la varicelle, est-ce que mon enfant peut \u00eatre expos\u00e9 au soleil sans danger?<\/h2><\/summary><div class=\"accordion-content\">\n<p>La peau d\u2019un enfant est extr\u00eamement vuln\u00e9rable lors d\u2019une infection de varicelle. L\u2019exposition au soleil peut entra\u00eener une irritation suppl\u00e9mentaire, il vaut donc mieux tenir votre enfant \u00e9loign\u00e9 des rayons directs du soleil et \u00e9viter une exposition prolong\u00e9e pendant la varicelle.<\/p>\n<\/div><\/details>\n\n\n\n<details class=\"wp-block-karopharma-accordion\"><summary><h2 class=\"accordion-title\">Qui peut attraper un zona?<\/h2><\/summary><div class=\"accordion-content\">\n<p>Le zona est tr\u00e8s courant. Cinquante pour cent des personnes contracteront un zona avant l\u2019\u00e2ge de 80 ans. Bien que cela se produise chez les personnes de tous \u00e2ges, il est plus fr\u00e9quent en vieillissant. Environ une personne sur trois \u00e2g\u00e9e de 60 ans et plus contractera le zona.<\/p>\n<\/div><\/details>\n\n\n\n<details class=\"wp-block-karopharma-accordion\"><summary><h2 class=\"accordion-title\">Qu&rsquo;est-ce que le zona?<\/h2><\/summary><div class=\"accordion-content\">\n<p>Le zona (\u00e9galement appel\u00e9 varicelle-zona) est une maladie de la peau provoqu\u00e9e par la r\u00e9activation du virus de la varicelle. Il se distingue car il n&rsquo;affecte qu&rsquo;un c\u00f4t\u00e9 du corps, le plus souvent autour du torse. Les premiers signes d&rsquo;un zona progressent g\u00e9n\u00e9ralement en trois phases: douleur intense ou picotement, \u00e9ventuellement une \u00e9ruption cutan\u00e9e avec d\u00e9mangeaisons, ainsi que des cloques ressemblant beaucoup \u00e0 la varicelle.<\/p>\n<\/div><\/details>\n\n\n\n<details class=\"wp-block-karopharma-accordion\"><summary><h2 class=\"accordion-title\">Quelles sont les causes du zona?<\/h2><\/summary><div class=\"accordion-content\">\n<p>Le zona est caus\u00e9 par un virus appel\u00e9 virus varicelle-zona, le m\u00eame virus qui cause la varicelle. Apr\u00e8s une gu\u00e9rison r\u00e9ussie de la varicelle, le virus reste toujours inactif dans le corps. Plus tard dans la vie, le virus peut redevenir actif sous forme de zona. La raison pour laquelle il est r\u00e9activ\u00e9 pour certaines personnes et pas pour d&rsquo;autres n&rsquo;est pas claire. Cela peut \u00eatre d\u00fb \u00e0 une immunit\u00e9 affaiblie aux infections, car il est beaucoup plus fr\u00e9quent chez les personnes \u00e2g\u00e9es et les personnes au syst\u00e8me immunitaire d\u00e9ficient. <\/p>\n<\/div><\/details>\n\n\n\n<details class=\"wp-block-karopharma-accordion\"><summary><h2 class=\"accordion-title\">Pourquoi le zona est-il douloureux?<\/h2><\/summary><div class=\"accordion-content\">\n<p>Lorsque le virus de la varicelle est r\u00e9activ\u00e9, il traverse les cellules nerveuses de la colonne vert\u00e9brale pour atteindre la peau. L&rsquo;inflammation le long du trajet nerveux provoque l&rsquo;\u00e9ruption cutan\u00e9e. Et parce que l&rsquo;inflammation est dans un nerf, elle provoque une douleur. Cela provoque une inflammation le long du trajet nerveux qui cr\u00e9e une \u00e9ruption cutan\u00e9e. Comme l&rsquo;inflammation est situ\u00e9e dans un nerf, elle provoque \u00e9galement une douleur. <\/p>\n<\/div><\/details>\n\n\n\n<details class=\"wp-block-karopharma-accordion\"><summary><h2 class=\"accordion-title\">Est-ce que le zona est contagieux?<\/h2><\/summary><div class=\"accordion-content\">\n<p>Le zona ne peut pas \u00eatre transmis directement d&rsquo;une personne \u00e0 une autre. Cependant, le virus varicelle-zona qui cause le zona peut \u00eatre transmis d&rsquo;une personne atteinte de zona \u00e0 une personne qui n&rsquo;a jamais eu la varicelle. La personne expos\u00e9e au virus peut d\u00e9velopper la varicelle, mais ne d\u00e9veloppera pas de zona.<\/p>\n<\/div><\/details>\n<\/div><\/div>\n\n<p><\/p>\n","protected":false},"excerpt":{"rendered":"","protected":false},"author":3,"featured_media":0,"parent":0,"menu_order":0,"comment_status":"closed","ping_status":"closed","template":"","meta":{"_acf_changed":false,"footnotes":""},"from-article-database":[],"class_list":["post-184","page","type-page","status-publish","hentry"],"acf":[],"yoast_head":"<!-- This site is optimized with the Yoast SEO plugin v26.6 - https:\/\/yoast.com\/wordpress\/plugins\/seo\/ -->\n<title>FAQ - PoxClin<\/title>\n<meta name=\"description\" content=\"Quelle est la dur\u00e9e de la varicelle?\" \/>\n<meta name=\"robots\" content=\"noindex, follow, max-snippet:-1, max-image-preview:large, max-video-preview:-1\" \/>\n<meta property=\"og:locale\" content=\"fr_FR\" \/>\n<meta property=\"og:type\" content=\"article\" \/>\n<meta property=\"og:title\" content=\"FAQ - PoxClin\" \/>\n<meta property=\"og:description\" content=\"Quelle est la dur\u00e9e de la varicelle?\" \/>\n<meta property=\"og:url\" content=\"https:\/\/stage.poxclin.com\/be\/fr\/faq\/\" \/>\n<meta property=\"og:site_name\" content=\"PoxClin\" \/>\n<meta property=\"article:modified_time\" content=\"2025-01-07T08:06:30+00:00\" \/>\n<meta name=\"twitter:card\" content=\"summary_large_image\" \/>\n<meta name=\"twitter:label1\" content=\"Dur\u00e9e de lecture est.\" \/>\n\t<meta name=\"twitter:data1\" content=\"10 minutes\" \/>\n<script type=\"application\/ld+json\" class=\"yoast-schema-graph\">{\"@context\":\"https:\/\/schema.org\",\"@graph\":[{\"@type\":\"WebPage\",\"@id\":\"https:\/\/stage.poxclin.com\/be\/fr\/faq\/\",\"url\":\"https:\/\/stage.poxclin.com\/be\/fr\/faq\/\",\"name\":\"FAQ - PoxClin\",\"isPartOf\":{\"@id\":\"https:\/\/stage.poxclin.com\/be\/fr\/#website\"},\"datePublished\":\"2022-09-02T06:44:19+00:00\",\"dateModified\":\"2025-01-07T08:06:30+00:00\",\"description\":\"Quelle est la dur\u00e9e de la varicelle?\",\"inLanguage\":\"fr-BE\",\"potentialAction\":[{\"@type\":\"ReadAction\",\"target\":[\"https:\/\/stage.poxclin.com\/be\/fr\/faq\/\"]}]},{\"@type\":\"WebSite\",\"@id\":\"https:\/\/stage.poxclin.com\/be\/fr\/#website\",\"url\":\"https:\/\/stage.poxclin.com\/be\/fr\/\",\"name\":\"PoxClin\",\"description\":\"\",\"publisher\":{\"@id\":\"https:\/\/stage.poxclin.com\/be\/fr\/#organization\"},\"potentialAction\":[{\"@type\":\"SearchAction\",\"target\":{\"@type\":\"EntryPoint\",\"urlTemplate\":\"https:\/\/stage.poxclin.com\/be\/fr\/?s={search_term_string}\"},\"query-input\":{\"@type\":\"PropertyValueSpecification\",\"valueRequired\":true,\"valueName\":\"search_term_string\"}}],\"inLanguage\":\"fr-BE\"},{\"@type\":\"Organization\",\"@id\":\"https:\/\/stage.poxclin.com\/be\/fr\/#organization\",\"name\":\"PoxClin\",\"url\":\"https:\/\/stage.poxclin.com\/be\/fr\/\",\"logo\":{\"@type\":\"ImageObject\",\"inLanguage\":\"fr-BE\",\"@id\":\"https:\/\/stage.poxclin.com\/be\/fr\/#\/schema\/logo\/image\/\",\"url\":\"https:\/\/stage.poxclin.com\/app\/uploads\/sites\/4\/2022\/08\/PoxClin-logo.png\",\"contentUrl\":\"https:\/\/stage.poxclin.com\/app\/uploads\/sites\/4\/2022\/08\/PoxClin-logo.png\",\"width\":88,\"height\":24,\"caption\":\"PoxClin\"},\"image\":{\"@id\":\"https:\/\/stage.poxclin.com\/be\/fr\/#\/schema\/logo\/image\/\"}}]}<\/script>\n<!-- \/ Yoast SEO plugin. -->","yoast_head_json":{"title":"FAQ - PoxClin","description":"Quelle est la dur\u00e9e de la varicelle?","robots":{"index":"noindex","follow":"follow","max-snippet":"max-snippet:-1","max-image-preview":"max-image-preview:large","max-video-preview":"max-video-preview:-1"},"og_locale":"fr_FR","og_type":"article","og_title":"FAQ - PoxClin","og_description":"Quelle est la dur\u00e9e de la varicelle?","og_url":"https:\/\/stage.poxclin.com\/be\/fr\/faq\/","og_site_name":"PoxClin","article_modified_time":"2025-01-07T08:06:30+00:00","twitter_card":"summary_large_image","twitter_misc":{"Dur\u00e9e de lecture est.":"10 minutes"},"schema":{"@context":"https:\/\/schema.org","@graph":[{"@type":"WebPage","@id":"https:\/\/stage.poxclin.com\/be\/fr\/faq\/","url":"https:\/\/stage.poxclin.com\/be\/fr\/faq\/","name":"FAQ - PoxClin","isPartOf":{"@id":"https:\/\/stage.poxclin.com\/be\/fr\/#website"},"datePublished":"2022-09-02T06:44:19+00:00","dateModified":"2025-01-07T08:06:30+00:00","description":"Quelle est la dur\u00e9e de la varicelle?","inLanguage":"fr-BE","potentialAction":[{"@type":"ReadAction","target":["https:\/\/stage.poxclin.com\/be\/fr\/faq\/"]}]},{"@type":"WebSite","@id":"https:\/\/stage.poxclin.com\/be\/fr\/#website","url":"https:\/\/stage.poxclin.com\/be\/fr\/","name":"PoxClin","description":"","publisher":{"@id":"https:\/\/stage.poxclin.com\/be\/fr\/#organization"},"potentialAction":[{"@type":"SearchAction","target":{"@type":"EntryPoint","urlTemplate":"https:\/\/stage.poxclin.com\/be\/fr\/?s={search_term_string}"},"query-input":{"@type":"PropertyValueSpecification","valueRequired":true,"valueName":"search_term_string"}}],"inLanguage":"fr-BE"},{"@type":"Organization","@id":"https:\/\/stage.poxclin.com\/be\/fr\/#organization","name":"PoxClin","url":"https:\/\/stage.poxclin.com\/be\/fr\/","logo":{"@type":"ImageObject","inLanguage":"fr-BE","@id":"https:\/\/stage.poxclin.com\/be\/fr\/#\/schema\/logo\/image\/","url":"https:\/\/stage.poxclin.com\/app\/uploads\/sites\/4\/2022\/08\/PoxClin-logo.png","contentUrl":"https:\/\/stage.poxclin.com\/app\/uploads\/sites\/4\/2022\/08\/PoxClin-logo.png","width":88,"height":24,"caption":"PoxClin"},"image":{"@id":"https:\/\/stage.poxclin.com\/be\/fr\/#\/schema\/logo\/image\/"}}]}},"_links":{"self":[{"href":"https:\/\/stage.poxclin.com\/be\/fr\/wp-json\/wp\/v2\/pages\/184","targetHints":{"allow":["GET"]}}],"collection":[{"href":"https:\/\/stage.poxclin.com\/be\/fr\/wp-json\/wp\/v2\/pages"}],"about":[{"href":"https:\/\/stage.poxclin.com\/be\/fr\/wp-json\/wp\/v2\/types\/page"}],"author":[{"embeddable":true,"href":"https:\/\/stage.poxclin.com\/be\/fr\/wp-json\/wp\/v2\/users\/3"}],"replies":[{"embeddable":true,"href":"https:\/\/stage.poxclin.com\/be\/fr\/wp-json\/wp\/v2\/comments?post=184"}],"version-history":[{"count":3,"href":"https:\/\/stage.poxclin.com\/be\/fr\/wp-json\/wp\/v2\/pages\/184\/revisions"}],"predecessor-version":[{"id":277,"href":"https:\/\/stage.poxclin.com\/be\/fr\/wp-json\/wp\/v2\/pages\/184\/revisions\/277"}],"wp:attachment":[{"href":"https:\/\/stage.poxclin.com\/be\/fr\/wp-json\/wp\/v2\/media?parent=184"}],"wp:term":[{"taxonomy":"from-article-database","embeddable":true,"href":"https:\/\/stage.poxclin.com\/be\/fr\/wp-json\/wp\/v2\/from-article-database?post=184"}],"curies":[{"name":"wp","href":"https:\/\/api.w.org\/{rel}","templated":true}]}}