{"id":55,"date":"2022-09-05T14:55:25","date_gmt":"2022-09-05T12:55:25","guid":{"rendered":"https:\/\/stage.poxclin.com\/ch\/?page_id=55"},"modified":"2023-06-20T07:33:37","modified_gmt":"2023-06-20T05:33:37","slug":"faq","status":"publish","type":"page","link":"https:\/\/stage.poxclin.com\/ch\/de\/faq\/","title":{"rendered":"FAQ"},"content":{"rendered":"\n<div class=\"wp-block-karopharma-free-text pt-large pb-large bg-center bg-cover bg-no-repeat  is-style-primary\" style=\"background-image:url(https:\/\/stage.poxclin.com\/cdn-cgi\/image\/format=auto\/app\/uploads\/sites\/5\/2022\/09\/bg-red-3.png)\"><div class=\"free-text-wrapper container max-w-medium text-left\">\n<h1 class=\"has-text-align-center is-style-heading-huge wp-block-heading\"><mark style=\"background-color:rgba(0, 0, 0, 0)\" class=\"has-inline-color has-white-color\">H\u00e4ufig gestellte Fragen<\/mark><\/h1>\n<\/div><\/div>\n\n\n\n<div class=\"wp-block-karopharma-accordions\"><div class=\"container\">\n<details class=\"wp-block-karopharma-accordion\"><summary><h2 class=\"accordion-title\">Wie lange dauern Windpocken?<\/h2><\/summary><div class=\"accordion-content\">\n<p>Nachdem eine Person in Kontakt mit dem Virus gekommen ist, dauert es etwa 2 Wochen bis zum Auftreten von Symptomen. Windpocken beginnen \u00fcberlicherweise mit allgemeiner Schw\u00e4che und sind durch einen juckenden, blasigen Ausschlag gekennzeichnet, der sich \u00fcber den gesamten K\u00f6rper ausbreitet. Die Bl\u00e4schen verkrusten innerhalb einiger Tage und fallen schlie\u00dflich ab. Die f\u00fcr Windpocken typischen Bl\u00e4schen werden in aufeinander folgenden Wellen gebildet. Wenn die ersten Bl\u00e4schen zu verkrusten beginnen, k\u00f6nnen neue auftreten. Obwohl die Symptome nur einige Tage lang andauern, dauert es etwa 10 &#8211; 14 Tage, bis alle Bl\u00e4schen verkrustet sind und Ihr Kind nicht mehr ansteckend ist.<\/p>\n<\/div><\/details>\n\n\n\n<details class=\"wp-block-karopharma-accordion\"><summary><h2 class=\"accordion-title\">Stimmt es, dass man sein Leben lang gegen Windpocken immun ist, wenn man in der Kindheit daran erkrankt ist?<\/h2><\/summary><div class=\"accordion-content\">\n<p>\u00dcblicherweise bewirkt eine einmalige Infektion eine lebenslange Immunit\u00e4t gegen die Krankheit. Sollte jedoch ein Neugeborenes oder ein Baby in den ersten 6 Lebensmonaten an Windpocken erkranken, ist es sehr wahrscheinlich, dass es sich zu einem sp\u00e4teren Zeitpunkt erneut mit der Krankheit ansteckt.<\/p>\n<\/div><\/details>\n\n\n\n<details class=\"wp-block-karopharma-accordion\"><summary><h2 class=\"accordion-title\">Sind Windpocken ansteckend?<\/h2><\/summary><div class=\"accordion-content\">\n<p>Windpocken sind eine h\u00e4ufige und extrem ansteckende Krankheit, deren Verursacher, ein Virus (das Varicella-Zoster-Virus aus der Gruppe der Herpesviren), auch auf dem Luftweg \u00fcbertragen wird. \u00dcblicherweise erkrankt man in der Kindheit an Windpocken. Die \u00dcbertragung erfolgt haupts\u00e4chlich als Tr\u00f6pfcheninfektion \u00fcber den Luftweg durch Husten oder Niesen. Au\u00dferdem ist auch eine Schmierinfektion durch das virushaltige Sekret der Windpockenbl\u00e4schen m\u00f6glich.<\/p>\n<\/div><\/details>\n\n\n\n<details class=\"wp-block-karopharma-accordion\"><summary><h2 class=\"accordion-title\">Gibt es eine Impfung gegen Windpocken?<\/h2><\/summary><div class=\"accordion-content\">\n<p>Ja, eine Impfung gegen Windpocken ist m\u00f6glich.<\/p>\n<\/div><\/details>\n\n\n\n<details class=\"wp-block-karopharma-accordion\"><summary><h2 class=\"accordion-title\">Darf mein Kind zur Spielgruppe, zum Kindergarten, zur Vorschule oder zur Schule gehen, wenn es Windpocken hat?<\/h2><\/summary><div class=\"accordion-content\">\n<p>Wenn Ihr Kind an Windpocken erkrankt ist, informieren Sie die Spielgruppe, den Kindergarten bzw. die Vorschule oder Schule davon und behalten Sie Ihr Kind zuhause, bis alle Bl\u00e4schen verkrustet sind und Ihr Kind nicht mehr ansteckend ist. Dies ist normalerweise eine Woche nach dem erstmaligen Auftreten des Ausschlags der Fall. In einigen Spielgruppen, Schulen usw. gelten eventuell andere Regeln, weil Ihr Kind sich m\u00f6glicherweise dort \u00fcberhaupt erst angesteckt hat. Sprechen Sie sich daher immer zuerst mit dem Lehrer\/Betreuer Ihres Kindes ab.<\/p>\n<\/div><\/details>\n\n\n\n<details class=\"wp-block-karopharma-accordion\"><summary><h2 class=\"accordion-title\">Darf mein Kind mit Windpocken auf den Spielplatz oder in ein \u00f6ffentliches Schwimmbad gehen oder sich in der \u00d6ffentlichkeit aufhalten?<\/h2><\/summary><div class=\"accordion-content\">\n<p>Versuchen Sie m\u00f6glichst, die \u00d6ffentlichkeit zu vermeiden, weil andere Personen, f\u00fcr die das Virus gef\u00e4hrlich ist, angesteckt werden k\u00f6nnten. Dies gilt insbesondere f\u00fcr Schwangere oder Personen mit geschw\u00e4chtem Immunsystem. Wenn Ihr Kind sich mit Windpocken angesteckt hat, halten Sie es von Spielpl\u00e4tzen und anderen \u00f6ffentlichen Orten fern, bis die Bl\u00e4schen verkrustet und nicht mehr ansteckend sind. Dies ist normalerweise eine Woche nach dem erstmaligen Auftreten des Ausschlags der Fall. Wenn Sie mit Ihrem Kind trotzdem in die \u00d6ffentlichkeit gehen, beispielsweise auf einen Spielplatz, informieren Sie die Anwesenden\/Eltern, dass Ihr Kind Windpocken hat und noch ansteckend ist. Wenn Sie der Meinung sind, dass es in Ordnung ist, dass Ihr ansteckendes Kind sich in der \u00d6ffentlichkeit aufh\u00e4lt, hei\u00dft das noch lange nicht, dass alle anderen dasselbe denken.<\/p>\n<\/div><\/details>\n\n\n\n<details class=\"wp-block-karopharma-accordion\"><summary><h2 class=\"accordion-title\">Darf mein Kind schwimmen gehen und\/oder Sport treiben?<\/h2><\/summary><div class=\"accordion-content\">\n<p>Windpocken sind hochgradig ansteckend. Wenn Ihr Kind an Windpocken erkrankt ist, sollte es nicht schwimmen gehen und keine Sportart betreiben, bei der es zu K\u00f6rperkontakten kommt, bevor nicht alle Bl\u00e4schen verkrustet sind. Dies ist normalerweise eine Woche nach dem erstmaligen Auftreten des Ausschlags der Fall. Versuchen Sie m\u00f6glichst, die \u00d6ffentlichkeit zu vermeiden, weil andere Personen, f\u00fcr die das Virus gef\u00e4hrlich ist, angesteckt werden k\u00f6nnten. Dies gilt insbesondere f\u00fcr Schwangere oder Personen mit geschw\u00e4chtem Immunsystem. Dar\u00fcber hinaus k\u00f6nnen die Krusten beim Schwimmen erweichen, wodurch sich der Juckreiz verst\u00e4rken kann oder die Krusten vorzeitig abfallen und Narben hinterlassen k\u00f6nnen.<\/p>\n<\/div><\/details>\n\n\n\n<details class=\"wp-block-karopharma-accordion\"><summary><h2 class=\"accordion-title\">Darf ich mein Kind baden oder duschen, w\u00e4hrend es Windpocken hat?<\/h2><\/summary><div class=\"accordion-content\">\n<p>W\u00e4hrend Ihr Kind Windpocken hat, ist gegen ein kurzes Bad oder Duschbad nichts einzuwenden. Manche Kinder empfinden ein Bad in lauwarmem oder kaltem Wasser als Juckreiz lindernd. Achten Sie darauf, dass das Wasser nicht hei\u00df ist, weil dies den Juckreiz verst\u00e4rken kann, und darauf, dass das Bad nicht zu lange dauert. Tupfen Sie Ihr Kind nach dem Duschen\/Baden trocken, ohne zu reiben, damit die Bl\u00e4schen sich nicht infizieren k\u00f6nnen oder Krusten abfallen, wodurch Narben verbleiben.<\/p>\n<\/div><\/details>\n\n\n\n<details class=\"wp-block-karopharma-accordion\"><summary><h2 class=\"accordion-title\">Kann mein Kind gefahrlos eine Flugreise mitmachen?<\/h2><\/summary><div class=\"accordion-content\">\n<p>Windpocken sind hochgradig ansteckend. M\u00f6glicherweise darf Ihr Kind kein Flugzeug betreten, bevor nicht alle Krusten abgefallen sind. Der Grund daf\u00fcr ist, dass Keime von Klimaanlagen in Flugzeugen verteilt werden. Insbesondere f\u00fcr Schwangere oder Personen mit geschw\u00e4chtem Immunsystem kann das Virus sehr gef\u00e4hrlich sein. Im Allgemeinen muss vor Antritt einer Flugreise ein \u00e4rztliches Attest vorgelegt werden. Jede Fluggesellschaft hat ihre eigenen Vorschriften. Daher sollten Sie sich zuerst an Ihre Fluggesellschaft wenden. Informieren Sie beim Auftreten von Windpocken umgehend Ihre Reiseversicherung, um sicherzustellen, dass Versicherungsschutz besteht, falls Sie Ihren Urlaub stornieren oder verschieben m\u00fcssen oder falls Sie Ihre Reise verl\u00e4ngern m\u00fcssen, bis Ihr Kind so weit gesundet ist, dass es die R\u00fcckreise antreten kann.<\/p>\n<\/div><\/details>\n\n\n\n<details class=\"wp-block-karopharma-accordion\"><summary><h2 class=\"accordion-title\">Darf mein Kind ein Krankenhaus oder eine Krankenstation besuchen, wenn es Windpocken hat?<\/h2><\/summary><div class=\"accordion-content\">\n<p>Kinder mit Windpocken d\u00fcrfen Verwandte oder Freunde in einem Krankenhaus oder auf einer Krankenstation ohne vorherige Erlaubnis einer solchen Institution nicht besuchen.<\/p>\n<\/div><\/details>\n\n\n\n<details class=\"wp-block-karopharma-accordion\"><summary><h2 class=\"accordion-title\">Ist es f\u00fcr schwangere oder stillende Frauen sicher, sich in der N\u00e4he eines Kindes mit Windpocken aufzuhalten?<\/h2><\/summary><div class=\"accordion-content\">\n<p>Die meisten Frauen erkrankten in ihrer Kindheit an Windpocken und sind daher immun oder haben sich gegen Windpocken impfen lassen. Dennoch k\u00f6nnen Schwangere an Windpocken erkranken, was Komplikationen sowohl f\u00fcr das Ungeborene als auch f\u00fcr die schwangere Mutter nach sich ziehen kann.<\/p>\n\n\n\n<p>Es besteht eine geringe Wahrscheinlichkeit daf\u00fcr, dass das Fetus am sogenannten fetalen Varizellensyndrom (FVS) erkrankt, das schwere Fehlbildungen verschiedener K\u00f6rperteile zur Folge haben kann. Ausf\u00fchrliche Informationen \u00fcber die Wahrscheinlichkeit, dass Ihr Fetus am FVS erkrankt, gibt Ihnen gerne Ihre Hebamme oder Ihr Gyn\u00e4kologe bzw. Ihre Gyn\u00e4kologin, da verschiedene Schwangerschaftsstadien unterschiedliche Risiken bergen. Wenn Sie schwanger sind und glauben oder wissen, dass Sie an Windpocken erkrankt sind, wenden Sie sich umgehend an Ihre Hebamme, Ihre Gyn\u00e4kologin\/Ihren Gyn\u00e4kologen oder Ihre Haus\u00e4rztin\/Ihren Hausarzt.<\/p>\n<\/div><\/details>\n\n\n\n<details class=\"wp-block-karopharma-accordion\"><summary><h2 class=\"accordion-title\">Ist mein Neugeborenes oder mein Baby in Gefahr, wenn es sich in der N\u00e4he eines Geschwisters aufh\u00e4lt, das an Windpocken erkrankt ist?<\/h2><\/summary><div class=\"accordion-content\">\n<p>Eine Windpockeninfektion bewirkt normalerweise eine lebenslange Immunit\u00e4t gegen die Krankheit. Neugeborenes und gestillte Babys sind in den meisten F\u00e4llen vor Windpocken gesch\u00fctzt, wenn ihre Mutter als Kind Windpocken hatte. W\u00e4hrend der Schwangerschaft werden Antik\u00f6rper \u00fcber die Plazenta an das Ungeborene weitergegeben. Weitere Antik\u00f6rper werden \u00fcber die Muttermilch weitergegeben, wodurch eine ausreichende Immunit\u00e4t gew\u00e4hrleistet ist. Sollte Ihr Neugeborenes oder Baby in den ersten 6 Lebensmonaten dennoch an Windpocken erkranken, ist es sehr wahrscheinlich, dass sich nicht genug Antik\u00f6rper bilden und es zu einem sp\u00e4teren Zeitpunkt erneut zu einer Erkrankung kommen kann.<\/p>\n<\/div><\/details>\n\n\n\n<details class=\"wp-block-karopharma-accordion\"><summary><h2 class=\"accordion-title\">Kann sich mein Kind gefahrlos in der Sonne aufhalten, w\u00e4hrend es Windpocken hat? <\/h2><\/summary><div class=\"accordion-content\">\n<p>W\u00e4hrend einer Windpockeninfektion ist die Haut eines Kindes extrem verletzlich. Sonnenstrahlung kann weitere Reizungen verursachen. Daher ist es am besten, wenn Sie Ihr Kind vor einer direkten und l\u00e4ngeren Sonnenexposition sch\u00fctzen, solange es an Windpocken erkrankt ist.<\/p>\n<\/div><\/details>\n\n\n\n<details class=\"wp-block-karopharma-accordion\"><summary><h2 class=\"accordion-title\">Wer bekommt G\u00fcrtelrose?<\/h2><\/summary><div class=\"accordion-content\">\n<p>G\u00fcrtelrose ist sehr verbreitet. F\u00fcnfzig Prozent aller Menschen werden im Alter von 80 Jahren G\u00fcrtelrose gehabt haben. W\u00e4hrend es bei Menschen jeden Alters auftritt, ist es am h\u00e4ufigsten, wenn Sie \u00e4lter werden. Etwa einer von drei \u00fcber 60-J\u00e4hrigen bekommt G\u00fcrtelrose.<\/p>\n<\/div><\/details>\n\n\n\n<details class=\"wp-block-karopharma-accordion\"><summary><h2 class=\"accordion-title\">Was ist G\u00fcrtelrose?<\/h2><\/summary><div class=\"accordion-content\">\n<p>G\u00fcrtelrose (auch als Varizella-Zoster bekannt) ist eine Hautkrankheit, die durch eine Reaktivierung des Windpockenvirus verursacht wird. Es ist charakteristisch, da es nur eine Seite des K\u00f6rpers betrifft, am h\u00e4ufigsten um den Torso. Die ersten Anzeichen einer G\u00fcrtelrose treten normalerweise in drei Stadien auf: starke Schmerzen oder Kribbeln, m\u00f6glicherweise juckender Hautausschlag, sowie Blasen, die sehr an Windpocken erinnern.<\/p>\n<\/div><\/details>\n\n\n\n<details class=\"wp-block-karopharma-accordion\"><summary><h2 class=\"accordion-title\">Was verursacht G\u00fcrtelrose?<\/h2><\/summary><div class=\"accordion-content\">\n<p>G\u00fcrtelrose wird durch ein Virus namens Varicella-Zoster-Virus verursacht, dasselbe Virus, das Windpocken verursacht. Nach einer erfolgreichen Heilung von Windpocken bleibt das Virus im K\u00f6rper weiterhin inaktiv. Zu einem sp\u00e4teren Zeitpunkt im Leben kann das Virus in Form von G\u00fcrtelrose wieder aktiv werden. Der Grund f\u00fcr die Reaktivierung ist unklar. Dies kann auf eine geschw\u00e4chte Immunit\u00e4t gegen Infektionen zur\u00fcckzuf\u00fchren sein, da dies bei \u00e4lteren Erwachsenen und Menschen mit einem schwachen Immunsystem weitaus h\u00e4ufiger vorkommt.<\/p>\n<\/div><\/details>\n\n\n\n<details class=\"wp-block-karopharma-accordion\"><summary><h2 class=\"accordion-title\">Warum schmerzt G\u00fcrtelrose?<\/h2><\/summary><div class=\"accordion-content\">\n<p>Wenn das Windpockenvirus reaktiviert wird, wandert es durch die Nervenzellen der Wirbels\u00e4ule zur Haut. Die Entz\u00fcndung entlang des Nervenwegs verursacht den Ausschlag. Und weil die Entz\u00fcndung in einem Nerv ist, verursacht sie Schmerzen.<\/p>\n<\/div><\/details>\n\n\n\n<details class=\"wp-block-karopharma-accordion\"><summary><h2 class=\"accordion-title\">Heilen Medikamente G\u00fcrtelrose?<\/h2><\/summary><div class=\"accordion-content\">\n<p>Es gibt keine Heilung f\u00fcr G\u00fcrtelrose, aber Sie k\u00f6nnen dazu beitragen, die Symptome zu lindern. PoxClin Herpes Zoster ist ein Produkt, das speziell entwickelt wurde, um die mit G\u00fcrtelrose verbundenen Symptome von Juckreiz und Schmerzen zu lindern.<\/p>\n<\/div><\/details>\n<\/div><\/div>\n","protected":false},"excerpt":{"rendered":"","protected":false},"author":3,"featured_media":0,"parent":0,"menu_order":0,"comment_status":"closed","ping_status":"closed","template":"","meta":{"_acf_changed":false,"footnotes":""},"from-article-database":[],"class_list":["post-55","page","type-page","status-publish","hentry"],"acf":[],"yoast_head":"<!-- This site is optimized with the Yoast SEO plugin v26.6 - https:\/\/yoast.com\/wordpress\/plugins\/seo\/ -->\n<title>FAQ - PoxClin<\/title>\n<meta name=\"description\" content=\"Wie lange dauern Windpocken? Windpocken beginnen mit leichtem Fieber und sind durch einen juckenden, blasigen Ausschlag gekennzeichnet, der sich \u00fcber den gesamten K\u00f6rper ausbreitet. FAQ\" \/>\n<meta name=\"robots\" content=\"noindex, follow, max-snippet:-1, max-image-preview:large, max-video-preview:-1\" \/>\n<meta property=\"og:locale\" content=\"de_DE\" \/>\n<meta property=\"og:type\" content=\"article\" \/>\n<meta property=\"og:title\" content=\"FAQ - PoxClin\" \/>\n<meta property=\"og:description\" content=\"Wie lange dauern Windpocken? Windpocken beginnen mit leichtem Fieber und sind durch einen juckenden, blasigen Ausschlag gekennzeichnet, der sich \u00fcber den gesamten K\u00f6rper ausbreitet. FAQ\" \/>\n<meta property=\"og:url\" content=\"https:\/\/stage.poxclin.com\/ch\/de\/faq\/\" \/>\n<meta property=\"og:site_name\" content=\"PoxClin\" \/>\n<meta property=\"article:modified_time\" content=\"2023-06-20T05:33:37+00:00\" \/>\n<meta name=\"twitter:card\" content=\"summary_large_image\" \/>\n<meta name=\"twitter:label1\" content=\"Gesch\u00e4tzte Lesezeit\" \/>\n\t<meta name=\"twitter:data1\" content=\"7 Minuten\" \/>\n<script type=\"application\/ld+json\" class=\"yoast-schema-graph\">{\"@context\":\"https:\/\/schema.org\",\"@graph\":[{\"@type\":\"WebPage\",\"@id\":\"https:\/\/stage.poxclin.com\/ch\/de\/faq\/\",\"url\":\"https:\/\/stage.poxclin.com\/ch\/de\/faq\/\",\"name\":\"FAQ - PoxClin\",\"isPartOf\":{\"@id\":\"https:\/\/stage.poxclin.com\/ch\/de\/#website\"},\"datePublished\":\"2022-09-05T12:55:25+00:00\",\"dateModified\":\"2023-06-20T05:33:37+00:00\",\"description\":\"Wie lange dauern Windpocken? Windpocken beginnen mit leichtem Fieber und sind durch einen juckenden, blasigen Ausschlag gekennzeichnet, der sich \u00fcber den gesamten K\u00f6rper ausbreitet. FAQ\",\"inLanguage\":\"de-CH\",\"potentialAction\":[{\"@type\":\"ReadAction\",\"target\":[\"https:\/\/stage.poxclin.com\/ch\/de\/faq\/\"]}]},{\"@type\":\"WebSite\",\"@id\":\"https:\/\/stage.poxclin.com\/ch\/de\/#website\",\"url\":\"https:\/\/stage.poxclin.com\/ch\/de\/\",\"name\":\"PoxClin\",\"description\":\"Just another PoxClin Sites site\",\"publisher\":{\"@id\":\"https:\/\/stage.poxclin.com\/ch\/de\/#organization\"},\"potentialAction\":[{\"@type\":\"SearchAction\",\"target\":{\"@type\":\"EntryPoint\",\"urlTemplate\":\"https:\/\/stage.poxclin.com\/ch\/de\/?s={search_term_string}\"},\"query-input\":{\"@type\":\"PropertyValueSpecification\",\"valueRequired\":true,\"valueName\":\"search_term_string\"}}],\"inLanguage\":\"de-CH\"},{\"@type\":\"Organization\",\"@id\":\"https:\/\/stage.poxclin.com\/ch\/de\/#organization\",\"name\":\"PoxClin\",\"url\":\"https:\/\/stage.poxclin.com\/ch\/de\/\",\"logo\":{\"@type\":\"ImageObject\",\"inLanguage\":\"de-CH\",\"@id\":\"https:\/\/stage.poxclin.com\/ch\/de\/#\/schema\/logo\/image\/\",\"url\":\"https:\/\/stage.poxclin.com\/app\/uploads\/sites\/5\/2022\/08\/PoxClin-logo.png\",\"contentUrl\":\"https:\/\/stage.poxclin.com\/app\/uploads\/sites\/5\/2022\/08\/PoxClin-logo.png\",\"width\":88,\"height\":24,\"caption\":\"PoxClin\"},\"image\":{\"@id\":\"https:\/\/stage.poxclin.com\/ch\/de\/#\/schema\/logo\/image\/\"}}]}<\/script>\n<!-- \/ Yoast SEO plugin. -->","yoast_head_json":{"title":"FAQ - PoxClin","description":"Wie lange dauern Windpocken? Windpocken beginnen mit leichtem Fieber und sind durch einen juckenden, blasigen Ausschlag gekennzeichnet, der sich \u00fcber den gesamten K\u00f6rper ausbreitet. FAQ","robots":{"index":"noindex","follow":"follow","max-snippet":"max-snippet:-1","max-image-preview":"max-image-preview:large","max-video-preview":"max-video-preview:-1"},"og_locale":"de_DE","og_type":"article","og_title":"FAQ - PoxClin","og_description":"Wie lange dauern Windpocken? Windpocken beginnen mit leichtem Fieber und sind durch einen juckenden, blasigen Ausschlag gekennzeichnet, der sich \u00fcber den gesamten K\u00f6rper ausbreitet. FAQ","og_url":"https:\/\/stage.poxclin.com\/ch\/de\/faq\/","og_site_name":"PoxClin","article_modified_time":"2023-06-20T05:33:37+00:00","twitter_card":"summary_large_image","twitter_misc":{"Gesch\u00e4tzte Lesezeit":"7 Minuten"},"schema":{"@context":"https:\/\/schema.org","@graph":[{"@type":"WebPage","@id":"https:\/\/stage.poxclin.com\/ch\/de\/faq\/","url":"https:\/\/stage.poxclin.com\/ch\/de\/faq\/","name":"FAQ - PoxClin","isPartOf":{"@id":"https:\/\/stage.poxclin.com\/ch\/de\/#website"},"datePublished":"2022-09-05T12:55:25+00:00","dateModified":"2023-06-20T05:33:37+00:00","description":"Wie lange dauern Windpocken? Windpocken beginnen mit leichtem Fieber und sind durch einen juckenden, blasigen Ausschlag gekennzeichnet, der sich \u00fcber den gesamten K\u00f6rper ausbreitet. FAQ","inLanguage":"de-CH","potentialAction":[{"@type":"ReadAction","target":["https:\/\/stage.poxclin.com\/ch\/de\/faq\/"]}]},{"@type":"WebSite","@id":"https:\/\/stage.poxclin.com\/ch\/de\/#website","url":"https:\/\/stage.poxclin.com\/ch\/de\/","name":"PoxClin","description":"Just another PoxClin Sites site","publisher":{"@id":"https:\/\/stage.poxclin.com\/ch\/de\/#organization"},"potentialAction":[{"@type":"SearchAction","target":{"@type":"EntryPoint","urlTemplate":"https:\/\/stage.poxclin.com\/ch\/de\/?s={search_term_string}"},"query-input":{"@type":"PropertyValueSpecification","valueRequired":true,"valueName":"search_term_string"}}],"inLanguage":"de-CH"},{"@type":"Organization","@id":"https:\/\/stage.poxclin.com\/ch\/de\/#organization","name":"PoxClin","url":"https:\/\/stage.poxclin.com\/ch\/de\/","logo":{"@type":"ImageObject","inLanguage":"de-CH","@id":"https:\/\/stage.poxclin.com\/ch\/de\/#\/schema\/logo\/image\/","url":"https:\/\/stage.poxclin.com\/app\/uploads\/sites\/5\/2022\/08\/PoxClin-logo.png","contentUrl":"https:\/\/stage.poxclin.com\/app\/uploads\/sites\/5\/2022\/08\/PoxClin-logo.png","width":88,"height":24,"caption":"PoxClin"},"image":{"@id":"https:\/\/stage.poxclin.com\/ch\/de\/#\/schema\/logo\/image\/"}}]}},"_links":{"self":[{"href":"https:\/\/stage.poxclin.com\/ch\/de\/wp-json\/wp\/v2\/pages\/55","targetHints":{"allow":["GET"]}}],"collection":[{"href":"https:\/\/stage.poxclin.com\/ch\/de\/wp-json\/wp\/v2\/pages"}],"about":[{"href":"https:\/\/stage.poxclin.com\/ch\/de\/wp-json\/wp\/v2\/types\/page"}],"author":[{"embeddable":true,"href":"https:\/\/stage.poxclin.com\/ch\/de\/wp-json\/wp\/v2\/users\/3"}],"replies":[{"embeddable":true,"href":"https:\/\/stage.poxclin.com\/ch\/de\/wp-json\/wp\/v2\/comments?post=55"}],"version-history":[{"count":10,"href":"https:\/\/stage.poxclin.com\/ch\/de\/wp-json\/wp\/v2\/pages\/55\/revisions"}],"predecessor-version":[{"id":521,"href":"https:\/\/stage.poxclin.com\/ch\/de\/wp-json\/wp\/v2\/pages\/55\/revisions\/521"}],"wp:attachment":[{"href":"https:\/\/stage.poxclin.com\/ch\/de\/wp-json\/wp\/v2\/media?parent=55"}],"wp:term":[{"taxonomy":"from-article-database","embeddable":true,"href":"https:\/\/stage.poxclin.com\/ch\/de\/wp-json\/wp\/v2\/from-article-database?post=55"}],"curies":[{"name":"wp","href":"https:\/\/api.w.org\/{rel}","templated":true}]}}