{"id":187,"date":"2022-09-06T08:28:25","date_gmt":"2022-09-06T06:28:25","guid":{"rendered":"https:\/\/stage.poxclin.com\/ch\/?post_type=product&#038;p=187"},"modified":"2023-10-11T12:44:05","modified_gmt":"2023-10-11T10:44:05","slug":"poxclin-coolmousse","status":"publish","type":"product","link":"https:\/\/stage.poxclin.com\/ch\/de\/produkt\/poxclin-coolmousse\/","title":{"rendered":"PoxClin CoolMousse"},"content":{"rendered":"\n<div class=\"wp-block-karopharma-accordions is-style-secondary\"><div class=\"container\">\n<details class=\"wp-block-karopharma-accordion\"><summary><h2 class=\"accordion-title\">Anwendung<\/h2><\/summary><div class=\"accordion-content\">\n<div class=\"wp-block-karopharma-several-images-with-text several-images-with-text\"><div class=\"container large col-1 content-align-none\" test-data=\"inner-content\">\n<section class=\"wp-block-karopharma-image-with-text image-with-text image-with-text__full-width\"><div class=\"image-with-text-container \"><div class=\"image-with-text-container-image-container\"><img decoding=\"async\" loading=\"lazy\" src=\"https:\/\/stage.poxclin.com\/cdn-cgi\/image\/format=auto\/app\/uploads\/sites\/5\/2022\/09\/chickenpox_howtouse_1.png\" alt=\"chickenpox_howtouse_1\"\/><\/div><div class=\"image-with-text-container-content\" style=\"text-align:left\" data-test=\"content\"><div class=\"content\"><p class=\"body\" data-test=\"body\">Sch\u00fctteln Sie die Dose 1-2 mal<\/p>\n<div class=\"wp-block-buttons is-layout-flex wp-block-buttons-is-layout-flex\"><\/div>\n<\/div><\/div><\/div><\/section>\n\n\n\n<section class=\"wp-block-karopharma-image-with-text image-with-text image-with-text__full-width\"><div class=\"image-with-text-container \"><div class=\"image-with-text-container-image-container\"><img decoding=\"async\" loading=\"lazy\" src=\"https:\/\/stage.poxclin.com\/cdn-cgi\/image\/format=auto\/app\/uploads\/sites\/5\/2022\/09\/chickenpox_howtouse_4-1.webp\" alt=\"chickenpox_howtouse_4\"\/><\/div><div class=\"image-with-text-container-content\" style=\"text-align:left\" data-test=\"content\"><div class=\"content\"><p class=\"body\" data-test=\"body\">Dr\u00fccken Sie den Schaum in Ihre Hand.<\/p>\n<div class=\"wp-block-buttons is-layout-flex wp-block-buttons-is-layout-flex\"><\/div>\n<\/div><\/div><\/div><\/section>\n\n\n\n<section class=\"wp-block-karopharma-image-with-text image-with-text image-with-text__full-width\"><div class=\"image-with-text-container \"><div class=\"image-with-text-container-image-container\"><img decoding=\"async\" loading=\"lazy\" src=\"https:\/\/stage.poxclin.com\/cdn-cgi\/image\/format=auto\/app\/uploads\/sites\/5\/2022\/09\/chickenpox_howtouse_3-3.webp\" alt=\"chickenpox_howtouse_3\"\/><\/div><div class=\"image-with-text-container-content\" style=\"text-align:left\" data-test=\"content\"><div class=\"content\"><p class=\"body\" data-test=\"body\">F\u00fcr eine Behandlung von gro\u00dfen Hautfl\u00e4chen mit Windpocken: Reiben Sie den Schaum sanft in die Haut ein. Der leichte Schaum wird in k\u00fcrzester Zeit von der Haut absorbiert.<\/p>\n<div class=\"wp-block-buttons is-layout-flex wp-block-buttons-is-layout-flex\"><\/div>\n<\/div><\/div><\/div><\/section>\n<\/div><\/div>\n\n\n\n<div class=\"wp-block-karopharma-several-images-with-text several-images-with-text\"><div class=\"container large col-1 content-align-none\" test-data=\"inner-content\">\n<section class=\"wp-block-karopharma-image-with-text image-with-text image-with-text__full-width\"><div class=\"image-with-text-container \"><div class=\"image-with-text-container-image-container\"><img decoding=\"async\" loading=\"lazy\" src=\"https:\/\/stage.poxclin.com\/cdn-cgi\/image\/format=auto\/app\/uploads\/sites\/5\/2022\/09\/chickenpox_howtouse_3-1.webp\" alt=\"chickenpox_howtouse_3\"\/><\/div><div class=\"image-with-text-container-content\" style=\"text-align:left\" data-test=\"content\"><div class=\"content\"><p class=\"body\" data-test=\"body\">Mindestens dreimal t\u00e4glich auftragen, oder immer dann, wenn eine Linderung der Beschwerden erw\u00fcnscht ist.<\/p>\n<div class=\"wp-block-buttons is-layout-flex wp-block-buttons-is-layout-flex\"><\/div>\n<\/div><\/div><\/div><\/section>\n\n\n\n<section class=\"wp-block-karopharma-image-with-text image-with-text image-with-text__full-width\"><div class=\"image-with-text-container \"><div class=\"image-with-text-container-image-container\"><img decoding=\"async\" loading=\"lazy\" src=\"https:\/\/stage.poxclin.com\/cdn-cgi\/image\/format=auto\/app\/uploads\/sites\/5\/2022\/09\/chickenpox_cooling.webp\" alt=\"chickenpox_cooling\"\/><\/div><div class=\"image-with-text-container-content\" style=\"text-align:left\" data-test=\"content\"><div class=\"content\"><p class=\"body\" data-test=\"body\">F\u00fcr eine zus\u00e4tzliche k\u00fchlende Wirkung kann PoxClin\u00ae CoolMousse im K\u00fchlschrank aufbewahrt werden.<\/p>\n<div class=\"wp-block-buttons is-layout-flex wp-block-buttons-is-layout-flex\"><\/div>\n<\/div><\/div><\/div><\/section>\n\n\n\n<section class=\"wp-block-karopharma-image-with-text image-with-text image-with-text__full-width\"><div class=\"image-with-text-container \"><div class=\"image-with-text-container-image-container\"><img decoding=\"async\" loading=\"lazy\" src=\"https:\/\/stage.poxclin.com\/cdn-cgi\/image\/format=auto\/app\/uploads\/sites\/5\/2022\/09\/chickenpox_howtouse_4-2.webp\" alt=\"chickenpox_howtouse_4\"\/><\/div><div class=\"image-with-text-container-content\" style=\"text-align:left\" data-test=\"content\"><div class=\"content\"><p class=\"body\" data-test=\"body\">Bei Augenkontakt sofort mit viel Wasser sp\u00fclen<\/p>\n<div class=\"wp-block-buttons is-layout-flex wp-block-buttons-is-layout-flex\"><\/div>\n<\/div><\/div><\/div><\/section>\n<\/div><\/div>\n<\/div><\/details>\n\n\n\n<details class=\"wp-block-karopharma-accordion\"><summary><h2 class=\"accordion-title\">Fakten<\/h2><\/summary><div class=\"accordion-content\">\n<p>PoxClin\u00ae CoolMousse wurde entwickelt, um Hautirritationen, Juckreiz, Brennen und Empfindlichkeit bei Windpocken zu lindern.<\/p>\n\n\n\n<p>PoxClin\u00ae CoolMousse hat einen sofort k\u00fchlenden und beruhigenden Effekt. Der Juckreiz wird schnell gelindert und das Risiko von Hautverletzungen bzw. Vernarbungen durch h\u00e4ufiges Kratzen wird vermindert.<\/p>\n\n\n\n<p>Es sind keine Nebenwirkungen beim Einsatz von PoxClin\u00ae CoolMousse bekannt.<\/p>\n<\/div><\/details>\n<\/div><\/div>\n\n\n\n<div class=\"wp-block-karopharma-accordions is-style-transparent\"><div class=\"container\">\n<details class=\"wp-block-karopharma-accordion\"><summary><h2 class=\"accordion-title\">Wie lange dauern Windpocken?<\/h2><\/summary><div class=\"accordion-content\">\n<p>Nachdem eine Person in Kontakt mit dem Virus gekommen ist, dauert es etwa 2 Wochen bis zum Auftreten von Symptomen. Windpocken beginnen mit leichtem Fieber und sind durch einen juckenden, blasigen Ausschlag gekennzeichnet, der sich \u00fcber den gesamten K\u00f6rper ausbreitet. Die Bl\u00e4schen verkrusten innerhalb einiger Tage und fallen schlie\u00dflich ab. Die f\u00fcr Windpocken typischen Bl\u00e4schen werden in aufeinander folgenden Wellen gebildet. Wenn die ersten Bl\u00e4schen zu verkrusten beginnen, k\u00f6nnen neue auftreten. Obwohl die Symptome nur einige Tage lang andauern, dauert es etwa 10 \u2013 14 Tage, bis alle Bl\u00e4schen verkrustet sind und Ihr Kind nicht mehr ansteckend ist.<\/p>\n<\/div><\/details>\n\n\n\n<details class=\"wp-block-karopharma-accordion\"><summary><h2 class=\"accordion-title\">Sind Windpocken ansteckend?<\/h2><\/summary><div class=\"accordion-content\">\n<p>Windpocken sind eine h\u00e4ufige und extrem ansteckende Krankheit, deren Verursacher, ein Virus (das Varicella-Zoster-Virus aus der Gruppe der Herpesviren), auch auf dem Luftweg \u00fcbertragen wird. \u00dcblicherweise erkrankt man in der Kindheit an Windpocken. Die \u00dcbertragung erfolgt haupts\u00e4chlich als Tr\u00f6pfcheninfektion \u00fcber den Luftweg durch Husten oder Niesen Ausserdem ist auch eine Schmierinfektion durch das virushaltige Sekret der Windpockenbl\u00e4schen m\u00f6glich.<\/p>\n<\/div><\/details>\n\n\n\n<details class=\"wp-block-karopharma-accordion\"><summary><h2 class=\"accordion-title\">Gibt es eine Impfung gegen Windpocken?<\/h2><\/summary><div class=\"accordion-content\">\n<p>Ja, eine Impfung gegen Windpocken ist m\u00f6glich.<\/p>\n<\/div><\/details>\n<\/div><\/div>\n","protected":false},"excerpt":{"rendered":"","protected":false},"featured_media":183,"comment_status":"closed","ping_status":"closed","template":"","meta":{"_acf_changed":false,"footnotes":""},"product_brand":[],"product_cat":[16],"product_tag":[],"class_list":{"0":"post-187","1":"product","2":"type-product","3":"status-publish","4":"has-post-thumbnail","6":"product_cat-uncategorized","8":"first","9":"instock","10":"shipping-taxable","11":"product-type-simple"},"acf":[],"yoast_head":"<!-- This site is optimized with the Yoast SEO plugin v26.6 - https:\/\/yoast.com\/wordpress\/plugins\/seo\/ -->\n<title>PoxClin CoolMousse - PoxClin<\/title>\n<meta name=\"description\" content=\"PoxClin\u00ae CoolMousse wurde entwickelt, um Hautirritationen, Juckreiz, Brennen und Empfindlichkeit bei Windpocken zu lindern\" \/>\n<meta name=\"robots\" content=\"noindex, follow, max-snippet:-1, max-image-preview:large, max-video-preview:-1\" \/>\n<meta property=\"og:locale\" content=\"de_DE\" \/>\n<meta property=\"og:type\" content=\"article\" \/>\n<meta property=\"og:title\" content=\"PoxClin CoolMousse - PoxClin\" \/>\n<meta property=\"og:description\" content=\"PoxClin\u00ae CoolMousse wurde entwickelt, um Hautirritationen, Juckreiz, Brennen und Empfindlichkeit bei Windpocken zu lindern\" \/>\n<meta property=\"og:url\" content=\"https:\/\/stage.poxclin.com\/ch\/de\/produkt\/poxclin-coolmousse\/\" \/>\n<meta property=\"og:site_name\" content=\"PoxClin\" \/>\n<meta property=\"article:modified_time\" content=\"2023-10-11T10:44:05+00:00\" \/>\n<meta property=\"og:image\" content=\"https:\/\/stage.poxclin.com\/app\/uploads\/sites\/5\/2022\/09\/PoxClin_Coolmousse-1.webp\" \/>\n\t<meta property=\"og:image:width\" content=\"500\" \/>\n\t<meta property=\"og:image:height\" content=\"500\" \/>\n\t<meta property=\"og:image:type\" content=\"image\/webp\" \/>\n<meta name=\"twitter:card\" content=\"summary_large_image\" \/>\n<meta name=\"twitter:label1\" content=\"Gesch\u00e4tzte Lesezeit\" \/>\n\t<meta name=\"twitter:data1\" content=\"3 Minuten\" \/>\n<script type=\"application\/ld+json\" class=\"yoast-schema-graph\">{\"@context\":\"https:\/\/schema.org\",\"@graph\":[{\"@type\":\"WebPage\",\"@id\":\"https:\/\/stage.poxclin.com\/ch\/de\/produkt\/poxclin-coolmousse\/\",\"url\":\"https:\/\/stage.poxclin.com\/ch\/de\/produkt\/poxclin-coolmousse\/\",\"name\":\"PoxClin CoolMousse - PoxClin\",\"isPartOf\":{\"@id\":\"https:\/\/stage.poxclin.com\/ch\/de\/#website\"},\"primaryImageOfPage\":{\"@id\":\"https:\/\/stage.poxclin.com\/ch\/de\/produkt\/poxclin-coolmousse\/#primaryimage\"},\"image\":{\"@id\":\"https:\/\/stage.poxclin.com\/ch\/de\/produkt\/poxclin-coolmousse\/#primaryimage\"},\"thumbnailUrl\":\"https:\/\/stage.poxclin.com\/app\/uploads\/sites\/5\/2022\/09\/PoxClin_Coolmousse-1.webp\",\"datePublished\":\"2022-09-06T06:28:25+00:00\",\"dateModified\":\"2023-10-11T10:44:05+00:00\",\"description\":\"PoxClin\u00ae CoolMousse wurde entwickelt, um Hautirritationen, Juckreiz, Brennen und Empfindlichkeit bei Windpocken zu lindern\",\"breadcrumb\":{\"@id\":\"https:\/\/stage.poxclin.com\/ch\/de\/produkt\/poxclin-coolmousse\/#breadcrumb\"},\"inLanguage\":\"de-CH\",\"potentialAction\":[{\"@type\":\"ReadAction\",\"target\":[\"https:\/\/stage.poxclin.com\/ch\/de\/produkt\/poxclin-coolmousse\/\"]}]},{\"@type\":\"ImageObject\",\"inLanguage\":\"de-CH\",\"@id\":\"https:\/\/stage.poxclin.com\/ch\/de\/produkt\/poxclin-coolmousse\/#primaryimage\",\"url\":\"https:\/\/stage.poxclin.com\/app\/uploads\/sites\/5\/2022\/09\/PoxClin_Coolmousse-1.webp\",\"contentUrl\":\"https:\/\/stage.poxclin.com\/app\/uploads\/sites\/5\/2022\/09\/PoxClin_Coolmousse-1.webp\",\"width\":500,\"height\":500,\"caption\":\"PoxClin Coolmousse\"},{\"@type\":\"BreadcrumbList\",\"@id\":\"https:\/\/stage.poxclin.com\/ch\/de\/produkt\/poxclin-coolmousse\/#breadcrumb\",\"itemListElement\":[{\"@type\":\"ListItem\",\"position\":1,\"name\":\"Produkte\",\"item\":\"https:\/\/stage.poxclin.com\/ch\/de\/produkte\/\"},{\"@type\":\"ListItem\",\"position\":2,\"name\":\"PoxClin CoolMousse\"}]},{\"@type\":\"WebSite\",\"@id\":\"https:\/\/stage.poxclin.com\/ch\/de\/#website\",\"url\":\"https:\/\/stage.poxclin.com\/ch\/de\/\",\"name\":\"PoxClin\",\"description\":\"Just another PoxClin Sites site\",\"publisher\":{\"@id\":\"https:\/\/stage.poxclin.com\/ch\/de\/#organization\"},\"potentialAction\":[{\"@type\":\"SearchAction\",\"target\":{\"@type\":\"EntryPoint\",\"urlTemplate\":\"https:\/\/stage.poxclin.com\/ch\/de\/?s={search_term_string}\"},\"query-input\":{\"@type\":\"PropertyValueSpecification\",\"valueRequired\":true,\"valueName\":\"search_term_string\"}}],\"inLanguage\":\"de-CH\"},{\"@type\":\"Organization\",\"@id\":\"https:\/\/stage.poxclin.com\/ch\/de\/#organization\",\"name\":\"PoxClin\",\"url\":\"https:\/\/stage.poxclin.com\/ch\/de\/\",\"logo\":{\"@type\":\"ImageObject\",\"inLanguage\":\"de-CH\",\"@id\":\"https:\/\/stage.poxclin.com\/ch\/de\/#\/schema\/logo\/image\/\",\"url\":\"https:\/\/stage.poxclin.com\/app\/uploads\/sites\/5\/2022\/08\/PoxClin-logo.png\",\"contentUrl\":\"https:\/\/stage.poxclin.com\/app\/uploads\/sites\/5\/2022\/08\/PoxClin-logo.png\",\"width\":88,\"height\":24,\"caption\":\"PoxClin\"},\"image\":{\"@id\":\"https:\/\/stage.poxclin.com\/ch\/de\/#\/schema\/logo\/image\/\"}}]}<\/script>\n<!-- \/ Yoast SEO plugin. -->","yoast_head_json":{"title":"PoxClin CoolMousse - PoxClin","description":"PoxClin\u00ae CoolMousse wurde entwickelt, um Hautirritationen, Juckreiz, Brennen und Empfindlichkeit bei Windpocken zu lindern","robots":{"index":"noindex","follow":"follow","max-snippet":"max-snippet:-1","max-image-preview":"max-image-preview:large","max-video-preview":"max-video-preview:-1"},"og_locale":"de_DE","og_type":"article","og_title":"PoxClin CoolMousse - PoxClin","og_description":"PoxClin\u00ae CoolMousse wurde entwickelt, um Hautirritationen, Juckreiz, Brennen und Empfindlichkeit bei Windpocken zu lindern","og_url":"https:\/\/stage.poxclin.com\/ch\/de\/produkt\/poxclin-coolmousse\/","og_site_name":"PoxClin","article_modified_time":"2023-10-11T10:44:05+00:00","og_image":[{"width":500,"height":500,"url":"https:\/\/stage.poxclin.com\/app\/uploads\/sites\/5\/2022\/09\/PoxClin_Coolmousse-1.webp","type":"image\/webp"}],"twitter_card":"summary_large_image","twitter_misc":{"Gesch\u00e4tzte Lesezeit":"3 Minuten"},"schema":{"@context":"https:\/\/schema.org","@graph":[{"@type":"WebPage","@id":"https:\/\/stage.poxclin.com\/ch\/de\/produkt\/poxclin-coolmousse\/","url":"https:\/\/stage.poxclin.com\/ch\/de\/produkt\/poxclin-coolmousse\/","name":"PoxClin CoolMousse - PoxClin","isPartOf":{"@id":"https:\/\/stage.poxclin.com\/ch\/de\/#website"},"primaryImageOfPage":{"@id":"https:\/\/stage.poxclin.com\/ch\/de\/produkt\/poxclin-coolmousse\/#primaryimage"},"image":{"@id":"https:\/\/stage.poxclin.com\/ch\/de\/produkt\/poxclin-coolmousse\/#primaryimage"},"thumbnailUrl":"https:\/\/stage.poxclin.com\/app\/uploads\/sites\/5\/2022\/09\/PoxClin_Coolmousse-1.webp","datePublished":"2022-09-06T06:28:25+00:00","dateModified":"2023-10-11T10:44:05+00:00","description":"PoxClin\u00ae CoolMousse wurde entwickelt, um Hautirritationen, Juckreiz, Brennen und Empfindlichkeit bei Windpocken zu lindern","breadcrumb":{"@id":"https:\/\/stage.poxclin.com\/ch\/de\/produkt\/poxclin-coolmousse\/#breadcrumb"},"inLanguage":"de-CH","potentialAction":[{"@type":"ReadAction","target":["https:\/\/stage.poxclin.com\/ch\/de\/produkt\/poxclin-coolmousse\/"]}]},{"@type":"ImageObject","inLanguage":"de-CH","@id":"https:\/\/stage.poxclin.com\/ch\/de\/produkt\/poxclin-coolmousse\/#primaryimage","url":"https:\/\/stage.poxclin.com\/app\/uploads\/sites\/5\/2022\/09\/PoxClin_Coolmousse-1.webp","contentUrl":"https:\/\/stage.poxclin.com\/app\/uploads\/sites\/5\/2022\/09\/PoxClin_Coolmousse-1.webp","width":500,"height":500,"caption":"PoxClin Coolmousse"},{"@type":"BreadcrumbList","@id":"https:\/\/stage.poxclin.com\/ch\/de\/produkt\/poxclin-coolmousse\/#breadcrumb","itemListElement":[{"@type":"ListItem","position":1,"name":"Produkte","item":"https:\/\/stage.poxclin.com\/ch\/de\/produkte\/"},{"@type":"ListItem","position":2,"name":"PoxClin CoolMousse"}]},{"@type":"WebSite","@id":"https:\/\/stage.poxclin.com\/ch\/de\/#website","url":"https:\/\/stage.poxclin.com\/ch\/de\/","name":"PoxClin","description":"Just another PoxClin Sites site","publisher":{"@id":"https:\/\/stage.poxclin.com\/ch\/de\/#organization"},"potentialAction":[{"@type":"SearchAction","target":{"@type":"EntryPoint","urlTemplate":"https:\/\/stage.poxclin.com\/ch\/de\/?s={search_term_string}"},"query-input":{"@type":"PropertyValueSpecification","valueRequired":true,"valueName":"search_term_string"}}],"inLanguage":"de-CH"},{"@type":"Organization","@id":"https:\/\/stage.poxclin.com\/ch\/de\/#organization","name":"PoxClin","url":"https:\/\/stage.poxclin.com\/ch\/de\/","logo":{"@type":"ImageObject","inLanguage":"de-CH","@id":"https:\/\/stage.poxclin.com\/ch\/de\/#\/schema\/logo\/image\/","url":"https:\/\/stage.poxclin.com\/app\/uploads\/sites\/5\/2022\/08\/PoxClin-logo.png","contentUrl":"https:\/\/stage.poxclin.com\/app\/uploads\/sites\/5\/2022\/08\/PoxClin-logo.png","width":88,"height":24,"caption":"PoxClin"},"image":{"@id":"https:\/\/stage.poxclin.com\/ch\/de\/#\/schema\/logo\/image\/"}}]}},"_links":{"self":[{"href":"https:\/\/stage.poxclin.com\/ch\/de\/wp-json\/wp\/v2\/product\/187","targetHints":{"allow":["GET"]}}],"collection":[{"href":"https:\/\/stage.poxclin.com\/ch\/de\/wp-json\/wp\/v2\/product"}],"about":[{"href":"https:\/\/stage.poxclin.com\/ch\/de\/wp-json\/wp\/v2\/types\/product"}],"replies":[{"embeddable":true,"href":"https:\/\/stage.poxclin.com\/ch\/de\/wp-json\/wp\/v2\/comments?post=187"}],"version-history":[{"count":10,"href":"https:\/\/stage.poxclin.com\/ch\/de\/wp-json\/wp\/v2\/product\/187\/revisions"}],"predecessor-version":[{"id":565,"href":"https:\/\/stage.poxclin.com\/ch\/de\/wp-json\/wp\/v2\/product\/187\/revisions\/565"}],"wp:featuredmedia":[{"embeddable":true,"href":"https:\/\/stage.poxclin.com\/ch\/de\/wp-json\/wp\/v2\/media\/183"}],"wp:attachment":[{"href":"https:\/\/stage.poxclin.com\/ch\/de\/wp-json\/wp\/v2\/media?parent=187"}],"wp:term":[{"taxonomy":"product_brand","embeddable":true,"href":"https:\/\/stage.poxclin.com\/ch\/de\/wp-json\/wp\/v2\/product_brand?post=187"},{"taxonomy":"product_cat","embeddable":true,"href":"https:\/\/stage.poxclin.com\/ch\/de\/wp-json\/wp\/v2\/product_cat?post=187"},{"taxonomy":"product_tag","embeddable":true,"href":"https:\/\/stage.poxclin.com\/ch\/de\/wp-json\/wp\/v2\/product_tag?post=187"}],"curies":[{"name":"wp","href":"https:\/\/api.w.org\/{rel}","templated":true}]}}