{"id":293,"date":"2022-09-05T14:54:57","date_gmt":"2022-09-05T12:54:57","guid":{"rendered":"https:\/\/stage.poxclin.com\/ch\/uber-poxclin\/"},"modified":"2023-06-20T07:30:36","modified_gmt":"2023-06-20T05:30:36","slug":"a-propos-de-poxclin","status":"publish","type":"page","link":"https:\/\/stage.poxclin.com\/ch\/fr\/a-propos-de-poxclin\/","title":{"rendered":"\u00c0 propos de PoxClin"},"content":{"rendered":"\n<div class=\"wp-block-karopharma-free-text pt-large pb-large bg-center bg-cover bg-no-repeat\" style=\"background-image:url(https:\/\/stage.poxclin.com\/cdn-cgi\/image\/format=auto\/app\/uploads\/sites\/5\/2022\/09\/bg-red-3.png)\"><div class=\"free-text-wrapper container max-w-medium text-left\">\n<h1 class=\"has-text-align-center is-style-heading-huge wp-block-heading\"><mark style=\"background-color:rgba(0, 0, 0, 0)\" class=\"has-inline-color has-white-color\">\u00c0 propos de PoxClin<\/mark><\/h1>\n<\/div><\/div>\n\n\n\n<div class=\"wp-block-karopharma-free-text pt-large pb-large bg-center bg-cover bg-no-repeat  is-style-secondary\" style=\"background-image:url()\"><div class=\"free-text-wrapper container max-w-medium text-left\">\n<h2 class=\"wp-block-heading\">PoxClin CoolMousse &#8211; Soulage les d\u00e9mangeaisons et pr\u00e9vient les cicatrices!<\/h2>\n\n\n\n<p class=\"is-style-paragraph-preamble\">PoxClin CoolMousse a \u00e9t\u00e9 d\u00e9velopp\u00e9 dans le but de soulager les irritations cutan\u00e9es, les d\u00e9mangeaisons, les br\u00fblures et la sensibilit\u00e9 associ\u00e9es \u00e0 la varicelle.<\/p>\n\n\n\n<ul class=\"is-style-default wp-block-list\"><li>Soulagement instantan\u00e9 des d\u00e9mangeaisons<\/li><li>Rafra\u00eechissant et apaisant<\/li><li>Contient des ingr\u00e9dients naturels<\/li><\/ul>\n<\/div><\/div>\n\n\n<div class=\"product-list wp-block-karopharma-product-list is-style-primary\" data-testid=\"product-list\">\n      <div class=\"swiper-container\">\n      <div class=\"swiper\">\n        <div class=\"swiper-wrapper\">\n                      <div class=\"swiper-slide\">\n              <div class=\"product-card\" data-testid=\"product-card\">\n  <a\n    href=https:\/\/stage.poxclin.com\/ch\/fr\/produit\/poxclin-coolmousse\/\n    class=\"product-card-link\"\n    title=\"PoxClin CoolMousse\"\n  >\n  <figure class=\"product-card-image\" data-testid=\"product-image\">\n                          <img decoding=\"async\" src=\"https:\/\/stage.poxclin.com\/cdn-cgi\/image\/width=700,format=auto\/app\/uploads\/sites\/5\/2022\/09\/PoxClin_Coolmousse-1.webp\"\n        srcset=\"https:\/\/stage.poxclin.com\/cdn-cgi\/image\/width=250,format=auto\/app\/uploads\/sites\/5\/2022\/09\/PoxClin_Coolmousse-1.webp 250w,\n                https:\/\/stage.poxclin.com\/cdn-cgi\/image\/width=500,format=auto\/app\/uploads\/sites\/5\/2022\/09\/PoxClin_Coolmousse-1.webp 500w,\n                https:\/\/stage.poxclin.com\/cdn-cgi\/image\/width=700,format=auto\/app\/uploads\/sites\/5\/2022\/09\/PoxClin_Coolmousse-1.webp 700w\"\n        sizes=\"(max-width: 400px) 250px, (max-width: 800px) 500px, 700px\"\n        alt=\"PoxClin Coolmousse\"\n        class=\"img\">\n            <\/figure>\n    <div class=\"product-card-content\">\n      <div class=\"heading-wrapper\">\n        <h2 class=\"heading\">PoxClin CoolMousse<\/h2>\n      <\/div>\n      <div class=\"product-card-description\"><\/div>\n                      <\/div>\n  <\/a>\n          <div class=\"button-wrapper buy-now \" data-testid=\"buy-now\">\n      <div class=\"buy-now-container dropdown-container\">\n      <div class=\"theme-button button-primary-color dropdown-link\" aria-label=\"Acheter maintenant\">\n          Acheter maintenant <i class=\"dropdown\"><\/i>\n      <\/div>\n      <ul class=\"reseller-list submenu\">\n                    <li>\n              <a\n                href=\"https:\/\/www.adlershop.ch\/p\/47004\/poxclin-coolmousse-100ml\" onclick=\"dataLayer.push({'event':'ga_event', 'eventCategory':'Click on Reseller', 'eventAction':'Adler Apotheke', 'eventLabel':'PoxClin CoolMousse', 'eventValue': undefined})\" rel=\"noopener\" target=\"_blank\" title=\"Adler Apotheke\"\n                data-testid=\"buy-now-reseller\">\n                <i class=\"fa-solid fa-arrow-right\"><\/i> Adler Apotheke\n              <\/a>\n          <\/li>\n                    <li>\n              <a\n                href=\"https:\/\/www.amavita.ch\/fr\/poxclin-coolmousse-fl-100-ml.html\" onclick=\"dataLayer.push({'event':'ga_event', 'eventCategory':'Click on Reseller', 'eventAction':'Amavita', 'eventLabel':'PoxClin CoolMousse', 'eventValue': undefined})\" rel=\"noopener\" target=\"_blank\" title=\"Amavita\"\n                data-testid=\"buy-now-reseller\">\n                <i class=\"fa-solid fa-arrow-right\"><\/i> Amavita\n              <\/a>\n          <\/li>\n                    <li>\n              <a\n                href=\"https:\/\/www.apothekedrogerie.ch\/poxclin-coolmousse-fl-100-ml.html\" onclick=\"dataLayer.push({'event':'ga_event', 'eventCategory':'Click on Reseller', 'eventAction':'Apotheke Drogerie', 'eventLabel':'PoxClin CoolMousse', 'eventValue': undefined})\" rel=\"noopener\" target=\"_blank\" title=\"Apotheke Drogerie\"\n                data-testid=\"buy-now-reseller\">\n                <i class=\"fa-solid fa-arrow-right\"><\/i> Apotheke Drogerie\n              <\/a>\n          <\/li>\n                    <li>\n              <a\n                href=\"https:\/\/www.coopvitality.ch\/fr\/poxclin-coolmousse-fl-100-ml.html\" onclick=\"dataLayer.push({'event':'ga_event', 'eventCategory':'Click on Reseller', 'eventAction':'Coop Vitality', 'eventLabel':'PoxClin CoolMousse', 'eventValue': undefined})\" rel=\"noopener\" target=\"_blank\" title=\"Coop Vitality\"\n                data-testid=\"buy-now-reseller\">\n                <i class=\"fa-solid fa-arrow-right\"><\/i> Coop Vitality\n              <\/a>\n          <\/li>\n                    <li>\n              <a\n                href=\"https:\/\/www.nurnatur.ch\/poxclin-coolmousse-100-ml\" onclick=\"dataLayer.push({'event':'ga_event', 'eventCategory':'Click on Reseller', 'eventAction':'Drogerie W\u00fcrzenbach', 'eventLabel':'PoxClin CoolMousse', 'eventValue': undefined})\" rel=\"noopener\" target=\"_blank\" title=\"Drogerie W\u00fcrzenbach\"\n                data-testid=\"buy-now-reseller\">\n                <i class=\"fa-solid fa-arrow-right\"><\/i> Drogerie W\u00fcrzenbach\n              <\/a>\n          <\/li>\n                    <li>\n              <a\n                href=\"https:\/\/www.drogi.ch\/poxclin-coolmousse-bei-windpocken-spitze-blattern-schaumspray-100ml.html\" onclick=\"dataLayer.push({'event':'ga_event', 'eventCategory':'Click on Reseller', 'eventAction':'Drogi', 'eventLabel':'PoxClin CoolMousse', 'eventValue': undefined})\" rel=\"noopener\" target=\"_blank\" title=\"Drogi\"\n                data-testid=\"buy-now-reseller\">\n                <i class=\"fa-solid fa-arrow-right\"><\/i> Drogi\n              <\/a>\n          <\/li>\n                    <li>\n              <a\n                href=\"https:\/\/kanela.ch\/fr\/poxclin-mousse-fraiche-100ml\" onclick=\"dataLayer.push({'event':'ga_event', 'eventCategory':'Click on Reseller', 'eventAction':'Kanela', 'eventLabel':'PoxClin CoolMousse', 'eventValue': undefined})\" rel=\"noopener\" target=\"_blank\" title=\"Kanela\"\n                data-testid=\"buy-now-reseller\">\n                <i class=\"fa-solid fa-arrow-right\"><\/i> Kanela\n              <\/a>\n          <\/li>\n                    <li>\n              <a\n                href=\"https:\/\/www.puravita.ch\/fr_ch\/poxclin-coolmousse-100-ml\" onclick=\"dataLayer.push({'event':'ga_event', 'eventCategory':'Click on Reseller', 'eventAction':'Puravita', 'eventLabel':'PoxClin CoolMousse', 'eventValue': undefined})\" rel=\"noopener\" target=\"_blank\" title=\"Puravita\"\n                data-testid=\"buy-now-reseller\">\n                <i class=\"fa-solid fa-arrow-right\"><\/i> Puravita\n              <\/a>\n          <\/li>\n                    <li>\n              <a\n                href=\"https:\/\/www.sunstore.ch\/fr\/poxclin-coolmousse-fl-100-ml.html\" onclick=\"dataLayer.push({'event':'ga_event', 'eventCategory':'Click on Reseller', 'eventAction':'Sunstore', 'eventLabel':'PoxClin CoolMousse', 'eventValue': undefined})\" rel=\"noopener\" target=\"_blank\" title=\"Sunstore\"\n                data-testid=\"buy-now-reseller\">\n                <i class=\"fa-solid fa-arrow-right\"><\/i> Sunstore\n              <\/a>\n          <\/li>\n                    <li>\n              <a\n                href=\"https:\/\/www.swidroshop.ch\/poxclin-coolmousse-fl-100-ml.html\" onclick=\"dataLayer.push({'event':'ga_event', 'eventCategory':'Click on Reseller', 'eventAction':'Swidro', 'eventLabel':'PoxClin CoolMousse', 'eventValue': undefined})\" rel=\"noopener\" target=\"_blank\" title=\"Swidro\"\n                data-testid=\"buy-now-reseller\">\n                <i class=\"fa-solid fa-arrow-right\"><\/i> Swidro\n              <\/a>\n          <\/li>\n                    <li>\n              <a\n                href=\"https:\/\/vitadrogerie.ch\/artikel.cfm?rubrik=0&amp;kategorie=0&amp;seite=173&amp;artikel=255966&amp;searchedstring=poxclin&amp;showfrom=1\" onclick=\"dataLayer.push({'event':'ga_event', 'eventCategory':'Click on Reseller', 'eventAction':'Vita Drogerie', 'eventLabel':'PoxClin CoolMousse', 'eventValue': undefined})\" rel=\"noopener\" target=\"_blank\" title=\"Vita Drogerie\"\n                data-testid=\"buy-now-reseller\">\n                <i class=\"fa-solid fa-arrow-right\"><\/i> Vita Drogerie\n              <\/a>\n          <\/li>\n                    <li>\n              <a\n                href=\"https:\/\/www.vitaminplus.ch\/marken\/poxclin\/3780\/poxclin-coolmousse-100-ml\" onclick=\"dataLayer.push({'event':'ga_event', 'eventCategory':'Click on Reseller', 'eventAction':'Vitaminplus', 'eventLabel':'PoxClin CoolMousse', 'eventValue': undefined})\" rel=\"noopener\" target=\"_blank\" title=\"Vitaminplus\"\n                data-testid=\"buy-now-reseller\">\n                <i class=\"fa-solid fa-arrow-right\"><\/i> Vitaminplus\n              <\/a>\n          <\/li>\n                    <li>\n              <a\n                href=\"https:\/\/www.vitaserv.ch\/pi\/GESUNDHEIT\/Medikamente-fuer-Ihre-Gesundheit\/27119\/Hautprobleme\/POXCLIN-Mousse-100.html?von_suchresultat=true\" onclick=\"dataLayer.push({'event':'ga_event', 'eventCategory':'Click on Reseller', 'eventAction':'Vitaserv', 'eventLabel':'PoxClin CoolMousse', 'eventValue': undefined})\" rel=\"noopener\" target=\"_blank\" title=\"Vitaserv\"\n                data-testid=\"buy-now-reseller\">\n                <i class=\"fa-solid fa-arrow-right\"><\/i> Vitaserv\n              <\/a>\n          <\/li>\n                <\/ul>\n    <\/div>\n  <\/div>\n  <\/div>\n            <\/div>\n                  <\/div>\n        <div class=\"swiper-scrollbar\"><\/div>\n      <\/div>\n    <\/div>\n  <\/div>\n","protected":false},"excerpt":{"rendered":"","protected":false},"author":3,"featured_media":0,"parent":0,"menu_order":0,"comment_status":"closed","ping_status":"closed","template":"","meta":{"_acf_changed":false,"footnotes":""},"from-article-database":[],"class_list":["post-293","page","type-page","status-publish","hentry"],"acf":[],"yoast_head":"<!-- This site is optimized with the Yoast SEO plugin v26.6 - https:\/\/yoast.com\/wordpress\/plugins\/seo\/ -->\n<title>\u00c0 propos de PoxClin - PoxClin<\/title>\n<meta name=\"description\" content=\"PoxClin CoolMousse -Soulage les d\u00e9mangeaisons et pr\u00e9vient les cicatrices!\" \/>\n<meta name=\"robots\" content=\"noindex, follow, max-snippet:-1, max-image-preview:large, max-video-preview:-1\" \/>\n<meta property=\"og:locale\" content=\"fr_FR\" \/>\n<meta property=\"og:type\" content=\"article\" \/>\n<meta property=\"og:title\" content=\"\u00c0 propos de PoxClin - PoxClin\" \/>\n<meta property=\"og:description\" content=\"PoxClin CoolMousse -Soulage les d\u00e9mangeaisons et pr\u00e9vient les cicatrices!\" \/>\n<meta property=\"og:url\" content=\"https:\/\/stage.poxclin.com\/ch\/fr\/a-propos-de-poxclin\/\" \/>\n<meta property=\"og:site_name\" content=\"PoxClin\" \/>\n<meta property=\"article:modified_time\" content=\"2023-06-20T05:30:36+00:00\" \/>\n<meta name=\"twitter:card\" content=\"summary_large_image\" \/>\n<meta name=\"twitter:label1\" content=\"Est. reading time\" \/>\n\t<meta name=\"twitter:data1\" content=\"1 minute\" \/>\n<script type=\"application\/ld+json\" class=\"yoast-schema-graph\">{\"@context\":\"https:\/\/schema.org\",\"@graph\":[{\"@type\":\"WebPage\",\"@id\":\"https:\/\/stage.poxclin.com\/ch\/fr\/a-propos-de-poxclin\/\",\"url\":\"https:\/\/stage.poxclin.com\/ch\/fr\/a-propos-de-poxclin\/\",\"name\":\"\u00c0 propos de PoxClin - PoxClin\",\"isPartOf\":{\"@id\":\"https:\/\/stage.poxclin.com\/ch\/fr\/#website\"},\"datePublished\":\"2022-09-05T12:54:57+00:00\",\"dateModified\":\"2023-06-20T05:30:36+00:00\",\"description\":\"PoxClin CoolMousse -Soulage les d\u00e9mangeaisons et pr\u00e9vient les cicatrices!\",\"inLanguage\":\"fr-CH\",\"potentialAction\":[{\"@type\":\"ReadAction\",\"target\":[\"https:\/\/stage.poxclin.com\/ch\/fr\/a-propos-de-poxclin\/\"]}]},{\"@type\":\"WebSite\",\"@id\":\"https:\/\/stage.poxclin.com\/ch\/fr\/#website\",\"url\":\"https:\/\/stage.poxclin.com\/ch\/fr\/\",\"name\":\"PoxClin\",\"description\":\"Just another PoxClin Sites site\",\"publisher\":{\"@id\":\"https:\/\/stage.poxclin.com\/ch\/fr\/#organization\"},\"potentialAction\":[{\"@type\":\"SearchAction\",\"target\":{\"@type\":\"EntryPoint\",\"urlTemplate\":\"https:\/\/stage.poxclin.com\/ch\/fr\/?s={search_term_string}\"},\"query-input\":{\"@type\":\"PropertyValueSpecification\",\"valueRequired\":true,\"valueName\":\"search_term_string\"}}],\"inLanguage\":\"fr-CH\"},{\"@type\":\"Organization\",\"@id\":\"https:\/\/stage.poxclin.com\/ch\/fr\/#organization\",\"name\":\"PoxClin\",\"url\":\"https:\/\/stage.poxclin.com\/ch\/fr\/\",\"logo\":{\"@type\":\"ImageObject\",\"inLanguage\":\"fr-CH\",\"@id\":\"https:\/\/stage.poxclin.com\/ch\/fr\/#\/schema\/logo\/image\/\",\"url\":\"https:\/\/stage.poxclin.com\/app\/uploads\/sites\/5\/2022\/08\/PoxClin-logo.png\",\"contentUrl\":\"https:\/\/stage.poxclin.com\/app\/uploads\/sites\/5\/2022\/08\/PoxClin-logo.png\",\"width\":88,\"height\":24,\"caption\":\"PoxClin\"},\"image\":{\"@id\":\"https:\/\/stage.poxclin.com\/ch\/fr\/#\/schema\/logo\/image\/\"}}]}<\/script>\n<!-- \/ Yoast SEO plugin. -->","yoast_head_json":{"title":"\u00c0 propos de PoxClin - PoxClin","description":"PoxClin CoolMousse -Soulage les d\u00e9mangeaisons et pr\u00e9vient les cicatrices!","robots":{"index":"noindex","follow":"follow","max-snippet":"max-snippet:-1","max-image-preview":"max-image-preview:large","max-video-preview":"max-video-preview:-1"},"og_locale":"fr_FR","og_type":"article","og_title":"\u00c0 propos de PoxClin - PoxClin","og_description":"PoxClin CoolMousse -Soulage les d\u00e9mangeaisons et pr\u00e9vient les cicatrices!","og_url":"https:\/\/stage.poxclin.com\/ch\/fr\/a-propos-de-poxclin\/","og_site_name":"PoxClin","article_modified_time":"2023-06-20T05:30:36+00:00","twitter_card":"summary_large_image","twitter_misc":{"Est. reading time":"1 minute"},"schema":{"@context":"https:\/\/schema.org","@graph":[{"@type":"WebPage","@id":"https:\/\/stage.poxclin.com\/ch\/fr\/a-propos-de-poxclin\/","url":"https:\/\/stage.poxclin.com\/ch\/fr\/a-propos-de-poxclin\/","name":"\u00c0 propos de PoxClin - PoxClin","isPartOf":{"@id":"https:\/\/stage.poxclin.com\/ch\/fr\/#website"},"datePublished":"2022-09-05T12:54:57+00:00","dateModified":"2023-06-20T05:30:36+00:00","description":"PoxClin CoolMousse -Soulage les d\u00e9mangeaisons et pr\u00e9vient les cicatrices!","inLanguage":"fr-CH","potentialAction":[{"@type":"ReadAction","target":["https:\/\/stage.poxclin.com\/ch\/fr\/a-propos-de-poxclin\/"]}]},{"@type":"WebSite","@id":"https:\/\/stage.poxclin.com\/ch\/fr\/#website","url":"https:\/\/stage.poxclin.com\/ch\/fr\/","name":"PoxClin","description":"Just another PoxClin Sites site","publisher":{"@id":"https:\/\/stage.poxclin.com\/ch\/fr\/#organization"},"potentialAction":[{"@type":"SearchAction","target":{"@type":"EntryPoint","urlTemplate":"https:\/\/stage.poxclin.com\/ch\/fr\/?s={search_term_string}"},"query-input":{"@type":"PropertyValueSpecification","valueRequired":true,"valueName":"search_term_string"}}],"inLanguage":"fr-CH"},{"@type":"Organization","@id":"https:\/\/stage.poxclin.com\/ch\/fr\/#organization","name":"PoxClin","url":"https:\/\/stage.poxclin.com\/ch\/fr\/","logo":{"@type":"ImageObject","inLanguage":"fr-CH","@id":"https:\/\/stage.poxclin.com\/ch\/fr\/#\/schema\/logo\/image\/","url":"https:\/\/stage.poxclin.com\/app\/uploads\/sites\/5\/2022\/08\/PoxClin-logo.png","contentUrl":"https:\/\/stage.poxclin.com\/app\/uploads\/sites\/5\/2022\/08\/PoxClin-logo.png","width":88,"height":24,"caption":"PoxClin"},"image":{"@id":"https:\/\/stage.poxclin.com\/ch\/fr\/#\/schema\/logo\/image\/"}}]}},"_links":{"self":[{"href":"https:\/\/stage.poxclin.com\/ch\/fr\/wp-json\/wp\/v2\/pages\/293","targetHints":{"allow":["GET"]}}],"collection":[{"href":"https:\/\/stage.poxclin.com\/ch\/fr\/wp-json\/wp\/v2\/pages"}],"about":[{"href":"https:\/\/stage.poxclin.com\/ch\/fr\/wp-json\/wp\/v2\/types\/page"}],"author":[{"embeddable":true,"href":"https:\/\/stage.poxclin.com\/ch\/fr\/wp-json\/wp\/v2\/users\/3"}],"replies":[{"embeddable":true,"href":"https:\/\/stage.poxclin.com\/ch\/fr\/wp-json\/wp\/v2\/comments?post=293"}],"version-history":[{"count":8,"href":"https:\/\/stage.poxclin.com\/ch\/fr\/wp-json\/wp\/v2\/pages\/293\/revisions"}],"predecessor-version":[{"id":517,"href":"https:\/\/stage.poxclin.com\/ch\/fr\/wp-json\/wp\/v2\/pages\/293\/revisions\/517"}],"wp:attachment":[{"href":"https:\/\/stage.poxclin.com\/ch\/fr\/wp-json\/wp\/v2\/media?parent=293"}],"wp:term":[{"taxonomy":"from-article-database","embeddable":true,"href":"https:\/\/stage.poxclin.com\/ch\/fr\/wp-json\/wp\/v2\/from-article-database?post=293"}],"curies":[{"name":"wp","href":"https:\/\/api.w.org\/{rel}","templated":true}]}}