{"id":264,"date":"2022-09-06T08:28:25","date_gmt":"2022-09-06T06:28:25","guid":{"rendered":"https:\/\/stage.poxclin.com\/ch\/produkt\/poxclin-coolmousse\/"},"modified":"2023-10-11T12:44:46","modified_gmt":"2023-10-11T10:44:46","slug":"poxclin-coolmousse","status":"publish","type":"product","link":"https:\/\/stage.poxclin.com\/ch\/fr\/produit\/poxclin-coolmousse\/","title":{"rendered":"PoxClin CoolMousse"},"content":{"rendered":"\n<div class=\"wp-block-karopharma-accordions is-style-secondary\"><div class=\"container\">\n<details class=\"wp-block-karopharma-accordion\"><summary><h2 class=\"accordion-title\">Mode d&#8217;emploi<\/h2><\/summary><div class=\"accordion-content\">\n<div class=\"wp-block-karopharma-several-images-with-text several-images-with-text\"><div class=\"container large col-1 content-align-none\" test-data=\"inner-content\">\n<section class=\"wp-block-karopharma-image-with-text image-with-text image-with-text__full-width\"><div class=\"image-with-text-container \"><div class=\"image-with-text-container-image-container\"><img decoding=\"async\" loading=\"lazy\" src=\"https:\/\/stage.poxclin.com\/cdn-cgi\/image\/format=auto\/app\/uploads\/sites\/5\/2022\/09\/chickenpox_howtouse_1.png\" alt=\"chickenpox_howtouse_1\"\/><\/div><div class=\"image-with-text-container-content\" style=\"text-align:left\" data-test=\"content\"><div class=\"content\"><p class=\"body\" data-test=\"body\">Agitez le flacon 1 \u00e0 2 fois<\/p>\n<div class=\"wp-block-buttons is-layout-flex wp-block-buttons-is-layout-flex\"><\/div>\n<\/div><\/div><\/div><\/section>\n\n\n\n<section class=\"wp-block-karopharma-image-with-text image-with-text image-with-text__full-width\"><div class=\"image-with-text-container \"><div class=\"image-with-text-container-image-container\"><img decoding=\"async\" loading=\"lazy\" src=\"https:\/\/stage.poxclin.com\/cdn-cgi\/image\/format=auto\/app\/uploads\/sites\/5\/2022\/09\/chickenpox_howtouse_2-3.webp\" alt=\"chickenpox_howtouse_2\"\/><\/div><div class=\"image-with-text-container-content\" style=\"text-align:left\" data-test=\"content\"><div class=\"content\"><p class=\"body\" data-test=\"body\">Appuyez et recueillez la mousse dans la paume de la main<\/p>\n<div class=\"wp-block-buttons is-layout-flex wp-block-buttons-is-layout-flex\"><\/div>\n<\/div><\/div><\/div><\/section>\n\n\n\n<section class=\"wp-block-karopharma-image-with-text image-with-text image-with-text__full-width\"><div class=\"image-with-text-container \"><div class=\"image-with-text-container-image-container\"><img decoding=\"async\" loading=\"lazy\" src=\"https:\/\/stage.poxclin.com\/cdn-cgi\/image\/format=auto\/app\/uploads\/sites\/5\/2022\/09\/chickenpox_howtouse_3-3.webp\" alt=\"chickenpox_howtouse_3\"\/><\/div><div class=\"image-with-text-container-content\" style=\"text-align:left\" data-test=\"content\"><div class=\"content\"><p class=\"body\" data-test=\"body\">Appliquez PoxClin doucement sur la peau affect\u00e9e &#8211; ne pas frotter<\/p>\n<div class=\"wp-block-buttons is-layout-flex wp-block-buttons-is-layout-flex\"><\/div>\n<\/div><\/div><\/div><\/section>\n<\/div><\/div>\n\n\n\n<div class=\"wp-block-karopharma-several-images-with-text several-images-with-text\"><div class=\"container large col-1 content-align-none\" test-data=\"inner-content\">\n<section class=\"wp-block-karopharma-image-with-text image-with-text image-with-text__full-width\"><div class=\"image-with-text-container \"><div class=\"image-with-text-container-image-container\"><img decoding=\"async\" loading=\"lazy\" src=\"https:\/\/stage.poxclin.com\/cdn-cgi\/image\/format=auto\/app\/uploads\/sites\/5\/2022\/09\/chickenpox_howtouse_5-2.webp\" alt=\"chickenpox_howtouse_5\"\/><\/div><div class=\"image-with-text-container-content\" style=\"text-align:left\" data-test=\"content\"><div class=\"content\"><p class=\"body\" data-test=\"body\">R\u00e9p\u00e9tez 3 fois par jour jusqu&#8217;\u00e0 ce que l&#8217;\u00e9ruption cutan\u00e9e due \u00e0 la varicelle ait disparu<\/p>\n<div class=\"wp-block-buttons is-layout-flex wp-block-buttons-is-layout-flex\"><\/div>\n<\/div><\/div><\/div><\/section>\n\n\n\n<section class=\"wp-block-karopharma-image-with-text image-with-text image-with-text__full-width\"><div class=\"image-with-text-container \"><div class=\"image-with-text-container-image-container\"><img decoding=\"async\" loading=\"lazy\" src=\"https:\/\/stage.poxclin.com\/cdn-cgi\/image\/format=auto\/app\/uploads\/sites\/5\/2022\/09\/chickenpox_cooling-3.webp\" alt=\"chickenpox_cooling\"\/><\/div><div class=\"image-with-text-container-content\" style=\"text-align:left\" data-test=\"content\"><div class=\"content\"><p class=\"body\" data-test=\"body\">Pour un soulagement rafra\u00eechissant, conservez la Mousse PoxClin\u00ae au r\u00e9frig\u00e9rateur.<\/p>\n<div class=\"wp-block-buttons is-layout-flex wp-block-buttons-is-layout-flex\"><\/div>\n<\/div><\/div><\/div><\/section>\n\n\n\n<section class=\"wp-block-karopharma-image-with-text image-with-text image-with-text__full-width\"><div class=\"image-with-text-container \"><div class=\"image-with-text-container-image-container\"><img decoding=\"async\" loading=\"lazy\" src=\"https:\/\/stage.poxclin.com\/cdn-cgi\/image\/format=auto\/app\/uploads\/sites\/5\/2022\/09\/chickenpox_howtouse_4-2.webp\" alt=\"chickenpox_howtouse_4\"\/><\/div><div class=\"image-with-text-container-content\" style=\"text-align:left\" data-test=\"content\"><div class=\"content\"><p class=\"body\" data-test=\"body\">Si la mousse PoxClin\u00ae entre en contact avec les yeux, lavez les yeux abondamment \u00e0 l&#8217;eau<\/p>\n<div class=\"wp-block-buttons is-layout-flex wp-block-buttons-is-layout-flex\"><\/div>\n<\/div><\/div><\/div><\/section>\n<\/div><\/div>\n<\/div><\/details>\n\n\n\n<details class=\"wp-block-karopharma-accordion\"><summary><h2 class=\"accordion-title\">Les faits<\/h2><\/summary><div class=\"accordion-content\">\n<p><strong>Avantages de PoxClin CoolMousse<\/strong><\/p>\n\n\n\n<ul class=\"is-style-default wp-block-list\"><li>Effet rafra\u00eechissant instantan\u00e9 pour un soulagement imm\u00e9diat des sympt\u00f4mes de la varicelle<\/li><li>Peut \u00eatre utilis\u00e9 sur une peau ab\u00eem\u00e9e ou \u00e9gratign\u00e9e.<\/li><\/ul>\n\n\n\n<p><strong>Contenu du distributeur de 100 ml<\/strong><\/p>\n\n\n\n<p>Le distributeur de mousse contient 100 ml de CoolMousse.  Ce produit a un parfum l\u00e9ger et agr\u00e9able gr\u00e2ce \u00e0 l&#8217;extrait de lavande et de camomille. <\/p>\n\n\n\n<p><strong><strong>O\u00f9 conserver votre PoxClin<\/strong><sup>\u00ae<\/sup><strong> CoolMousse<\/strong><\/strong><\/p>\n\n\n\n<p>Conserver dans un endroit frais et sec. Ne pas utiliser apr\u00e8s la date de p\u00e9remption indiqu\u00e9e sur le distributeur et sur l&#8217;emballage en carton. Apr\u00e8s ouverture, utiliser dans les 30 jours.<\/p>\n\n\n\n<p><strong>Avertissements<\/strong><\/p>\n\n\n\n<p>Tenir hors de la port\u00e9e des enfants. Si PoxClin<sup><sup>\u00ae<\/sup><\/sup> CoolMousse entre en contact avec les yeux, lavez-les abondamment \u00e0 l&#8217;eau claire. Si une irritation persiste, demandez conseil \u00e0 votre m\u00e9decin. Ne pas administrer d&#8217;aspirine aux enfants souffrant de varicelle.<\/p>\n<\/div><\/details>\n<\/div><\/div>\n\n\n\n<div class=\"wp-block-karopharma-accordions is-style-transparent\"><div class=\"container\">\n<details class=\"wp-block-karopharma-accordion\"><summary><h2 class=\"accordion-title\">Quelle est la dur\u00e9e de la varicelle?<\/h2><\/summary><div class=\"accordion-content\">\n<p>Apr\u00e8s avoir \u00e9t\u00e9 en contact avec le virus, il faut compter environ 2 semaines jusqu\u2019\u00e0 l\u2019apparition des premiers sympt\u00f4mes. La varicelle d\u00e9bute par une l\u00e9g\u00e8re fi\u00e8vre et se caract\u00e9rise par une \u00e9ruption cutan\u00e9e qui provoque des d\u00e9mangeaisons et fait apparaitre de petites v\u00e9sicules qui se propagent sur l\u2019ensemble du corps. Les petites cloques forment une cro\u00fbte apr\u00e8s quelques jours avant de tomber d\u00e9finitivement. Les v\u00e9sicules typiques de la varicelle se d\u00e9veloppent par vagues successives. Lorsque les premi\u00e8res ont commenc\u00e9 \u00e0 former une cro\u00fbte, de nouvelles cloques peuvent appara\u00eetre. Bien que les sympt\u00f4mes ne durent que quelques jours, il faut compter entre 10 et 14 jours pour que les v\u00e9sicules s\u00e8chent et tombent et que votre enfant ne soit plus contagieux.<\/p>\n<\/div><\/details>\n\n\n\n<details class=\"wp-block-karopharma-accordion\"><summary><h2 class=\"accordion-title\">Est-ce que la varicelle est contagieuse?<\/h2><\/summary><div class=\"accordion-content\">\n<p>La varicelle est une maladie courante et extr\u00eamement contagieuse, dont la cause, un virus (le virus varicelle-zona du groupe du virus de l&#8217;herp\u00e8s), est principalement transmis par voie a\u00e9rienne (infection par gouttelettes). Il est courant d&#8217;attraper la varicelle pendant l&#8217;enfance. La transmission du virus se fait par voie a\u00e9rienne en toussant ou en \u00e9ternuant ou parfois m\u00eame, lors de contact avec le liquide qui se trouve dans les v\u00e9sicules de la varicelle.<\/p>\n<\/div><\/details>\n<\/div><\/div>\n","protected":false},"excerpt":{"rendered":"","protected":false},"featured_media":184,"comment_status":"closed","ping_status":"closed","template":"","meta":{"_acf_changed":false,"footnotes":""},"product_brand":[],"product_cat":[29],"product_tag":[],"class_list":{"0":"post-264","1":"product","2":"type-product","3":"status-publish","4":"has-post-thumbnail","6":"product_cat-uncategorized-fr","8":"first","9":"instock","10":"shipping-taxable","11":"product-type-simple"},"acf":[],"yoast_head":"<!-- This site is optimized with the Yoast SEO plugin v26.6 - https:\/\/yoast.com\/wordpress\/plugins\/seo\/ -->\n<title>PoxClin CoolMousse - PoxClin<\/title>\n<meta name=\"description\" content=\"PoxClin CoolMousse -La mousse est bas\u00e9e sur le complexe bioactif 2QR brevet\u00e9 qui aide \u00e0 prot\u00e9ger et apaiser la peau irrit\u00e9e.\" \/>\n<meta name=\"robots\" content=\"noindex, follow, max-snippet:-1, max-image-preview:large, max-video-preview:-1\" \/>\n<meta property=\"og:locale\" content=\"fr_FR\" \/>\n<meta property=\"og:type\" content=\"article\" \/>\n<meta property=\"og:title\" content=\"PoxClin CoolMousse - PoxClin\" \/>\n<meta property=\"og:description\" content=\"PoxClin CoolMousse -La mousse est bas\u00e9e sur le complexe bioactif 2QR brevet\u00e9 qui aide \u00e0 prot\u00e9ger et apaiser la peau irrit\u00e9e.\" \/>\n<meta property=\"og:url\" content=\"https:\/\/stage.poxclin.com\/ch\/fr\/produit\/poxclin-coolmousse\/\" \/>\n<meta property=\"og:site_name\" content=\"PoxClin\" \/>\n<meta property=\"article:modified_time\" content=\"2023-10-11T10:44:46+00:00\" \/>\n<meta property=\"og:image\" content=\"https:\/\/stage.poxclin.com\/app\/uploads\/sites\/5\/2022\/09\/PoxClin_Coolmousse-1.webp\" \/>\n\t<meta property=\"og:image:width\" content=\"500\" \/>\n\t<meta property=\"og:image:height\" content=\"500\" \/>\n\t<meta property=\"og:image:type\" content=\"image\/webp\" \/>\n<meta name=\"twitter:card\" content=\"summary_large_image\" \/>\n<meta name=\"twitter:label1\" content=\"Est. reading time\" \/>\n\t<meta name=\"twitter:data1\" content=\"4 minutes\" \/>\n<script type=\"application\/ld+json\" class=\"yoast-schema-graph\">{\"@context\":\"https:\/\/schema.org\",\"@graph\":[{\"@type\":\"WebPage\",\"@id\":\"https:\/\/stage.poxclin.com\/ch\/fr\/produit\/poxclin-coolmousse\/\",\"url\":\"https:\/\/stage.poxclin.com\/ch\/fr\/produit\/poxclin-coolmousse\/\",\"name\":\"PoxClin CoolMousse - PoxClin\",\"isPartOf\":{\"@id\":\"https:\/\/stage.poxclin.com\/ch\/fr\/#website\"},\"primaryImageOfPage\":{\"@id\":\"https:\/\/stage.poxclin.com\/ch\/fr\/produit\/poxclin-coolmousse\/#primaryimage\"},\"image\":{\"@id\":\"https:\/\/stage.poxclin.com\/ch\/fr\/produit\/poxclin-coolmousse\/#primaryimage\"},\"thumbnailUrl\":\"https:\/\/stage.poxclin.com\/app\/uploads\/sites\/5\/2022\/09\/PoxClin_Coolmousse-1.webp\",\"datePublished\":\"2022-09-06T06:28:25+00:00\",\"dateModified\":\"2023-10-11T10:44:46+00:00\",\"description\":\"PoxClin CoolMousse -La mousse est bas\u00e9e sur le complexe bioactif 2QR brevet\u00e9 qui aide \u00e0 prot\u00e9ger et apaiser la peau irrit\u00e9e.\",\"breadcrumb\":{\"@id\":\"https:\/\/stage.poxclin.com\/ch\/fr\/produit\/poxclin-coolmousse\/#breadcrumb\"},\"inLanguage\":\"fr-CH\",\"potentialAction\":[{\"@type\":\"ReadAction\",\"target\":[\"https:\/\/stage.poxclin.com\/ch\/fr\/produit\/poxclin-coolmousse\/\"]}]},{\"@type\":\"ImageObject\",\"inLanguage\":\"fr-CH\",\"@id\":\"https:\/\/stage.poxclin.com\/ch\/fr\/produit\/poxclin-coolmousse\/#primaryimage\",\"url\":\"https:\/\/stage.poxclin.com\/app\/uploads\/sites\/5\/2022\/09\/PoxClin_Coolmousse-1.webp\",\"contentUrl\":\"https:\/\/stage.poxclin.com\/app\/uploads\/sites\/5\/2022\/09\/PoxClin_Coolmousse-1.webp\",\"width\":500,\"height\":500,\"caption\":\"PoxClin Coolmousse\"},{\"@type\":\"BreadcrumbList\",\"@id\":\"https:\/\/stage.poxclin.com\/ch\/fr\/produit\/poxclin-coolmousse\/#breadcrumb\",\"itemListElement\":[{\"@type\":\"ListItem\",\"position\":1,\"name\":\"Produits\",\"item\":\"https:\/\/stage.poxclin.com\/ch\/fr\/produits\/\"},{\"@type\":\"ListItem\",\"position\":2,\"name\":\"PoxClin CoolMousse\"}]},{\"@type\":\"WebSite\",\"@id\":\"https:\/\/stage.poxclin.com\/ch\/fr\/#website\",\"url\":\"https:\/\/stage.poxclin.com\/ch\/fr\/\",\"name\":\"PoxClin\",\"description\":\"Just another PoxClin Sites site\",\"publisher\":{\"@id\":\"https:\/\/stage.poxclin.com\/ch\/fr\/#organization\"},\"potentialAction\":[{\"@type\":\"SearchAction\",\"target\":{\"@type\":\"EntryPoint\",\"urlTemplate\":\"https:\/\/stage.poxclin.com\/ch\/fr\/?s={search_term_string}\"},\"query-input\":{\"@type\":\"PropertyValueSpecification\",\"valueRequired\":true,\"valueName\":\"search_term_string\"}}],\"inLanguage\":\"fr-CH\"},{\"@type\":\"Organization\",\"@id\":\"https:\/\/stage.poxclin.com\/ch\/fr\/#organization\",\"name\":\"PoxClin\",\"url\":\"https:\/\/stage.poxclin.com\/ch\/fr\/\",\"logo\":{\"@type\":\"ImageObject\",\"inLanguage\":\"fr-CH\",\"@id\":\"https:\/\/stage.poxclin.com\/ch\/fr\/#\/schema\/logo\/image\/\",\"url\":\"https:\/\/stage.poxclin.com\/app\/uploads\/sites\/5\/2022\/08\/PoxClin-logo.png\",\"contentUrl\":\"https:\/\/stage.poxclin.com\/app\/uploads\/sites\/5\/2022\/08\/PoxClin-logo.png\",\"width\":88,\"height\":24,\"caption\":\"PoxClin\"},\"image\":{\"@id\":\"https:\/\/stage.poxclin.com\/ch\/fr\/#\/schema\/logo\/image\/\"}}]}<\/script>\n<!-- \/ Yoast SEO plugin. -->","yoast_head_json":{"title":"PoxClin CoolMousse - PoxClin","description":"PoxClin CoolMousse -La mousse est bas\u00e9e sur le complexe bioactif 2QR brevet\u00e9 qui aide \u00e0 prot\u00e9ger et apaiser la peau irrit\u00e9e.","robots":{"index":"noindex","follow":"follow","max-snippet":"max-snippet:-1","max-image-preview":"max-image-preview:large","max-video-preview":"max-video-preview:-1"},"og_locale":"fr_FR","og_type":"article","og_title":"PoxClin CoolMousse - PoxClin","og_description":"PoxClin CoolMousse -La mousse est bas\u00e9e sur le complexe bioactif 2QR brevet\u00e9 qui aide \u00e0 prot\u00e9ger et apaiser la peau irrit\u00e9e.","og_url":"https:\/\/stage.poxclin.com\/ch\/fr\/produit\/poxclin-coolmousse\/","og_site_name":"PoxClin","article_modified_time":"2023-10-11T10:44:46+00:00","og_image":[{"width":500,"height":500,"url":"https:\/\/stage.poxclin.com\/app\/uploads\/sites\/5\/2022\/09\/PoxClin_Coolmousse-1.webp","type":"image\/webp"}],"twitter_card":"summary_large_image","twitter_misc":{"Est. reading time":"4 minutes"},"schema":{"@context":"https:\/\/schema.org","@graph":[{"@type":"WebPage","@id":"https:\/\/stage.poxclin.com\/ch\/fr\/produit\/poxclin-coolmousse\/","url":"https:\/\/stage.poxclin.com\/ch\/fr\/produit\/poxclin-coolmousse\/","name":"PoxClin CoolMousse - PoxClin","isPartOf":{"@id":"https:\/\/stage.poxclin.com\/ch\/fr\/#website"},"primaryImageOfPage":{"@id":"https:\/\/stage.poxclin.com\/ch\/fr\/produit\/poxclin-coolmousse\/#primaryimage"},"image":{"@id":"https:\/\/stage.poxclin.com\/ch\/fr\/produit\/poxclin-coolmousse\/#primaryimage"},"thumbnailUrl":"https:\/\/stage.poxclin.com\/app\/uploads\/sites\/5\/2022\/09\/PoxClin_Coolmousse-1.webp","datePublished":"2022-09-06T06:28:25+00:00","dateModified":"2023-10-11T10:44:46+00:00","description":"PoxClin CoolMousse -La mousse est bas\u00e9e sur le complexe bioactif 2QR brevet\u00e9 qui aide \u00e0 prot\u00e9ger et apaiser la peau irrit\u00e9e.","breadcrumb":{"@id":"https:\/\/stage.poxclin.com\/ch\/fr\/produit\/poxclin-coolmousse\/#breadcrumb"},"inLanguage":"fr-CH","potentialAction":[{"@type":"ReadAction","target":["https:\/\/stage.poxclin.com\/ch\/fr\/produit\/poxclin-coolmousse\/"]}]},{"@type":"ImageObject","inLanguage":"fr-CH","@id":"https:\/\/stage.poxclin.com\/ch\/fr\/produit\/poxclin-coolmousse\/#primaryimage","url":"https:\/\/stage.poxclin.com\/app\/uploads\/sites\/5\/2022\/09\/PoxClin_Coolmousse-1.webp","contentUrl":"https:\/\/stage.poxclin.com\/app\/uploads\/sites\/5\/2022\/09\/PoxClin_Coolmousse-1.webp","width":500,"height":500,"caption":"PoxClin Coolmousse"},{"@type":"BreadcrumbList","@id":"https:\/\/stage.poxclin.com\/ch\/fr\/produit\/poxclin-coolmousse\/#breadcrumb","itemListElement":[{"@type":"ListItem","position":1,"name":"Produits","item":"https:\/\/stage.poxclin.com\/ch\/fr\/produits\/"},{"@type":"ListItem","position":2,"name":"PoxClin CoolMousse"}]},{"@type":"WebSite","@id":"https:\/\/stage.poxclin.com\/ch\/fr\/#website","url":"https:\/\/stage.poxclin.com\/ch\/fr\/","name":"PoxClin","description":"Just another PoxClin Sites site","publisher":{"@id":"https:\/\/stage.poxclin.com\/ch\/fr\/#organization"},"potentialAction":[{"@type":"SearchAction","target":{"@type":"EntryPoint","urlTemplate":"https:\/\/stage.poxclin.com\/ch\/fr\/?s={search_term_string}"},"query-input":{"@type":"PropertyValueSpecification","valueRequired":true,"valueName":"search_term_string"}}],"inLanguage":"fr-CH"},{"@type":"Organization","@id":"https:\/\/stage.poxclin.com\/ch\/fr\/#organization","name":"PoxClin","url":"https:\/\/stage.poxclin.com\/ch\/fr\/","logo":{"@type":"ImageObject","inLanguage":"fr-CH","@id":"https:\/\/stage.poxclin.com\/ch\/fr\/#\/schema\/logo\/image\/","url":"https:\/\/stage.poxclin.com\/app\/uploads\/sites\/5\/2022\/08\/PoxClin-logo.png","contentUrl":"https:\/\/stage.poxclin.com\/app\/uploads\/sites\/5\/2022\/08\/PoxClin-logo.png","width":88,"height":24,"caption":"PoxClin"},"image":{"@id":"https:\/\/stage.poxclin.com\/ch\/fr\/#\/schema\/logo\/image\/"}}]}},"_links":{"self":[{"href":"https:\/\/stage.poxclin.com\/ch\/fr\/wp-json\/wp\/v2\/product\/264","targetHints":{"allow":["GET"]}}],"collection":[{"href":"https:\/\/stage.poxclin.com\/ch\/fr\/wp-json\/wp\/v2\/product"}],"about":[{"href":"https:\/\/stage.poxclin.com\/ch\/fr\/wp-json\/wp\/v2\/types\/product"}],"replies":[{"embeddable":true,"href":"https:\/\/stage.poxclin.com\/ch\/fr\/wp-json\/wp\/v2\/comments?post=264"}],"version-history":[{"count":10,"href":"https:\/\/stage.poxclin.com\/ch\/fr\/wp-json\/wp\/v2\/product\/264\/revisions"}],"predecessor-version":[{"id":567,"href":"https:\/\/stage.poxclin.com\/ch\/fr\/wp-json\/wp\/v2\/product\/264\/revisions\/567"}],"wp:featuredmedia":[{"embeddable":true,"href":"https:\/\/stage.poxclin.com\/ch\/fr\/wp-json\/wp\/v2\/media\/184"}],"wp:attachment":[{"href":"https:\/\/stage.poxclin.com\/ch\/fr\/wp-json\/wp\/v2\/media?parent=264"}],"wp:term":[{"taxonomy":"product_brand","embeddable":true,"href":"https:\/\/stage.poxclin.com\/ch\/fr\/wp-json\/wp\/v2\/product_brand?post=264"},{"taxonomy":"product_cat","embeddable":true,"href":"https:\/\/stage.poxclin.com\/ch\/fr\/wp-json\/wp\/v2\/product_cat?post=264"},{"taxonomy":"product_tag","embeddable":true,"href":"https:\/\/stage.poxclin.com\/ch\/fr\/wp-json\/wp\/v2\/product_tag?post=264"}],"curies":[{"name":"wp","href":"https:\/\/api.w.org\/{rel}","templated":true}]}}