{"id":275,"date":"2022-09-05T14:55:25","date_gmt":"2022-09-05T12:55:25","guid":{"rendered":"https:\/\/stage.poxclin.com\/ch\/faq\/"},"modified":"2023-06-20T07:34:16","modified_gmt":"2023-06-20T05:34:16","slug":"faq","status":"publish","type":"page","link":"https:\/\/stage.poxclin.com\/ch\/it\/faq\/","title":{"rendered":"FAQ"},"content":{"rendered":"\n<div class=\"wp-block-karopharma-free-text pt-large pb-large bg-center bg-cover bg-no-repeat  is-style-primary\" style=\"background-image:url(https:\/\/stage.poxclin.com\/cdn-cgi\/image\/format=auto\/app\/uploads\/sites\/5\/2022\/09\/bg-red-3.png)\"><div class=\"free-text-wrapper container max-w-medium text-left\">\n<h1 class=\"has-text-align-center is-style-heading-huge wp-block-heading\"><mark style=\"background-color:rgba(0, 0, 0, 0)\" class=\"has-inline-color has-white-color\">Domande frequenti<\/mark><\/h1>\n<\/div><\/div>\n\n\n\n<div class=\"wp-block-karopharma-accordions\"><div class=\"container\">\n<details class=\"wp-block-karopharma-accordion\"><summary><h2 class=\"accordion-title\">Quanto dura la varicella?<\/h2><\/summary><div class=\"accordion-content\">\n<p>Dopo essere entrati in contatto con il virus ci vogliono circa 2 settimane fino alla comparsa dei sintomi. La varicella inizia con una leggera febbre ed \u00e8 caratterizzata da un esantema accompagnato da prurito e piccole vescicole che si diffondono su tutto il corpo. Nel giro di alcuni giorni le vescicole formano una crosticina che poi cade. Le vescicole tipiche della varicella si formano in ondate consecutive. Quando le prime vescicole iniziano a seccarsi, possono comparirne delle nuove. Sebbene i sintomi possano essere osservati solo per alcuni giorni, ci vogliono circa 10 &#8211; 14 giorni finch\u00e9 tutte le vescicole si saranno seccate e cadute e vostro figlio non sar\u00e0 pi\u00f9 contagioso. <\/p>\n<\/div><\/details>\n\n\n\n<details class=\"wp-block-karopharma-accordion\"><summary><h2 class=\"accordion-title\">\u00c8 vero che si \u00e8 immuni dalla varicella per tutta la vita se la si contrae durante l\u2019infanzia?<\/h2><\/summary><div class=\"accordion-content\">\n<p>Solitamente un\u2019unica infezione comporta l\u2019immunit\u00e0 a vita contro la varicella. Se il vostro neonato o lattante dovesse tuttavia contrarre la varicella nei primi 6 mesi di vita, \u00e8 molto probabile che in un momento successivo possa contrarre nuovamente la malattia.<\/p>\n<\/div><\/details>\n\n\n\n<details class=\"wp-block-karopharma-accordion\"><summary><h2 class=\"accordion-title\">La varicella \u00e8 contagiosa?<\/h2><\/summary><div class=\"accordion-content\">\n<p>La varicella \u00e8 una malattia comune ed estremamente contagiosa. \u00c8 causata da un virus (il virus della Varicella-Zoster appartenente allo stesso gruppo dei virus dell\u2019herpes) che viene trasmesso prevalentemente per via aerea. Solitamente la varicella viene contratta durante l\u2019infanzia. La trasmissione del virus avviene prevalentemente per via aerea attraverso la tosse o gli starnuti (infezione tramite goccioline). Inoltre, l\u2019infezione pu\u00f2 avvenire anche attraverso il contatto con il liquido che si trova all\u2019interno delle vescicole tipiche della varicella.<\/p>\n<\/div><\/details>\n\n\n\n<details class=\"wp-block-karopharma-accordion\"><summary><h2 class=\"accordion-title\">Esiste un vaccino contro la varicella?<\/h2><\/summary><div class=\"accordion-content\">\n<p>S\u00ec, \u00e8 possibile vaccinarsi contro la varicella.<\/p>\n<\/div><\/details>\n\n\n\n<details class=\"wp-block-karopharma-accordion\"><summary><h2 class=\"accordion-title\">Il mio bambino pu\u00f2 frequentare il gruppo di gioco, il nido, l\u2019asilo oppure la scuola se ha la varicella?<\/h2><\/summary><div class=\"accordion-content\">\n<p>Se vostro figlio ha contratto la varicella, informate il gruppo di gioco, il nido oppure l\u2019asilo o la scuola e tenetelo a casa fino a quando tutte le vescicole non si saranno seccate e vostro figlio non \u00e8 pi\u00f9 contagioso. Questo avviene di norma dopo la prima comparsa dell\u2019esantema. In alcuni gruppi di gioco, scuole ecc. possono essere valide altre regole perch\u00e9 \u00e8 possibile che il vostro bambino sia stato contagiato in questi luoghi. Parlatene pertanto sempre prima con l\u2019insegnante\/assistente di vostro figlio.<\/p>\n<\/div><\/details>\n\n\n\n<details class=\"wp-block-karopharma-accordion\"><summary><h2 class=\"accordion-title\">Posso portare il mio bambino affetto da varicella al parco giochi o in una piscina pubblica oppure pu\u00f2 frequentare locali pubblici?<\/h2><\/summary><div class=\"accordion-content\">\n<p>Cercate di evitare possibilmente i luoghi pubblici per evitare che vostro figlio possa contagiare altre persone per le quali il virus potrebbe risultare pericoloso. Questo vale in particolare per le donne in stato di gravidanza o le persone con un sistema immunitario indebolito. Se il vostro bambino ha contratto la varicella, tenetelo lontano dai parchi giochi e altri luoghi pubblici fino a quando le vescicole non si saranno seccate e non saranno pi\u00f9 contagiose. Questo avviene di norma dopo la prima comparsa dell\u2019esantema. Se ciononostante frequentate gli ambienti pubblici con il vostro bambino, ad esempio un parco giochi, informate i presenti\/genitori che vostro figlio ha la varicella ed \u00e8 ancora contagioso. Se ritenete opportuno che il vostro bambino contagioso frequenti gli ambienti pubblici non significa che gli altri la pensino allo stesso modo.<\/p>\n<\/div><\/details>\n\n\n\n<details class=\"wp-block-karopharma-accordion\"><summary><h2 class=\"accordion-title\">Il mio bambino pu\u00f2 andare a nuotare e\/o praticare sport?<\/h2><\/summary><div class=\"accordion-content\">\n<p>La varicella \u00e8 altamente contagiosa. Se il vostro bambino ha la varicella, non dovrebbe andare a nuotare e praticare alcun tipo di sport che preveda il contatto fisico prima che si siano seccate tutte le vescicole. Questo avviene di norma dopo la prima comparsa dell\u2019esantema. Cercate di evitare possibilmente i luoghi pubblici per evitare che il vostro bambino possa contagiare altre persone per le quali il virus potrebbe risultare pericoloso. Questo vale in particolare per le donne in stato di gravidanza o le persone con un sistema immunitario indebolito. Inoltre, le crosticine potrebbero ammorbidirsi durante la permanenza in acqua aumentano il prurito oppure causando una caduta precoce delle crosticine con la conseguente formazione di cicatrici.<\/p>\n<\/div><\/details>\n\n\n\n<details class=\"wp-block-karopharma-accordion\"><summary><h2 class=\"accordion-title\">Posso fare il bagno o la doccia al bambino mentre ha la varicella?<\/h2><\/summary><div class=\"accordion-content\">\n<p>Durante la varicella il vostro bambino pu\u00f2 comunque fare un breve bagno o una doccia. Alcuni bambini trovano sollievo al prurito nello stare immersi nell\u2019acqua tiepida o fredda. Fate attenzione che l&#8217;acqua non sia troppo calda onde evitare un aumento del prurito e che il bagno non duri troppo a lungo. Tamponate delicatamente il vostro bambino dopo il bagno\/doccia senza strofinare onde evitare che le vescicole possano infettarsi oppure che le crosticine cadano lasciando delle cicatrici.<\/p>\n<\/div><\/details>\n\n\n\n<details class=\"wp-block-karopharma-accordion\"><summary><h2 class=\"accordion-title\">Il mio bambino pu\u00f2 intraprendere un viaggio in aereo?<\/h2><\/summary><div class=\"accordion-content\">\n<p>La varicella \u00e8 altamente contagiosa. Pu\u00f2 essere che vostro figlio non venga autorizzato a salire su un aereo prima che siano cadute tutte le crosticine. Il motivo \u00e8 quello di evitare il diffondersi dei germi attraverso gli impianti di climatizzazione dell&#8217;aereo. Il virus pu\u00f2 essere molto pericoloso, in particolare per le donne in gravidanza e le persone con un sistema immunitario indebolito. Generalmente prima di intraprendere un viaggio in aereo \u00e8 necessario esibire un certificato medico. Ogni compagnia aerea ha le proprie disposizioni in materia. \u00c8 pertanto consigliabile contattare per prima cosa la propria compagnia aerea. In caso di varicella informate immediatamente la vostra assicurazione di viaggio per ottenere una copertura assicurativa nel caso in cui dobbiate annullare o rimandare la vostra vacanza oppure se dovete prolungare il viaggio fino a quando il vostro bambino non sar\u00e0 guarito e in grado di intraprendere il viaggio di ritorno.<\/p>\n<\/div><\/details>\n\n\n\n<details class=\"wp-block-karopharma-accordion\"><summary><h2 class=\"accordion-title\">Il mio bambino pu\u00f2 frequentare un ospedale o un centro clinico se ha la varicella?<\/h2><\/summary><div class=\"accordion-content\">\n<p>I bambini affetti da varicella non possono far visita a parenti o amici in un ospedale o in un centro clinico senza aver richiesto l\u2019autorizzazione a tali istituti.<\/p>\n<\/div><\/details>\n\n\n\n<details class=\"wp-block-karopharma-accordion\"><summary><h2 class=\"accordion-title\">\u00c8 sicuro per le donne in gravidanza o in allattamento stare vicino a un bambino con la varicella?<\/h2><\/summary><div class=\"accordion-content\">\n<p>La maggior parte delle donne ha contratto la varicella durante l\u2019infanzia ed \u00e8 pertanto immune oppure \u00e8 stata vaccinata. Se si contrae la varicella durante la gravidanza, questo pu\u00f2 avere complicazioni sia per il nascituro sia per la mamma.<\/p>\n\n\n\n<p>Ci sono scarse probabilit\u00e0 che il vostro bambino contragga la cosiddetta sindrome da varicella fetale che comporta gravi malformazioni di diverse parti del corpo. Informazioni dettagliate sulla probabilit\u00e0 che il vostro bambino possa contrarre la sindrome della varicella fetale ve le fornir\u00e0 la vostra ostetrica oppure il vostro ginecologo, poich\u00e9 i vari stadi della gravidanza comportano rischi diversi. Se siete in gravidanza e credete o siete certi di aver contratto la varicella, rivolgetevi immediatamente alla vostra ostetrica, ginecologo o al vostro medico di famiglia.<\/p>\n<\/div><\/details>\n\n\n\n<details class=\"wp-block-karopharma-accordion\"><summary><h2 class=\"accordion-title\">\u00c8 pericoloso per il mio neonato o lattante stare vicino al fratellino o alla sorellina che ha la varicella?<\/h2><\/summary><div class=\"accordion-content\">\n<p>L\u2019infezione della varicella comporta generalmente un\u2019immunit\u00e0 a vita contro questa malattia. I neonati e i lattanti sono nella maggior parte dei casi protetti dalla varicella se la mamma l\u2019ha contratta durante la sua infanzia. Durante la gravidanza gli anticorpi vengono trasmessi al nascituro attraverso la placenta. Ulteriori anticorpi vengono trasmessi attraverso il latte materno garantendo cos\u00ec una sufficiente immunit\u00e0. Se il vostro neonato o lattante dovesse tuttavia contrarre la varicella nei primi 6 mesi di vita, \u00e8 molto probabile che non si formino sufficienti anticorpi e che in un momento successivo possa contrarre nuovamente la malattia.<\/p>\n<\/div><\/details>\n\n\n\n<details class=\"wp-block-karopharma-accordion\"><summary><h2 class=\"accordion-title\">Il mio bambino pu\u00f2 esporsi al sole mentre ha la varicella? Durante l\u2019infezione della varicella la pelle del bambino \u00e8 estremamente vulnerabile. I raggi solari possono provocare irritazioni supplementari. Pertanto, \u00e8 meglio proteggere il vostro bambino da un\u2019esposizione diretta e prolungata al sole fintanto che ha la varicella.<\/h2><\/summary><div class=\"accordion-content\">\n<p>Durante un&#8217;infezione da varicella, la pelle di un bambino \u00e8 estremamente vulnerabile. La luce solare pu\u00f2 causare ulteriore irritazione. Pertanto, \u00e8 meglio proteggere il bambino dall&#8217;esposizione diretta e prolungata al sole mentre ha la varicella.<\/p>\n<\/div><\/details>\n\n\n\n<details class=\"wp-block-karopharma-accordion\"><summary><h2 class=\"accordion-title\">Il mio bambino pu\u00f2 esporsi al sole mentre ha la varicella?<\/h2><\/summary><div class=\"accordion-content\">\n<p>KidsClin\u00ae Spray per dermatite da pannolino \u00e8 clinicamente testato e sicuro per tutti i bambini. Non sono noti effetti collaterali.<\/p>\n<\/div><\/details>\n<\/div><\/div>\n\n\n\n<p><\/p>\n","protected":false},"excerpt":{"rendered":"","protected":false},"author":3,"featured_media":0,"parent":0,"menu_order":0,"comment_status":"closed","ping_status":"closed","template":"","meta":{"_acf_changed":false,"footnotes":""},"from-article-database":[],"class_list":["post-275","page","type-page","status-publish","hentry"],"acf":[],"yoast_head":"<!-- This site is optimized with the Yoast SEO plugin v26.6 - https:\/\/yoast.com\/wordpress\/plugins\/seo\/ -->\n<title>FAQ - PoxClin<\/title>\n<meta name=\"description\" content=\"Quanto dura la varicella? La varicella inizia con una leggera febbre ed \u00e8 caratterizzata da un esantema accompagnato da prurito e piccole vescicole che si diffondono su tutto il corpo. FAQ\" \/>\n<meta name=\"robots\" content=\"noindex, follow, max-snippet:-1, max-image-preview:large, max-video-preview:-1\" \/>\n<meta property=\"og:locale\" content=\"it_IT\" \/>\n<meta property=\"og:type\" content=\"article\" \/>\n<meta property=\"og:title\" content=\"FAQ - PoxClin\" \/>\n<meta property=\"og:description\" content=\"Quanto dura la varicella? La varicella inizia con una leggera febbre ed \u00e8 caratterizzata da un esantema accompagnato da prurito e piccole vescicole che si diffondono su tutto il corpo. FAQ\" \/>\n<meta property=\"og:url\" content=\"https:\/\/stage.poxclin.com\/ch\/it\/faq\/\" \/>\n<meta property=\"og:site_name\" content=\"PoxClin\" \/>\n<meta property=\"article:modified_time\" content=\"2023-06-20T05:34:16+00:00\" \/>\n<meta name=\"twitter:card\" content=\"summary_large_image\" \/>\n<meta name=\"twitter:label1\" content=\"Est. reading time\" \/>\n\t<meta name=\"twitter:data1\" content=\"6 minutes\" \/>\n<script type=\"application\/ld+json\" class=\"yoast-schema-graph\">{\"@context\":\"https:\/\/schema.org\",\"@graph\":[{\"@type\":\"WebPage\",\"@id\":\"https:\/\/stage.poxclin.com\/ch\/it\/faq\/\",\"url\":\"https:\/\/stage.poxclin.com\/ch\/it\/faq\/\",\"name\":\"FAQ - PoxClin\",\"isPartOf\":{\"@id\":\"https:\/\/stage.poxclin.com\/ch\/it\/#website\"},\"datePublished\":\"2022-09-05T12:55:25+00:00\",\"dateModified\":\"2023-06-20T05:34:16+00:00\",\"description\":\"Quanto dura la varicella? La varicella inizia con una leggera febbre ed \u00e8 caratterizzata da un esantema accompagnato da prurito e piccole vescicole che si diffondono su tutto il corpo. FAQ\",\"inLanguage\":\"it-CH\",\"potentialAction\":[{\"@type\":\"ReadAction\",\"target\":[\"https:\/\/stage.poxclin.com\/ch\/it\/faq\/\"]}]},{\"@type\":\"WebSite\",\"@id\":\"https:\/\/stage.poxclin.com\/ch\/it\/#website\",\"url\":\"https:\/\/stage.poxclin.com\/ch\/it\/\",\"name\":\"PoxClin\",\"description\":\"Just another PoxClin Sites site\",\"publisher\":{\"@id\":\"https:\/\/stage.poxclin.com\/ch\/it\/#organization\"},\"potentialAction\":[{\"@type\":\"SearchAction\",\"target\":{\"@type\":\"EntryPoint\",\"urlTemplate\":\"https:\/\/stage.poxclin.com\/ch\/it\/?s={search_term_string}\"},\"query-input\":{\"@type\":\"PropertyValueSpecification\",\"valueRequired\":true,\"valueName\":\"search_term_string\"}}],\"inLanguage\":\"it-CH\"},{\"@type\":\"Organization\",\"@id\":\"https:\/\/stage.poxclin.com\/ch\/it\/#organization\",\"name\":\"PoxClin\",\"url\":\"https:\/\/stage.poxclin.com\/ch\/it\/\",\"logo\":{\"@type\":\"ImageObject\",\"inLanguage\":\"it-CH\",\"@id\":\"https:\/\/stage.poxclin.com\/ch\/it\/#\/schema\/logo\/image\/\",\"url\":\"https:\/\/stage.poxclin.com\/app\/uploads\/sites\/5\/2022\/08\/PoxClin-logo.png\",\"contentUrl\":\"https:\/\/stage.poxclin.com\/app\/uploads\/sites\/5\/2022\/08\/PoxClin-logo.png\",\"width\":88,\"height\":24,\"caption\":\"PoxClin\"},\"image\":{\"@id\":\"https:\/\/stage.poxclin.com\/ch\/it\/#\/schema\/logo\/image\/\"}}]}<\/script>\n<!-- \/ Yoast SEO plugin. -->","yoast_head_json":{"title":"FAQ - PoxClin","description":"Quanto dura la varicella? La varicella inizia con una leggera febbre ed \u00e8 caratterizzata da un esantema accompagnato da prurito e piccole vescicole che si diffondono su tutto il corpo. FAQ","robots":{"index":"noindex","follow":"follow","max-snippet":"max-snippet:-1","max-image-preview":"max-image-preview:large","max-video-preview":"max-video-preview:-1"},"og_locale":"it_IT","og_type":"article","og_title":"FAQ - PoxClin","og_description":"Quanto dura la varicella? La varicella inizia con una leggera febbre ed \u00e8 caratterizzata da un esantema accompagnato da prurito e piccole vescicole che si diffondono su tutto il corpo. FAQ","og_url":"https:\/\/stage.poxclin.com\/ch\/it\/faq\/","og_site_name":"PoxClin","article_modified_time":"2023-06-20T05:34:16+00:00","twitter_card":"summary_large_image","twitter_misc":{"Est. reading time":"6 minutes"},"schema":{"@context":"https:\/\/schema.org","@graph":[{"@type":"WebPage","@id":"https:\/\/stage.poxclin.com\/ch\/it\/faq\/","url":"https:\/\/stage.poxclin.com\/ch\/it\/faq\/","name":"FAQ - PoxClin","isPartOf":{"@id":"https:\/\/stage.poxclin.com\/ch\/it\/#website"},"datePublished":"2022-09-05T12:55:25+00:00","dateModified":"2023-06-20T05:34:16+00:00","description":"Quanto dura la varicella? La varicella inizia con una leggera febbre ed \u00e8 caratterizzata da un esantema accompagnato da prurito e piccole vescicole che si diffondono su tutto il corpo. FAQ","inLanguage":"it-CH","potentialAction":[{"@type":"ReadAction","target":["https:\/\/stage.poxclin.com\/ch\/it\/faq\/"]}]},{"@type":"WebSite","@id":"https:\/\/stage.poxclin.com\/ch\/it\/#website","url":"https:\/\/stage.poxclin.com\/ch\/it\/","name":"PoxClin","description":"Just another PoxClin Sites site","publisher":{"@id":"https:\/\/stage.poxclin.com\/ch\/it\/#organization"},"potentialAction":[{"@type":"SearchAction","target":{"@type":"EntryPoint","urlTemplate":"https:\/\/stage.poxclin.com\/ch\/it\/?s={search_term_string}"},"query-input":{"@type":"PropertyValueSpecification","valueRequired":true,"valueName":"search_term_string"}}],"inLanguage":"it-CH"},{"@type":"Organization","@id":"https:\/\/stage.poxclin.com\/ch\/it\/#organization","name":"PoxClin","url":"https:\/\/stage.poxclin.com\/ch\/it\/","logo":{"@type":"ImageObject","inLanguage":"it-CH","@id":"https:\/\/stage.poxclin.com\/ch\/it\/#\/schema\/logo\/image\/","url":"https:\/\/stage.poxclin.com\/app\/uploads\/sites\/5\/2022\/08\/PoxClin-logo.png","contentUrl":"https:\/\/stage.poxclin.com\/app\/uploads\/sites\/5\/2022\/08\/PoxClin-logo.png","width":88,"height":24,"caption":"PoxClin"},"image":{"@id":"https:\/\/stage.poxclin.com\/ch\/it\/#\/schema\/logo\/image\/"}}]}},"_links":{"self":[{"href":"https:\/\/stage.poxclin.com\/ch\/it\/wp-json\/wp\/v2\/pages\/275","targetHints":{"allow":["GET"]}}],"collection":[{"href":"https:\/\/stage.poxclin.com\/ch\/it\/wp-json\/wp\/v2\/pages"}],"about":[{"href":"https:\/\/stage.poxclin.com\/ch\/it\/wp-json\/wp\/v2\/types\/page"}],"author":[{"embeddable":true,"href":"https:\/\/stage.poxclin.com\/ch\/it\/wp-json\/wp\/v2\/users\/3"}],"replies":[{"embeddable":true,"href":"https:\/\/stage.poxclin.com\/ch\/it\/wp-json\/wp\/v2\/comments?post=275"}],"version-history":[{"count":7,"href":"https:\/\/stage.poxclin.com\/ch\/it\/wp-json\/wp\/v2\/pages\/275\/revisions"}],"predecessor-version":[{"id":523,"href":"https:\/\/stage.poxclin.com\/ch\/it\/wp-json\/wp\/v2\/pages\/275\/revisions\/523"}],"wp:attachment":[{"href":"https:\/\/stage.poxclin.com\/ch\/it\/wp-json\/wp\/v2\/media?parent=275"}],"wp:term":[{"taxonomy":"from-article-database","embeddable":true,"href":"https:\/\/stage.poxclin.com\/ch\/it\/wp-json\/wp\/v2\/from-article-database?post=275"}],"curies":[{"name":"wp","href":"https:\/\/api.w.org\/{rel}","templated":true}]}}