{"id":281,"date":"2022-08-30T09:10:53","date_gmt":"2022-08-30T07:10:53","guid":{"rendered":"https:\/\/stage.poxclin.com\/ch\/startpage\/"},"modified":"2022-11-21T11:30:23","modified_gmt":"2022-11-21T10:30:23","slug":"startpage","status":"publish","type":"page","link":"https:\/\/stage.poxclin.com\/ch\/it\/","title":{"rendered":"Startpage"},"content":{"rendered":"\n<div class=\"wp-block-karopharma-product-promotion text-align-center pt-medium pb-medium bg-center bg-cover bg-no-repeat  text-align-right bg-right is-style-secondary\" style=\"background-image:url(https:\/\/stage.poxclin.com\/cdn-cgi\/image\/format=auto\/app\/uploads\/sites\/5\/2022\/09\/bg-red-3.png)\"><div class=\"container max-w-medium\">\n<div class=\"wp-block-group is-layout-flow wp-block-group-is-layout-flow\">\n<figure class=\"wp-block-karopharma-product-promotion-image product-promotion-image\"><img fetchpriority=\"high\" decoding=\"async\" datatest=\"image\" src=\"https:\/\/stage.poxclin.com\/cdn-cgi\/image\/format=auto\/app\/uploads\/sites\/5\/2022\/09\/poxclin_bodymousse_f_fake.png\" loading=\"eager\" alt=\"Promoted product image\" width=\"200\" height=\"500\" srcset=\"\n\t\t\t\t\thttps:\/\/stage.poxclin.com\/cdn-cgi\/image\/format=auto,width=584\/app\/uploads\/sites\/5\/2022\/09\/poxclin_bodymousse_f_fake.png 584w,\n\t\t\t\t\thttps:\/\/stage.poxclin.com\/cdn-cgi\/image\/format=auto,width=272\/app\/uploads\/sites\/5\/2022\/09\/poxclin_bodymousse_f_fake.png 272w\" sizes=\"(max-width: 584px) 100vw, 584px\"\/><\/figure>\n<\/div>\n\n\n\n<div class=\"wp-block-group is-layout-flow wp-block-group-is-layout-flow\">\n<h1 class=\"has-text-align-left title is-style-heading-huge wp-block-heading\"><mark style=\"background-color:rgba(0, 0, 0, 0)\" class=\"has-inline-color has-white-color\"><mark style=\"background-color:rgba(0, 0, 0, 0)\" class=\"has-inline-color has-white-color\">PER LA PELLE DEI BAMBINI<\/mark><\/mark><\/h1>\n\n\n\n<ul class=\"is-style-icon wp-block-list\"><li><mark style=\"background-color:rgba(0, 0, 0, 0)\" class=\"has-inline-color has-white-color\"><strong><mark style=\"background-color:rgba(0, 0, 0, 0)\" class=\"has-inline-color has-white-color\"><strong>Allevia i sintomi della varicella<\/strong><\/mark><\/strong><\/mark><\/li><li><mark style=\"background-color:rgba(0, 0, 0, 0)\" class=\"has-inline-color has-white-color\"><strong><mark style=\"background-color:rgba(0, 0, 0, 0)\" class=\"has-inline-color has-white-color\"><strong>Raffredda e lenisce istantaneamente<\/strong><\/mark><\/strong><\/mark><\/li><li><strong><mark style=\"background-color:rgba(0, 0, 0, 0)\" class=\"has-inline-color has-white-color\"><strong><mark style=\"background-color:rgba(0, 0, 0, 0)\" class=\"has-inline-color has-white-color\"><strong>Contiene ingredienti naturali<\/strong><\/mark><\/strong><\/mark><\/strong><\/li><\/ul>\n\n\n\n<div class=\"wp-block-buttons is-layout-flex wp-block-buttons-is-layout-flex\">\n<div class=\"wp-block-button is-style-alternative-outlined-button\"><a class=\"wp-block-button__link\" href=\"https:\/\/stage.poxclin.com\/ch\/it\/prodotto\/poxclin-coolmousse\/\">Prodotto<\/a><\/div>\n<\/div>\n<\/div>\n<\/div><\/div>\n\n\n<div class=\"product-list wp-block-karopharma-product-list is-style-primary\" data-testid=\"product-list\">\n      <div class=\"swiper-container\">\n      <div class=\"swiper\">\n        <div class=\"swiper-wrapper\">\n                      <div class=\"swiper-slide\">\n              <div class=\"product-card\" data-testid=\"product-card\">\n  <a\n    href=https:\/\/stage.poxclin.com\/ch\/it\/prodotto\/poxclin-coolmousse\/\n    class=\"product-card-link\"\n    title=\"PoxClin CoolMousse\"\n  >\n  <figure class=\"product-card-image\" data-testid=\"product-image\">\n                          <img decoding=\"async\" src=\"https:\/\/stage.poxclin.com\/cdn-cgi\/image\/width=700,format=auto\/app\/uploads\/sites\/5\/2022\/09\/PoxClin_Coolmousse-1.webp\"\n        srcset=\"https:\/\/stage.poxclin.com\/cdn-cgi\/image\/width=250,format=auto\/app\/uploads\/sites\/5\/2022\/09\/PoxClin_Coolmousse-1.webp 250w,\n                https:\/\/stage.poxclin.com\/cdn-cgi\/image\/width=500,format=auto\/app\/uploads\/sites\/5\/2022\/09\/PoxClin_Coolmousse-1.webp 500w,\n                https:\/\/stage.poxclin.com\/cdn-cgi\/image\/width=700,format=auto\/app\/uploads\/sites\/5\/2022\/09\/PoxClin_Coolmousse-1.webp 700w\"\n        sizes=\"(max-width: 400px) 250px, (max-width: 800px) 500px, 700px\"\n        alt=\"PoxClin Coolmousse\"\n        class=\"img\">\n            <\/figure>\n    <div class=\"product-card-content\">\n      <div class=\"heading-wrapper\">\n        <h2 class=\"heading\">PoxClin CoolMousse<\/h2>\n      <\/div>\n      <div class=\"product-card-description\"><\/div>\n                      <\/div>\n  <\/a>\n          <div class=\"button-wrapper buy-now \" data-testid=\"buy-now\">\n      <div class=\"buy-now-container dropdown-container\">\n      <div class=\"theme-button button-primary-color dropdown-link\" aria-label=\"Acquista ora\">\n          Acquista ora <i class=\"dropdown\"><\/i>\n      <\/div>\n      <ul class=\"reseller-list submenu\">\n                    <li>\n              <a\n                href=\"https:\/\/it.adlershop.ch\/p\/47004\/poxclin-coolmousse-100ml\" onclick=\"dataLayer.push({'event':'ga_event', 'eventCategory':'Click on Reseller', 'eventAction':'Adler Apotheke', 'eventLabel':'PoxClin CoolMousse', 'eventValue': undefined})\" rel=\"noopener\" target=\"_blank\" title=\"Adler Apotheke\"\n                data-testid=\"buy-now-reseller\">\n                <i class=\"fa-solid fa-arrow-right\"><\/i> Adler Apotheke\n              <\/a>\n          <\/li>\n                    <li>\n              <a\n                href=\"https:\/\/www.amavita.ch\/it\/poxclin-coolmousse.html\" onclick=\"dataLayer.push({'event':'ga_event', 'eventCategory':'Click on Reseller', 'eventAction':'Amavita', 'eventLabel':'PoxClin CoolMousse', 'eventValue': undefined})\" rel=\"noopener\" target=\"_blank\" title=\"Amavita\"\n                data-testid=\"buy-now-reseller\">\n                <i class=\"fa-solid fa-arrow-right\"><\/i> Amavita\n              <\/a>\n          <\/li>\n                    <li>\n              <a\n                href=\"https:\/\/www.apothekedrogerie.ch\/poxclin-coolmousse-fl-100-ml.html\" onclick=\"dataLayer.push({'event':'ga_event', 'eventCategory':'Click on Reseller', 'eventAction':'Apotheke Drogerie', 'eventLabel':'PoxClin CoolMousse', 'eventValue': undefined})\" rel=\"noopener\" target=\"_blank\" title=\"Apotheke Drogerie\"\n                data-testid=\"buy-now-reseller\">\n                <i class=\"fa-solid fa-arrow-right\"><\/i> Apotheke Drogerie\n              <\/a>\n          <\/li>\n                    <li>\n              <a\n                href=\"https:\/\/www.coopvitality.ch\/it\/poxclin-coolmousse.html\" onclick=\"dataLayer.push({'event':'ga_event', 'eventCategory':'Click on Reseller', 'eventAction':'Coop Vitality', 'eventLabel':'PoxClin CoolMousse', 'eventValue': undefined})\" rel=\"noopener\" target=\"_blank\" title=\"Coop Vitality\"\n                data-testid=\"buy-now-reseller\">\n                <i class=\"fa-solid fa-arrow-right\"><\/i> Coop Vitality\n              <\/a>\n          <\/li>\n                    <li>\n              <a\n                href=\"https:\/\/www.nurnatur.ch\/poxclin-coolmousse-100-ml\" onclick=\"dataLayer.push({'event':'ga_event', 'eventCategory':'Click on Reseller', 'eventAction':'Drogerie W\u00fcrzenbach', 'eventLabel':'PoxClin CoolMousse', 'eventValue': undefined})\" rel=\"noopener\" target=\"_blank\" title=\"Drogerie W\u00fcrzenbach\"\n                data-testid=\"buy-now-reseller\">\n                <i class=\"fa-solid fa-arrow-right\"><\/i> Drogerie W\u00fcrzenbach\n              <\/a>\n          <\/li>\n                    <li>\n              <a\n                href=\"https:\/\/www.drogi.ch\/poxclin-coolmousse-bei-windpocken-spitze-blattern-schaumspray-100ml.html\" onclick=\"dataLayer.push({'event':'ga_event', 'eventCategory':'Click on Reseller', 'eventAction':'Drogi', 'eventLabel':'PoxClin CoolMousse', 'eventValue': undefined})\" rel=\"noopener\" target=\"_blank\" title=\"Drogi\"\n                data-testid=\"buy-now-reseller\">\n                <i class=\"fa-solid fa-arrow-right\"><\/i> Drogi\n              <\/a>\n          <\/li>\n                    <li>\n              <a\n                href=\"https:\/\/kanela.ch\/it\/poxclin-mousse-fresca-100ml\" onclick=\"dataLayer.push({'event':'ga_event', 'eventCategory':'Click on Reseller', 'eventAction':'Kanela', 'eventLabel':'PoxClin CoolMousse', 'eventValue': undefined})\" rel=\"noopener\" target=\"_blank\" title=\"Kanela\"\n                data-testid=\"buy-now-reseller\">\n                <i class=\"fa-solid fa-arrow-right\"><\/i> Kanela\n              <\/a>\n          <\/li>\n                    <li>\n              <a\n                href=\"https:\/\/www.puravita.ch\/de_ch\/poxclin-cool-mousse-100-ml\" onclick=\"dataLayer.push({'event':'ga_event', 'eventCategory':'Click on Reseller', 'eventAction':'Puravita', 'eventLabel':'PoxClin CoolMousse', 'eventValue': undefined})\" rel=\"noopener\" target=\"_blank\" title=\"Puravita\"\n                data-testid=\"buy-now-reseller\">\n                <i class=\"fa-solid fa-arrow-right\"><\/i> Puravita\n              <\/a>\n          <\/li>\n                    <li>\n              <a\n                href=\"https:\/\/www.sunstore.ch\/it\/poxclin-coolmousse.html\" onclick=\"dataLayer.push({'event':'ga_event', 'eventCategory':'Click on Reseller', 'eventAction':'Sunstore', 'eventLabel':'PoxClin CoolMousse', 'eventValue': undefined})\" rel=\"noopener\" target=\"_blank\" title=\"Sunstore\"\n                data-testid=\"buy-now-reseller\">\n                <i class=\"fa-solid fa-arrow-right\"><\/i> Sunstore\n              <\/a>\n          <\/li>\n                    <li>\n              <a\n                href=\"https:\/\/www.swidroshop.ch\/poxclin-coolmousse-fl-100-ml.html\" onclick=\"dataLayer.push({'event':'ga_event', 'eventCategory':'Click on Reseller', 'eventAction':'Swidro', 'eventLabel':'PoxClin CoolMousse', 'eventValue': undefined})\" rel=\"noopener\" target=\"_blank\" title=\"Swidro\"\n                data-testid=\"buy-now-reseller\">\n                <i class=\"fa-solid fa-arrow-right\"><\/i> Swidro\n              <\/a>\n          <\/li>\n                    <li>\n              <a\n                href=\"https:\/\/vitadrogerie.ch\/artikel.cfm?rubrik=0&amp;kategorie=0&amp;seite=173&amp;artikel=255966&amp;searchedstring=poxclin&amp;showfrom=1\" onclick=\"dataLayer.push({'event':'ga_event', 'eventCategory':'Click on Reseller', 'eventAction':'Vita Drogerie', 'eventLabel':'PoxClin CoolMousse', 'eventValue': undefined})\" rel=\"noopener\" target=\"_blank\" title=\"Vita Drogerie\"\n                data-testid=\"buy-now-reseller\">\n                <i class=\"fa-solid fa-arrow-right\"><\/i> Vita Drogerie\n              <\/a>\n          <\/li>\n                    <li>\n              <a\n                href=\"https:\/\/www.vitaminplus.ch\/marken\/poxclin\/3780\/poxclin-coolmousse-100-ml\" onclick=\"dataLayer.push({'event':'ga_event', 'eventCategory':'Click on Reseller', 'eventAction':'Vitaminplus', 'eventLabel':'PoxClin CoolMousse', 'eventValue': undefined})\" rel=\"noopener\" target=\"_blank\" title=\"Vitaminplus\"\n                data-testid=\"buy-now-reseller\">\n                <i class=\"fa-solid fa-arrow-right\"><\/i> Vitaminplus\n              <\/a>\n          <\/li>\n                    <li>\n              <a\n                href=\"https:\/\/www.vitaserv.ch\/pi\/GESUNDHEIT\/Medikamente-fuer-Ihre-Gesundheit\/27119\/Hautprobleme\/POXCLIN-Mousse-100.html?von_suchresultat=true\" onclick=\"dataLayer.push({'event':'ga_event', 'eventCategory':'Click on Reseller', 'eventAction':'Vitaserv', 'eventLabel':'PoxClin CoolMousse', 'eventValue': undefined})\" rel=\"noopener\" target=\"_blank\" title=\"Vitaserv\"\n                data-testid=\"buy-now-reseller\">\n                <i class=\"fa-solid fa-arrow-right\"><\/i> Vitaserv\n              <\/a>\n          <\/li>\n                <\/ul>\n    <\/div>\n  <\/div>\n  <\/div>\n            <\/div>\n                  <\/div>\n        <div class=\"swiper-scrollbar\"><\/div>\n      <\/div>\n    <\/div>\n  <\/div>\n\n\n\n<div class=\"wp-block-karopharma-free-text pt-large pb-large bg-center bg-cover bg-no-repeat  is-style-primary\" style=\"background-image:url(https:\/\/stage.poxclin.com\/cdn-cgi\/image\/format=auto\/app\/uploads\/sites\/5\/2022\/09\/bg-orange-4.png)\"><div class=\"free-text-wrapper container max-w-medium text-center\">\n<h2 class=\"has-text-align-center is-style-heading-huge wp-block-heading\"><mark style=\"background-color:rgba(0, 0, 0, 0)\" class=\"has-inline-color has-white-color\">Prodotti affidabili e sicuri per i bambini<\/mark><\/h2>\n\n\n\n<p class=\"is-style-paragraph-preamble has-white-color has-text-color\">In genere, un caso di varicella non \u00e8 complicato, anche se il prurito ad esso associato \u00e8 molto fastidioso. Molti bambini contraggono la varicella e per la maggior parte aiuta a stare molto tranquilli fino a quando la malattia non scompare (come con il raffreddore o l&#8217;influenza).<\/p>\n\n\n\n<p class=\"is-style-paragraph-preamble has-white-color has-text-color\">Tratta prontamente la varicella di tuo figlio con PoxClin\u00ae CoolMousse: allevia il prurito!<\/p>\n\n\n\n<div class=\"wp-block-buttons is-layout-flex wp-block-buttons-is-layout-flex\"><\/div>\n\n\n\n<div class=\"wp-block-buttons is-content-justification-left is-layout-flex wp-container-core-buttons-is-layout-fdcfc74e wp-block-buttons-is-layout-flex\">\n<div class=\"wp-block-button is-style-secondary-button\"><a class=\"wp-block-button__link\" href=\"https:\/\/stage.poxclin.com\/ch\/it\/prodotto\/\">Tutti i produtti<\/a><\/div>\n<\/div>\n<\/div><\/div>\n\n\n\n<div class=\"wp-block-karopharma-free-text pt-none pb-none bg-center bg-cover bg-no-repeat  is-style-secondary\" style=\"background-image:url(https:\/\/stage.poxclin.com\/cdn-cgi\/image\/format=auto\/app\/uploads\/sites\/5\/2022\/09\/bg-red-3.png)\"><div class=\"free-text-wrapper container max-w-full text-left\">\n<figure class=\"wp-block-image size-large\"><img loading=\"lazy\" decoding=\"async\" width=\"1024\" height=\"420\" src=\"https:\/\/stage.poxclin.com\/app\/uploads\/sites\/5\/2022\/09\/poxclin-girlonfloor-2-1024x420.webp\" alt=\"\" class=\"wp-image-130\" srcset=\"https:\/\/stage.poxclin.com\/app\/uploads\/sites\/5\/2022\/09\/poxclin-girlonfloor-2-1024x420.webp 1024w, https:\/\/stage.poxclin.com\/app\/uploads\/sites\/5\/2022\/09\/poxclin-girlonfloor-2-320x131.webp 320w, https:\/\/stage.poxclin.com\/app\/uploads\/sites\/5\/2022\/09\/poxclin-girlonfloor-2-768x315.webp 768w, https:\/\/stage.poxclin.com\/app\/uploads\/sites\/5\/2022\/09\/poxclin-girlonfloor-2-1536x629.webp 1536w, https:\/\/stage.poxclin.com\/app\/uploads\/sites\/5\/2022\/09\/poxclin-girlonfloor-2-600x246.webp 600w, https:\/\/stage.poxclin.com\/app\/uploads\/sites\/5\/2022\/09\/poxclin-girlonfloor-2.webp 2033w\" sizes=\"auto, (max-width: 1024px) 100vw, 1024px\" \/><\/figure>\n<\/div><\/div>\n\n\n\n<div class=\"wp-block-karopharma-free-text pt-large pb-large bg-center bg-cover bg-no-repeat  is-style-primary\" style=\"background-image:url(https:\/\/stage.poxclin.com\/cdn-cgi\/image\/format=auto\/app\/uploads\/sites\/5\/2022\/09\/bg-orange-4.png)\"><div class=\"free-text-wrapper container max-w-small text-center\">\n<h2 class=\"is-style-heading-huge has-white-color has-text-color wp-block-heading\">Domande frequenti<\/h2>\n\n\n\n<p class=\"is-style-paragraph-preamble has-white-color has-text-color\">La varicella \u00e8 contagiosa?<br>\u00c8 vero che si \u00e8 immuni dalla varicella per tutta la vita se la si contrae durante l\u2019infanzia?<\/p>\n\n\n\n<div class=\"wp-block-buttons is-layout-flex wp-block-buttons-is-layout-flex\">\n<div class=\"wp-block-button is-style-secondary-button\"><a class=\"wp-block-button__link\" href=\"https:\/\/stage.poxclin.com\/ch\/it\/faq\/\">FAQ<\/a><\/div>\n<\/div>\n<\/div><\/div>\n","protected":false},"excerpt":{"rendered":"","protected":false},"author":3,"featured_media":0,"parent":0,"menu_order":0,"comment_status":"closed","ping_status":"closed","template":"","meta":{"_acf_changed":false,"footnotes":""},"from-article-database":[],"class_list":["post-281","page","type-page","status-publish","hentry"],"acf":[],"yoast_head":"<!-- This site is optimized with the Yoast SEO plugin v26.6 - https:\/\/yoast.com\/wordpress\/plugins\/seo\/ -->\n<title>Startpage - PoxClin<\/title>\n<meta name=\"description\" content=\"Tratta prontamente la varicella di tuo figlio con PoxClin\u00ae CoolMousse: allevia il prurito e aiuta a prevenire le cicatrici!\" \/>\n<meta name=\"robots\" content=\"noindex, follow, max-snippet:-1, max-image-preview:large, max-video-preview:-1\" \/>\n<meta property=\"og:locale\" content=\"it_IT\" \/>\n<meta property=\"og:type\" content=\"article\" \/>\n<meta property=\"og:title\" content=\"Startpage - PoxClin\" \/>\n<meta property=\"og:description\" content=\"Tratta prontamente la varicella di tuo figlio con PoxClin\u00ae CoolMousse: allevia il prurito e aiuta a prevenire le cicatrici!\" \/>\n<meta property=\"og:url\" content=\"https:\/\/stage.poxclin.com\/ch\/it\/\" \/>\n<meta property=\"og:site_name\" content=\"PoxClin\" \/>\n<meta property=\"article:modified_time\" content=\"2022-11-21T10:30:23+00:00\" \/>\n<meta property=\"og:image\" content=\"https:\/\/stage.poxclin.com\/cdn-cgi\/image\/format=auto\/app\/uploads\/sites\/5\/2022\/09\/poxclin_bodymousse_f_fake.png\" \/>\n<meta name=\"twitter:card\" content=\"summary_large_image\" \/>\n<meta name=\"twitter:label1\" content=\"Est. reading time\" \/>\n\t<meta name=\"twitter:data1\" content=\"1 minute\" \/>\n<script type=\"application\/ld+json\" class=\"yoast-schema-graph\">{\"@context\":\"https:\/\/schema.org\",\"@graph\":[{\"@type\":\"WebPage\",\"@id\":\"https:\/\/stage.poxclin.com\/ch\/it\/\",\"url\":\"https:\/\/stage.poxclin.com\/ch\/it\/\",\"name\":\"Startpage - PoxClin\",\"isPartOf\":{\"@id\":\"https:\/\/stage.poxclin.com\/ch\/it\/#website\"},\"primaryImageOfPage\":{\"@id\":\"https:\/\/stage.poxclin.com\/ch\/it\/#primaryimage\"},\"image\":{\"@id\":\"https:\/\/stage.poxclin.com\/ch\/it\/#primaryimage\"},\"thumbnailUrl\":\"https:\/\/stage.poxclin.com\/cdn-cgi\/image\/format=auto\/app\/uploads\/sites\/5\/2022\/09\/poxclin_bodymousse_f_fake.png\",\"datePublished\":\"2022-08-30T07:10:53+00:00\",\"dateModified\":\"2022-11-21T10:30:23+00:00\",\"description\":\"Tratta prontamente la varicella di tuo figlio con PoxClin\u00ae CoolMousse: allevia il prurito e aiuta a prevenire le cicatrici!\",\"inLanguage\":\"it-CH\",\"potentialAction\":[{\"@type\":\"ReadAction\",\"target\":[\"https:\/\/stage.poxclin.com\/ch\/it\/\"]}]},{\"@type\":\"ImageObject\",\"inLanguage\":\"it-CH\",\"@id\":\"https:\/\/stage.poxclin.com\/ch\/it\/#primaryimage\",\"url\":\"https:\/\/stage.poxclin.com\/cdn-cgi\/image\/format=auto\/app\/uploads\/sites\/5\/2022\/09\/poxclin_bodymousse_f_fake.png\",\"contentUrl\":\"https:\/\/stage.poxclin.com\/cdn-cgi\/image\/format=auto\/app\/uploads\/sites\/5\/2022\/09\/poxclin_bodymousse_f_fake.png\"},{\"@type\":\"WebSite\",\"@id\":\"https:\/\/stage.poxclin.com\/ch\/it\/#website\",\"url\":\"https:\/\/stage.poxclin.com\/ch\/it\/\",\"name\":\"PoxClin\",\"description\":\"Just another PoxClin Sites site\",\"publisher\":{\"@id\":\"https:\/\/stage.poxclin.com\/ch\/it\/#organization\"},\"potentialAction\":[{\"@type\":\"SearchAction\",\"target\":{\"@type\":\"EntryPoint\",\"urlTemplate\":\"https:\/\/stage.poxclin.com\/ch\/it\/?s={search_term_string}\"},\"query-input\":{\"@type\":\"PropertyValueSpecification\",\"valueRequired\":true,\"valueName\":\"search_term_string\"}}],\"inLanguage\":\"it-CH\"},{\"@type\":\"Organization\",\"@id\":\"https:\/\/stage.poxclin.com\/ch\/it\/#organization\",\"name\":\"PoxClin\",\"url\":\"https:\/\/stage.poxclin.com\/ch\/it\/\",\"logo\":{\"@type\":\"ImageObject\",\"inLanguage\":\"it-CH\",\"@id\":\"https:\/\/stage.poxclin.com\/ch\/it\/#\/schema\/logo\/image\/\",\"url\":\"https:\/\/stage.poxclin.com\/app\/uploads\/sites\/5\/2022\/08\/PoxClin-logo.png\",\"contentUrl\":\"https:\/\/stage.poxclin.com\/app\/uploads\/sites\/5\/2022\/08\/PoxClin-logo.png\",\"width\":88,\"height\":24,\"caption\":\"PoxClin\"},\"image\":{\"@id\":\"https:\/\/stage.poxclin.com\/ch\/it\/#\/schema\/logo\/image\/\"}}]}<\/script>\n<!-- \/ Yoast SEO plugin. -->","yoast_head_json":{"title":"Startpage - PoxClin","description":"Tratta prontamente la varicella di tuo figlio con PoxClin\u00ae CoolMousse: allevia il prurito e aiuta a prevenire le cicatrici!","robots":{"index":"noindex","follow":"follow","max-snippet":"max-snippet:-1","max-image-preview":"max-image-preview:large","max-video-preview":"max-video-preview:-1"},"og_locale":"it_IT","og_type":"article","og_title":"Startpage - PoxClin","og_description":"Tratta prontamente la varicella di tuo figlio con PoxClin\u00ae CoolMousse: allevia il prurito e aiuta a prevenire le cicatrici!","og_url":"https:\/\/stage.poxclin.com\/ch\/it\/","og_site_name":"PoxClin","article_modified_time":"2022-11-21T10:30:23+00:00","og_image":[{"url":"https:\/\/stage.poxclin.com\/cdn-cgi\/image\/format=auto\/app\/uploads\/sites\/5\/2022\/09\/poxclin_bodymousse_f_fake.png","type":"","width":"","height":""}],"twitter_card":"summary_large_image","twitter_misc":{"Est. reading time":"1 minute"},"schema":{"@context":"https:\/\/schema.org","@graph":[{"@type":"WebPage","@id":"https:\/\/stage.poxclin.com\/ch\/it\/","url":"https:\/\/stage.poxclin.com\/ch\/it\/","name":"Startpage - PoxClin","isPartOf":{"@id":"https:\/\/stage.poxclin.com\/ch\/it\/#website"},"primaryImageOfPage":{"@id":"https:\/\/stage.poxclin.com\/ch\/it\/#primaryimage"},"image":{"@id":"https:\/\/stage.poxclin.com\/ch\/it\/#primaryimage"},"thumbnailUrl":"https:\/\/stage.poxclin.com\/cdn-cgi\/image\/format=auto\/app\/uploads\/sites\/5\/2022\/09\/poxclin_bodymousse_f_fake.png","datePublished":"2022-08-30T07:10:53+00:00","dateModified":"2022-11-21T10:30:23+00:00","description":"Tratta prontamente la varicella di tuo figlio con PoxClin\u00ae CoolMousse: allevia il prurito e aiuta a prevenire le cicatrici!","inLanguage":"it-CH","potentialAction":[{"@type":"ReadAction","target":["https:\/\/stage.poxclin.com\/ch\/it\/"]}]},{"@type":"ImageObject","inLanguage":"it-CH","@id":"https:\/\/stage.poxclin.com\/ch\/it\/#primaryimage","url":"https:\/\/stage.poxclin.com\/cdn-cgi\/image\/format=auto\/app\/uploads\/sites\/5\/2022\/09\/poxclin_bodymousse_f_fake.png","contentUrl":"https:\/\/stage.poxclin.com\/cdn-cgi\/image\/format=auto\/app\/uploads\/sites\/5\/2022\/09\/poxclin_bodymousse_f_fake.png"},{"@type":"WebSite","@id":"https:\/\/stage.poxclin.com\/ch\/it\/#website","url":"https:\/\/stage.poxclin.com\/ch\/it\/","name":"PoxClin","description":"Just another PoxClin Sites site","publisher":{"@id":"https:\/\/stage.poxclin.com\/ch\/it\/#organization"},"potentialAction":[{"@type":"SearchAction","target":{"@type":"EntryPoint","urlTemplate":"https:\/\/stage.poxclin.com\/ch\/it\/?s={search_term_string}"},"query-input":{"@type":"PropertyValueSpecification","valueRequired":true,"valueName":"search_term_string"}}],"inLanguage":"it-CH"},{"@type":"Organization","@id":"https:\/\/stage.poxclin.com\/ch\/it\/#organization","name":"PoxClin","url":"https:\/\/stage.poxclin.com\/ch\/it\/","logo":{"@type":"ImageObject","inLanguage":"it-CH","@id":"https:\/\/stage.poxclin.com\/ch\/it\/#\/schema\/logo\/image\/","url":"https:\/\/stage.poxclin.com\/app\/uploads\/sites\/5\/2022\/08\/PoxClin-logo.png","contentUrl":"https:\/\/stage.poxclin.com\/app\/uploads\/sites\/5\/2022\/08\/PoxClin-logo.png","width":88,"height":24,"caption":"PoxClin"},"image":{"@id":"https:\/\/stage.poxclin.com\/ch\/it\/#\/schema\/logo\/image\/"}}]}},"_links":{"self":[{"href":"https:\/\/stage.poxclin.com\/ch\/it\/wp-json\/wp\/v2\/pages\/281","targetHints":{"allow":["GET"]}}],"collection":[{"href":"https:\/\/stage.poxclin.com\/ch\/it\/wp-json\/wp\/v2\/pages"}],"about":[{"href":"https:\/\/stage.poxclin.com\/ch\/it\/wp-json\/wp\/v2\/types\/page"}],"author":[{"embeddable":true,"href":"https:\/\/stage.poxclin.com\/ch\/it\/wp-json\/wp\/v2\/users\/3"}],"replies":[{"embeddable":true,"href":"https:\/\/stage.poxclin.com\/ch\/it\/wp-json\/wp\/v2\/comments?post=281"}],"version-history":[{"count":10,"href":"https:\/\/stage.poxclin.com\/ch\/it\/wp-json\/wp\/v2\/pages\/281\/revisions"}],"predecessor-version":[{"id":480,"href":"https:\/\/stage.poxclin.com\/ch\/it\/wp-json\/wp\/v2\/pages\/281\/revisions\/480"}],"wp:attachment":[{"href":"https:\/\/stage.poxclin.com\/ch\/it\/wp-json\/wp\/v2\/media?parent=281"}],"wp:term":[{"taxonomy":"from-article-database","embeddable":true,"href":"https:\/\/stage.poxclin.com\/ch\/it\/wp-json\/wp\/v2\/from-article-database?post=281"}],"curies":[{"name":"wp","href":"https:\/\/api.w.org\/{rel}","templated":true}]}}