{"id":50,"date":"2022-09-06T14:24:47","date_gmt":"2022-09-06T12:24:47","guid":{"rendered":"https:\/\/stage.poxclin.com\/no\/?page_id=50"},"modified":"2023-04-19T14:33:32","modified_gmt":"2023-04-19T12:33:32","slug":"faq","status":"publish","type":"page","link":"https:\/\/stage.poxclin.com\/no\/faq\/","title":{"rendered":"Vanlige sp\u00f8rsm\u00e5l"},"content":{"rendered":"\n<div class=\"wp-block-karopharma-free-text pt-large pb-large bg-center bg-cover bg-no-repeat\" style=\"background-image:url(https:\/\/stage.poxclin.com\/cdn-cgi\/image\/format=auto\/app\/uploads\/sites\/6\/2022\/09\/bg-red.png)\"><div class=\"free-text-wrapper container max-w-medium text-left\">\n<h1 class=\"has-text-align-center is-style-heading-huge wp-block-heading\"><mark style=\"background-color:rgba(0, 0, 0, 0)\" class=\"has-inline-color has-white-color\">Vanlige sp\u00f8rsm\u00e5l<\/mark><\/h1>\n<\/div><\/div>\n\n\n\n<div style=\"height:100px\" aria-hidden=\"true\" class=\"wp-block-spacer is-style-responsive-small\"><\/div>\n\n\n\n<h2 class=\"has-text-align-center is-style-heading-h3 wp-block-heading\">PoxClin Coolmousse<\/h2>\n\n\n\n<div class=\"wp-block-karopharma-accordions\"><div class=\"container\">\n<details class=\"wp-block-karopharma-accordion\"><summary><h2 class=\"accordion-title\">Hva er vannkopper?<\/h2><\/summary><div class=\"accordion-content\">\n<p>En akutt, smittsom sykdom som oftest forekommer hos barn.<\/p>\n\n\n\n<p>Inkubasjonstiden er 1\u20133 uker. Vannkopper for\u00e5rsakes av humant herpesvirus 3 (HHV), ogs\u00e5 kalt Varicella-zoster-virus.<\/p>\n\n\n\n<p>Sykdommen varer normalt i 7\u201310 dager. En person smitter fra ca. tre dager f\u00f8r utslettet bryter ut, til alle blemmene har t\u00f8rket inn og det er dannet skorper.<\/p>\n<\/div><\/details>\n\n\n\n<details class=\"wp-block-karopharma-accordion\"><summary><h2 class=\"accordion-title\">Er vannkopper farlig?<\/h2><\/summary><div class=\"accordion-content\">\n<p>Hos friske barn er vannkopper f\u00f8rst og fremst forbundet med ubehag. Alvorlige komplikasjoner som hudinfeksjoner, lungebetennelse og h\u00f8y feber er sjeldne, men skal tas p\u00e5 alvor.<br>Kontakt lege dersom disse symptomene oppst\u00e5r.<\/p>\n<\/div><\/details>\n\n\n\n<details class=\"wp-block-karopharma-accordion\"><summary><h2 class=\"accordion-title\">Hvordan kjenner man igjen vannkopper?<\/h2><\/summary><div class=\"accordion-content\">\n<p>Tilstanden begynner med lett feber og eventuelt hodepine. Etter to til fem dager opptrer et karakteristisk r\u00f8dt utslett, og feberen stiger.<\/p>\n\n\n\n<p>Utslettet utvikler seg til r\u00f8de flekker (som oftest f\u00f8rst synlige i ansiktet og p\u00e5 brystet, og vil senere spre seg over hele kroppen), deretter til litt st\u00f8rre \u00abknupper\u00bb og etter noen timer til v\u00e6skefylte blemmer.<\/p>\n\n\n\n<p>Blemmene ligner vanndr\u00e5per omgitt av en r\u00f8d sirkel. Blemmene opptrer som regel i kombinasjon med feber, magesmerter og en generell f\u00f8lelse av ubehag med tr\u00f8tthet og svakhet, en tilstand som kan vare i flere dager.<\/p>\n\n\n\n<p>Blemmene sprekker etter noen dager og danner s\u00e5rskorper, ofte i l\u00f8pet av noen timer.<\/p>\n\n\n\n<p>Kl\u00f8en kan v\u00e6re sv\u00e6rt intens, noe som \u00f8ker lysten til \u00e5 kl\u00f8 p\u00e5 blemmene.<\/p>\n\n\n\n<p>Hvis man kl\u00f8r hull p\u00e5 blemmene og ikke beskytter dem, kan de bli infisert, noe som kan f\u00f8re til arr.<\/p>\n<\/div><\/details>\n\n\n\n<details class=\"wp-block-karopharma-accordion\"><summary><h2 class=\"accordion-title\">Hvordan vet jeg om vannkoppene smitter?<\/h2><\/summary><div class=\"accordion-content\">\n<p>Vannkopper smitter et par dager f\u00f8r utslettet oppst\u00e5r og slutter \u00e5 smitte n\u00e5r det ikke oppst\u00e5r nytt utslett og alt eksisterende utslett har dannet skorper.<\/p>\n<\/div><\/details>\n\n\n\n<details class=\"wp-block-karopharma-accordion\"><summary><h2 class=\"accordion-title\">Hvor lenge skal barnet v\u00e6re hjemme?<\/h2><\/summary><div class=\"accordion-content\">\n<p>N\u00e5r det oppdages et tilfelle av vannkopper, for eksempel i en barnehage, har smitten ofte allerede spredt seg.<\/p>\n\n\n\n<p>Derfor er det vanskelig \u00e5 stoppe smitten ved \u00e5 holde barnet hjemme.<\/p>\n\n\n\n<p>Barnet er ikke smittefritt f\u00f8r blemmene har dannet skorper og\/eller t\u00f8rket inn.<\/p>\n\n\n\n<p>Barn blir vanligvis friske omtrent en uke etter at symptomene har vist seg.<\/p>\n\n\n\n<p>Man b\u00f8r informere barnehagen eller skolen om at barnet har vannkopper, ettersom flere kan v\u00e6re smittet.<\/p>\n<\/div><\/details>\n<\/div><\/div>\n\n\n\n<h2 class=\"has-text-align-center is-style-heading-h3 wp-block-heading\">KidsClin Skorv Serum<\/h2>\n\n\n\n<div class=\"wp-block-karopharma-accordions\"><div class=\"container\">\n<details class=\"wp-block-karopharma-accordion\"><summary><h2 class=\"accordion-title\">Hvor lang tid tar det \u00e5 bli kvitt skurv?<\/h2><\/summary><div class=\"accordion-content\">\n<p>Behandlingstiden varierer avhengig av alvorlighetsgrad, men det tar normalt mellom 1-4 uker.<\/p>\n<\/div><\/details>\n\n\n\n<details class=\"wp-block-karopharma-accordion\"><summary><h2 class=\"accordion-title\">Kan alle barn bruke KidsClin Skorv Kit?<\/h2><\/summary><div class=\"accordion-content\">\n<p>KidsClin Skorv er klinisk testet og trygt \u00e5 bruke for barn. Det er ingen kjente bivirkninger forbundet med bruk av KidsClin.<\/p>\n<\/div><\/details>\n\n\n\n<details class=\"wp-block-karopharma-accordion\"><summary><h2 class=\"accordion-title\">Hva er skurv?<\/h2><\/summary><div class=\"accordion-content\">\n<p>Skurv er preget av gule eller brunlige skjell som ofte vises i hodebunnen. Skjellene flaker og kan f\u00f8re til at huden under blir r\u00f8d. Noen ganger kan h\u00e5r f\u00f8lge med flakene, men det vokser ut igjen. Oftest dannes skurv i hodebunnen, men det kan ogs\u00e5 vises i ansiktet, p\u00e5 \u00f8rene, p\u00e5 halsen, rundt bleieomr\u00e5det og i armhulene.<\/p>\n<\/div><\/details>\n\n\n\n<details class=\"wp-block-karopharma-accordion\"><summary><h2 class=\"accordion-title\">Hva for\u00e5rsaker skurv?<\/h2><\/summary><div class=\"accordion-content\">\n<p>Den faktiske \u00e5rsaken til skurv er det ikke enighet rundt, men det antas \u00e5 v\u00e6re assosiert med en overproduksjon av talg (et oljeaktig stoff) kombinert med en soppinfeksjon (malassezia). Det sies ogs\u00e5 \u00e5 skyldes en utilstrekkelig mengde av en fettsyre som kalles gamma-linolensyre.<\/p>\n<\/div><\/details>\n<\/div><\/div>\n","protected":false},"excerpt":{"rendered":"<p>PoxClin Coolmousse KidsClin Skorv Serum<\/p>\n","protected":false},"author":3,"featured_media":0,"parent":0,"menu_order":0,"comment_status":"closed","ping_status":"closed","template":"","meta":{"_acf_changed":false,"footnotes":""},"from-article-database":[],"class_list":["post-50","page","type-page","status-publish","hentry"],"acf":[],"yoast_head":"<!-- This site is optimized with the Yoast SEO plugin v26.6 - https:\/\/yoast.com\/wordpress\/plugins\/seo\/ -->\n<title>Vanlige sp\u00f8rsm\u00e5l - PoxClin<\/title>\n<meta name=\"description\" content=\"Vanlige sp\u00f8rsm\u00e5l - Hva er vannkopper? Er vannkopper farlig? Hva er skabb?\" \/>\n<meta name=\"robots\" content=\"noindex, follow, max-snippet:-1, max-image-preview:large, max-video-preview:-1\" \/>\n<meta property=\"og:locale\" content=\"nb_NO\" \/>\n<meta property=\"og:type\" content=\"article\" \/>\n<meta property=\"og:title\" content=\"Vanlige sp\u00f8rsm\u00e5l - PoxClin\" \/>\n<meta property=\"og:description\" content=\"Vanlige sp\u00f8rsm\u00e5l - Hva er vannkopper? Er vannkopper farlig? Hva er skabb?\" \/>\n<meta property=\"og:url\" content=\"https:\/\/stage.poxclin.com\/no\/faq\/\" \/>\n<meta property=\"og:site_name\" content=\"PoxClin\" \/>\n<meta property=\"article:modified_time\" content=\"2023-04-19T12:33:32+00:00\" \/>\n<meta name=\"twitter:card\" content=\"summary_large_image\" \/>\n<meta name=\"twitter:label1\" content=\"Ansl. lesetid\" \/>\n\t<meta name=\"twitter:data1\" content=\"3 minutter\" \/>\n<script type=\"application\/ld+json\" class=\"yoast-schema-graph\">{\"@context\":\"https:\/\/schema.org\",\"@graph\":[{\"@type\":\"WebPage\",\"@id\":\"https:\/\/stage.poxclin.com\/no\/faq\/\",\"url\":\"https:\/\/stage.poxclin.com\/no\/faq\/\",\"name\":\"Vanlige sp\u00f8rsm\u00e5l - PoxClin\",\"isPartOf\":{\"@id\":\"https:\/\/stage.poxclin.com\/no\/#website\"},\"datePublished\":\"2022-09-06T12:24:47+00:00\",\"dateModified\":\"2023-04-19T12:33:32+00:00\",\"description\":\"Vanlige sp\u00f8rsm\u00e5l - Hva er vannkopper? Er vannkopper farlig? Hva er skabb?\",\"inLanguage\":\"nb-NO\",\"potentialAction\":[{\"@type\":\"ReadAction\",\"target\":[\"https:\/\/stage.poxclin.com\/no\/faq\/\"]}]},{\"@type\":\"WebSite\",\"@id\":\"https:\/\/stage.poxclin.com\/no\/#website\",\"url\":\"https:\/\/stage.poxclin.com\/no\/\",\"name\":\"PoxClin\",\"description\":\"\",\"publisher\":{\"@id\":\"https:\/\/stage.poxclin.com\/no\/#organization\"},\"potentialAction\":[{\"@type\":\"SearchAction\",\"target\":{\"@type\":\"EntryPoint\",\"urlTemplate\":\"https:\/\/stage.poxclin.com\/no\/?s={search_term_string}\"},\"query-input\":{\"@type\":\"PropertyValueSpecification\",\"valueRequired\":true,\"valueName\":\"search_term_string\"}}],\"inLanguage\":\"nb-NO\"},{\"@type\":\"Organization\",\"@id\":\"https:\/\/stage.poxclin.com\/no\/#organization\",\"name\":\"PoxClin\",\"url\":\"https:\/\/stage.poxclin.com\/no\/\",\"logo\":{\"@type\":\"ImageObject\",\"inLanguage\":\"nb-NO\",\"@id\":\"https:\/\/stage.poxclin.com\/no\/#\/schema\/logo\/image\/\",\"url\":\"https:\/\/stage.poxclin.com\/app\/uploads\/sites\/6\/2022\/12\/PoxClin-KidsClin-logo.png\",\"contentUrl\":\"https:\/\/stage.poxclin.com\/app\/uploads\/sites\/6\/2022\/12\/PoxClin-KidsClin-logo.png\",\"width\":205,\"height\":32,\"caption\":\"PoxClin\"},\"image\":{\"@id\":\"https:\/\/stage.poxclin.com\/no\/#\/schema\/logo\/image\/\"}}]}<\/script>\n<!-- \/ Yoast SEO plugin. -->","yoast_head_json":{"title":"Vanlige sp\u00f8rsm\u00e5l - PoxClin","description":"Vanlige sp\u00f8rsm\u00e5l - Hva er vannkopper? Er vannkopper farlig? Hva er skabb?","robots":{"index":"noindex","follow":"follow","max-snippet":"max-snippet:-1","max-image-preview":"max-image-preview:large","max-video-preview":"max-video-preview:-1"},"og_locale":"nb_NO","og_type":"article","og_title":"Vanlige sp\u00f8rsm\u00e5l - PoxClin","og_description":"Vanlige sp\u00f8rsm\u00e5l - Hva er vannkopper? Er vannkopper farlig? Hva er skabb?","og_url":"https:\/\/stage.poxclin.com\/no\/faq\/","og_site_name":"PoxClin","article_modified_time":"2023-04-19T12:33:32+00:00","twitter_card":"summary_large_image","twitter_misc":{"Ansl. lesetid":"3 minutter"},"schema":{"@context":"https:\/\/schema.org","@graph":[{"@type":"WebPage","@id":"https:\/\/stage.poxclin.com\/no\/faq\/","url":"https:\/\/stage.poxclin.com\/no\/faq\/","name":"Vanlige sp\u00f8rsm\u00e5l - PoxClin","isPartOf":{"@id":"https:\/\/stage.poxclin.com\/no\/#website"},"datePublished":"2022-09-06T12:24:47+00:00","dateModified":"2023-04-19T12:33:32+00:00","description":"Vanlige sp\u00f8rsm\u00e5l - Hva er vannkopper? Er vannkopper farlig? Hva er skabb?","inLanguage":"nb-NO","potentialAction":[{"@type":"ReadAction","target":["https:\/\/stage.poxclin.com\/no\/faq\/"]}]},{"@type":"WebSite","@id":"https:\/\/stage.poxclin.com\/no\/#website","url":"https:\/\/stage.poxclin.com\/no\/","name":"PoxClin","description":"","publisher":{"@id":"https:\/\/stage.poxclin.com\/no\/#organization"},"potentialAction":[{"@type":"SearchAction","target":{"@type":"EntryPoint","urlTemplate":"https:\/\/stage.poxclin.com\/no\/?s={search_term_string}"},"query-input":{"@type":"PropertyValueSpecification","valueRequired":true,"valueName":"search_term_string"}}],"inLanguage":"nb-NO"},{"@type":"Organization","@id":"https:\/\/stage.poxclin.com\/no\/#organization","name":"PoxClin","url":"https:\/\/stage.poxclin.com\/no\/","logo":{"@type":"ImageObject","inLanguage":"nb-NO","@id":"https:\/\/stage.poxclin.com\/no\/#\/schema\/logo\/image\/","url":"https:\/\/stage.poxclin.com\/app\/uploads\/sites\/6\/2022\/12\/PoxClin-KidsClin-logo.png","contentUrl":"https:\/\/stage.poxclin.com\/app\/uploads\/sites\/6\/2022\/12\/PoxClin-KidsClin-logo.png","width":205,"height":32,"caption":"PoxClin"},"image":{"@id":"https:\/\/stage.poxclin.com\/no\/#\/schema\/logo\/image\/"}}]}},"_links":{"self":[{"href":"https:\/\/stage.poxclin.com\/no\/wp-json\/wp\/v2\/pages\/50","targetHints":{"allow":["GET"]}}],"collection":[{"href":"https:\/\/stage.poxclin.com\/no\/wp-json\/wp\/v2\/pages"}],"about":[{"href":"https:\/\/stage.poxclin.com\/no\/wp-json\/wp\/v2\/types\/page"}],"author":[{"embeddable":true,"href":"https:\/\/stage.poxclin.com\/no\/wp-json\/wp\/v2\/users\/3"}],"replies":[{"embeddable":true,"href":"https:\/\/stage.poxclin.com\/no\/wp-json\/wp\/v2\/comments?post=50"}],"version-history":[{"count":8,"href":"https:\/\/stage.poxclin.com\/no\/wp-json\/wp\/v2\/pages\/50\/revisions"}],"predecessor-version":[{"id":203,"href":"https:\/\/stage.poxclin.com\/no\/wp-json\/wp\/v2\/pages\/50\/revisions\/203"}],"wp:attachment":[{"href":"https:\/\/stage.poxclin.com\/no\/wp-json\/wp\/v2\/media?parent=50"}],"wp:term":[{"taxonomy":"from-article-database","embeddable":true,"href":"https:\/\/stage.poxclin.com\/no\/wp-json\/wp\/v2\/from-article-database?post=50"}],"curies":[{"name":"wp","href":"https:\/\/api.w.org\/{rel}","templated":true}]}}