{"id":62,"date":"2022-09-06T14:25:39","date_gmt":"2022-09-06T12:25:39","guid":{"rendered":"https:\/\/stage.poxclin.com\/no\/?page_id=62"},"modified":"2023-04-20T09:45:25","modified_gmt":"2023-04-20T07:45:25","slug":"om-poxclin","status":"publish","type":"page","link":"https:\/\/stage.poxclin.com\/no\/om-poxclin\/","title":{"rendered":"Om PoxClin &#038; KidsClin"},"content":{"rendered":"\n<div class=\"wp-block-karopharma-free-text pt-large pb-large bg-center bg-cover bg-no-repeat\" style=\"background-image:url(https:\/\/stage.poxclin.com\/cdn-cgi\/image\/format=auto\/app\/uploads\/sites\/6\/2022\/09\/bg-red.png)\"><div class=\"free-text-wrapper container max-w-medium text-left\">\n<h1 class=\"has-text-align-center is-style-heading-huge wp-block-heading\"><mark style=\"background-color:rgba(0, 0, 0, 0)\" class=\"has-inline-color has-white-color\">Om PoxClin &amp; KidsClin<\/mark><\/h1>\n<\/div><\/div>\n\n\n\n<div class=\"wp-block-karopharma-free-text pt-large pb-large bg-center bg-cover bg-no-repeat  is-style-secondary\" style=\"background-image:url()\"><div class=\"free-text-wrapper container max-w-medium text-left\">\n<h2 class=\"wp-block-heading\">PoxClin &amp; KidsClin: Sk\u00e5nsomme behandlinger for barnet ditt<\/h2>\n\n\n\n<p class=\"is-style-paragraph-preamble\"><strong>PoxClin CoolMousse<\/strong><\/p>\n\n\n\n<ul class=\"is-style-default wp-block-list\"><li>PoxClin Cool Mousse hjelper mot kl\u00f8e fra vannkopper<\/li><li>Den avkj\u00f8lende moussen har en umiddelbar effekt<\/li><li>Virker avkj\u00f8lende og lindrer kl\u00f8e<\/li><li>Ved \u00e5 sette en stopper for kl\u00f8en reduseres risikoen for at koppene blir ripes opp, og blir smittefarlige<\/li><li>KidsClin Body Mousse lindrer kl\u00f8e fra for eksempel elveblest eller t\u00f8rr hud<\/li><li>Moussen er enkel \u00e5 p\u00e5f\u00f8re, og er hverken irriterende eller klissete<\/li><li>Barnevennlig<\/li><li>PoxClin Cool Mousse og KidsClin Body Mousse er medisinsk utstyr<\/li><\/ul>\n\n\n\n<p>PoxClin CoolMousse lindrer symptomer ved vannkopper, som irritasjon, kl\u00f8e og overf\u00f8lsomhet. Den inneholder et mykt skum som er lett \u00e5 p\u00e5f\u00f8re, og som absorberes raskt og lett av huden.<\/p>\n\n\n\n<p class=\"is-style-paragraph-preamble\"><strong><strong>KidsClin Skorv Serum er en sk\u00e5nsom fjerning av skurv.<\/strong><\/strong><\/p>\n\n\n\n<ul class=\"is-style-default wp-block-list\"><li>Barnevennlig<\/li><li>Skaper en beskyttende overflate<\/li><li>Umiddelbare resultater<\/li><\/ul>\n<\/div><\/div>\n\n\n<div class=\"product-list wp-block-karopharma-product-list is-style-primary\" data-testid=\"product-list\">\n      <div class=\"swiper-container\">\n      <div class=\"swiper\">\n        <div class=\"swiper-wrapper\">\n                      <div class=\"swiper-slide\">\n              <div class=\"product-card\" data-testid=\"product-card\">\n  <a\n    href=https:\/\/stage.poxclin.com\/no\/produkt\/kidsclin-skorv-serum\/\n    class=\"product-card-link\"\n    title=\"KidsClin Skorv Serum\"\n  >\n  <figure class=\"product-card-image\" data-testid=\"product-image\">\n                          <img decoding=\"async\" src=\"https:\/\/stage.poxclin.com\/cdn-cgi\/image\/width=700,format=auto\/app\/uploads\/sites\/6\/2022\/12\/dermicin_kidsclin_skorv_a01.png\"\n        srcset=\"https:\/\/stage.poxclin.com\/cdn-cgi\/image\/width=250,format=auto\/app\/uploads\/sites\/6\/2022\/12\/dermicin_kidsclin_skorv_a01.png 250w,\n                https:\/\/stage.poxclin.com\/cdn-cgi\/image\/width=500,format=auto\/app\/uploads\/sites\/6\/2022\/12\/dermicin_kidsclin_skorv_a01.png 500w,\n                https:\/\/stage.poxclin.com\/cdn-cgi\/image\/width=700,format=auto\/app\/uploads\/sites\/6\/2022\/12\/dermicin_kidsclin_skorv_a01.png 700w\"\n        sizes=\"(max-width: 400px) 250px, (max-width: 800px) 500px, 700px\"\n        alt=\"dermicin_kidsclin_skorv_a01\"\n        class=\"img\">\n            <\/figure>\n    <div class=\"product-card-content\">\n      <div class=\"heading-wrapper\">\n        <h2 class=\"heading\">KidsClin Skorv Serum<\/h2>\n      <\/div>\n      <div class=\"product-card-description\"><\/div>\n                      <\/div>\n  <\/a>\n          <div class=\"button-wrapper buy-now no-resellers\" data-testid=\"buy-now\">\n          <div class=\"buy-now-container dropdown-container\">\n    <a\n      class=\"theme-button button-primary-color rounded-button\"\n      href=\"https:\/\/www.boots.no\/kidsclin-skurv-serumsett-924296\" onclick=\"dataLayer.push({'event':'ga_event', 'eventCategory':'Click on Reseller', 'eventAction':'Boots', 'eventLabel':'KidsClin Skorv Serum', 'eventValue': undefined})\" rel=\"noopener\" target=\"_blank\" title=\"Boots\"\n      data-testid=\"buy-now-reseller\">\n      Kj\u00f8p n\u00e5\n    <\/a>\n    <\/div>\n  <\/div>\n  <\/div>\n            <\/div>\n                      <div class=\"swiper-slide\">\n              <div class=\"product-card\" data-testid=\"product-card\">\n  <a\n    href=https:\/\/stage.poxclin.com\/no\/produkt\/poxclin-coolmousse\/\n    class=\"product-card-link\"\n    title=\"PoxClin Coolmousse\"\n  >\n  <figure class=\"product-card-image\" data-testid=\"product-image\">\n                          <img decoding=\"async\" src=\"https:\/\/stage.poxclin.com\/cdn-cgi\/image\/width=700,format=auto\/app\/uploads\/sites\/6\/2022\/09\/poxclin_vattkoppor_1.png\"\n        srcset=\"https:\/\/stage.poxclin.com\/cdn-cgi\/image\/width=250,format=auto\/app\/uploads\/sites\/6\/2022\/09\/poxclin_vattkoppor_1.png 250w,\n                https:\/\/stage.poxclin.com\/cdn-cgi\/image\/width=500,format=auto\/app\/uploads\/sites\/6\/2022\/09\/poxclin_vattkoppor_1.png 500w,\n                https:\/\/stage.poxclin.com\/cdn-cgi\/image\/width=700,format=auto\/app\/uploads\/sites\/6\/2022\/09\/poxclin_vattkoppor_1.png 700w\"\n        sizes=\"(max-width: 400px) 250px, (max-width: 800px) 500px, 700px\"\n        alt=\"Poxclin CoolMousse\"\n        class=\"img\">\n            <\/figure>\n    <div class=\"product-card-content\">\n      <div class=\"heading-wrapper\">\n        <h2 class=\"heading\">PoxClin Coolmousse<\/h2>\n      <\/div>\n      <div class=\"product-card-description\"><\/div>\n                      <\/div>\n  <\/a>\n          <div class=\"button-wrapper buy-now \" data-testid=\"buy-now\">\n      <div class=\"buy-now-container dropdown-container\">\n      <div class=\"theme-button button-primary-color dropdown-link\" aria-label=\"Kj\u00f8p n\u00e5\">\n          Kj\u00f8p n\u00e5 <i class=\"dropdown\"><\/i>\n      <\/div>\n      <ul class=\"reseller-list submenu\">\n                    <li>\n              <a\n                href=\"https:\/\/www.apotek1.no\/produkter\/poxclin-coolmousse-100ml-904065p\" onclick=\"dataLayer.push({'event':'ga_event', 'eventCategory':'Click on Reseller', 'eventAction':'Apotek1', 'eventLabel':'PoxClin Coolmousse', 'eventValue': undefined})\" rel=\"noopener\" target=\"_blank\" title=\"Apotek1\"\n                data-testid=\"buy-now-reseller\">\n                <i class=\"fa-solid fa-arrow-right\"><\/i> Apotek1\n              <\/a>\n          <\/li>\n                    <li>\n              <a\n                href=\"https:\/\/www.apotera.no\/poxclin-coolmousse-kloelindre-skum-100ml\" onclick=\"dataLayer.push({'event':'ga_event', 'eventCategory':'Click on Reseller', 'eventAction':'Apotera', 'eventLabel':'PoxClin Coolmousse', 'eventValue': undefined})\" rel=\"noopener\" target=\"_blank\" title=\"Apotera\"\n                data-testid=\"buy-now-reseller\">\n                <i class=\"fa-solid fa-arrow-right\"><\/i> Apotera\n              <\/a>\n          <\/li>\n                    <li>\n              <a\n                href=\"https:\/\/www.boots.no\/poxclin-coolmousse-kloelindre-100-ml-904065\" onclick=\"dataLayer.push({'event':'ga_event', 'eventCategory':'Click on Reseller', 'eventAction':'Boots', 'eventLabel':'PoxClin Coolmousse', 'eventValue': undefined})\" rel=\"noopener\" target=\"_blank\" title=\"Boots\"\n                data-testid=\"buy-now-reseller\">\n                <i class=\"fa-solid fa-arrow-right\"><\/i> Boots\n              <\/a>\n          <\/li>\n                    <li>\n              <a\n                href=\"https:\/\/www.farmasiet.no\/catalog\/allergi-og-astma\/kloe-og-utslett\/poxclin-coolmousse-kloelindre-100,5001194?searchQuery=Poxclin\" onclick=\"dataLayer.push({'event':'ga_event', 'eventCategory':'Click on Reseller', 'eventAction':'Farmasiet', 'eventLabel':'PoxClin Coolmousse', 'eventValue': undefined})\" rel=\"noopener\" target=\"_blank\" title=\"Farmasiet\"\n                data-testid=\"buy-now-reseller\">\n                <i class=\"fa-solid fa-arrow-right\"><\/i> Farmasiet\n              <\/a>\n          <\/li>\n                    <li>\n              <a\n                href=\"https:\/\/www.vitusapotek.no\/kroppspleie\/eksem-og-torr-hud\/poxclin-coolmousse-100-ml\/p\/904065\" onclick=\"dataLayer.push({'event':'ga_event', 'eventCategory':'Click on Reseller', 'eventAction':'Vitusapotek', 'eventLabel':'PoxClin Coolmousse', 'eventValue': undefined})\" rel=\"noopener\" target=\"_blank\" title=\"Vitusapotek\"\n                data-testid=\"buy-now-reseller\">\n                <i class=\"fa-solid fa-arrow-right\"><\/i> Vitusapotek\n              <\/a>\n          <\/li>\n                <\/ul>\n    <\/div>\n  <\/div>\n  <\/div>\n            <\/div>\n                  <\/div>\n        <div class=\"swiper-scrollbar\"><\/div>\n      <\/div>\n    <\/div>\n  <\/div>\n","protected":false},"excerpt":{"rendered":"","protected":false},"author":3,"featured_media":0,"parent":0,"menu_order":0,"comment_status":"closed","ping_status":"closed","template":"","meta":{"_acf_changed":false,"footnotes":""},"from-article-database":[],"class_list":["post-62","page","type-page","status-publish","hentry"],"acf":[],"yoast_head":"<!-- This site is optimized with the Yoast SEO plugin v26.6 - https:\/\/yoast.com\/wordpress\/plugins\/seo\/ -->\n<title>Om PoxClin &amp; KidsClin - PoxClin<\/title>\n<meta name=\"description\" content=\"PoxClin &amp; KidsClin sk\u00e5nsomme behandlinger for barnet ditt\" \/>\n<meta name=\"robots\" content=\"noindex, follow, max-snippet:-1, max-image-preview:large, max-video-preview:-1\" \/>\n<meta property=\"og:locale\" content=\"nb_NO\" \/>\n<meta property=\"og:type\" content=\"article\" \/>\n<meta property=\"og:title\" content=\"Om PoxClin &amp; KidsClin - PoxClin\" \/>\n<meta property=\"og:description\" content=\"PoxClin &amp; KidsClin sk\u00e5nsomme behandlinger for barnet ditt\" \/>\n<meta property=\"og:url\" content=\"https:\/\/stage.poxclin.com\/no\/om-poxclin\/\" \/>\n<meta property=\"og:site_name\" content=\"PoxClin\" \/>\n<meta property=\"article:modified_time\" content=\"2023-04-20T07:45:25+00:00\" \/>\n<meta name=\"twitter:card\" content=\"summary_large_image\" \/>\n<meta name=\"twitter:label1\" content=\"Ansl. lesetid\" \/>\n\t<meta name=\"twitter:data1\" content=\"1 minutt\" \/>\n<script type=\"application\/ld+json\" class=\"yoast-schema-graph\">{\"@context\":\"https:\/\/schema.org\",\"@graph\":[{\"@type\":\"WebPage\",\"@id\":\"https:\/\/stage.poxclin.com\/no\/om-poxclin\/\",\"url\":\"https:\/\/stage.poxclin.com\/no\/om-poxclin\/\",\"name\":\"Om PoxClin & KidsClin - PoxClin\",\"isPartOf\":{\"@id\":\"https:\/\/stage.poxclin.com\/no\/#website\"},\"datePublished\":\"2022-09-06T12:25:39+00:00\",\"dateModified\":\"2023-04-20T07:45:25+00:00\",\"description\":\"PoxClin & KidsClin sk\u00e5nsomme behandlinger for barnet ditt\",\"inLanguage\":\"nb-NO\",\"potentialAction\":[{\"@type\":\"ReadAction\",\"target\":[\"https:\/\/stage.poxclin.com\/no\/om-poxclin\/\"]}]},{\"@type\":\"WebSite\",\"@id\":\"https:\/\/stage.poxclin.com\/no\/#website\",\"url\":\"https:\/\/stage.poxclin.com\/no\/\",\"name\":\"PoxClin\",\"description\":\"\",\"publisher\":{\"@id\":\"https:\/\/stage.poxclin.com\/no\/#organization\"},\"potentialAction\":[{\"@type\":\"SearchAction\",\"target\":{\"@type\":\"EntryPoint\",\"urlTemplate\":\"https:\/\/stage.poxclin.com\/no\/?s={search_term_string}\"},\"query-input\":{\"@type\":\"PropertyValueSpecification\",\"valueRequired\":true,\"valueName\":\"search_term_string\"}}],\"inLanguage\":\"nb-NO\"},{\"@type\":\"Organization\",\"@id\":\"https:\/\/stage.poxclin.com\/no\/#organization\",\"name\":\"PoxClin\",\"url\":\"https:\/\/stage.poxclin.com\/no\/\",\"logo\":{\"@type\":\"ImageObject\",\"inLanguage\":\"nb-NO\",\"@id\":\"https:\/\/stage.poxclin.com\/no\/#\/schema\/logo\/image\/\",\"url\":\"https:\/\/stage.poxclin.com\/app\/uploads\/sites\/6\/2022\/12\/PoxClin-KidsClin-logo.png\",\"contentUrl\":\"https:\/\/stage.poxclin.com\/app\/uploads\/sites\/6\/2022\/12\/PoxClin-KidsClin-logo.png\",\"width\":205,\"height\":32,\"caption\":\"PoxClin\"},\"image\":{\"@id\":\"https:\/\/stage.poxclin.com\/no\/#\/schema\/logo\/image\/\"}}]}<\/script>\n<!-- \/ Yoast SEO plugin. -->","yoast_head_json":{"title":"Om PoxClin & KidsClin - PoxClin","description":"PoxClin & KidsClin sk\u00e5nsomme behandlinger for barnet ditt","robots":{"index":"noindex","follow":"follow","max-snippet":"max-snippet:-1","max-image-preview":"max-image-preview:large","max-video-preview":"max-video-preview:-1"},"og_locale":"nb_NO","og_type":"article","og_title":"Om PoxClin & KidsClin - PoxClin","og_description":"PoxClin & KidsClin sk\u00e5nsomme behandlinger for barnet ditt","og_url":"https:\/\/stage.poxclin.com\/no\/om-poxclin\/","og_site_name":"PoxClin","article_modified_time":"2023-04-20T07:45:25+00:00","twitter_card":"summary_large_image","twitter_misc":{"Ansl. lesetid":"1 minutt"},"schema":{"@context":"https:\/\/schema.org","@graph":[{"@type":"WebPage","@id":"https:\/\/stage.poxclin.com\/no\/om-poxclin\/","url":"https:\/\/stage.poxclin.com\/no\/om-poxclin\/","name":"Om PoxClin & KidsClin - PoxClin","isPartOf":{"@id":"https:\/\/stage.poxclin.com\/no\/#website"},"datePublished":"2022-09-06T12:25:39+00:00","dateModified":"2023-04-20T07:45:25+00:00","description":"PoxClin & KidsClin sk\u00e5nsomme behandlinger for barnet ditt","inLanguage":"nb-NO","potentialAction":[{"@type":"ReadAction","target":["https:\/\/stage.poxclin.com\/no\/om-poxclin\/"]}]},{"@type":"WebSite","@id":"https:\/\/stage.poxclin.com\/no\/#website","url":"https:\/\/stage.poxclin.com\/no\/","name":"PoxClin","description":"","publisher":{"@id":"https:\/\/stage.poxclin.com\/no\/#organization"},"potentialAction":[{"@type":"SearchAction","target":{"@type":"EntryPoint","urlTemplate":"https:\/\/stage.poxclin.com\/no\/?s={search_term_string}"},"query-input":{"@type":"PropertyValueSpecification","valueRequired":true,"valueName":"search_term_string"}}],"inLanguage":"nb-NO"},{"@type":"Organization","@id":"https:\/\/stage.poxclin.com\/no\/#organization","name":"PoxClin","url":"https:\/\/stage.poxclin.com\/no\/","logo":{"@type":"ImageObject","inLanguage":"nb-NO","@id":"https:\/\/stage.poxclin.com\/no\/#\/schema\/logo\/image\/","url":"https:\/\/stage.poxclin.com\/app\/uploads\/sites\/6\/2022\/12\/PoxClin-KidsClin-logo.png","contentUrl":"https:\/\/stage.poxclin.com\/app\/uploads\/sites\/6\/2022\/12\/PoxClin-KidsClin-logo.png","width":205,"height":32,"caption":"PoxClin"},"image":{"@id":"https:\/\/stage.poxclin.com\/no\/#\/schema\/logo\/image\/"}}]}},"_links":{"self":[{"href":"https:\/\/stage.poxclin.com\/no\/wp-json\/wp\/v2\/pages\/62","targetHints":{"allow":["GET"]}}],"collection":[{"href":"https:\/\/stage.poxclin.com\/no\/wp-json\/wp\/v2\/pages"}],"about":[{"href":"https:\/\/stage.poxclin.com\/no\/wp-json\/wp\/v2\/types\/page"}],"author":[{"embeddable":true,"href":"https:\/\/stage.poxclin.com\/no\/wp-json\/wp\/v2\/users\/3"}],"replies":[{"embeddable":true,"href":"https:\/\/stage.poxclin.com\/no\/wp-json\/wp\/v2\/comments?post=62"}],"version-history":[{"count":10,"href":"https:\/\/stage.poxclin.com\/no\/wp-json\/wp\/v2\/pages\/62\/revisions"}],"predecessor-version":[{"id":211,"href":"https:\/\/stage.poxclin.com\/no\/wp-json\/wp\/v2\/pages\/62\/revisions\/211"}],"wp:attachment":[{"href":"https:\/\/stage.poxclin.com\/no\/wp-json\/wp\/v2\/media?parent=62"}],"wp:term":[{"taxonomy":"from-article-database","embeddable":true,"href":"https:\/\/stage.poxclin.com\/no\/wp-json\/wp\/v2\/from-article-database?post=62"}],"curies":[{"name":"wp","href":"https:\/\/api.w.org\/{rel}","templated":true}]}}