{"id":8,"date":"2022-08-30T11:46:04","date_gmt":"2022-08-30T09:46:04","guid":{"rendered":"https:\/\/stage.poxclin.com\/no\/?page_id=8"},"modified":"2023-04-19T14:47:02","modified_gmt":"2023-04-19T12:47:02","slug":"poxclin-kidsclin","status":"publish","type":"page","link":"https:\/\/stage.poxclin.com\/no\/","title":{"rendered":"PoxClin &#038; KidsClin"},"content":{"rendered":"\n<div class=\"wp-block-karopharma-product-promotion text-align-right pt-large pb-large bg-top bg-cover bg-no-repeat\" style=\"background-image:url(https:\/\/stage.poxclin.com\/cdn-cgi\/image\/format=auto\/app\/uploads\/sites\/6\/2022\/12\/kidsclin_hero-cropped.webp)\"><div class=\"container max-w-large\">\n<div class=\"wp-block-group is-layout-flow wp-block-group-is-layout-flow\">\n<figure class=\"wp-block-image size-full is-resized blanker\"><img loading=\"lazy\" decoding=\"async\" src=\"https:\/\/stage.poxclin.com\/app\/uploads\/sites\/7\/2022\/09\/blank.png\" alt=\"blank\" class=\"wp-image-272\" width=\"512\" height=\"723\"\/><\/figure>\n<\/div>\n\n\n\n<div class=\"wp-block-group is-layout-flow wp-block-group-is-layout-flow\">\n<h1 class=\"title is-style-heading-huge has-white-color has-text-color wp-block-heading\"><mark style=\"background-color:rgba(0, 0, 0, 0)\" class=\"has-inline-color has-white-color\">EFFEKTIV OG SK\u00c5NSOM BEHANDLING AV BARNEHUD.<\/mark><\/h1>\n\n\n\n<h2 class=\"heading is-style-heading-h2 has-white-color has-text-color wp-block-heading\">PoxClin och KidsClin<\/h2>\n\n\n\n<p class=\"has-white-color has-text-color\"><\/p>\n\n\n\n<ul class=\"is-style-icon vittext has-white-color has-text-color wp-block-list\"><li>Effektiv<\/li><li>Lett \u00e5 bruke<\/li><li>Barnevennlig<\/li><\/ul>\n\n\n\n<div class=\"wp-block-buttons is-layout-flex wp-block-buttons-is-layout-flex\">\n<div class=\"wp-block-button is-style-alternative-button\"><a class=\"wp-block-button__link\" href=\"https:\/\/stage.poxclin.com\/no\/produkter\/\">Les mer<\/a><\/div>\n<\/div>\n<\/div>\n<\/div><\/div>\n\n\n<div class=\"product-list wp-block-karopharma-product-list is-style-primary\" data-testid=\"product-list\">\n      <div class=\"swiper-container\">\n      <div class=\"swiper\">\n        <div class=\"swiper-wrapper\">\n                      <div class=\"swiper-slide\">\n              <div class=\"product-card\" data-testid=\"product-card\">\n  <a\n    href=https:\/\/stage.poxclin.com\/no\/produkt\/kidsclin-skorv-serum\/\n    class=\"product-card-link\"\n    title=\"KidsClin Skorv Serum\"\n  >\n  <figure class=\"product-card-image\" data-testid=\"product-image\">\n                          <img decoding=\"async\" src=\"https:\/\/stage.poxclin.com\/cdn-cgi\/image\/width=700,format=auto\/app\/uploads\/sites\/6\/2022\/12\/dermicin_kidsclin_skorv_a01.png\"\n        srcset=\"https:\/\/stage.poxclin.com\/cdn-cgi\/image\/width=250,format=auto\/app\/uploads\/sites\/6\/2022\/12\/dermicin_kidsclin_skorv_a01.png 250w,\n                https:\/\/stage.poxclin.com\/cdn-cgi\/image\/width=500,format=auto\/app\/uploads\/sites\/6\/2022\/12\/dermicin_kidsclin_skorv_a01.png 500w,\n                https:\/\/stage.poxclin.com\/cdn-cgi\/image\/width=700,format=auto\/app\/uploads\/sites\/6\/2022\/12\/dermicin_kidsclin_skorv_a01.png 700w\"\n        sizes=\"(max-width: 400px) 250px, (max-width: 800px) 500px, 700px\"\n        alt=\"dermicin_kidsclin_skorv_a01\"\n        class=\"img\">\n            <\/figure>\n    <div class=\"product-card-content\">\n      <div class=\"heading-wrapper\">\n        <h2 class=\"heading\">KidsClin Skorv Serum<\/h2>\n      <\/div>\n      <div class=\"product-card-description\"><\/div>\n                      <\/div>\n  <\/a>\n          <div class=\"button-wrapper buy-now no-resellers\" data-testid=\"buy-now\">\n          <div class=\"buy-now-container dropdown-container\">\n    <a\n      class=\"theme-button button-primary-color rounded-button\"\n      href=\"https:\/\/www.boots.no\/kidsclin-skurv-serumsett-924296\" onclick=\"dataLayer.push({'event':'ga_event', 'eventCategory':'Click on Reseller', 'eventAction':'Boots', 'eventLabel':'KidsClin Skorv Serum', 'eventValue': undefined})\" rel=\"noopener\" target=\"_blank\" title=\"Boots\"\n      data-testid=\"buy-now-reseller\">\n      Kj\u00f8p n\u00e5\n    <\/a>\n    <\/div>\n  <\/div>\n  <\/div>\n            <\/div>\n                      <div class=\"swiper-slide\">\n              <div class=\"product-card\" data-testid=\"product-card\">\n  <a\n    href=https:\/\/stage.poxclin.com\/no\/produkt\/poxclin-coolmousse\/\n    class=\"product-card-link\"\n    title=\"PoxClin Coolmousse\"\n  >\n  <figure class=\"product-card-image\" data-testid=\"product-image\">\n                          <img decoding=\"async\" src=\"https:\/\/stage.poxclin.com\/cdn-cgi\/image\/width=700,format=auto\/app\/uploads\/sites\/6\/2022\/09\/poxclin_vattkoppor_1.png\"\n        srcset=\"https:\/\/stage.poxclin.com\/cdn-cgi\/image\/width=250,format=auto\/app\/uploads\/sites\/6\/2022\/09\/poxclin_vattkoppor_1.png 250w,\n                https:\/\/stage.poxclin.com\/cdn-cgi\/image\/width=500,format=auto\/app\/uploads\/sites\/6\/2022\/09\/poxclin_vattkoppor_1.png 500w,\n                https:\/\/stage.poxclin.com\/cdn-cgi\/image\/width=700,format=auto\/app\/uploads\/sites\/6\/2022\/09\/poxclin_vattkoppor_1.png 700w\"\n        sizes=\"(max-width: 400px) 250px, (max-width: 800px) 500px, 700px\"\n        alt=\"Poxclin CoolMousse\"\n        class=\"img\">\n            <\/figure>\n    <div class=\"product-card-content\">\n      <div class=\"heading-wrapper\">\n        <h2 class=\"heading\">PoxClin Coolmousse<\/h2>\n      <\/div>\n      <div class=\"product-card-description\"><\/div>\n                      <\/div>\n  <\/a>\n          <div class=\"button-wrapper buy-now \" data-testid=\"buy-now\">\n      <div class=\"buy-now-container dropdown-container\">\n      <div class=\"theme-button button-primary-color dropdown-link\" aria-label=\"Kj\u00f8p n\u00e5\">\n          Kj\u00f8p n\u00e5 <i class=\"dropdown\"><\/i>\n      <\/div>\n      <ul class=\"reseller-list submenu\">\n                    <li>\n              <a\n                href=\"https:\/\/www.apotek1.no\/produkter\/poxclin-coolmousse-100ml-904065p\" onclick=\"dataLayer.push({'event':'ga_event', 'eventCategory':'Click on Reseller', 'eventAction':'Apotek1', 'eventLabel':'PoxClin Coolmousse', 'eventValue': undefined})\" rel=\"noopener\" target=\"_blank\" title=\"Apotek1\"\n                data-testid=\"buy-now-reseller\">\n                <i class=\"fa-solid fa-arrow-right\"><\/i> Apotek1\n              <\/a>\n          <\/li>\n                    <li>\n              <a\n                href=\"https:\/\/www.apotera.no\/poxclin-coolmousse-kloelindre-skum-100ml\" onclick=\"dataLayer.push({'event':'ga_event', 'eventCategory':'Click on Reseller', 'eventAction':'Apotera', 'eventLabel':'PoxClin Coolmousse', 'eventValue': undefined})\" rel=\"noopener\" target=\"_blank\" title=\"Apotera\"\n                data-testid=\"buy-now-reseller\">\n                <i class=\"fa-solid fa-arrow-right\"><\/i> Apotera\n              <\/a>\n          <\/li>\n                    <li>\n              <a\n                href=\"https:\/\/www.boots.no\/poxclin-coolmousse-kloelindre-100-ml-904065\" onclick=\"dataLayer.push({'event':'ga_event', 'eventCategory':'Click on Reseller', 'eventAction':'Boots', 'eventLabel':'PoxClin Coolmousse', 'eventValue': undefined})\" rel=\"noopener\" target=\"_blank\" title=\"Boots\"\n                data-testid=\"buy-now-reseller\">\n                <i class=\"fa-solid fa-arrow-right\"><\/i> Boots\n              <\/a>\n          <\/li>\n                    <li>\n              <a\n                href=\"https:\/\/www.farmasiet.no\/catalog\/allergi-og-astma\/kloe-og-utslett\/poxclin-coolmousse-kloelindre-100,5001194?searchQuery=Poxclin\" onclick=\"dataLayer.push({'event':'ga_event', 'eventCategory':'Click on Reseller', 'eventAction':'Farmasiet', 'eventLabel':'PoxClin Coolmousse', 'eventValue': undefined})\" rel=\"noopener\" target=\"_blank\" title=\"Farmasiet\"\n                data-testid=\"buy-now-reseller\">\n                <i class=\"fa-solid fa-arrow-right\"><\/i> Farmasiet\n              <\/a>\n          <\/li>\n                    <li>\n              <a\n                href=\"https:\/\/www.vitusapotek.no\/kroppspleie\/eksem-og-torr-hud\/poxclin-coolmousse-100-ml\/p\/904065\" onclick=\"dataLayer.push({'event':'ga_event', 'eventCategory':'Click on Reseller', 'eventAction':'Vitusapotek', 'eventLabel':'PoxClin Coolmousse', 'eventValue': undefined})\" rel=\"noopener\" target=\"_blank\" title=\"Vitusapotek\"\n                data-testid=\"buy-now-reseller\">\n                <i class=\"fa-solid fa-arrow-right\"><\/i> Vitusapotek\n              <\/a>\n          <\/li>\n                <\/ul>\n    <\/div>\n  <\/div>\n  <\/div>\n            <\/div>\n                  <\/div>\n        <div class=\"swiper-scrollbar\"><\/div>\n      <\/div>\n    <\/div>\n  <\/div>\n\n\n\n<div class=\"wp-block-karopharma-free-text pt-large pb-large bg-center bg-cover bg-no-repeat  is-style-primary\" style=\"background-image:url(https:\/\/stage.poxclin.com\/cdn-cgi\/image\/format=auto\/app\/uploads\/sites\/6\/2022\/09\/bg-orange.png)\"><div class=\"free-text-wrapper container max-w-medium text-center\">\n<h2 class=\"has-text-align-center is-style-heading-huge wp-block-heading\"><mark style=\"background-color:rgba(0, 0, 0, 0)\" class=\"has-inline-color has-white-color\">Beskytter babyens hud<\/mark><\/h2>\n\n\n\n<p class=\"has-text-align-center is-style-paragraph-preamble\"><mark style=\"background-color:rgba(0, 0, 0, 0)\" class=\"has-inline-color has-white-color\">Vannkopper er vanlig, men det finnes produkter som lindrer symptomene forbundet med disse plagene. Vi har ogs\u00e5 flere effektive produkter som bidrar til \u00e5 forebygge, behandle og lindre kl\u00f8ende hud, skabb og bleieutslett.<\/mark><\/p>\n\n\n\n<div class=\"wp-block-buttons is-layout-flex wp-block-buttons-is-layout-flex\"><\/div>\n\n\n\n<div class=\"wp-block-buttons is-content-justification-left is-layout-flex wp-container-core-buttons-is-layout-fdcfc74e wp-block-buttons-is-layout-flex\">\n<div class=\"wp-block-button is-style-alternative-button\"><a class=\"wp-block-button__link\" href=\"https:\/\/stage.poxclin.com\/no\/produkter\/\">LES MER<\/a><\/div>\n<\/div>\n<\/div><\/div>\n\n\n\n<div class=\"wp-block-karopharma-free-text pt-none pb-none bg-center bg-cover bg-no-repeat  is-style-secondary\" style=\"background-image:url(https:\/\/stage.poxclin.com\/cdn-cgi\/image\/format=auto\/app\/uploads\/sites\/2\/2022\/08\/bg-red.png)\"><div class=\"free-text-wrapper container max-w-full text-left\">\n<figure class=\"wp-block-image size-large\"><img loading=\"lazy\" decoding=\"async\" width=\"1024\" height=\"420\" src=\"https:\/\/stage.poxclin.com\/app\/uploads\/sites\/6\/2022\/09\/poxclin-girlonfloor-1024x420.webp\" alt=\"poxclin-girlonfloor\" class=\"wp-image-43\" srcset=\"https:\/\/stage.poxclin.com\/app\/uploads\/sites\/6\/2022\/09\/poxclin-girlonfloor-1024x420.webp 1024w, https:\/\/stage.poxclin.com\/app\/uploads\/sites\/6\/2022\/09\/poxclin-girlonfloor-320x131.webp 320w, https:\/\/stage.poxclin.com\/app\/uploads\/sites\/6\/2022\/09\/poxclin-girlonfloor-768x315.webp 768w, https:\/\/stage.poxclin.com\/app\/uploads\/sites\/6\/2022\/09\/poxclin-girlonfloor-1536x629.webp 1536w, https:\/\/stage.poxclin.com\/app\/uploads\/sites\/6\/2022\/09\/poxclin-girlonfloor-600x246.webp 600w, https:\/\/stage.poxclin.com\/app\/uploads\/sites\/6\/2022\/09\/poxclin-girlonfloor.webp 2033w\" sizes=\"auto, (max-width: 1024px) 100vw, 1024px\" \/><\/figure>\n<\/div><\/div>\n\n\n\n<div class=\"wp-block-karopharma-free-text pt-large pb-large bg-center bg-cover bg-no-repeat  is-style-primary\" style=\"background-image:url(https:\/\/stage.poxclin.com\/cdn-cgi\/image\/format=auto\/app\/uploads\/sites\/6\/2022\/09\/bg-orange.png)\"><div class=\"free-text-wrapper container max-w-small text-center\">\n<h2 class=\"is-style-heading-huge has-white-color has-text-color wp-block-heading\"><mark style=\"background-color:rgba(0, 0, 0, 0)\" class=\"has-inline-color has-white-color\">Trenger du mer informasjon?<\/mark><\/h2>\n\n\n\n<p class=\"is-style-paragraph-preamble has-white-color has-text-color\">Det kan v\u00e6re vanskelig \u00e5 vite hva symptomene er for skabb og bleieutslett, eller hvordan man behandler vannkopper. Vi har samlet inn verdifull informasjon for deg.<\/p>\n\n\n\n<div class=\"wp-block-buttons is-layout-flex wp-block-buttons-is-layout-flex\">\n<div class=\"wp-block-button is-style-secondary-button\"><a class=\"wp-block-button__link\" href=\"https:\/\/stage.poxclin.com\/no\/faq\/\">FAQ<\/a><\/div>\n<\/div>\n<\/div><\/div>\n","protected":false},"excerpt":{"rendered":"","protected":false},"author":3,"featured_media":0,"parent":0,"menu_order":0,"comment_status":"closed","ping_status":"closed","template":"","meta":{"_acf_changed":false,"footnotes":""},"from-article-database":[],"class_list":["post-8","page","type-page","status-publish","hentry"],"acf":[],"yoast_head":"<!-- This site is optimized with the Yoast SEO plugin v26.6 - https:\/\/yoast.com\/wordpress\/plugins\/seo\/ -->\n<title>PoxClin &amp; KidsClin - PoxClin<\/title>\n<meta name=\"description\" content=\"PoxClin &amp; Kidsclin -Trygge behandlinger for babyen din \u2013 Beskytter babyens hud.\" \/>\n<meta name=\"robots\" content=\"noindex, follow, max-snippet:-1, max-image-preview:large, max-video-preview:-1\" \/>\n<meta property=\"og:locale\" content=\"nb_NO\" \/>\n<meta property=\"og:type\" content=\"article\" \/>\n<meta property=\"og:title\" content=\"PoxClin &amp; KidsClin - PoxClin\" \/>\n<meta property=\"og:description\" content=\"PoxClin &amp; Kidsclin -Trygge behandlinger for babyen din \u2013 Beskytter babyens hud.\" \/>\n<meta property=\"og:url\" content=\"https:\/\/stage.poxclin.com\/no\/\" \/>\n<meta property=\"og:site_name\" content=\"PoxClin\" \/>\n<meta property=\"article:modified_time\" content=\"2023-04-19T12:47:02+00:00\" \/>\n<meta property=\"og:image\" content=\"https:\/\/stage.poxclin.com\/app\/uploads\/sites\/7\/2022\/09\/blank.png\" \/>\n<meta name=\"twitter:card\" content=\"summary_large_image\" \/>\n<meta name=\"twitter:label1\" content=\"Ansl. lesetid\" \/>\n\t<meta name=\"twitter:data1\" content=\"1 minutt\" \/>\n<script type=\"application\/ld+json\" class=\"yoast-schema-graph\">{\"@context\":\"https:\/\/schema.org\",\"@graph\":[{\"@type\":\"WebPage\",\"@id\":\"https:\/\/stage.poxclin.com\/no\/\",\"url\":\"https:\/\/stage.poxclin.com\/no\/\",\"name\":\"PoxClin & KidsClin - PoxClin\",\"isPartOf\":{\"@id\":\"https:\/\/stage.poxclin.com\/no\/#website\"},\"primaryImageOfPage\":{\"@id\":\"https:\/\/stage.poxclin.com\/no\/#primaryimage\"},\"image\":{\"@id\":\"https:\/\/stage.poxclin.com\/no\/#primaryimage\"},\"thumbnailUrl\":\"https:\/\/stage.poxclin.com\/app\/uploads\/sites\/7\/2022\/09\/blank.png\",\"datePublished\":\"2022-08-30T09:46:04+00:00\",\"dateModified\":\"2023-04-19T12:47:02+00:00\",\"description\":\"PoxClin & Kidsclin -Trygge behandlinger for babyen din \u2013 Beskytter babyens hud.\",\"inLanguage\":\"nb-NO\",\"potentialAction\":[{\"@type\":\"ReadAction\",\"target\":[\"https:\/\/stage.poxclin.com\/no\/\"]}]},{\"@type\":\"ImageObject\",\"inLanguage\":\"nb-NO\",\"@id\":\"https:\/\/stage.poxclin.com\/no\/#primaryimage\",\"url\":\"https:\/\/stage.poxclin.com\/app\/uploads\/sites\/7\/2022\/09\/blank.png\",\"contentUrl\":\"https:\/\/stage.poxclin.com\/app\/uploads\/sites\/7\/2022\/09\/blank.png\"},{\"@type\":\"WebSite\",\"@id\":\"https:\/\/stage.poxclin.com\/no\/#website\",\"url\":\"https:\/\/stage.poxclin.com\/no\/\",\"name\":\"PoxClin\",\"description\":\"\",\"publisher\":{\"@id\":\"https:\/\/stage.poxclin.com\/no\/#organization\"},\"potentialAction\":[{\"@type\":\"SearchAction\",\"target\":{\"@type\":\"EntryPoint\",\"urlTemplate\":\"https:\/\/stage.poxclin.com\/no\/?s={search_term_string}\"},\"query-input\":{\"@type\":\"PropertyValueSpecification\",\"valueRequired\":true,\"valueName\":\"search_term_string\"}}],\"inLanguage\":\"nb-NO\"},{\"@type\":\"Organization\",\"@id\":\"https:\/\/stage.poxclin.com\/no\/#organization\",\"name\":\"PoxClin\",\"url\":\"https:\/\/stage.poxclin.com\/no\/\",\"logo\":{\"@type\":\"ImageObject\",\"inLanguage\":\"nb-NO\",\"@id\":\"https:\/\/stage.poxclin.com\/no\/#\/schema\/logo\/image\/\",\"url\":\"https:\/\/stage.poxclin.com\/app\/uploads\/sites\/6\/2022\/12\/PoxClin-KidsClin-logo.png\",\"contentUrl\":\"https:\/\/stage.poxclin.com\/app\/uploads\/sites\/6\/2022\/12\/PoxClin-KidsClin-logo.png\",\"width\":205,\"height\":32,\"caption\":\"PoxClin\"},\"image\":{\"@id\":\"https:\/\/stage.poxclin.com\/no\/#\/schema\/logo\/image\/\"}}]}<\/script>\n<!-- \/ Yoast SEO plugin. -->","yoast_head_json":{"title":"PoxClin & KidsClin - PoxClin","description":"PoxClin & Kidsclin -Trygge behandlinger for babyen din \u2013 Beskytter babyens hud.","robots":{"index":"noindex","follow":"follow","max-snippet":"max-snippet:-1","max-image-preview":"max-image-preview:large","max-video-preview":"max-video-preview:-1"},"og_locale":"nb_NO","og_type":"article","og_title":"PoxClin & KidsClin - PoxClin","og_description":"PoxClin & Kidsclin -Trygge behandlinger for babyen din \u2013 Beskytter babyens hud.","og_url":"https:\/\/stage.poxclin.com\/no\/","og_site_name":"PoxClin","article_modified_time":"2023-04-19T12:47:02+00:00","og_image":[{"url":"https:\/\/stage.poxclin.com\/app\/uploads\/sites\/7\/2022\/09\/blank.png","type":"","width":"","height":""}],"twitter_card":"summary_large_image","twitter_misc":{"Ansl. lesetid":"1 minutt"},"schema":{"@context":"https:\/\/schema.org","@graph":[{"@type":"WebPage","@id":"https:\/\/stage.poxclin.com\/no\/","url":"https:\/\/stage.poxclin.com\/no\/","name":"PoxClin & KidsClin - PoxClin","isPartOf":{"@id":"https:\/\/stage.poxclin.com\/no\/#website"},"primaryImageOfPage":{"@id":"https:\/\/stage.poxclin.com\/no\/#primaryimage"},"image":{"@id":"https:\/\/stage.poxclin.com\/no\/#primaryimage"},"thumbnailUrl":"https:\/\/stage.poxclin.com\/app\/uploads\/sites\/7\/2022\/09\/blank.png","datePublished":"2022-08-30T09:46:04+00:00","dateModified":"2023-04-19T12:47:02+00:00","description":"PoxClin & Kidsclin -Trygge behandlinger for babyen din \u2013 Beskytter babyens hud.","inLanguage":"nb-NO","potentialAction":[{"@type":"ReadAction","target":["https:\/\/stage.poxclin.com\/no\/"]}]},{"@type":"ImageObject","inLanguage":"nb-NO","@id":"https:\/\/stage.poxclin.com\/no\/#primaryimage","url":"https:\/\/stage.poxclin.com\/app\/uploads\/sites\/7\/2022\/09\/blank.png","contentUrl":"https:\/\/stage.poxclin.com\/app\/uploads\/sites\/7\/2022\/09\/blank.png"},{"@type":"WebSite","@id":"https:\/\/stage.poxclin.com\/no\/#website","url":"https:\/\/stage.poxclin.com\/no\/","name":"PoxClin","description":"","publisher":{"@id":"https:\/\/stage.poxclin.com\/no\/#organization"},"potentialAction":[{"@type":"SearchAction","target":{"@type":"EntryPoint","urlTemplate":"https:\/\/stage.poxclin.com\/no\/?s={search_term_string}"},"query-input":{"@type":"PropertyValueSpecification","valueRequired":true,"valueName":"search_term_string"}}],"inLanguage":"nb-NO"},{"@type":"Organization","@id":"https:\/\/stage.poxclin.com\/no\/#organization","name":"PoxClin","url":"https:\/\/stage.poxclin.com\/no\/","logo":{"@type":"ImageObject","inLanguage":"nb-NO","@id":"https:\/\/stage.poxclin.com\/no\/#\/schema\/logo\/image\/","url":"https:\/\/stage.poxclin.com\/app\/uploads\/sites\/6\/2022\/12\/PoxClin-KidsClin-logo.png","contentUrl":"https:\/\/stage.poxclin.com\/app\/uploads\/sites\/6\/2022\/12\/PoxClin-KidsClin-logo.png","width":205,"height":32,"caption":"PoxClin"},"image":{"@id":"https:\/\/stage.poxclin.com\/no\/#\/schema\/logo\/image\/"}}]}},"_links":{"self":[{"href":"https:\/\/stage.poxclin.com\/no\/wp-json\/wp\/v2\/pages\/8","targetHints":{"allow":["GET"]}}],"collection":[{"href":"https:\/\/stage.poxclin.com\/no\/wp-json\/wp\/v2\/pages"}],"about":[{"href":"https:\/\/stage.poxclin.com\/no\/wp-json\/wp\/v2\/types\/page"}],"author":[{"embeddable":true,"href":"https:\/\/stage.poxclin.com\/no\/wp-json\/wp\/v2\/users\/3"}],"replies":[{"embeddable":true,"href":"https:\/\/stage.poxclin.com\/no\/wp-json\/wp\/v2\/comments?post=8"}],"version-history":[{"count":10,"href":"https:\/\/stage.poxclin.com\/no\/wp-json\/wp\/v2\/pages\/8\/revisions"}],"predecessor-version":[{"id":210,"href":"https:\/\/stage.poxclin.com\/no\/wp-json\/wp\/v2\/pages\/8\/revisions\/210"}],"wp:attachment":[{"href":"https:\/\/stage.poxclin.com\/no\/wp-json\/wp\/v2\/media?parent=8"}],"wp:term":[{"taxonomy":"from-article-database","embeddable":true,"href":"https:\/\/stage.poxclin.com\/no\/wp-json\/wp\/v2\/from-article-database?post=8"}],"curies":[{"name":"wp","href":"https:\/\/api.w.org\/{rel}","templated":true}]}}