{"id":125,"date":"2022-12-16T13:17:10","date_gmt":"2022-12-16T12:17:10","guid":{"rendered":"https:\/\/stage.poxclin.com\/no\/?post_type=product&#038;p=125"},"modified":"2023-04-19T14:44:16","modified_gmt":"2023-04-19T12:44:16","slug":"kidsclin-skorv-serum","status":"publish","type":"product","link":"https:\/\/stage.poxclin.com\/no\/produkt\/kidsclin-skorv-serum\/","title":{"rendered":"KidsClin Skorv Serum"},"content":{"rendered":"\n<div class=\"wp-block-karopharma-accordions is-style-secondary\"><div class=\"container\">\n<details class=\"wp-block-karopharma-accordion\"><summary><h2 class=\"accordion-title\">Bruksanvisning<\/h2><\/summary><div class=\"accordion-content\">\n<div class=\"wp-block-karopharma-several-images-with-text several-images-with-text\"><div class=\"container large col-1 content-align-none\" test-data=\"inner-content\">\n<section class=\"wp-block-karopharma-image-with-text image-with-text image-with-text__full-width\"><div class=\"image-with-text-container \"><div class=\"image-with-text-container-image-container\"><img decoding=\"async\" loading=\"lazy\" src=\"https:\/\/stage.poxclin.com\/cdn-cgi\/image\/format=auto\/app\/uploads\/sites\/6\/2022\/12\/kidsclin_cradlecap_howtouse_1.png\" alt=\"kidsclin_cradlecap_howtouse_1\"\/><\/div><div class=\"image-with-text-container-content\" style=\"text-align:left\" data-test=\"content\"><div class=\"content\"><p class=\"body\" data-test=\"body\">1. Spray serumet to ganger inn i h\u00e5ndflaten<\/p>\n<div class=\"wp-block-buttons is-layout-flex wp-block-buttons-is-layout-flex\"><\/div>\n<\/div><\/div><\/div><\/section>\n\n\n\n<section class=\"wp-block-karopharma-image-with-text image-with-text image-with-text__full-width\"><div class=\"image-with-text-container \"><div class=\"image-with-text-container-image-container\"><img decoding=\"async\" loading=\"lazy\" src=\"https:\/\/stage.poxclin.com\/cdn-cgi\/image\/format=auto\/app\/uploads\/sites\/6\/2022\/12\/kidsclin_cradlecap_howtouse_2.png\" alt=\"kidsclin_cradlecap_howtouse_2\"\/><\/div><div class=\"image-with-text-container-content\" style=\"text-align:left\" data-test=\"content\"><div class=\"content\"><p class=\"body\" data-test=\"body\">2. Masser serumet inn i de ber\u00f8rte hudomr\u00e5dene, to ganger daglig til s\u00e5rskorpene er borte<\/p>\n<div class=\"wp-block-buttons is-layout-flex wp-block-buttons-is-layout-flex\"><\/div>\n<\/div><\/div><\/div><\/section>\n\n\n\n<section class=\"wp-block-karopharma-image-with-text image-with-text image-with-text__full-width\"><div class=\"image-with-text-container \"><div class=\"image-with-text-container-image-container\"><img decoding=\"async\" loading=\"lazy\" src=\"https:\/\/stage.poxclin.com\/cdn-cgi\/image\/format=auto\/app\/uploads\/sites\/6\/2022\/12\/kidsclin_cradlecap_howtouse_3.png\" alt=\"kidsclin_cradlecap_howtouse_3\"\/><\/div><div class=\"image-with-text-container-content\" style=\"text-align:left\" data-test=\"content\"><div class=\"content\"><p class=\"body\" data-test=\"body\">3. For sikker fjerning av skorper &#8211; bruk b\u00f8rsten med svampen og kammen (hjelper n\u00e5r det er h\u00e5r i veien)<\/p>\n<div class=\"wp-block-buttons is-layout-flex wp-block-buttons-is-layout-flex\"><\/div>\n<\/div><\/div><\/div><\/section>\n\n\n\n<section class=\"wp-block-karopharma-image-with-text image-with-text image-with-text__full-width\"><div class=\"image-with-text-container \"><div class=\"image-with-text-container-image-container\"><img decoding=\"async\" loading=\"lazy\" src=\"https:\/\/stage.poxclin.com\/cdn-cgi\/image\/format=auto\/app\/uploads\/sites\/6\/2022\/12\/kidsclin_cradlecap_howtouse_4.png\" alt=\"kidsclin_cradlecap_howtouse_4\"\/><\/div><div class=\"image-with-text-container-content\" style=\"text-align:left\" data-test=\"content\"><div class=\"content\"><p class=\"body\" data-test=\"body\">4. Hvis barnet har skabb rundt \u00f8ynene, kan KidsClin\u00ae sprayes p\u00e5 en bomullspad for \u00e5 gj\u00f8re det lettere \u00e5 p\u00e5f\u00f8re uten \u00e5 f\u00e5 serumet i barnets \u00f8ye<\/p>\n<div class=\"wp-block-buttons is-layout-flex wp-block-buttons-is-layout-flex\"><\/div>\n<\/div><\/div><\/div><\/section>\n<\/div><\/div>\n<\/div><\/details>\n\n\n\n<details class=\"wp-block-karopharma-accordion\"><summary><h2 class=\"accordion-title\">Fakta<\/h2><\/summary><div class=\"accordion-content\">\n<p><strong>F\u00f6rdelar med KidsClin Skorv<\/strong><\/p>\n\n\n\n<ul class=\"is-style-default wp-block-list\"><li>Praktisk sett \u2013 inneholder alt du du trenger for sk\u00e5nsom behandling av skurv<\/li><li>Tilf\u00f8rer fuktighet, og gj\u00f8r huden myk<\/li><li>Danner et beskyttende lag<\/li><li>Motvirker infeksjon<\/li><li>Raske resultater<\/li><li>Barnevennlig<\/li><\/ul>\n\n\n\n<div style=\"height:100px\" aria-hidden=\"true\" class=\"wp-block-spacer is-style-responsive-small\"><\/div>\n\n\n\n<p><strong>Innhold 30ml<\/strong><\/p>\n\n\n\n<p>Settet inkluderer:<\/p>\n\n\n\n<p><strong>Serum spray<\/strong><\/p>\n\n\n\n<ul class=\"is-style-default wp-block-list\"><li>L\u00f8ser \u00f8yeblikkelig opp det klissete laget av t\u00f8rr talg<\/li><li>Reduserer tap av fuktighet i huden<\/li><li>Gjenoppretter hudens barrierefunksjon<\/li><\/ul>\n\n\n\n<p><strong>B\u00f8rste<\/strong><br>Masserer forsiktig hodebunnen, og fjerner skjell<\/p>\n\n\n\n<p><strong>Kam<br><\/strong>Sk\u00e5nsom fjerning av flak fra h\u00e5ret<\/p>\n\n\n\n<div style=\"height:100px\" aria-hidden=\"true\" class=\"wp-block-spacer is-style-responsive-small\"><\/div>\n\n\n\n<p><strong>Ingredienser<\/strong><\/p>\n\n\n\n<p>Borago Officinalis Seed Oil, Squalane, Tocopheryl Acetate, Helianthus Annuus Seed Oil, Rosmarinus Officinalis Leaf Extract.<\/p>\n<\/div><\/details>\n<\/div><\/div>\n\n\n\n<div class=\"wp-block-karopharma-accordions is-style-primary\"><div class=\"container\">\n<details class=\"wp-block-karopharma-accordion\"><summary><h2 class=\"accordion-title\">Hvor b\u00f8r KidsClin<sup>\u00ae<\/sup> Skorv oppbevares?<\/h2><\/summary><div class=\"accordion-content\">\n<p>Oppbevares utilgjengelig for barn, i originalemballasjen ved en temperatur mellom 2\u00b0C og 30\u00b0C.<br>Ikke bruk KidsClin<sup>\u00ae<\/sup> Skorv etter utl\u00f8psdatoen.<\/p>\n<\/div><\/details>\n\n\n\n<details class=\"wp-block-karopharma-accordion\"><summary><h2 class=\"accordion-title\">Hva er skurv?<\/h2><\/summary><div class=\"accordion-content\">\n<p>Skurv er preget av gule eller brunlige skjell som ofte vises i hodebunnen. Skjellene flaker og kan f\u00f8re til at huden under blir r\u00f8d. Noen ganger kan h\u00e5r f\u00f8lge med flakene, men det vokser ut igjen. Oftest dannes skurv i hodebunnen, men kan ogs\u00e5 vises i ansiktet, p\u00e5 \u00f8rene, p\u00e5 halsen, rundt bleieomr\u00e5det og i armhulene.<\/p>\n<\/div><\/details>\n\n\n\n<details class=\"wp-block-karopharma-accordion\"><summary><h2 class=\"accordion-title\">Hvor lang tid tar det at f\u00e5 bort skurv?<\/h2><\/summary><div class=\"accordion-content\">\n<p>Behandlingstiden varierer avhengig av alvorlighetsgrad, men det tar normalt mellom 1-4 uker.<\/p>\n<\/div><\/details>\n<\/div><\/div>\n","protected":false},"excerpt":{"rendered":"","protected":false},"featured_media":113,"comment_status":"closed","ping_status":"closed","template":"","meta":{"_acf_changed":false,"footnotes":""},"product_brand":[],"product_cat":[],"product_tag":[],"class_list":{"0":"post-125","1":"product","2":"type-product","3":"status-publish","4":"has-post-thumbnail","7":"first","8":"instock","9":"shipping-taxable","10":"product-type-simple"},"acf":[],"yoast_head":"<!-- This site is optimized with the Yoast SEO plugin v26.6 - https:\/\/yoast.com\/wordpress\/plugins\/seo\/ -->\n<title>KidsClin Skorv Serum - PoxClin<\/title>\n<meta name=\"description\" content=\"KidsClin Skorv Serum tilbyr alt du trenger for \u00e5 sk\u00e5nsomt fjerne skurv. Settet inneholder et dyptvirkende serum, en b\u00f8rste med en myk svamp og en kam for umiddelbar og sikker fjerning av s\u00e5rskorper.\" \/>\n<meta name=\"robots\" content=\"noindex, follow, max-snippet:-1, max-image-preview:large, max-video-preview:-1\" \/>\n<meta property=\"og:locale\" content=\"nb_NO\" \/>\n<meta property=\"og:type\" content=\"article\" \/>\n<meta property=\"og:title\" content=\"KidsClin Skorv Serum - PoxClin\" \/>\n<meta property=\"og:description\" content=\"KidsClin Skorv Serum tilbyr alt du trenger for \u00e5 sk\u00e5nsomt fjerne skurv. Settet inneholder et dyptvirkende serum, en b\u00f8rste med en myk svamp og en kam for umiddelbar og sikker fjerning av s\u00e5rskorper.\" \/>\n<meta property=\"og:url\" content=\"https:\/\/stage.poxclin.com\/no\/produkt\/kidsclin-skorv-serum\/\" \/>\n<meta property=\"og:site_name\" content=\"PoxClin\" \/>\n<meta property=\"article:modified_time\" content=\"2023-04-19T12:44:16+00:00\" \/>\n<meta property=\"og:image\" content=\"https:\/\/stage.poxclin.com\/app\/uploads\/sites\/6\/2022\/12\/dermicin_kidsclin_skorv_a01.png\" \/>\n\t<meta property=\"og:image:width\" content=\"1396\" \/>\n\t<meta property=\"og:image:height\" content=\"1497\" \/>\n\t<meta property=\"og:image:type\" content=\"image\/png\" \/>\n<meta name=\"twitter:card\" content=\"summary_large_image\" \/>\n<meta name=\"twitter:label1\" content=\"Ansl. lesetid\" \/>\n\t<meta name=\"twitter:data1\" content=\"3 minutter\" \/>\n<script type=\"application\/ld+json\" class=\"yoast-schema-graph\">{\"@context\":\"https:\/\/schema.org\",\"@graph\":[{\"@type\":\"WebPage\",\"@id\":\"https:\/\/stage.poxclin.com\/no\/produkt\/kidsclin-skorv-serum\/\",\"url\":\"https:\/\/stage.poxclin.com\/no\/produkt\/kidsclin-skorv-serum\/\",\"name\":\"KidsClin Skorv Serum - PoxClin\",\"isPartOf\":{\"@id\":\"https:\/\/stage.poxclin.com\/no\/#website\"},\"primaryImageOfPage\":{\"@id\":\"https:\/\/stage.poxclin.com\/no\/produkt\/kidsclin-skorv-serum\/#primaryimage\"},\"image\":{\"@id\":\"https:\/\/stage.poxclin.com\/no\/produkt\/kidsclin-skorv-serum\/#primaryimage\"},\"thumbnailUrl\":\"https:\/\/stage.poxclin.com\/app\/uploads\/sites\/6\/2022\/12\/dermicin_kidsclin_skorv_a01.png\",\"datePublished\":\"2022-12-16T12:17:10+00:00\",\"dateModified\":\"2023-04-19T12:44:16+00:00\",\"description\":\"KidsClin Skorv Serum tilbyr alt du trenger for \u00e5 sk\u00e5nsomt fjerne skurv. Settet inneholder et dyptvirkende serum, en b\u00f8rste med en myk svamp og en kam for umiddelbar og sikker fjerning av s\u00e5rskorper.\",\"breadcrumb\":{\"@id\":\"https:\/\/stage.poxclin.com\/no\/produkt\/kidsclin-skorv-serum\/#breadcrumb\"},\"inLanguage\":\"nb-NO\",\"potentialAction\":[{\"@type\":\"ReadAction\",\"target\":[\"https:\/\/stage.poxclin.com\/no\/produkt\/kidsclin-skorv-serum\/\"]}]},{\"@type\":\"ImageObject\",\"inLanguage\":\"nb-NO\",\"@id\":\"https:\/\/stage.poxclin.com\/no\/produkt\/kidsclin-skorv-serum\/#primaryimage\",\"url\":\"https:\/\/stage.poxclin.com\/app\/uploads\/sites\/6\/2022\/12\/dermicin_kidsclin_skorv_a01.png\",\"contentUrl\":\"https:\/\/stage.poxclin.com\/app\/uploads\/sites\/6\/2022\/12\/dermicin_kidsclin_skorv_a01.png\",\"width\":1396,\"height\":1497,\"caption\":\"dermicin_kidsclin_skorv_a01\"},{\"@type\":\"BreadcrumbList\",\"@id\":\"https:\/\/stage.poxclin.com\/no\/produkt\/kidsclin-skorv-serum\/#breadcrumb\",\"itemListElement\":[{\"@type\":\"ListItem\",\"position\":1,\"name\":\"Produkter\",\"item\":\"https:\/\/stage.poxclin.com\/no\/produkter\/\"},{\"@type\":\"ListItem\",\"position\":2,\"name\":\"KidsClin Skorv Serum\"}]},{\"@type\":\"WebSite\",\"@id\":\"https:\/\/stage.poxclin.com\/no\/#website\",\"url\":\"https:\/\/stage.poxclin.com\/no\/\",\"name\":\"PoxClin\",\"description\":\"\",\"publisher\":{\"@id\":\"https:\/\/stage.poxclin.com\/no\/#organization\"},\"potentialAction\":[{\"@type\":\"SearchAction\",\"target\":{\"@type\":\"EntryPoint\",\"urlTemplate\":\"https:\/\/stage.poxclin.com\/no\/?s={search_term_string}\"},\"query-input\":{\"@type\":\"PropertyValueSpecification\",\"valueRequired\":true,\"valueName\":\"search_term_string\"}}],\"inLanguage\":\"nb-NO\"},{\"@type\":\"Organization\",\"@id\":\"https:\/\/stage.poxclin.com\/no\/#organization\",\"name\":\"PoxClin\",\"url\":\"https:\/\/stage.poxclin.com\/no\/\",\"logo\":{\"@type\":\"ImageObject\",\"inLanguage\":\"nb-NO\",\"@id\":\"https:\/\/stage.poxclin.com\/no\/#\/schema\/logo\/image\/\",\"url\":\"https:\/\/stage.poxclin.com\/app\/uploads\/sites\/6\/2022\/12\/PoxClin-KidsClin-logo.png\",\"contentUrl\":\"https:\/\/stage.poxclin.com\/app\/uploads\/sites\/6\/2022\/12\/PoxClin-KidsClin-logo.png\",\"width\":205,\"height\":32,\"caption\":\"PoxClin\"},\"image\":{\"@id\":\"https:\/\/stage.poxclin.com\/no\/#\/schema\/logo\/image\/\"}}]}<\/script>\n<!-- \/ Yoast SEO plugin. -->","yoast_head_json":{"title":"KidsClin Skorv Serum - PoxClin","description":"KidsClin Skorv Serum tilbyr alt du trenger for \u00e5 sk\u00e5nsomt fjerne skurv. Settet inneholder et dyptvirkende serum, en b\u00f8rste med en myk svamp og en kam for umiddelbar og sikker fjerning av s\u00e5rskorper.","robots":{"index":"noindex","follow":"follow","max-snippet":"max-snippet:-1","max-image-preview":"max-image-preview:large","max-video-preview":"max-video-preview:-1"},"og_locale":"nb_NO","og_type":"article","og_title":"KidsClin Skorv Serum - PoxClin","og_description":"KidsClin Skorv Serum tilbyr alt du trenger for \u00e5 sk\u00e5nsomt fjerne skurv. Settet inneholder et dyptvirkende serum, en b\u00f8rste med en myk svamp og en kam for umiddelbar og sikker fjerning av s\u00e5rskorper.","og_url":"https:\/\/stage.poxclin.com\/no\/produkt\/kidsclin-skorv-serum\/","og_site_name":"PoxClin","article_modified_time":"2023-04-19T12:44:16+00:00","og_image":[{"width":1396,"height":1497,"url":"https:\/\/stage.poxclin.com\/app\/uploads\/sites\/6\/2022\/12\/dermicin_kidsclin_skorv_a01.png","type":"image\/png"}],"twitter_card":"summary_large_image","twitter_misc":{"Ansl. lesetid":"3 minutter"},"schema":{"@context":"https:\/\/schema.org","@graph":[{"@type":"WebPage","@id":"https:\/\/stage.poxclin.com\/no\/produkt\/kidsclin-skorv-serum\/","url":"https:\/\/stage.poxclin.com\/no\/produkt\/kidsclin-skorv-serum\/","name":"KidsClin Skorv Serum - PoxClin","isPartOf":{"@id":"https:\/\/stage.poxclin.com\/no\/#website"},"primaryImageOfPage":{"@id":"https:\/\/stage.poxclin.com\/no\/produkt\/kidsclin-skorv-serum\/#primaryimage"},"image":{"@id":"https:\/\/stage.poxclin.com\/no\/produkt\/kidsclin-skorv-serum\/#primaryimage"},"thumbnailUrl":"https:\/\/stage.poxclin.com\/app\/uploads\/sites\/6\/2022\/12\/dermicin_kidsclin_skorv_a01.png","datePublished":"2022-12-16T12:17:10+00:00","dateModified":"2023-04-19T12:44:16+00:00","description":"KidsClin Skorv Serum tilbyr alt du trenger for \u00e5 sk\u00e5nsomt fjerne skurv. Settet inneholder et dyptvirkende serum, en b\u00f8rste med en myk svamp og en kam for umiddelbar og sikker fjerning av s\u00e5rskorper.","breadcrumb":{"@id":"https:\/\/stage.poxclin.com\/no\/produkt\/kidsclin-skorv-serum\/#breadcrumb"},"inLanguage":"nb-NO","potentialAction":[{"@type":"ReadAction","target":["https:\/\/stage.poxclin.com\/no\/produkt\/kidsclin-skorv-serum\/"]}]},{"@type":"ImageObject","inLanguage":"nb-NO","@id":"https:\/\/stage.poxclin.com\/no\/produkt\/kidsclin-skorv-serum\/#primaryimage","url":"https:\/\/stage.poxclin.com\/app\/uploads\/sites\/6\/2022\/12\/dermicin_kidsclin_skorv_a01.png","contentUrl":"https:\/\/stage.poxclin.com\/app\/uploads\/sites\/6\/2022\/12\/dermicin_kidsclin_skorv_a01.png","width":1396,"height":1497,"caption":"dermicin_kidsclin_skorv_a01"},{"@type":"BreadcrumbList","@id":"https:\/\/stage.poxclin.com\/no\/produkt\/kidsclin-skorv-serum\/#breadcrumb","itemListElement":[{"@type":"ListItem","position":1,"name":"Produkter","item":"https:\/\/stage.poxclin.com\/no\/produkter\/"},{"@type":"ListItem","position":2,"name":"KidsClin Skorv Serum"}]},{"@type":"WebSite","@id":"https:\/\/stage.poxclin.com\/no\/#website","url":"https:\/\/stage.poxclin.com\/no\/","name":"PoxClin","description":"","publisher":{"@id":"https:\/\/stage.poxclin.com\/no\/#organization"},"potentialAction":[{"@type":"SearchAction","target":{"@type":"EntryPoint","urlTemplate":"https:\/\/stage.poxclin.com\/no\/?s={search_term_string}"},"query-input":{"@type":"PropertyValueSpecification","valueRequired":true,"valueName":"search_term_string"}}],"inLanguage":"nb-NO"},{"@type":"Organization","@id":"https:\/\/stage.poxclin.com\/no\/#organization","name":"PoxClin","url":"https:\/\/stage.poxclin.com\/no\/","logo":{"@type":"ImageObject","inLanguage":"nb-NO","@id":"https:\/\/stage.poxclin.com\/no\/#\/schema\/logo\/image\/","url":"https:\/\/stage.poxclin.com\/app\/uploads\/sites\/6\/2022\/12\/PoxClin-KidsClin-logo.png","contentUrl":"https:\/\/stage.poxclin.com\/app\/uploads\/sites\/6\/2022\/12\/PoxClin-KidsClin-logo.png","width":205,"height":32,"caption":"PoxClin"},"image":{"@id":"https:\/\/stage.poxclin.com\/no\/#\/schema\/logo\/image\/"}}]}},"_links":{"self":[{"href":"https:\/\/stage.poxclin.com\/no\/wp-json\/wp\/v2\/product\/125","targetHints":{"allow":["GET"]}}],"collection":[{"href":"https:\/\/stage.poxclin.com\/no\/wp-json\/wp\/v2\/product"}],"about":[{"href":"https:\/\/stage.poxclin.com\/no\/wp-json\/wp\/v2\/types\/product"}],"replies":[{"embeddable":true,"href":"https:\/\/stage.poxclin.com\/no\/wp-json\/wp\/v2\/comments?post=125"}],"version-history":[{"count":10,"href":"https:\/\/stage.poxclin.com\/no\/wp-json\/wp\/v2\/product\/125\/revisions"}],"predecessor-version":[{"id":208,"href":"https:\/\/stage.poxclin.com\/no\/wp-json\/wp\/v2\/product\/125\/revisions\/208"}],"wp:featuredmedia":[{"embeddable":true,"href":"https:\/\/stage.poxclin.com\/no\/wp-json\/wp\/v2\/media\/113"}],"wp:attachment":[{"href":"https:\/\/stage.poxclin.com\/no\/wp-json\/wp\/v2\/media?parent=125"}],"wp:term":[{"taxonomy":"product_brand","embeddable":true,"href":"https:\/\/stage.poxclin.com\/no\/wp-json\/wp\/v2\/product_brand?post=125"},{"taxonomy":"product_cat","embeddable":true,"href":"https:\/\/stage.poxclin.com\/no\/wp-json\/wp\/v2\/product_cat?post=125"},{"taxonomy":"product_tag","embeddable":true,"href":"https:\/\/stage.poxclin.com\/no\/wp-json\/wp\/v2\/product_tag?post=125"}],"curies":[{"name":"wp","href":"https:\/\/api.w.org\/{rel}","templated":true}]}}