{"id":81,"date":"2022-09-07T10:20:42","date_gmt":"2022-09-07T08:20:42","guid":{"rendered":"https:\/\/stage.poxclin.com\/no\/?post_type=product&#038;p=81"},"modified":"2023-04-20T09:45:00","modified_gmt":"2023-04-20T07:45:00","slug":"poxclin-coolmousse","status":"publish","type":"product","link":"https:\/\/stage.poxclin.com\/no\/produkt\/poxclin-coolmousse\/","title":{"rendered":"PoxClin Coolmousse"},"content":{"rendered":"\n<div class=\"wp-block-karopharma-accordions is-style-secondary\"><div class=\"container\">\n<details class=\"wp-block-karopharma-accordion\"><summary><h2 class=\"accordion-title\">Bruk og dosering<\/h2><\/summary><div class=\"accordion-content\">\n<div class=\"wp-block-karopharma-several-images-with-text several-images-with-text\"><div class=\"container large col-1 content-align-none\" test-data=\"inner-content\">\n<section class=\"wp-block-karopharma-image-with-text image-with-text image-with-text__full-width\"><div class=\"image-with-text-container \"><div class=\"image-with-text-container-image-container\"><img decoding=\"async\" loading=\"lazy\" src=\"https:\/\/stage.poxclin.com\/cdn-cgi\/image\/format=auto\/app\/uploads\/sites\/6\/2022\/09\/chickenpox_howtouse_1.webp\" alt=\"chickenpox_howtouse_1\"\/><\/div><div class=\"image-with-text-container-content\" style=\"text-align:left\" data-test=\"content\"><div class=\"content\"><p class=\"body\" data-test=\"body\">Rist flasken 1-2 ganger.<\/p>\n<div class=\"wp-block-buttons is-layout-flex wp-block-buttons-is-layout-flex\"><\/div>\n<\/div><\/div><\/div><\/section>\n\n\n\n<section class=\"wp-block-karopharma-image-with-text image-with-text image-with-text__full-width\"><div class=\"image-with-text-container \"><div class=\"image-with-text-container-image-container\"><img decoding=\"async\" loading=\"lazy\" src=\"https:\/\/stage.poxclin.com\/cdn-cgi\/image\/format=auto\/app\/uploads\/sites\/6\/2022\/09\/chickenpox_howtouse_2.webp\" alt=\"chickenpox_howtouse_2\"\/><\/div><div class=\"image-with-text-container-content\" style=\"text-align:left\" data-test=\"content\"><div class=\"content\"><p class=\"body\" data-test=\"body\">Klem moussen inn i h\u00e5nden.<\/p>\n<div class=\"wp-block-buttons is-layout-flex wp-block-buttons-is-layout-flex\"><\/div>\n<\/div><\/div><\/div><\/section>\n\n\n\n<section class=\"wp-block-karopharma-image-with-text image-with-text image-with-text__full-width\"><div class=\"image-with-text-container \"><div class=\"image-with-text-container-image-container\"><img decoding=\"async\" loading=\"lazy\" src=\"https:\/\/stage.poxclin.com\/cdn-cgi\/image\/format=auto\/app\/uploads\/sites\/6\/2022\/09\/chickenpox_howtouse_3.webp\" alt=\"chickenpox_howtouse_3\"\/><\/div><div class=\"image-with-text-container-content\" style=\"text-align:left\" data-test=\"content\"><div class=\"content\"><p class=\"body\" data-test=\"body\">P\u00e5f\u00f8r moussen forsiktig p\u00e5 de aktuelle hudomr\u00e5dene.<\/p>\n<div class=\"wp-block-buttons is-layout-flex wp-block-buttons-is-layout-flex\"><\/div>\n<\/div><\/div><\/div><\/section>\n<\/div><\/div>\n\n\n\n<div class=\"wp-block-karopharma-several-images-with-text several-images-with-text\"><div class=\"container large col-1 content-align-none\" test-data=\"inner-content\">\n<section class=\"wp-block-karopharma-image-with-text image-with-text image-with-text__full-width\"><div class=\"image-with-text-container \"><div class=\"image-with-text-container-image-container\"><img decoding=\"async\" loading=\"lazy\" src=\"https:\/\/stage.poxclin.com\/cdn-cgi\/image\/format=auto\/app\/uploads\/sites\/6\/2022\/09\/chickenpox_howtouse_5.webp\" alt=\"chickenpox_howtouse_5\"\/><\/div><div class=\"image-with-text-container-content\" style=\"text-align:left\" data-test=\"content\"><div class=\"content\"><p class=\"body\" data-test=\"body\">P\u00e5f\u00f8r PoxClin\u2122 CoolMousse minst tre ganger daglig eller ved behov.\u00a0<\/p>\n<div class=\"wp-block-buttons is-layout-flex wp-block-buttons-is-layout-flex\"><\/div>\n<\/div><\/div><\/div><\/section>\n\n\n\n<section class=\"wp-block-karopharma-image-with-text image-with-text image-with-text__full-width\"><div class=\"image-with-text-container \"><div class=\"image-with-text-container-image-container\"><img decoding=\"async\" loading=\"lazy\" src=\"https:\/\/stage.poxclin.com\/cdn-cgi\/image\/format=auto\/app\/uploads\/sites\/6\/2022\/09\/chickenpox_cooling.webp\" alt=\"chickenpox_cooling\"\/><\/div><div class=\"image-with-text-container-content\" style=\"text-align:left\" data-test=\"content\"><div class=\"content\"><p class=\"body\" data-test=\"body\">PoxClin CoolMousse kan oppbevares i kj\u00f8leskap for \u00e5 \u00f8ke den avkj\u00f8lende effekten.<\/p>\n<div class=\"wp-block-buttons is-layout-flex wp-block-buttons-is-layout-flex\"><\/div>\n<\/div><\/div><\/div><\/section>\n\n\n\n<section class=\"wp-block-karopharma-image-with-text image-with-text image-with-text__full-width\"><div class=\"image-with-text-container \"><div class=\"image-with-text-container-image-container\"><img decoding=\"async\" loading=\"lazy\" src=\"https:\/\/stage.poxclin.com\/cdn-cgi\/image\/format=auto\/app\/uploads\/sites\/6\/2022\/09\/chickenpox_howtouse_4.webp\" alt=\"chickenpox_howtouse_4\"\/><\/div><div class=\"image-with-text-container-content\" style=\"text-align:left\" data-test=\"content\"><div class=\"content\"><p class=\"body\" data-test=\"body\">Ved kontakt med \u00f8ynene, skyll umiddelbart med mye vann.<\/p>\n<div class=\"wp-block-buttons is-layout-flex wp-block-buttons-is-layout-flex\"><\/div>\n<\/div><\/div><\/div><\/section>\n<\/div><\/div>\n<\/div><\/details>\n\n\n\n<details class=\"wp-block-karopharma-accordion\"><summary><h2 class=\"accordion-title\">Fakta<\/h2><\/summary><div class=\"accordion-content\">\n<p>PoxClin\u00ae CoolMousse lindrer symptomer ved vannkopper, som irritasjon, kl\u00f8e og overf\u00f8lsomhet.<\/p>\n<\/div><\/details>\n<\/div><\/div>\n\n\n\n<div class=\"wp-block-karopharma-accordions is-style-primary\"><div class=\"container\">\n<details class=\"wp-block-karopharma-accordion\"><summary><h2 class=\"accordion-title\">Hva er vannkopper?<\/h2><\/summary><div class=\"accordion-content\">\n<p>En akutt, smittsom sykdom som oftest forekommer hos barn.<\/p>\n\n\n\n<p>Inkubasjonstiden er 1\u20133 uker. Vannkopper for\u00e5rsakes av humant herpesvirus 3 (HHV), ogs\u00e5 kalt Varicella-zoster-virus.<\/p>\n\n\n\n<p>Sykdommen varer normalt i 7\u201310 dager. En person smitter fra ca. tre dager f\u00f8r utslettet bryter ut, til alle blemmene har t\u00f8rket inn og dannet skorper.<\/p>\n<\/div><\/details>\n\n\n\n<details class=\"wp-block-karopharma-accordion\"><summary><h2 class=\"accordion-title\">Er vannkopper farlig?<\/h2><\/summary><div class=\"accordion-content\">\n<p>Hos friske barn er vannkopper f\u00f8rst og fremst forbundet med ubehag. Alvorlige komplikasjoner som hudinfeksjoner, lungebetennelse og h\u00f8y feber er sjeldne, men skal tas p\u00e5 alvor.<br>Kontakt lege dersom disse symptomene oppst\u00e5r.<\/p>\n<\/div><\/details>\n\n\n\n<details class=\"wp-block-karopharma-accordion\"><summary><h2 class=\"accordion-title\">Hvordan kjenner man igjen vannkopper?<\/h2><\/summary><div class=\"accordion-content\">\n<p>Tilstanden begynner med lett feber og eventuelt hodepine. Etter to til fem dager opptrer et karakteristisk r\u00f8dt utslett, og feberen stiger.<\/p>\n\n\n\n<p>Utslettet utvikler seg til r\u00f8de flekker (som oftest synlig f\u00f8rst i ansiktet og p\u00e5 brystet, og sprer seg senere til resten av kroppen), deretter til litt st\u00f8rre \u00abknupper\u00bb og etter noen timer til v\u00e6skefylte blemmer.<\/p>\n\n\n\n<p>Blemmene ligner vanndr\u00e5per omgitt av en r\u00f8d sirkel. Blemmene opptrer som regel i kombinasjon med feber, magesmerter og en generell f\u00f8lelse av ubehag med tr\u00f8tthet og svakhet, en tilstand som kan vare i flere dager.<\/p>\n\n\n\n<p>Blemmene sprekker etter noen dager og danner s\u00e5rskorper, ofte i l\u00f8pet av noen timer.<\/p>\n\n\n\n<p>Kl\u00f8en kan v\u00e6re sv\u00e6rt intens, noe som \u00f8ker lysten til \u00e5 kl\u00f8 p\u00e5 blemmene.<\/p>\n\n\n\n<p>Hvis man kl\u00f8r hull p\u00e5 blemmene og ikke beskytter dem, kan de bli infisert, noe som kan f\u00f8re til at det oppst\u00e5r arr.<\/p>\n<\/div><\/details>\n<\/div><\/div>\n","protected":false},"excerpt":{"rendered":"","protected":false},"featured_media":48,"comment_status":"closed","ping_status":"closed","template":"","meta":{"_acf_changed":false,"footnotes":""},"product_brand":[],"product_cat":[],"product_tag":[],"class_list":{"0":"post-81","1":"product","2":"type-product","3":"status-publish","4":"has-post-thumbnail","7":"first","8":"instock","9":"shipping-taxable","10":"product-type-simple"},"acf":[],"yoast_head":"<!-- This site is optimized with the Yoast SEO plugin v26.6 - https:\/\/yoast.com\/wordpress\/plugins\/seo\/ -->\n<title>PoxClin Coolmousse - PoxClin<\/title>\n<meta name=\"description\" content=\"PoxClin\u00ae CoolMousse Lindrer symptomer ved vannkopper, som irritasjon, kl\u00f8e og overf\u00f8lsomhet.\" \/>\n<meta name=\"robots\" content=\"noindex, follow, max-snippet:-1, max-image-preview:large, max-video-preview:-1\" \/>\n<meta property=\"og:locale\" content=\"nb_NO\" \/>\n<meta property=\"og:type\" content=\"article\" \/>\n<meta property=\"og:title\" content=\"PoxClin Coolmousse - PoxClin\" \/>\n<meta property=\"og:description\" content=\"PoxClin\u00ae CoolMousse Lindrer symptomer ved vannkopper, som irritasjon, kl\u00f8e og overf\u00f8lsomhet.\" \/>\n<meta property=\"og:url\" content=\"https:\/\/stage.poxclin.com\/no\/produkt\/poxclin-coolmousse\/\" \/>\n<meta property=\"og:site_name\" content=\"PoxClin\" \/>\n<meta property=\"article:modified_time\" content=\"2023-04-20T07:45:00+00:00\" \/>\n<meta property=\"og:image\" content=\"https:\/\/stage.poxclin.com\/app\/uploads\/sites\/6\/2022\/09\/poxclin_vattkoppor_1.png\" \/>\n\t<meta property=\"og:image:width\" content=\"1500\" \/>\n\t<meta property=\"og:image:height\" content=\"2500\" \/>\n\t<meta property=\"og:image:type\" content=\"image\/png\" \/>\n<meta name=\"twitter:card\" content=\"summary_large_image\" \/>\n<meta name=\"twitter:label1\" content=\"Ansl. lesetid\" \/>\n\t<meta name=\"twitter:data1\" content=\"3 minutter\" \/>\n<script type=\"application\/ld+json\" class=\"yoast-schema-graph\">{\"@context\":\"https:\/\/schema.org\",\"@graph\":[{\"@type\":\"WebPage\",\"@id\":\"https:\/\/stage.poxclin.com\/no\/produkt\/poxclin-coolmousse\/\",\"url\":\"https:\/\/stage.poxclin.com\/no\/produkt\/poxclin-coolmousse\/\",\"name\":\"PoxClin Coolmousse - PoxClin\",\"isPartOf\":{\"@id\":\"https:\/\/stage.poxclin.com\/no\/#website\"},\"primaryImageOfPage\":{\"@id\":\"https:\/\/stage.poxclin.com\/no\/produkt\/poxclin-coolmousse\/#primaryimage\"},\"image\":{\"@id\":\"https:\/\/stage.poxclin.com\/no\/produkt\/poxclin-coolmousse\/#primaryimage\"},\"thumbnailUrl\":\"https:\/\/stage.poxclin.com\/app\/uploads\/sites\/6\/2022\/09\/poxclin_vattkoppor_1.png\",\"datePublished\":\"2022-09-07T08:20:42+00:00\",\"dateModified\":\"2023-04-20T07:45:00+00:00\",\"description\":\"PoxClin\u00ae CoolMousse Lindrer symptomer ved vannkopper, som irritasjon, kl\u00f8e og overf\u00f8lsomhet.\",\"breadcrumb\":{\"@id\":\"https:\/\/stage.poxclin.com\/no\/produkt\/poxclin-coolmousse\/#breadcrumb\"},\"inLanguage\":\"nb-NO\",\"potentialAction\":[{\"@type\":\"ReadAction\",\"target\":[\"https:\/\/stage.poxclin.com\/no\/produkt\/poxclin-coolmousse\/\"]}]},{\"@type\":\"ImageObject\",\"inLanguage\":\"nb-NO\",\"@id\":\"https:\/\/stage.poxclin.com\/no\/produkt\/poxclin-coolmousse\/#primaryimage\",\"url\":\"https:\/\/stage.poxclin.com\/app\/uploads\/sites\/6\/2022\/09\/poxclin_vattkoppor_1.png\",\"contentUrl\":\"https:\/\/stage.poxclin.com\/app\/uploads\/sites\/6\/2022\/09\/poxclin_vattkoppor_1.png\",\"width\":1500,\"height\":2500,\"caption\":\"Poxclin CoolMousse\"},{\"@type\":\"BreadcrumbList\",\"@id\":\"https:\/\/stage.poxclin.com\/no\/produkt\/poxclin-coolmousse\/#breadcrumb\",\"itemListElement\":[{\"@type\":\"ListItem\",\"position\":1,\"name\":\"Produkter\",\"item\":\"https:\/\/stage.poxclin.com\/no\/produkter\/\"},{\"@type\":\"ListItem\",\"position\":2,\"name\":\"PoxClin Coolmousse\"}]},{\"@type\":\"WebSite\",\"@id\":\"https:\/\/stage.poxclin.com\/no\/#website\",\"url\":\"https:\/\/stage.poxclin.com\/no\/\",\"name\":\"PoxClin\",\"description\":\"\",\"publisher\":{\"@id\":\"https:\/\/stage.poxclin.com\/no\/#organization\"},\"potentialAction\":[{\"@type\":\"SearchAction\",\"target\":{\"@type\":\"EntryPoint\",\"urlTemplate\":\"https:\/\/stage.poxclin.com\/no\/?s={search_term_string}\"},\"query-input\":{\"@type\":\"PropertyValueSpecification\",\"valueRequired\":true,\"valueName\":\"search_term_string\"}}],\"inLanguage\":\"nb-NO\"},{\"@type\":\"Organization\",\"@id\":\"https:\/\/stage.poxclin.com\/no\/#organization\",\"name\":\"PoxClin\",\"url\":\"https:\/\/stage.poxclin.com\/no\/\",\"logo\":{\"@type\":\"ImageObject\",\"inLanguage\":\"nb-NO\",\"@id\":\"https:\/\/stage.poxclin.com\/no\/#\/schema\/logo\/image\/\",\"url\":\"https:\/\/stage.poxclin.com\/app\/uploads\/sites\/6\/2022\/12\/PoxClin-KidsClin-logo.png\",\"contentUrl\":\"https:\/\/stage.poxclin.com\/app\/uploads\/sites\/6\/2022\/12\/PoxClin-KidsClin-logo.png\",\"width\":205,\"height\":32,\"caption\":\"PoxClin\"},\"image\":{\"@id\":\"https:\/\/stage.poxclin.com\/no\/#\/schema\/logo\/image\/\"}}]}<\/script>\n<!-- \/ Yoast SEO plugin. -->","yoast_head_json":{"title":"PoxClin Coolmousse - PoxClin","description":"PoxClin\u00ae CoolMousse Lindrer symptomer ved vannkopper, som irritasjon, kl\u00f8e og overf\u00f8lsomhet.","robots":{"index":"noindex","follow":"follow","max-snippet":"max-snippet:-1","max-image-preview":"max-image-preview:large","max-video-preview":"max-video-preview:-1"},"og_locale":"nb_NO","og_type":"article","og_title":"PoxClin Coolmousse - PoxClin","og_description":"PoxClin\u00ae CoolMousse Lindrer symptomer ved vannkopper, som irritasjon, kl\u00f8e og overf\u00f8lsomhet.","og_url":"https:\/\/stage.poxclin.com\/no\/produkt\/poxclin-coolmousse\/","og_site_name":"PoxClin","article_modified_time":"2023-04-20T07:45:00+00:00","og_image":[{"width":1500,"height":2500,"url":"https:\/\/stage.poxclin.com\/app\/uploads\/sites\/6\/2022\/09\/poxclin_vattkoppor_1.png","type":"image\/png"}],"twitter_card":"summary_large_image","twitter_misc":{"Ansl. lesetid":"3 minutter"},"schema":{"@context":"https:\/\/schema.org","@graph":[{"@type":"WebPage","@id":"https:\/\/stage.poxclin.com\/no\/produkt\/poxclin-coolmousse\/","url":"https:\/\/stage.poxclin.com\/no\/produkt\/poxclin-coolmousse\/","name":"PoxClin Coolmousse - PoxClin","isPartOf":{"@id":"https:\/\/stage.poxclin.com\/no\/#website"},"primaryImageOfPage":{"@id":"https:\/\/stage.poxclin.com\/no\/produkt\/poxclin-coolmousse\/#primaryimage"},"image":{"@id":"https:\/\/stage.poxclin.com\/no\/produkt\/poxclin-coolmousse\/#primaryimage"},"thumbnailUrl":"https:\/\/stage.poxclin.com\/app\/uploads\/sites\/6\/2022\/09\/poxclin_vattkoppor_1.png","datePublished":"2022-09-07T08:20:42+00:00","dateModified":"2023-04-20T07:45:00+00:00","description":"PoxClin\u00ae CoolMousse Lindrer symptomer ved vannkopper, som irritasjon, kl\u00f8e og overf\u00f8lsomhet.","breadcrumb":{"@id":"https:\/\/stage.poxclin.com\/no\/produkt\/poxclin-coolmousse\/#breadcrumb"},"inLanguage":"nb-NO","potentialAction":[{"@type":"ReadAction","target":["https:\/\/stage.poxclin.com\/no\/produkt\/poxclin-coolmousse\/"]}]},{"@type":"ImageObject","inLanguage":"nb-NO","@id":"https:\/\/stage.poxclin.com\/no\/produkt\/poxclin-coolmousse\/#primaryimage","url":"https:\/\/stage.poxclin.com\/app\/uploads\/sites\/6\/2022\/09\/poxclin_vattkoppor_1.png","contentUrl":"https:\/\/stage.poxclin.com\/app\/uploads\/sites\/6\/2022\/09\/poxclin_vattkoppor_1.png","width":1500,"height":2500,"caption":"Poxclin CoolMousse"},{"@type":"BreadcrumbList","@id":"https:\/\/stage.poxclin.com\/no\/produkt\/poxclin-coolmousse\/#breadcrumb","itemListElement":[{"@type":"ListItem","position":1,"name":"Produkter","item":"https:\/\/stage.poxclin.com\/no\/produkter\/"},{"@type":"ListItem","position":2,"name":"PoxClin Coolmousse"}]},{"@type":"WebSite","@id":"https:\/\/stage.poxclin.com\/no\/#website","url":"https:\/\/stage.poxclin.com\/no\/","name":"PoxClin","description":"","publisher":{"@id":"https:\/\/stage.poxclin.com\/no\/#organization"},"potentialAction":[{"@type":"SearchAction","target":{"@type":"EntryPoint","urlTemplate":"https:\/\/stage.poxclin.com\/no\/?s={search_term_string}"},"query-input":{"@type":"PropertyValueSpecification","valueRequired":true,"valueName":"search_term_string"}}],"inLanguage":"nb-NO"},{"@type":"Organization","@id":"https:\/\/stage.poxclin.com\/no\/#organization","name":"PoxClin","url":"https:\/\/stage.poxclin.com\/no\/","logo":{"@type":"ImageObject","inLanguage":"nb-NO","@id":"https:\/\/stage.poxclin.com\/no\/#\/schema\/logo\/image\/","url":"https:\/\/stage.poxclin.com\/app\/uploads\/sites\/6\/2022\/12\/PoxClin-KidsClin-logo.png","contentUrl":"https:\/\/stage.poxclin.com\/app\/uploads\/sites\/6\/2022\/12\/PoxClin-KidsClin-logo.png","width":205,"height":32,"caption":"PoxClin"},"image":{"@id":"https:\/\/stage.poxclin.com\/no\/#\/schema\/logo\/image\/"}}]}},"_links":{"self":[{"href":"https:\/\/stage.poxclin.com\/no\/wp-json\/wp\/v2\/product\/81","targetHints":{"allow":["GET"]}}],"collection":[{"href":"https:\/\/stage.poxclin.com\/no\/wp-json\/wp\/v2\/product"}],"about":[{"href":"https:\/\/stage.poxclin.com\/no\/wp-json\/wp\/v2\/types\/product"}],"replies":[{"embeddable":true,"href":"https:\/\/stage.poxclin.com\/no\/wp-json\/wp\/v2\/comments?post=81"}],"version-history":[{"count":10,"href":"https:\/\/stage.poxclin.com\/no\/wp-json\/wp\/v2\/product\/81\/revisions"}],"predecessor-version":[{"id":209,"href":"https:\/\/stage.poxclin.com\/no\/wp-json\/wp\/v2\/product\/81\/revisions\/209"}],"wp:featuredmedia":[{"embeddable":true,"href":"https:\/\/stage.poxclin.com\/no\/wp-json\/wp\/v2\/media\/48"}],"wp:attachment":[{"href":"https:\/\/stage.poxclin.com\/no\/wp-json\/wp\/v2\/media?parent=81"}],"wp:term":[{"taxonomy":"product_brand","embeddable":true,"href":"https:\/\/stage.poxclin.com\/no\/wp-json\/wp\/v2\/product_brand?post=81"},{"taxonomy":"product_cat","embeddable":true,"href":"https:\/\/stage.poxclin.com\/no\/wp-json\/wp\/v2\/product_cat?post=81"},{"taxonomy":"product_tag","embeddable":true,"href":"https:\/\/stage.poxclin.com\/no\/wp-json\/wp\/v2\/product_tag?post=81"}],"curies":[{"name":"wp","href":"https:\/\/api.w.org\/{rel}","templated":true}]}}