{"id":173,"date":"2023-10-25T10:11:17","date_gmt":"2023-10-25T08:11:17","guid":{"rendered":"https:\/\/stage.poxclin.com\/pl\/?page_id=173"},"modified":"2026-02-23T08:41:18","modified_gmt":"2026-02-23T07:41:18","slug":"regulamin-serwisu","status":"publish","type":"page","link":"https:\/\/stage.poxclin.com\/pl\/regulamin-serwisu\/","title":{"rendered":"Regulamin serwisu"},"content":{"rendered":"\n<div class=\"wp-block-karopharma-free-text pt-large pb-large bg-center bg-cover bg-no-repeat\" style=\"background-image:url()\"><div class=\"free-text-wrapper container max-w-medium text-left\">\n<h1 class=\"is-style-heading-h2 wp-block-heading\">Regulamin serwisu<\/h1>\n\n\n\n<p><strong>Twoja zgoda<\/strong><\/p>\n\n\n\n<p>Witamy na tej stronie internetowej, kt\u00f3rej w\u0142a\u015bcicielem jest Karo Pharma AB i jej sp\u00f3\u0142ki stowarzyszone (\u201eKaro Pharma\u201d). Korzystaj\u0105c z tej witryny internetowej (zwanej tak\u017ce \u201estron\u0105\u201d), wyra\u017casz zgod\u0119 na przestrzeganie poni\u017cszych warunk\u00f3w oraz wszystkich obowi\u0105zuj\u0105cych przepis\u00f3w i regulacji.<\/p>\n\n\n\n<p><strong>Zastrze\u017cenie<\/strong><\/p>\n\n\n\n<p>Niniejsza witryna i jej zawarto\u015b\u0107 s\u0105 udost\u0119pniane w stanie \u201etakim, jaki jest\u201d. Karo Pharma, jej licencjodawcy i dostawcy, w najszerszym zakresie dozwolonym przez prawo, zrzekaj\u0105 si\u0119 wszelkich gwarancji, wyra\u017anych lub dorozumianych, ustawowych lub innych. W szczeg\u00f3lno\u015bci firma Karo Pharma, jej licencjodawcy i dostawcy nie sk\u0142adaj\u0105 \u017cadnych o\u015bwiadcze\u0144 ani zapewnie\u0144 co do dok\u0142adno\u015bci, niezawodno\u015bci, kompletno\u015bci, aktualno\u015bci, przydatno\u015bci lub aktualno\u015bci tre\u015bci, oprogramowania, tekstu, grafiki, narz\u0119dzi, \u0142\u0105czy lub komunikat\u00f3w udost\u0119pnianych w witrynie lub za jej po\u015brednictwem korzystania z witryny internetowej lub dowolnej witryny lub witryn \u201epo\u0142\u0105czonych\u201d z t\u0105 witryn\u0105. Karo Pharma nie gwarantuje, \u017ce witryna b\u0119dzie dost\u0119pna, nieprzerwana, wolna od b\u0142\u0119d\u00f3w lub wolna od wirus\u00f3w lub innych szkodliwych element\u00f3w.<\/p>\n\n\n\n<p>W najszerszym zakresie dozwolonym przez obowi\u0105zuj\u0105ce prawo, w \u017cadnym przypadku Karo Pharma, jej licencjodawcy, dostawcy ani jakiekolwiek osoby trzecie wymienione na stronie internetowej nie b\u0119d\u0105 ponosi\u0107 odpowiedzialno\u015bci za jakiekolwiek straty, szkody lub wydatki jakiegokolwiek rodzaju (w tym, bez ogranicze\u0144, kompensacyjne, szkody bezpo\u015brednie, po\u015brednie, przypadkowe lub wt\u00f3rne, utrat\u0119 dochod\u00f3w lub zysk\u00f3w, szkody wynikaj\u0105ce z utraty danych lub przerw w dzia\u0142alno\u015bci, utraty lub uszkodzenia mienia lub roszcze\u0144 os\u00f3b trzecich, w jakikolwiek spos\u00f3b powsta\u0142y w zwi\u0105zku z korzystaniem przez Ciebie z tej witryny) wynikaj\u0105ce z korzystanie lub niemo\u017cno\u015b\u0107 korzystania ze strony internetowej lub jej tre\u015bci lub jakakolwiek awaria w dzia\u0142aniu, b\u0142\u0105d, pomini\u0119cie, przerwa, skutek, op\u00f3\u017anienie w dzia\u0142aniu lub transmisji, wirus komputerowy, awaria systemu liniowego, utrata danych lub utrata mo\u017cliwo\u015bci korzystania z witryny lub jak\u0105kolwiek stron\u0119 internetow\u0105 obs\u0142ugiwan\u0105 przez jak\u0105kolwiek stron\u0119 trzeci\u0105, czy to w oparciu o umow\u0119, delikt, czy jak\u0105kolwiek inn\u0105 teori\u0119 prawn\u0105, oraz niezale\u017cnie od tego, czy Karo Pharma zosta\u0142a poinformowana o mo\u017cliwo\u015bci wyst\u0105pienia takich szk\u00f3d. Jedynym i wy\u0142\u0105cznym \u015brodkiem zaradczym jest zaprzestanie korzystania z witryny.<\/p>\n\n\n\n<p>Tre\u015bci zawarte na stronie w \u017cadnym wypadku nie zast\u0119puj\u0105 profesjonalnej porady lekarskiej i nie powinny by\u0107 interpretowane jako zalecenia dotycz\u0105ce leczenia. Ani tre\u015b\u0107, ani \u017cadna inna us\u0142uga oferowana przez t\u0119 witryn\u0119 lub za jej po\u015brednictwem nie mo\u017ce s\u0142u\u017cy\u0107 do diagnozowania lub leczenia medycznego. W przypadku jakichkolwiek pyta\u0144 dotycz\u0105cych stanu zdrowia nale\u017cy zawsze zasi\u0119gn\u0105\u0107 porady pracownika s\u0142u\u017cby zdrowia.<\/p>\n\n\n\n<p><strong>Linki<\/strong><\/p>\n\n\n\n<p>Jako \u017ar\u00f3d\u0142o informacji dla naszych go\u015bci, ta strona zawiera linki do innych stron internetowych. Jednak\u017ce, poniewa\u017c Karo Pharma nie kontroluje zawarto\u015bci innych stron internetowych, do kt\u00f3rych mog\u0105 si\u0119 odwo\u0142ywa\u0107, oraz ze wzgl\u0119du na ich stale zmieniaj\u0105cy si\u0119 charakter, Karo Pharma nie ponosi odpowiedzialno\u015bci za tre\u015b\u0107, praktyki ani standardy witryn stron trzecich. Karo Pharma nie popiera tre\u015bci znajduj\u0105cych si\u0119 na stronach internetowych os\u00f3b trzecich. Karo Pharma nie ponosi odpowiedzialno\u015bci za tre\u015b\u0107 powi\u0105zanych witryn stron trzecich, witryn znajduj\u0105cych si\u0119 w ramkach witryny ani reklam stron trzecich i nie sk\u0142ada \u017cadnych o\u015bwiadcze\u0144 dotycz\u0105cych ich zawarto\u015bci lub dok\u0142adno\u015bci. Korzystanie z witryn internetowych os\u00f3b trzecich odbywa si\u0119 na w\u0142asne ryzyko i podlega warunkom korzystania z takich witryn.<\/p>\n\n\n\n<p><strong>Wykorzystywanie i ujawnianie informacji<\/strong><\/p>\n\n\n\n<p>Z wyj\u0105tkiem przypadk\u00f3w wyra\u017anie okre\u015blonych na stronie, je\u015bli przeka\u017cesz nam jakiekolwiek informacje, w tym wszelkie komentarze, uwagi, sugestie, pomys\u0142y, notatki, rysunki, grafiki, koncepcje lub inne informacje, przekazujesz te informacje i wszystkie swoje prawa je, do Karo Pharma bezp\u0142atnie i takie informacje zostan\u0105 uznane za niepoufne, a Karo Pharma nie b\u0119dzie mia\u0142a \u017cadnych zobowi\u0105za\u0144 w odniesieniu do takich informacji i mo\u017ce swobodnie powiela\u0107, wykorzystywa\u0107, ujawnia\u0107 i rozpowszechnia\u0107 te informacje innym osobom bez ogranicze\u0144 innych ni\u017c te ustanowione przez obowi\u0105zuj\u0105ce prawo lub regulacje dotycz\u0105ce prywatno\u015bci danych, bez Twojej zgody ani \u017cadnego odszkodowania dla Ciebie lub kogokolwiek innego. Karo Pharma mo\u017ce swobodnie wykorzystywa\u0107 know-how i techniki zawarte w takich informacjach do dowolnego celu, w tym mi\u0119dzy innymi do opracowywania, wytwarzania i wprowadzania na rynek produkt\u00f3w zawieraj\u0105cych takie informacje. Dzieje si\u0119 tak niezale\u017cnie od tego, czy przeka\u017cesz nam takie informacje e-mailem, poprzez formularz na stronie, na tablicy og\u0142osze\u0144, czy w jakikolwiek inny spos\u00f3b. Karo Pharma mo\u017ce od czasu do czasu monitorowa\u0107, przegl\u0105da\u0107 i wed\u0142ug w\u0142asnego uznania modyfikowa\u0107 lub usuwa\u0107 wszelkie wpisy zamieszczane przez u\u017cytkownika na stronie, jednak\u017ce Karo Pharma nie jest do tego zobowi\u0105zana.<\/p>\n\n\n\n<p><strong>Korzystanie z witryny\/bezpiecze\u0144stwo<\/strong><\/p>\n\n\n\n<p>Zgadzasz si\u0119 nie przesy\u0142a\u0107 ani nie przesy\u0142a\u0107 \u017cadnych materia\u0142\u00f3w, kt\u00f3re s\u0105 niezgodne z prawem, zawieraj\u0105 gro\u017aby, oszczercze, znies\u0142awiaj\u0105ce, obsceniczne, pornograficzne, blu\u017aniercze lub mog\u0105 w jakikolwiek inny spos\u00f3b narusza\u0107 jakiekolwiek prawo, regulacje lub zasady. Ponosisz wy\u0142\u0105czn\u0105 odpowiedzialno\u015b\u0107 za wszelkie materia\u0142y przes\u0142ane do serwisu. Ponadto zgadzasz si\u0119 nie przesy\u0142a\u0107, nie wysy\u0142a\u0107 e-mailami, nie publikowa\u0107, nie przesy\u0142a\u0107, nie rozpowszechnia\u0107 ani w \u017caden inny spos\u00f3b nie publikowa\u0107 za po\u015brednictwem witryny \u017cadnych materia\u0142\u00f3w zak\u0142\u00f3caj\u0105cych normalne dzia\u0142anie witryny, w tym publikowania lub przesy\u0142ania w inny spos\u00f3b materia\u0142\u00f3w niezwi\u0105zanych z danym tematem lub w inny spos\u00f3b ogranicza lub uniemo\u017cliwia innym u\u017cytkownikom korzystanie z witryny.<\/p>\n\n\n\n<p>Aby uzyska\u0107 pe\u0142ny dost\u0119p do serwisu, konieczne mo\u017ce by\u0107 dokonanie rejestracji. Jeste\u015b odpowiedzialny za zachowanie poufno\u015bci swojego konta i has\u0142a oraz za ograniczenie dost\u0119pu do swojego komputera. Przyjmujesz odpowiedzialno\u015b\u0107 za wszystkie dzia\u0142ania, kt\u00f3re maj\u0105 miejsce w ramach Twojego konta lub has\u0142a, a takie u\u017cycie b\u0119dzie uwa\u017cane za Twoje u\u017cycie. Zapewnisz, \u017ce korzystanie z Twojego konta b\u0119dzie w pe\u0142ni zgodne z niniejszymi Warunkami u\u017cytkowania. Przenoszenie przez Ciebie konta na inn\u0105 osob\u0119 lub podmiot jest zabronione.<\/p>\n\n\n\n<p>Podczas korzystania z witryny informacje b\u0119d\u0105 przesy\u0142ane za po\u015brednictwem medium znajduj\u0105cego si\u0119 poza kontrol\u0105 i jurysdykcj\u0105 Karo Pharma i jej dostawc\u00f3w. W zwi\u0105zku z tym Karo Pharma nie ponosi \u017cadnej odpowiedzialno\u015bci za op\u00f3\u017anienia, awarie, przerwy lub uszkodzenia jakichkolwiek danych lub innych informacji przesy\u0142anych w zwi\u0105zku z korzystaniem z tej witryny.<\/p>\n\n\n\n<p><strong>Ograniczenia<\/strong><\/p>\n\n\n\n<p>Karo Pharma ma swoj\u0105 siedzib\u0119 w Szwecji. Karo Pharma nie gwarantuje, \u017ce materia\u0142y zawarte na stronie s\u0105 odpowiednie lub dost\u0119pne do wykorzystania w innych lokalizacjach. Dost\u0119p do tre\u015bci mo\u017ce nie by\u0107 legalny dla niekt\u00f3rych os\u00f3b lub w niekt\u00f3rych krajach poza Szwecj\u0105. Je\u015bli uzyskujesz dost\u0119p do tej witryny spoza Szwecji, robisz to na w\u0142asne ryzyko i jeste\u015b odpowiedzialny za przestrzeganie prawa obowi\u0105zuj\u0105cego w Twojej jurysdykcji. Niniejsza witryna nie jest przeznaczona ani nie ma na celu przyci\u0105gania os\u00f3b nieletnich w wieku poni\u017cej 18 lat.<\/p>\n\n\n\n<p><strong>Nieletni<\/strong><\/p>\n\n\n\n<p>Powiniene\u015b mie\u0107 \u015bwiadomo\u015b\u0107, \u017ce ta strona nie jest przeznaczona ani nie ma na celu przyci\u0105gania os\u00f3b poni\u017cej 18 roku \u017cycia. Nie zbieramy danych osobowych od \u017cadnej osoby, o kt\u00f3rej wiemy, \u017ce jest osob\u0105 poni\u017cej 18 roku \u017cycia.<\/p>\n\n\n\n<p><strong>Spory i obowi\u0105zuj\u0105ce prawo<\/strong><\/p>\n\n\n\n<p>Niniejsze Warunki u\u017cytkowania oraz wszelkie spory lub roszczenia wynikaj\u0105ce z nich lub w zwi\u0105zku z nimi, ich przedmiotem lub utworzeniem (w tym wszelkie spory lub roszczenia pozaumowne) podlegaj\u0105 prawu szwedzkiemu. Je\u017celi kt\u00f3rekolwiek postanowienie niniejszych Warunk\u00f3w u\u017cytkowania zostanie uznane za niewa\u017cne przez jakikolwiek w\u0142a\u015bciwy s\u0105d, niewa\u017cno\u015b\u0107 takiego postanowienia nie b\u0119dzie mia\u0142a wp\u0142ywu na wa\u017cno\u015b\u0107 pozosta\u0142ych postanowie\u0144 niniejszych Warunk\u00f3w u\u017cytkowania. Wyra\u017anie zgadzasz si\u0119, \u017ce s\u0105dy szwedzkie b\u0119d\u0105 mia\u0142y wy\u0142\u0105czn\u0105 jurysdykcj\u0119 do rozstrzygania wszelkich spor\u00f3w lub roszcze\u0144 z Karo Pharma, wszelkich spor\u00f3w lub roszcze\u0144 zwi\u0105zanych lub wynikaj\u0105cych z korzystania przez Ciebie z tej witryny, lub wszelkich spor\u00f3w lub roszcze\u0144 wynikaj\u0105cych z lub w zwi\u0105zku z niniejszymi Warunkami korzystania, ich przedmiotem lub form\u0105 (w tym spory lub roszczenia pozaumowne).<\/p>\n\n\n\n<p><strong>Zmiany Regulaminu<\/strong><\/p>\n\n\n\n<p>Karo Pharma mo\u017ce modyfikowa\u0107 niniejsze Warunki u\u017cytkowania w dowolnym momencie bez powiadamiania u\u017cytkownika. Karo Pharma mo\u017ce rozwi\u0105za\u0107 niniejsz\u0105 umow\u0119, pozbawi\u0107 Ci\u0119 dost\u0119pu do ca\u0142o\u015bci lub cz\u0119\u015bci witryny lub zawiesi\u0107 dost\u0119p dowolnego u\u017cytkownika do ca\u0142o\u015bci lub cz\u0119\u015bci witryny w dowolnym momencie i bez powiadomienia, je\u015bli wed\u0142ug w\u0142asnego uznania uzna, \u017ce naruszy\u0142e\u015b lub mo\u017cesz naruszy\u0107 dowolny warunek niniejszych Warunk\u00f3w u\u017cytkowania lub dla jego wygody. Mo\u017cesz rozwi\u0105za\u0107 niniejsz\u0105 umow\u0119 w dowolnym momencie, niszcz\u0105c wszystkie materia\u0142y otrzymane z witryny i zaprzestaj\u0105c korzystania z witryny.<\/p>\n<\/div><\/div>\n","protected":false},"excerpt":{"rendered":"","protected":false},"author":3,"featured_media":0,"parent":0,"menu_order":0,"comment_status":"closed","ping_status":"closed","template":"","meta":{"_acf_changed":false,"footnotes":""},"from-article-database":[],"class_list":["post-173","page","type-page","status-publish","hentry"],"acf":[],"yoast_head":"<!-- This site is optimized with the Yoast SEO plugin v26.6 - https:\/\/yoast.com\/wordpress\/plugins\/seo\/ -->\n<title>Regulamin serwisu - PoxClin<\/title>\n<meta name=\"description\" content=\"Witamy na tej stronie internetowej, kt\u00f3rej w\u0142a\u015bcicielem jest Karo Pharma AB i jej sp\u00f3\u0142ki stowarzyszone (\u201eKaro Pharma\u201d). Korzystaj\u0105c z tej witryny internetowej (zwanej tak\u017ce \u201estron\u0105\u201d), wyra\u017casz zgod\u0119 na przestrzeganie poni\u017cszych warunk\u00f3w oraz wszystkich obowi\u0105zuj\u0105cych przepis\u00f3w i regulacji.\" \/>\n<meta name=\"robots\" content=\"noindex, follow, max-snippet:-1, max-image-preview:large, max-video-preview:-1\" \/>\n<meta property=\"og:locale\" content=\"pl_PL\" \/>\n<meta property=\"og:type\" content=\"article\" \/>\n<meta property=\"og:title\" content=\"Regulamin serwisu - PoxClin\" \/>\n<meta property=\"og:description\" content=\"Witamy na tej stronie internetowej, kt\u00f3rej w\u0142a\u015bcicielem jest Karo Pharma AB i jej sp\u00f3\u0142ki stowarzyszone (\u201eKaro Pharma\u201d). Korzystaj\u0105c z tej witryny internetowej (zwanej tak\u017ce \u201estron\u0105\u201d), wyra\u017casz zgod\u0119 na przestrzeganie poni\u017cszych warunk\u00f3w oraz wszystkich obowi\u0105zuj\u0105cych przepis\u00f3w i regulacji.\" \/>\n<meta property=\"og:url\" content=\"https:\/\/stage.poxclin.com\/pl\/regulamin-serwisu\/\" \/>\n<meta property=\"og:site_name\" content=\"PoxClin\" \/>\n<meta property=\"article:modified_time\" content=\"2026-02-23T07:41:18+00:00\" \/>\n<meta name=\"twitter:card\" content=\"summary_large_image\" \/>\n<meta name=\"twitter:label1\" content=\"Szacowany czas czytania\" \/>\n\t<meta name=\"twitter:data1\" content=\"8 minut\" \/>\n<script type=\"application\/ld+json\" class=\"yoast-schema-graph\">{\"@context\":\"https:\/\/schema.org\",\"@graph\":[{\"@type\":\"WebPage\",\"@id\":\"https:\/\/stage.poxclin.com\/pl\/regulamin-serwisu\/\",\"url\":\"https:\/\/stage.poxclin.com\/pl\/regulamin-serwisu\/\",\"name\":\"Regulamin serwisu - PoxClin\",\"isPartOf\":{\"@id\":\"https:\/\/stage.poxclin.com\/pl\/#website\"},\"datePublished\":\"2023-10-25T08:11:17+00:00\",\"dateModified\":\"2026-02-23T07:41:18+00:00\",\"description\":\"Witamy na tej stronie internetowej, kt\u00f3rej w\u0142a\u015bcicielem jest Karo Pharma AB i jej sp\u00f3\u0142ki stowarzyszone (\u201eKaro Pharma\u201d). Korzystaj\u0105c z tej witryny internetowej (zwanej tak\u017ce \u201estron\u0105\u201d), wyra\u017casz zgod\u0119 na przestrzeganie poni\u017cszych warunk\u00f3w oraz wszystkich obowi\u0105zuj\u0105cych przepis\u00f3w i regulacji.\",\"inLanguage\":\"pl-PL\",\"potentialAction\":[{\"@type\":\"ReadAction\",\"target\":[\"https:\/\/stage.poxclin.com\/pl\/regulamin-serwisu\/\"]}]},{\"@type\":\"WebSite\",\"@id\":\"https:\/\/stage.poxclin.com\/pl\/#website\",\"url\":\"https:\/\/stage.poxclin.com\/pl\/\",\"name\":\"PoxClin\",\"description\":\"\",\"publisher\":{\"@id\":\"https:\/\/stage.poxclin.com\/pl\/#organization\"},\"potentialAction\":[{\"@type\":\"SearchAction\",\"target\":{\"@type\":\"EntryPoint\",\"urlTemplate\":\"https:\/\/stage.poxclin.com\/pl\/?s={search_term_string}\"},\"query-input\":{\"@type\":\"PropertyValueSpecification\",\"valueRequired\":true,\"valueName\":\"search_term_string\"}}],\"inLanguage\":\"pl-PL\"},{\"@type\":\"Organization\",\"@id\":\"https:\/\/stage.poxclin.com\/pl\/#organization\",\"name\":\"PoxClin\",\"url\":\"https:\/\/stage.poxclin.com\/pl\/\",\"logo\":{\"@type\":\"ImageObject\",\"inLanguage\":\"pl-PL\",\"@id\":\"https:\/\/stage.poxclin.com\/pl\/#\/schema\/logo\/image\/\",\"url\":\"https:\/\/stage.poxclin.com\/app\/uploads\/sites\/9\/2023\/01\/PoxClin-logo.png\",\"contentUrl\":\"https:\/\/stage.poxclin.com\/app\/uploads\/sites\/9\/2023\/01\/PoxClin-logo.png\",\"width\":88,\"height\":24,\"caption\":\"PoxClin\"},\"image\":{\"@id\":\"https:\/\/stage.poxclin.com\/pl\/#\/schema\/logo\/image\/\"}}]}<\/script>\n<!-- \/ Yoast SEO plugin. -->","yoast_head_json":{"title":"Regulamin serwisu - PoxClin","description":"Witamy na tej stronie internetowej, kt\u00f3rej w\u0142a\u015bcicielem jest Karo Pharma AB i jej sp\u00f3\u0142ki stowarzyszone (\u201eKaro Pharma\u201d). Korzystaj\u0105c z tej witryny internetowej (zwanej tak\u017ce \u201estron\u0105\u201d), wyra\u017casz zgod\u0119 na przestrzeganie poni\u017cszych warunk\u00f3w oraz wszystkich obowi\u0105zuj\u0105cych przepis\u00f3w i regulacji.","robots":{"index":"noindex","follow":"follow","max-snippet":"max-snippet:-1","max-image-preview":"max-image-preview:large","max-video-preview":"max-video-preview:-1"},"og_locale":"pl_PL","og_type":"article","og_title":"Regulamin serwisu - PoxClin","og_description":"Witamy na tej stronie internetowej, kt\u00f3rej w\u0142a\u015bcicielem jest Karo Pharma AB i jej sp\u00f3\u0142ki stowarzyszone (\u201eKaro Pharma\u201d). Korzystaj\u0105c z tej witryny internetowej (zwanej tak\u017ce \u201estron\u0105\u201d), wyra\u017casz zgod\u0119 na przestrzeganie poni\u017cszych warunk\u00f3w oraz wszystkich obowi\u0105zuj\u0105cych przepis\u00f3w i regulacji.","og_url":"https:\/\/stage.poxclin.com\/pl\/regulamin-serwisu\/","og_site_name":"PoxClin","article_modified_time":"2026-02-23T07:41:18+00:00","twitter_card":"summary_large_image","twitter_misc":{"Szacowany czas czytania":"8 minut"},"schema":{"@context":"https:\/\/schema.org","@graph":[{"@type":"WebPage","@id":"https:\/\/stage.poxclin.com\/pl\/regulamin-serwisu\/","url":"https:\/\/stage.poxclin.com\/pl\/regulamin-serwisu\/","name":"Regulamin serwisu - PoxClin","isPartOf":{"@id":"https:\/\/stage.poxclin.com\/pl\/#website"},"datePublished":"2023-10-25T08:11:17+00:00","dateModified":"2026-02-23T07:41:18+00:00","description":"Witamy na tej stronie internetowej, kt\u00f3rej w\u0142a\u015bcicielem jest Karo Pharma AB i jej sp\u00f3\u0142ki stowarzyszone (\u201eKaro Pharma\u201d). Korzystaj\u0105c z tej witryny internetowej (zwanej tak\u017ce \u201estron\u0105\u201d), wyra\u017casz zgod\u0119 na przestrzeganie poni\u017cszych warunk\u00f3w oraz wszystkich obowi\u0105zuj\u0105cych przepis\u00f3w i regulacji.","inLanguage":"pl-PL","potentialAction":[{"@type":"ReadAction","target":["https:\/\/stage.poxclin.com\/pl\/regulamin-serwisu\/"]}]},{"@type":"WebSite","@id":"https:\/\/stage.poxclin.com\/pl\/#website","url":"https:\/\/stage.poxclin.com\/pl\/","name":"PoxClin","description":"","publisher":{"@id":"https:\/\/stage.poxclin.com\/pl\/#organization"},"potentialAction":[{"@type":"SearchAction","target":{"@type":"EntryPoint","urlTemplate":"https:\/\/stage.poxclin.com\/pl\/?s={search_term_string}"},"query-input":{"@type":"PropertyValueSpecification","valueRequired":true,"valueName":"search_term_string"}}],"inLanguage":"pl-PL"},{"@type":"Organization","@id":"https:\/\/stage.poxclin.com\/pl\/#organization","name":"PoxClin","url":"https:\/\/stage.poxclin.com\/pl\/","logo":{"@type":"ImageObject","inLanguage":"pl-PL","@id":"https:\/\/stage.poxclin.com\/pl\/#\/schema\/logo\/image\/","url":"https:\/\/stage.poxclin.com\/app\/uploads\/sites\/9\/2023\/01\/PoxClin-logo.png","contentUrl":"https:\/\/stage.poxclin.com\/app\/uploads\/sites\/9\/2023\/01\/PoxClin-logo.png","width":88,"height":24,"caption":"PoxClin"},"image":{"@id":"https:\/\/stage.poxclin.com\/pl\/#\/schema\/logo\/image\/"}}]}},"_links":{"self":[{"href":"https:\/\/stage.poxclin.com\/pl\/wp-json\/wp\/v2\/pages\/173","targetHints":{"allow":["GET"]}}],"collection":[{"href":"https:\/\/stage.poxclin.com\/pl\/wp-json\/wp\/v2\/pages"}],"about":[{"href":"https:\/\/stage.poxclin.com\/pl\/wp-json\/wp\/v2\/types\/page"}],"author":[{"embeddable":true,"href":"https:\/\/stage.poxclin.com\/pl\/wp-json\/wp\/v2\/users\/3"}],"replies":[{"embeddable":true,"href":"https:\/\/stage.poxclin.com\/pl\/wp-json\/wp\/v2\/comments?post=173"}],"version-history":[{"count":1,"href":"https:\/\/stage.poxclin.com\/pl\/wp-json\/wp\/v2\/pages\/173\/revisions"}],"predecessor-version":[{"id":174,"href":"https:\/\/stage.poxclin.com\/pl\/wp-json\/wp\/v2\/pages\/173\/revisions\/174"}],"wp:attachment":[{"href":"https:\/\/stage.poxclin.com\/pl\/wp-json\/wp\/v2\/media?parent=173"}],"wp:term":[{"taxonomy":"from-article-database","embeddable":true,"href":"https:\/\/stage.poxclin.com\/pl\/wp-json\/wp\/v2\/from-article-database?post=173"}],"curies":[{"name":"wp","href":"https:\/\/api.w.org\/{rel}","templated":true}]}}