{"id":26,"date":"2023-01-18T08:35:21","date_gmt":"2023-01-18T07:35:21","guid":{"rendered":"https:\/\/stage.poxclin.com\/pl\/?page_id=26"},"modified":"2026-02-23T08:41:18","modified_gmt":"2026-02-23T07:41:18","slug":"czp","status":"publish","type":"page","link":"https:\/\/stage.poxclin.com\/pl\/czp\/","title":{"rendered":"CZP"},"content":{"rendered":"\n<div class=\"wp-block-karopharma-free-text pt-large pb-large bg-center bg-cover bg-no-repeat\" style=\"background-image:url(https:\/\/stage.poxclin.com\/cdn-cgi\/image\/format=auto\/app\/uploads\/sites\/9\/2023\/01\/bg-red.png)\"><div class=\"free-text-wrapper container max-w-medium text-left\">\n<h1 class=\"has-text-align-center is-style-heading-huge wp-block-heading\"><mark style=\"background-color:rgba(0, 0, 0, 0)\" class=\"has-inline-color has-white-color\">Cz\u0119sto zadawane pytania<\/mark><\/h1>\n<\/div><\/div>\n\n\n\n<div class=\"wp-block-karopharma-accordions\"><div class=\"container\">\n<details class=\"wp-block-karopharma-accordion\"><summary><h2 class=\"accordion-title\">Jak d\u0142ugo trwa ospa wietrzna?<\/h2><\/summary><div class=\"accordion-content\">\n<p>Zazwyczaj okres rozwoju choroby, od chwili kontaktu z wirusem do czasu wyst\u0105pienia objaw\u00f3w, trwa oko\u0142o 2 tygodni. Pocz\u0105tkowo ospa wietrzna objawia si\u0119 niewysok\u0105 gor\u0105czk\u0105, a nast\u0119pnie pojawia si\u0119 sw\u0119dz\u0105ca, p\u0119cherzykowa wysypka, kt\u00f3ra obejmuje ca\u0142e cia\u0142o. W ci\u0105gu kilku dni z tych zmian sk\u00f3rnych zaczynaj\u0105 tworzy\u0107 si\u0119 strupki, kt\u00f3re nast\u0119pnie odpadaj\u0105.<\/p>\n\n\n\n<p>P\u0119cherzyki w ospie wietrznej pojawiaj\u0105 si\u0119 rzutami.<br>W czasie, gdy pierwsze p\u0119cherzyki zmieniaj\u0105 si\u0119 w strupki, mog\u0105 pojawia\u0107 si\u0119 nowe plamki. Cho\u0107 objawy utrzymuj\u0105 si\u0119 tylko przez kilka dni, czas do ca\u0142kowitego wygojenia wszystkich p\u0119cherzyk\u00f3w trwa 10\u201314 dni; dopiero w\u00f3wczas dziecko przestaje zara\u017ca\u0107.<\/p>\n<\/div><\/details>\n\n\n\n<details class=\"wp-block-karopharma-accordion\"><summary><h2 class=\"accordion-title\">Czy to prawda, \u017ce \u200b\u200bpo przebyciu ospy wietrznej w dzieci\u0144stwie uzyskuje si\u0119 odporno\u015b\u0107 na ca\u0142e \u017cycie?<\/h2><\/summary><div class=\"accordion-content\">\n<p>Zachorowanie na osp\u0119 wietrzn\u0105 zazwyczaj zapewnia odporno\u015b\u0107 przed ponownym zaka\u017ceniem tym wirusem na ca\u0142e \u017cycie.<\/p>\n\n\n\n<p>Jednak w przypadku, gdy noworodek lub niemowl\u0119 zarazi si\u0119 osp\u0105 wietrzn\u0105 w okresie pierwszych 6 miesi\u0119cy \u017cycia, istnieje du\u017ce prawdopodobie\u0144stwo, \u017ce zachoruje ponownie w starszym wieku.<\/p>\n<\/div><\/details>\n\n\n\n<details class=\"wp-block-karopharma-accordion\"><summary><h2 class=\"accordion-title\">Czy ospa wietrzna jest zaka\u017ana?<\/h2><\/summary><div class=\"accordion-content\">\n<p>Ospa wietrzna jest wywo\u0142ywana przez przenoszonego z ruchem powietrza, powszechnie wyst\u0119puj\u0105cego i niezwykle zara\u017aliwego wirusa (wirus ospy wietrznej i p\u00f3\u0142pa\u015bca, nale\u017c\u0105cy do rodziny herpes); zwykle do zaka\u017cenia dochodzi w dzieci\u0144stwie.<\/p>\n\n\n\n<p>Zaka\u017cenie rozprzestrzenia si\u0119 drog\u0105 kropelkow\u0105 przez kaszel lub kichanie, a tak\u017ce przez dotykanie chorego dziecka.<\/p>\n<\/div><\/details>\n\n\n\n<details class=\"wp-block-karopharma-accordion\"><summary><h2 class=\"accordion-title\">Czy istnieje szczepionka przeciwko ospie wietrznej?<\/h2><\/summary><div class=\"accordion-content\">\n<p>Tak, mo\u017cliwe jest szczepienie przeciwko ospie wietrznej, jednak nie w ka\u017cdym kraju jest zapewnione bezp\u0142atnie dla ka\u017cdego.<br>Zalecamy konsultacj\u0119 lekarsk\u0105 celem sprawdzenia mo\u017cliwo\u015bci i warunk\u00f3w szczepienia. Nale\u017cy pami\u0119ta\u0107 o tym, \u017ce ospa wietrzna zazwyczaj ust\u0119puje bez powik\u0142a\u0144 i na og\u00f3\u0142 nie zagra\u017ca \u017cyciu.<\/p>\n<\/div><\/details>\n\n\n\n<details class=\"wp-block-karopharma-accordion\"><summary><h2 class=\"accordion-title\">Czy pianka PoxClin CoolMouse jest odpowiednia tak\u017ce dla os\u00f3b doros\u0142ych?<\/h2><\/summary><div class=\"accordion-content\">\n<p>Cho\u0107 stosowanie preparatu PoxClin CoolMousse jest bezpieczne, doros\u0142ym chorym na osp\u0119 wietrzn\u0105 zaleca si\u0119 konsultacj\u0119 z lekarzem \u2013 dotyczy to szczeg\u00f3lnie kobiet w ci\u0105\u017cy i os\u00f3b z os\u0142abionym uk\u0142adem odporno\u015bciowym.<br>Powodem jest to, \u017ce u doros\u0142ych ospa wietrzna ma zazwyczaj ci\u0119\u017cszy przebieg ni\u017c u dzieci i mo\u017ce jej towarzyszy\u0107 zapalenie p\u0142uc.<\/p>\n<\/div><\/details>\n\n\n\n<details class=\"wp-block-karopharma-accordion\"><summary><h2 class=\"accordion-title\">Czy dziecko mo\u017ce chodzi\u0107 na zaj\u0119cia grupowe, do \u017c\u0142obka, przedszkola lub szko\u0142y, gdy choruje na osp\u0119 wietrzn\u0105?<\/h2><\/summary><div class=\"accordion-content\">\n<p>Je\u017celi dziecko zachoruje na osp\u0119 wietrzn\u0105, nale\u017cy poinformowa\u0107 o tym osob\u0119 prowadz\u0105c\u0105 zaj\u0119cia grupowe, \u017c\u0142obek, przedszkole lub szko\u0142\u0119, a chory powinien pozosta\u0107 w domu do czasu, a\u017c wszystkie p\u0119cherzyki zmieni\u0105 si\u0119 w strupki i przestanie zara\u017ca\u0107.<\/p>\n\n\n\n<p>Zazwyczaj trwa to oko\u0142o tygodnia od pojawienia si\u0119 pierwszej wysypki. Niekt\u00f3re przedszkola i szko\u0142y maj\u0105 w\u0142asne zasady post\u0119powania, a w\u0142a\u015bnie w tego typu plac\u00f3wkach najcz\u0119\u015bciej dziecko mo\u017ce zarazi\u0107 si\u0119 osp\u0105 wietrzn\u0105. W ka\u017cdym przypadku nale\u017cy post\u0119powa\u0107 zgodnie z zaleceniami nauczyciela dziecka.<\/p>\n<\/div><\/details>\n\n\n\n<details class=\"wp-block-karopharma-accordion\"><summary><h2 class=\"accordion-title\">Czy dziecko mo\u017ce chodzi\u0107 na place zabaw, baseny publiczne lub do innych miejsc publicznych, gdy choruje na osp\u0119 wietrzn\u0105?<\/h2><\/summary><div class=\"accordion-content\">\n<p>Nale\u017cy unika\u0107 miejsc publicznych, poniewa\u017c grozi to zara\u017ceniem innych, co mo\u017ce by\u0107 niebezpieczne, zw\u0142aszcza dla kobiet w ci\u0105\u017cy i os\u00f3b z os\u0142abionym uk\u0142adem odporno\u015bciowym.<\/p>\n\n\n\n<p>Je\u017celi dziecko zachoruje na osp\u0119 wietrzn\u0105, nie nale\u017cy chodzi\u0107 z nim na place zabaw ani w inne miejsca publiczne do czasu a\u017c wszystkie p\u0119cherzyki zmieni\u0105 si\u0119 w strupki i przestanie zara\u017ca\u0107. Zazwyczaj trwa to oko\u0142o tygodnia od pojawienia si\u0119 pierwszej wysypki. Nale\u017cy poinformowa\u0107 inne osoby\/rodzic\u00f3w o chorobie oraz mo\u017cliwo\u015bci zara\u017cania. Nale\u017cy wzi\u0105\u0107 pod uwag\u0119, \u017ce nie ka\u017cdy b\u0119dzie akceptowa\u0142 przyprowadzanie chorego dziecka w miejsca publiczne.<\/p>\n<\/div><\/details>\n\n\n\n<details class=\"wp-block-karopharma-accordion\"><summary><h2 class=\"accordion-title\">Czy dziecko mo\u017ce p\u0142ywa\u0107 lub uprawia\u0107 inne sporty?<\/h2><\/summary><div class=\"accordion-content\">\n<p>Ospa wietrzna jest wysoce zaka\u017ana. Je\u017celi dziecko zachoruje na osp\u0119 wietrzn\u0105, nie powinno chodzi\u0107 na basen ani uprawia\u0107 sport\u00f3w kontaktowych do czasu a\u017c wszystkie p\u0119cherzyki zmieni\u0105 si\u0119 w strupki. Zazwyczaj trwa to oko\u0142o tygodnia od pojawienia si\u0119 pierwszej wysypki.<\/p>\n\n\n\n<p>Nale\u017cy unika\u0107 miejsc publicznych, poniewa\u017c grozi to zara\u017ceniem innych, co mo\u017ce by\u0107 niebezpieczne, zw\u0142aszcza dla kobiet w ci\u0105\u017cy i os\u00f3b z os\u0142abionym uk\u0142adem odporno\u015bciowym. P\u0142ywanie mo\u017ce dodatkowo zmi\u0119kczy\u0107 strupki, kt\u00f3re mog\u0105 nasili\u0107 \u015bwi\u0105d i zbyt wcze\u015bnie odpa\u015b\u0107, pozostawiaj\u0105c blizny.<\/p>\n<\/div><\/details>\n\n\n\n<details class=\"wp-block-karopharma-accordion\"><summary><h2 class=\"accordion-title\">Czy mog\u0119 k\u0105pa\u0107 si\u0119 lub bra\u0107 prysznic w czasie chorowania na osp\u0119 wietrzn\u0105?<\/h2><\/summary><div class=\"accordion-content\">\n<p>Chory na osp\u0119 wietrzn\u0105 mo\u017ce bra\u0107 kr\u00f3tki prysznic lub kapiel. Niekt\u00f3re dzieci mog\u0105 uwa\u017ca\u0107, \u017ce k\u0105piel w letniej lub ch\u0142odnej wodzie zmniejsza \u015bwi\u0105d. Nie nale\u017cy bra\u0107 k\u0105pieli w gor\u0105cej wodzie, poniewa\u017c mo\u017ce nasila\u0107 \u015bwi\u0105d oraz nale\u017cy ograniczy\u0107 czas k\u0105pania, aby nie trwa\u0142 zbyt d\u0142ugo.<\/p>\n\n\n\n<p>Po wzi\u0119ciu prysznica lub wyk\u0105paniu dziecko nale\u017cy osuszy\u0107 przez delikatne przyk\u0142adanie r\u0119cznika; nie nale\u017cy trze\u0107 sk\u00f3ry, aby unikn\u0105\u0107 zaka\u017cenia p\u0119cherzyk\u00f3w i odpadni\u0119cia strupk\u00f3w z pozostawieniem blizn.<\/p>\n<\/div><\/details>\n\n\n\n<details class=\"wp-block-karopharma-accordion\"><summary><h2 class=\"accordion-title\">Czy w czasie ospy wietrznej mo\u017cna bezpiecznie lata\u0107 samolotem?<\/h2><\/summary><div class=\"accordion-content\">\n<p>Ospa wietrzna jest wysoce zaka\u017ana. Chory mo\u017ce nie zosta\u0107 wpuszczony na pok\u0142ad samolotu do czasu a\u017c wszystkie strupki odpadn\u0105. Wynika to z faktu, \u017ce zarazki mog\u0105 \u0142atwo przenosi\u0107 si\u0119 przez systemy wentylacyjne w samolotach. Wirus mo\u017ce by\u0107 szczeg\u00f3lnie niebezpieczny dla kobiet w ci\u0105\u017cy i os\u00f3b z os\u0142abionym uk\u0142adem odporno\u015bciowym.<\/p>\n\n\n\n<p>Z regu\u0142y lot jest dozwolony wy\u0142\u0105cznie na podstawie za\u015bwiadczenia lekarskiego. Ka\u017cda linia lotnicza ma swoje w\u0142asne zasady, kt\u00f3re nale\u017cy sprawdzi\u0107. W przypadku ospy wietrznej nale\u017cy niezw\u0142ocznie poinformowa\u0107 podmiot ubezpieczaj\u0105cy podr\u00f3\u017c, aby upewni\u0107 si\u0119, czy ochrona ubezpieczeniowa obejmuje konieczno\u015b\u0107 anulowania lub prze\u0142o\u017cenia urlopu, b\u0105d\u017a od\u0142o\u017cenia wyjazdu do czasu a\u017c stan dziecka pozwoli na powr\u00f3t do domu.<\/p>\n<\/div><\/details>\n\n\n\n<details class=\"wp-block-karopharma-accordion\"><summary><h2 class=\"accordion-title\">Czy dziecko mo\u017ce wej\u015b\u0107 do szpitala lub na oddzia\u0142 w czasie, gdy choruje na osp\u0119 wietrzn\u0105?<\/h2><\/summary><div class=\"accordion-content\">\n<p>Dzieci chore na ospe wietrzn\u0105 nie powinny odwiedza\u0107 krewnych, przyjaci\u00f3\u0142 w szpitalu ani na oddziale bez uprzedniej zgody takiej plac\u00f3wki.<\/p>\n<\/div><\/details>\n\n\n\n<details class=\"wp-block-karopharma-accordion\"><summary><h2 class=\"accordion-title\">Czy kontakt noworodka lub niemowl\u0119cia z rodze\u0144stwem chorym na osp\u0119 wietrzn\u0105 mo\u017ce by\u0107 niebezpieczny?<\/h2><\/summary><div class=\"accordion-content\">\n<p>Zaka\u017cenie wirusem ospy wietrznej zazwyczaj zapewnia odporno\u015b\u0107 na ca\u0142e \u017cycie. Noworodki i niemowl\u0119ta karmione piersi\u0105 w wi\u0119kszo\u015bci przypadk\u00f3w nie choruj\u0105 na osp\u0119 wietrzn\u0105, je\u017celi i matka przesz\u0142a t\u0119 chorob\u0119 w dzieci\u0144stwie. Przeciwcia\u0142a s\u0105 przekazywane przez \u0142o\u017cysko w czasie ci\u0105\u017cy, jak te\u017c dodatkowo z mlekiem matki, co zapewnia wystarczaj\u0105c\u0105 odporno\u015b\u0107 u niemowl\u0119cia.<\/p>\n\n\n\n<p>W przypadku, gdy pomimo tego noworodek lub niemowl\u0119 zarazi si\u0119 osp\u0105 wietrzn\u0105 w okresie pierwszych 6 miesi\u0119cy \u017cycia, w\u00f3wczas istnieje du\u017ce prawdopodobie\u0144stwo, \u017ce jego organizm nie wytworzy wystarczaj\u0105cej ilo\u015bci przeciwcia\u0142 i w zwi\u0105zku z tym dziecko mo\u017ce by\u0107 nara\u017cone na ponowne zachorowanie na osp\u0119 wietrz\u0105 w starszym wieku.<\/p>\n<\/div><\/details>\n\n\n\n<details class=\"wp-block-karopharma-accordion\"><summary><h2 class=\"accordion-title\">Czy kobiety w ci\u0105\u017cy lub karmi\u0105ce piersi\u0105 mog\u0105 bezpiecznie przebywa\u0107 w towarzystwie dziecka choruj\u0105cego na osp\u0119 wietrzn\u0105?<\/h2><\/summary><div class=\"accordion-content\">\n<p>Wi\u0119kszo\u015b\u0107 kobiet naby\u0142a odporno\u015b\u0107 w wyniku przechorowania ospy wietrznej w dzieci\u0144stwie lub zosta\u0142a zaszczepiona przeciwko tej chorobie. Jednak u niewielkiego odsetka kobiet w ci\u0105\u017cy rozwija si\u0119 ospa wietrzna, kt\u00f3ra mo\u017ce powodowa\u0107 powik\u0142ania zar\u00f3wno u nienarodzonego dziecka, jaki i u ci\u0119\u017carnej. Istnieje w\u00f3wczas niewielkie ryzyko wyst\u0105pienia u dziecka zaburzenia okre\u015blanego jako wrodzony zesp\u00f3\u0142 ospy wietrznej (FVS), kt\u00f3ry mo\u017ce powodowa\u0107 powa\u017cne nieprawid\u0142owo\u015bci.<\/p>\n\n\n\n<p>Aby uzyska\u0107 szczeg\u00f3\u0142owe informacje na temat ryzyka rozwoju FVS u Pa\u0144stwa dziecka, nale\u017cy skonsultowa\u0107 si\u0119 z po\u0142o\u017cn\u0105 lub ginekologiem, poniewa\u017c ryzyko jest r\u00f3\u017cne, w zale\u017cno\u015bci od zaawansowania ci\u0105\u017cy. Je\u017celi jest Pani w ci\u0105\u017cy i mog\u0142a zarazi\u0107 si\u0119 osp\u0105 wietrzn\u0105, nale\u017cy niezw\u0142ocznie skontaktowa\u0107 si\u0119 z po\u0142o\u017cn\u0105, ginekologiem lub innym lekarzem.<\/p>\n<\/div><\/details>\n<\/div><\/div>\n","protected":false},"excerpt":{"rendered":"","protected":false},"author":3,"featured_media":0,"parent":0,"menu_order":0,"comment_status":"closed","ping_status":"closed","template":"","meta":{"_acf_changed":false,"footnotes":""},"from-article-database":[],"class_list":["post-26","page","type-page","status-publish","hentry"],"acf":[],"yoast_head":"<!-- This site is optimized with the Yoast SEO plugin v26.6 - https:\/\/yoast.com\/wordpress\/plugins\/seo\/ -->\n<title>CZP - PoxClin<\/title>\n<meta name=\"description\" content=\"Jak d\u0142ugo trwa ospa wietrzna? Czy to prawda, \u017ce \u200b\u200bpo przebyciu ospy wietrznej w dzieci\u0144stwie uzyskuje si\u0119 odporno\u015b\u0107 na ca\u0142e \u017cycie?\" \/>\n<meta name=\"robots\" content=\"noindex, follow, max-snippet:-1, max-image-preview:large, max-video-preview:-1\" \/>\n<meta property=\"og:locale\" content=\"pl_PL\" \/>\n<meta property=\"og:type\" content=\"article\" \/>\n<meta property=\"og:title\" content=\"CZP - PoxClin\" \/>\n<meta property=\"og:description\" content=\"Jak d\u0142ugo trwa ospa wietrzna? Czy to prawda, \u017ce \u200b\u200bpo przebyciu ospy wietrznej w dzieci\u0144stwie uzyskuje si\u0119 odporno\u015b\u0107 na ca\u0142e \u017cycie?\" \/>\n<meta property=\"og:url\" content=\"https:\/\/stage.poxclin.com\/pl\/czp\/\" \/>\n<meta property=\"og:site_name\" content=\"PoxClin\" \/>\n<meta property=\"article:modified_time\" content=\"2026-02-23T07:41:18+00:00\" \/>\n<meta name=\"twitter:card\" content=\"summary_large_image\" \/>\n<meta name=\"twitter:label1\" content=\"Szacowany czas czytania\" \/>\n\t<meta name=\"twitter:data1\" content=\"7 minut\" \/>\n<script type=\"application\/ld+json\" class=\"yoast-schema-graph\">{\"@context\":\"https:\/\/schema.org\",\"@graph\":[{\"@type\":\"WebPage\",\"@id\":\"https:\/\/stage.poxclin.com\/pl\/czp\/\",\"url\":\"https:\/\/stage.poxclin.com\/pl\/czp\/\",\"name\":\"CZP - PoxClin\",\"isPartOf\":{\"@id\":\"https:\/\/stage.poxclin.com\/pl\/#website\"},\"datePublished\":\"2023-01-18T07:35:21+00:00\",\"dateModified\":\"2026-02-23T07:41:18+00:00\",\"description\":\"Jak d\u0142ugo trwa ospa wietrzna? Czy to prawda, \u017ce \u200b\u200bpo przebyciu ospy wietrznej w dzieci\u0144stwie uzyskuje si\u0119 odporno\u015b\u0107 na ca\u0142e \u017cycie?\",\"inLanguage\":\"pl-PL\",\"potentialAction\":[{\"@type\":\"ReadAction\",\"target\":[\"https:\/\/stage.poxclin.com\/pl\/czp\/\"]}]},{\"@type\":\"WebSite\",\"@id\":\"https:\/\/stage.poxclin.com\/pl\/#website\",\"url\":\"https:\/\/stage.poxclin.com\/pl\/\",\"name\":\"PoxClin\",\"description\":\"\",\"publisher\":{\"@id\":\"https:\/\/stage.poxclin.com\/pl\/#organization\"},\"potentialAction\":[{\"@type\":\"SearchAction\",\"target\":{\"@type\":\"EntryPoint\",\"urlTemplate\":\"https:\/\/stage.poxclin.com\/pl\/?s={search_term_string}\"},\"query-input\":{\"@type\":\"PropertyValueSpecification\",\"valueRequired\":true,\"valueName\":\"search_term_string\"}}],\"inLanguage\":\"pl-PL\"},{\"@type\":\"Organization\",\"@id\":\"https:\/\/stage.poxclin.com\/pl\/#organization\",\"name\":\"PoxClin\",\"url\":\"https:\/\/stage.poxclin.com\/pl\/\",\"logo\":{\"@type\":\"ImageObject\",\"inLanguage\":\"pl-PL\",\"@id\":\"https:\/\/stage.poxclin.com\/pl\/#\/schema\/logo\/image\/\",\"url\":\"https:\/\/stage.poxclin.com\/app\/uploads\/sites\/9\/2023\/01\/PoxClin-logo.png\",\"contentUrl\":\"https:\/\/stage.poxclin.com\/app\/uploads\/sites\/9\/2023\/01\/PoxClin-logo.png\",\"width\":88,\"height\":24,\"caption\":\"PoxClin\"},\"image\":{\"@id\":\"https:\/\/stage.poxclin.com\/pl\/#\/schema\/logo\/image\/\"}}]}<\/script>\n<!-- \/ Yoast SEO plugin. -->","yoast_head_json":{"title":"CZP - PoxClin","description":"Jak d\u0142ugo trwa ospa wietrzna? Czy to prawda, \u017ce \u200b\u200bpo przebyciu ospy wietrznej w dzieci\u0144stwie uzyskuje si\u0119 odporno\u015b\u0107 na ca\u0142e \u017cycie?","robots":{"index":"noindex","follow":"follow","max-snippet":"max-snippet:-1","max-image-preview":"max-image-preview:large","max-video-preview":"max-video-preview:-1"},"og_locale":"pl_PL","og_type":"article","og_title":"CZP - PoxClin","og_description":"Jak d\u0142ugo trwa ospa wietrzna? Czy to prawda, \u017ce \u200b\u200bpo przebyciu ospy wietrznej w dzieci\u0144stwie uzyskuje si\u0119 odporno\u015b\u0107 na ca\u0142e \u017cycie?","og_url":"https:\/\/stage.poxclin.com\/pl\/czp\/","og_site_name":"PoxClin","article_modified_time":"2026-02-23T07:41:18+00:00","twitter_card":"summary_large_image","twitter_misc":{"Szacowany czas czytania":"7 minut"},"schema":{"@context":"https:\/\/schema.org","@graph":[{"@type":"WebPage","@id":"https:\/\/stage.poxclin.com\/pl\/czp\/","url":"https:\/\/stage.poxclin.com\/pl\/czp\/","name":"CZP - PoxClin","isPartOf":{"@id":"https:\/\/stage.poxclin.com\/pl\/#website"},"datePublished":"2023-01-18T07:35:21+00:00","dateModified":"2026-02-23T07:41:18+00:00","description":"Jak d\u0142ugo trwa ospa wietrzna? Czy to prawda, \u017ce \u200b\u200bpo przebyciu ospy wietrznej w dzieci\u0144stwie uzyskuje si\u0119 odporno\u015b\u0107 na ca\u0142e \u017cycie?","inLanguage":"pl-PL","potentialAction":[{"@type":"ReadAction","target":["https:\/\/stage.poxclin.com\/pl\/czp\/"]}]},{"@type":"WebSite","@id":"https:\/\/stage.poxclin.com\/pl\/#website","url":"https:\/\/stage.poxclin.com\/pl\/","name":"PoxClin","description":"","publisher":{"@id":"https:\/\/stage.poxclin.com\/pl\/#organization"},"potentialAction":[{"@type":"SearchAction","target":{"@type":"EntryPoint","urlTemplate":"https:\/\/stage.poxclin.com\/pl\/?s={search_term_string}"},"query-input":{"@type":"PropertyValueSpecification","valueRequired":true,"valueName":"search_term_string"}}],"inLanguage":"pl-PL"},{"@type":"Organization","@id":"https:\/\/stage.poxclin.com\/pl\/#organization","name":"PoxClin","url":"https:\/\/stage.poxclin.com\/pl\/","logo":{"@type":"ImageObject","inLanguage":"pl-PL","@id":"https:\/\/stage.poxclin.com\/pl\/#\/schema\/logo\/image\/","url":"https:\/\/stage.poxclin.com\/app\/uploads\/sites\/9\/2023\/01\/PoxClin-logo.png","contentUrl":"https:\/\/stage.poxclin.com\/app\/uploads\/sites\/9\/2023\/01\/PoxClin-logo.png","width":88,"height":24,"caption":"PoxClin"},"image":{"@id":"https:\/\/stage.poxclin.com\/pl\/#\/schema\/logo\/image\/"}}]}},"_links":{"self":[{"href":"https:\/\/stage.poxclin.com\/pl\/wp-json\/wp\/v2\/pages\/26","targetHints":{"allow":["GET"]}}],"collection":[{"href":"https:\/\/stage.poxclin.com\/pl\/wp-json\/wp\/v2\/pages"}],"about":[{"href":"https:\/\/stage.poxclin.com\/pl\/wp-json\/wp\/v2\/types\/page"}],"author":[{"embeddable":true,"href":"https:\/\/stage.poxclin.com\/pl\/wp-json\/wp\/v2\/users\/3"}],"replies":[{"embeddable":true,"href":"https:\/\/stage.poxclin.com\/pl\/wp-json\/wp\/v2\/comments?post=26"}],"version-history":[{"count":10,"href":"https:\/\/stage.poxclin.com\/pl\/wp-json\/wp\/v2\/pages\/26\/revisions"}],"predecessor-version":[{"id":160,"href":"https:\/\/stage.poxclin.com\/pl\/wp-json\/wp\/v2\/pages\/26\/revisions\/160"}],"wp:attachment":[{"href":"https:\/\/stage.poxclin.com\/pl\/wp-json\/wp\/v2\/media?parent=26"}],"wp:term":[{"taxonomy":"from-article-database","embeddable":true,"href":"https:\/\/stage.poxclin.com\/pl\/wp-json\/wp\/v2\/from-article-database?post=26"}],"curies":[{"name":"wp","href":"https:\/\/api.w.org\/{rel}","templated":true}]}}