{"id":61,"date":"2023-01-18T11:10:46","date_gmt":"2023-01-18T10:10:46","guid":{"rendered":"https:\/\/stage.poxclin.com\/pl\/?post_type=product&#038;p=61"},"modified":"2026-02-23T08:41:18","modified_gmt":"2026-02-23T07:41:18","slug":"poxclin-coolmousse","status":"publish","type":"product","link":"https:\/\/stage.poxclin.com\/pl\/produkt\/poxclin-coolmousse\/","title":{"rendered":"PoxClin CoolMousse"},"content":{"rendered":"\n<div class=\"wp-block-karopharma-accordions is-style-secondary\"><div class=\"container\">\n<details class=\"wp-block-karopharma-accordion\"><summary><h2 class=\"accordion-title\">Spos\u00f3b stosowania<\/h2><\/summary><div class=\"accordion-content\">\n<div class=\"wp-block-karopharma-several-images-with-text several-images-with-text\"><div class=\"container large col-1 content-align-none\" test-data=\"inner-content\">\n<section class=\"wp-block-karopharma-image-with-text image-with-text image-with-text__full-width\"><div class=\"image-with-text-container \"><div class=\"image-with-text-container-image-container\"><img decoding=\"async\" loading=\"lazy\" src=\"https:\/\/stage.poxclin.com\/cdn-cgi\/image\/format=auto\/app\/uploads\/sites\/9\/2023\/01\/chickenpox_howtouse_1.png\" alt=\"chickenpox_howtouse_1\"\/><\/div><div class=\"image-with-text-container-content\" style=\"text-align:left\" data-test=\"content\"><div class=\"content\"><p class=\"body\" data-test=\"body\"><br>Shake the can 1-2 times.<\/p>\n<div class=\"wp-block-buttons is-layout-flex wp-block-buttons-is-layout-flex\"><\/div>\n<\/div><\/div><\/div><\/section>\n\n\n\n<section class=\"wp-block-karopharma-image-with-text image-with-text image-with-text__full-width\"><div class=\"image-with-text-container \"><div class=\"image-with-text-container-image-container\"><img decoding=\"async\" loading=\"lazy\" src=\"https:\/\/stage.poxclin.com\/cdn-cgi\/image\/format=auto\/app\/uploads\/sites\/9\/2023\/01\/chickenpox_howtouse_2.png\" alt=\"chickenpox_howtouse_2\"\/><\/div><div class=\"image-with-text-container-content\" style=\"text-align:left\" data-test=\"content\"><div class=\"content\"><p class=\"body\" data-test=\"body\"><br>Squeeze the foam into your hand.<\/p>\n<div class=\"wp-block-buttons is-layout-flex wp-block-buttons-is-layout-flex\"><\/div>\n<\/div><\/div><\/div><\/section>\n\n\n\n<section class=\"wp-block-karopharma-image-with-text image-with-text image-with-text__full-width\"><div class=\"image-with-text-container \"><div class=\"image-with-text-container-image-container\"><img decoding=\"async\" loading=\"lazy\" src=\"https:\/\/stage.poxclin.com\/cdn-cgi\/image\/format=auto\/app\/uploads\/sites\/9\/2023\/01\/chickenpox_howtouse_3.png\" alt=\"chickenpox_howtouse_3\"\/><\/div><div class=\"image-with-text-container-content\" style=\"text-align:left\" data-test=\"content\"><div class=\"content\"><p class=\"body\" data-test=\"body\">Delikatnie nak\u0142ada\u0107 piank\u0119 na sk\u00f3r\u0119 \u2013 bez pocierania, PoxClin CoolMousse to lekka, delikatna pianka, kt\u00f3ra \u0142atwo wch\u0142aniania si\u0119 w sk\u00f3r\u0119.<\/p>\n<div class=\"wp-block-buttons is-layout-flex wp-block-buttons-is-layout-flex\"><\/div>\n<\/div><\/div><\/div><\/section>\n<\/div><\/div>\n\n\n\n<div class=\"wp-block-karopharma-several-images-with-text several-images-with-text\"><div class=\"container large col-1 content-align-none\" test-data=\"inner-content\">\n<section class=\"wp-block-karopharma-image-with-text image-with-text image-with-text__full-width\"><div class=\"image-with-text-container \"><div class=\"image-with-text-container-image-container\"><img decoding=\"async\" loading=\"lazy\" src=\"https:\/\/stage.poxclin.com\/cdn-cgi\/image\/format=auto\/app\/uploads\/sites\/9\/2023\/01\/chickenpox_howtouse_5.png\" alt=\"chickenpox_howtouse_5\"\/><\/div><div class=\"image-with-text-container-content\" style=\"text-align:left\" data-test=\"content\"><div class=\"content\"><p class=\"body\" data-test=\"body\">PoxClin CoolMousse nale\u017cy stosowa\u0107 co najmniej 3 razy dziennie (lub ka\u017cdorazowo gdy istnieje potrzeba z\u0142agodzenia dolegliwo\u015bci) na obszarze zmienionej sk\u00f3ry.<\/p>\n<div class=\"wp-block-buttons is-layout-flex wp-block-buttons-is-layout-flex\"><\/div>\n<\/div><\/div><\/div><\/section>\n\n\n\n<section class=\"wp-block-karopharma-image-with-text image-with-text image-with-text__full-width\"><div class=\"image-with-text-container \"><div class=\"image-with-text-container-image-container\"><img decoding=\"async\" loading=\"lazy\" src=\"https:\/\/stage.poxclin.com\/cdn-cgi\/image\/format=auto\/app\/uploads\/sites\/9\/2023\/01\/chickenpox_cooling.png\" alt=\"chickenpox_cooling\"\/><\/div><div class=\"image-with-text-container-content\" style=\"text-align:left\" data-test=\"content\"><div class=\"content\"><p class=\"body\" data-test=\"body\">For an additional cooling effect, PoxClin\u00ae CoolMousse can be stored in the refrigerator.<\/p>\n<div class=\"wp-block-buttons is-layout-flex wp-block-buttons-is-layout-flex\"><\/div>\n<\/div><\/div><\/div><\/section>\n\n\n\n<section class=\"wp-block-karopharma-image-with-text image-with-text image-with-text__full-width\"><div class=\"image-with-text-container \"><div class=\"image-with-text-container-image-container\"><img decoding=\"async\" loading=\"lazy\" src=\"https:\/\/stage.poxclin.com\/cdn-cgi\/image\/format=auto\/app\/uploads\/sites\/9\/2023\/01\/chickenpox_howtouse_4.png\" alt=\"chickenpox_howtouse_4\"\/><\/div><div class=\"image-with-text-container-content\" style=\"text-align:left\" data-test=\"content\"><div class=\"content\"><p class=\"body\" data-test=\"body\">In case of eye contact, rinse immediately with plenty of water.<\/p>\n<div class=\"wp-block-buttons is-layout-flex wp-block-buttons-is-layout-flex\"><\/div>\n<\/div><\/div><\/div><\/section>\n<\/div><\/div>\n<\/div><\/details>\n<\/div><\/div>\n","protected":false},"excerpt":{"rendered":"<p>Szybko \u0142agodzi \u015bwi\u0105d i podra\u017cnienia sk\u00f3ry towarzysz\u0105ce ospie wietrznej.<\/p>\n","protected":false},"featured_media":63,"comment_status":"closed","ping_status":"closed","template":"","meta":{"_acf_changed":false,"footnotes":""},"product_brand":[],"product_cat":[],"product_tag":[],"class_list":{"0":"post-61","1":"product","2":"type-product","3":"status-publish","4":"has-post-thumbnail","7":"first","8":"instock","9":"shipping-taxable","10":"product-type-simple"},"acf":[],"yoast_head":"<!-- This site is optimized with the Yoast SEO plugin v26.6 - https:\/\/yoast.com\/wordpress\/plugins\/seo\/ -->\n<title>PoxClin CoolMousse - PoxClin<\/title>\n<meta name=\"robots\" content=\"noindex, follow, max-snippet:-1, max-image-preview:large, max-video-preview:-1\" \/>\n<meta property=\"og:locale\" content=\"pl_PL\" \/>\n<meta property=\"og:type\" content=\"article\" \/>\n<meta property=\"og:title\" content=\"PoxClin CoolMousse - PoxClin\" \/>\n<meta property=\"og:description\" content=\"Szybko \u0142agodzi \u015bwi\u0105d i podra\u017cnienia sk\u00f3ry towarzysz\u0105ce ospie wietrznej.\" \/>\n<meta property=\"og:url\" content=\"https:\/\/stage.poxclin.com\/pl\/produkt\/poxclin-coolmousse\/\" \/>\n<meta property=\"og:site_name\" content=\"PoxClin\" \/>\n<meta property=\"article:modified_time\" content=\"2026-02-23T07:41:18+00:00\" \/>\n<meta property=\"og:image\" content=\"https:\/\/stage.poxclin.com\/app\/uploads\/sites\/9\/2023\/01\/poxclin-coolmousse.png\" \/>\n\t<meta property=\"og:image:width\" content=\"550\" \/>\n\t<meta property=\"og:image:height\" content=\"550\" \/>\n\t<meta property=\"og:image:type\" content=\"image\/png\" \/>\n<meta name=\"twitter:card\" content=\"summary_large_image\" \/>\n<meta name=\"twitter:label1\" content=\"Szacowany czas czytania\" \/>\n\t<meta name=\"twitter:data1\" content=\"2 minuty\" \/>\n<script type=\"application\/ld+json\" class=\"yoast-schema-graph\">{\"@context\":\"https:\/\/schema.org\",\"@graph\":[{\"@type\":\"WebPage\",\"@id\":\"https:\/\/stage.poxclin.com\/pl\/produkt\/poxclin-coolmousse\/\",\"url\":\"https:\/\/stage.poxclin.com\/pl\/produkt\/poxclin-coolmousse\/\",\"name\":\"PoxClin CoolMousse - PoxClin\",\"isPartOf\":{\"@id\":\"https:\/\/stage.poxclin.com\/pl\/#website\"},\"primaryImageOfPage\":{\"@id\":\"https:\/\/stage.poxclin.com\/pl\/produkt\/poxclin-coolmousse\/#primaryimage\"},\"image\":{\"@id\":\"https:\/\/stage.poxclin.com\/pl\/produkt\/poxclin-coolmousse\/#primaryimage\"},\"thumbnailUrl\":\"https:\/\/stage.poxclin.com\/app\/uploads\/sites\/9\/2023\/01\/poxclin-coolmousse.png\",\"datePublished\":\"2023-01-18T10:10:46+00:00\",\"dateModified\":\"2026-02-23T07:41:18+00:00\",\"breadcrumb\":{\"@id\":\"https:\/\/stage.poxclin.com\/pl\/produkt\/poxclin-coolmousse\/#breadcrumb\"},\"inLanguage\":\"pl-PL\",\"potentialAction\":[{\"@type\":\"ReadAction\",\"target\":[\"https:\/\/stage.poxclin.com\/pl\/produkt\/poxclin-coolmousse\/\"]}]},{\"@type\":\"ImageObject\",\"inLanguage\":\"pl-PL\",\"@id\":\"https:\/\/stage.poxclin.com\/pl\/produkt\/poxclin-coolmousse\/#primaryimage\",\"url\":\"https:\/\/stage.poxclin.com\/app\/uploads\/sites\/9\/2023\/01\/poxclin-coolmousse.png\",\"contentUrl\":\"https:\/\/stage.poxclin.com\/app\/uploads\/sites\/9\/2023\/01\/poxclin-coolmousse.png\",\"width\":550,\"height\":550,\"caption\":\"PoxClin Coolmousse\"},{\"@type\":\"BreadcrumbList\",\"@id\":\"https:\/\/stage.poxclin.com\/pl\/produkt\/poxclin-coolmousse\/#breadcrumb\",\"itemListElement\":[{\"@type\":\"ListItem\",\"position\":1,\"name\":\"Produkty\",\"item\":\"https:\/\/stage.poxclin.com\/pl\/produkty\/\"},{\"@type\":\"ListItem\",\"position\":2,\"name\":\"PoxClin CoolMousse\"}]},{\"@type\":\"WebSite\",\"@id\":\"https:\/\/stage.poxclin.com\/pl\/#website\",\"url\":\"https:\/\/stage.poxclin.com\/pl\/\",\"name\":\"PoxClin\",\"description\":\"\",\"publisher\":{\"@id\":\"https:\/\/stage.poxclin.com\/pl\/#organization\"},\"potentialAction\":[{\"@type\":\"SearchAction\",\"target\":{\"@type\":\"EntryPoint\",\"urlTemplate\":\"https:\/\/stage.poxclin.com\/pl\/?s={search_term_string}\"},\"query-input\":{\"@type\":\"PropertyValueSpecification\",\"valueRequired\":true,\"valueName\":\"search_term_string\"}}],\"inLanguage\":\"pl-PL\"},{\"@type\":\"Organization\",\"@id\":\"https:\/\/stage.poxclin.com\/pl\/#organization\",\"name\":\"PoxClin\",\"url\":\"https:\/\/stage.poxclin.com\/pl\/\",\"logo\":{\"@type\":\"ImageObject\",\"inLanguage\":\"pl-PL\",\"@id\":\"https:\/\/stage.poxclin.com\/pl\/#\/schema\/logo\/image\/\",\"url\":\"https:\/\/stage.poxclin.com\/app\/uploads\/sites\/9\/2023\/01\/PoxClin-logo.png\",\"contentUrl\":\"https:\/\/stage.poxclin.com\/app\/uploads\/sites\/9\/2023\/01\/PoxClin-logo.png\",\"width\":88,\"height\":24,\"caption\":\"PoxClin\"},\"image\":{\"@id\":\"https:\/\/stage.poxclin.com\/pl\/#\/schema\/logo\/image\/\"}}]}<\/script>\n<!-- \/ Yoast SEO plugin. -->","yoast_head_json":{"title":"PoxClin CoolMousse - PoxClin","robots":{"index":"noindex","follow":"follow","max-snippet":"max-snippet:-1","max-image-preview":"max-image-preview:large","max-video-preview":"max-video-preview:-1"},"og_locale":"pl_PL","og_type":"article","og_title":"PoxClin CoolMousse - PoxClin","og_description":"Szybko \u0142agodzi \u015bwi\u0105d i podra\u017cnienia sk\u00f3ry towarzysz\u0105ce ospie wietrznej.","og_url":"https:\/\/stage.poxclin.com\/pl\/produkt\/poxclin-coolmousse\/","og_site_name":"PoxClin","article_modified_time":"2026-02-23T07:41:18+00:00","og_image":[{"width":550,"height":550,"url":"https:\/\/stage.poxclin.com\/app\/uploads\/sites\/9\/2023\/01\/poxclin-coolmousse.png","type":"image\/png"}],"twitter_card":"summary_large_image","twitter_misc":{"Szacowany czas czytania":"2 minuty"},"schema":{"@context":"https:\/\/schema.org","@graph":[{"@type":"WebPage","@id":"https:\/\/stage.poxclin.com\/pl\/produkt\/poxclin-coolmousse\/","url":"https:\/\/stage.poxclin.com\/pl\/produkt\/poxclin-coolmousse\/","name":"PoxClin CoolMousse - PoxClin","isPartOf":{"@id":"https:\/\/stage.poxclin.com\/pl\/#website"},"primaryImageOfPage":{"@id":"https:\/\/stage.poxclin.com\/pl\/produkt\/poxclin-coolmousse\/#primaryimage"},"image":{"@id":"https:\/\/stage.poxclin.com\/pl\/produkt\/poxclin-coolmousse\/#primaryimage"},"thumbnailUrl":"https:\/\/stage.poxclin.com\/app\/uploads\/sites\/9\/2023\/01\/poxclin-coolmousse.png","datePublished":"2023-01-18T10:10:46+00:00","dateModified":"2026-02-23T07:41:18+00:00","breadcrumb":{"@id":"https:\/\/stage.poxclin.com\/pl\/produkt\/poxclin-coolmousse\/#breadcrumb"},"inLanguage":"pl-PL","potentialAction":[{"@type":"ReadAction","target":["https:\/\/stage.poxclin.com\/pl\/produkt\/poxclin-coolmousse\/"]}]},{"@type":"ImageObject","inLanguage":"pl-PL","@id":"https:\/\/stage.poxclin.com\/pl\/produkt\/poxclin-coolmousse\/#primaryimage","url":"https:\/\/stage.poxclin.com\/app\/uploads\/sites\/9\/2023\/01\/poxclin-coolmousse.png","contentUrl":"https:\/\/stage.poxclin.com\/app\/uploads\/sites\/9\/2023\/01\/poxclin-coolmousse.png","width":550,"height":550,"caption":"PoxClin Coolmousse"},{"@type":"BreadcrumbList","@id":"https:\/\/stage.poxclin.com\/pl\/produkt\/poxclin-coolmousse\/#breadcrumb","itemListElement":[{"@type":"ListItem","position":1,"name":"Produkty","item":"https:\/\/stage.poxclin.com\/pl\/produkty\/"},{"@type":"ListItem","position":2,"name":"PoxClin CoolMousse"}]},{"@type":"WebSite","@id":"https:\/\/stage.poxclin.com\/pl\/#website","url":"https:\/\/stage.poxclin.com\/pl\/","name":"PoxClin","description":"","publisher":{"@id":"https:\/\/stage.poxclin.com\/pl\/#organization"},"potentialAction":[{"@type":"SearchAction","target":{"@type":"EntryPoint","urlTemplate":"https:\/\/stage.poxclin.com\/pl\/?s={search_term_string}"},"query-input":{"@type":"PropertyValueSpecification","valueRequired":true,"valueName":"search_term_string"}}],"inLanguage":"pl-PL"},{"@type":"Organization","@id":"https:\/\/stage.poxclin.com\/pl\/#organization","name":"PoxClin","url":"https:\/\/stage.poxclin.com\/pl\/","logo":{"@type":"ImageObject","inLanguage":"pl-PL","@id":"https:\/\/stage.poxclin.com\/pl\/#\/schema\/logo\/image\/","url":"https:\/\/stage.poxclin.com\/app\/uploads\/sites\/9\/2023\/01\/PoxClin-logo.png","contentUrl":"https:\/\/stage.poxclin.com\/app\/uploads\/sites\/9\/2023\/01\/PoxClin-logo.png","width":88,"height":24,"caption":"PoxClin"},"image":{"@id":"https:\/\/stage.poxclin.com\/pl\/#\/schema\/logo\/image\/"}}]}},"_links":{"self":[{"href":"https:\/\/stage.poxclin.com\/pl\/wp-json\/wp\/v2\/product\/61","targetHints":{"allow":["GET"]}}],"collection":[{"href":"https:\/\/stage.poxclin.com\/pl\/wp-json\/wp\/v2\/product"}],"about":[{"href":"https:\/\/stage.poxclin.com\/pl\/wp-json\/wp\/v2\/types\/product"}],"replies":[{"embeddable":true,"href":"https:\/\/stage.poxclin.com\/pl\/wp-json\/wp\/v2\/comments?post=61"}],"version-history":[{"count":10,"href":"https:\/\/stage.poxclin.com\/pl\/wp-json\/wp\/v2\/product\/61\/revisions"}],"predecessor-version":[{"id":120,"href":"https:\/\/stage.poxclin.com\/pl\/wp-json\/wp\/v2\/product\/61\/revisions\/120"}],"wp:featuredmedia":[{"embeddable":true,"href":"https:\/\/stage.poxclin.com\/pl\/wp-json\/wp\/v2\/media\/63"}],"wp:attachment":[{"href":"https:\/\/stage.poxclin.com\/pl\/wp-json\/wp\/v2\/media?parent=61"}],"wp:term":[{"taxonomy":"product_brand","embeddable":true,"href":"https:\/\/stage.poxclin.com\/pl\/wp-json\/wp\/v2\/product_brand?post=61"},{"taxonomy":"product_cat","embeddable":true,"href":"https:\/\/stage.poxclin.com\/pl\/wp-json\/wp\/v2\/product_cat?post=61"},{"taxonomy":"product_tag","embeddable":true,"href":"https:\/\/stage.poxclin.com\/pl\/wp-json\/wp\/v2\/product_tag?post=61"}],"curies":[{"name":"wp","href":"https:\/\/api.w.org\/{rel}","templated":true}]}}