{"id":83,"date":"2023-01-18T14:06:46","date_gmt":"2023-01-18T13:06:46","guid":{"rendered":"https:\/\/stage.poxclin.com\/pl\/?post_type=product&#038;p=83"},"modified":"2026-02-23T10:47:22","modified_gmt":"2026-02-23T09:47:22","slug":"poxclin-bodymousse","status":"publish","type":"product","link":"https:\/\/stage.poxclin.com\/pl\/produkt\/poxclin-bodymousse\/","title":{"rendered":"PoxClin BodyMousse"},"content":{"rendered":"\n<div class=\"wp-block-karopharma-accordions is-style-secondary\"><div class=\"container\">\n<details class=\"wp-block-karopharma-accordion\"><summary><h2 class=\"accordion-title\">Spos\u00f3b stosowania<\/h2><\/summary><div class=\"accordion-content\">\n<div class=\"wp-block-karopharma-several-images-with-text several-images-with-text\"><div class=\"container large col-1 content-align-none\" test-data=\"inner-content\">\n<section class=\"wp-block-karopharma-image-with-text image-with-text image-with-text__full-width\"><div class=\"image-with-text-container \"><div class=\"image-with-text-container-image-container\"><img decoding=\"async\" loading=\"lazy\" src=\"https:\/\/stage.poxclin.com\/cdn-cgi\/image\/format=auto\/app\/uploads\/sites\/2\/2022\/09\/chickenpox_howtouse_1.webp\" alt=\"\"\/><\/div><div class=\"image-with-text-container-content\" style=\"text-align:left\" data-test=\"content\"><div class=\"content\"><p class=\"body\" data-test=\"body\">Shake the can 1-2 times.<\/p>\n<div class=\"wp-block-buttons is-layout-flex wp-block-buttons-is-layout-flex\"><\/div>\n<\/div><\/div><\/div><\/section>\n\n\n\n<section class=\"wp-block-karopharma-image-with-text image-with-text image-with-text__full-width\"><div class=\"image-with-text-container \"><div class=\"image-with-text-container-image-container\"><img decoding=\"async\" loading=\"lazy\" src=\"https:\/\/stage.poxclin.com\/cdn-cgi\/image\/format=auto\/app\/uploads\/sites\/2\/2022\/09\/chickenpox_howtouse_2.webp\" alt=\"\"\/><\/div><div class=\"image-with-text-container-content\" style=\"text-align:left\" data-test=\"content\"><div class=\"content\"><p class=\"body\" data-test=\"body\">Press the foam into your hand.<\/p>\n<div class=\"wp-block-buttons is-layout-flex wp-block-buttons-is-layout-flex\"><\/div>\n<\/div><\/div><\/div><\/section>\n\n\n\n<section class=\"wp-block-karopharma-image-with-text image-with-text image-with-text__full-width\"><div class=\"image-with-text-container \"><div class=\"image-with-text-container-image-container\"><img decoding=\"async\" loading=\"lazy\" src=\"https:\/\/stage.poxclin.com\/cdn-cgi\/image\/format=auto\/app\/uploads\/sites\/2\/2022\/09\/chickenpox_howtouse_5.webp\" alt=\"\"\/><\/div><div class=\"image-with-text-container-content\" style=\"text-align:left\" data-test=\"content\"><div class=\"content\"><p class=\"body\" data-test=\"body\">Stosowa\u0107 co najmniej 3 razy dziennie lub ka\u017cdorazowo, gdy istnieje potrzeba z\u0142agodzenia dolegliwo\u015bci (\u015bwi\u0105du).<\/p>\n<div class=\"wp-block-buttons is-layout-flex wp-block-buttons-is-layout-flex\"><\/div>\n<\/div><\/div><\/div><\/section>\n<\/div><\/div>\n\n\n\n<div class=\"wp-block-karopharma-several-images-with-text several-images-with-text\"><div class=\"container large col-1 content-align-none\" test-data=\"inner-content\">\n<section class=\"wp-block-karopharma-image-with-text image-with-text image-with-text__full-width\"><div class=\"image-with-text-container \"><div class=\"image-with-text-container-image-container\"><img decoding=\"async\" loading=\"lazy\" src=\"https:\/\/stage.poxclin.com\/cdn-cgi\/image\/format=auto\/app\/uploads\/sites\/3\/2022\/09\/chickenpox_cooling.png\" alt=\"chickenpox_cooling\"\/><\/div><div class=\"image-with-text-container-content\" style=\"text-align:left\" data-test=\"content\"><div class=\"content\"><p class=\"body\" data-test=\"body\">Aby zwi\u0119kszy\u0107 efekt ch\u0142odz\u0105cy PoxClin BodyMousse mo\u017cna przechowywa\u0107 w lod\u00f3wce.<\/p>\n<div class=\"wp-block-buttons is-layout-flex wp-block-buttons-is-layout-flex\"><\/div>\n<\/div><\/div><\/div><\/section>\n\n\n\n<section class=\"wp-block-karopharma-image-with-text image-with-text image-with-text__full-width\"><div class=\"image-with-text-container \"><div class=\"image-with-text-container-image-container\"><img decoding=\"async\" loading=\"lazy\" src=\"https:\/\/stage.poxclin.com\/cdn-cgi\/image\/format=auto\/app\/uploads\/sites\/3\/2022\/09\/chickenpox_howtouse_4.png\" alt=\"chickenpox_howtouse_4\"\/><\/div><div class=\"image-with-text-container-content\" style=\"text-align:left\" data-test=\"content\"><div class=\"content\"><p class=\"body\" data-test=\"body\">In case of eye contact, rinse immediately with plenty of water.<\/p>\n<div class=\"wp-block-buttons is-layout-flex wp-block-buttons-is-layout-flex\"><\/div>\n<\/div><\/div><\/div><\/section>\n\n\n\n<section class=\"wp-block-karopharma-image-with-text image-with-text image-with-text__full-width\"><div class=\"image-with-text-container \"><div class=\"image-with-text-container-image-container\"><img decoding=\"async\" loading=\"lazy\" src=\"https:\/\/stage.poxclin.com\/cdn-cgi\/image\/format=auto\/app\/uploads\/sites\/3\/2022\/09\/blank.png\" alt=\"blank\"\/><\/div><div class=\"image-with-text-container-content\" style=\"text-align:left\" data-test=\"content\"><div class=\"content\">\n<div class=\"wp-block-buttons is-layout-flex wp-block-buttons-is-layout-flex\"><\/div>\n<\/div><\/div><\/div><\/section>\n<\/div><\/div>\n<\/div><\/details>\n<\/div><\/div>\n","protected":false},"excerpt":{"rendered":"<p>Szybko \u0142agodzi objawy zwi\u0105zane ze \u015bwi\u0105dem sk\u00f3ry, pokrzywk\u0105 i mi\u0119czakiem zaka\u017anym.<\/p>\n","protected":false},"featured_media":88,"comment_status":"closed","ping_status":"closed","template":"","meta":{"_acf_changed":false,"footnotes":""},"product_brand":[],"product_cat":[],"product_tag":[],"class_list":{"0":"post-83","1":"product","2":"type-product","3":"status-publish","4":"has-post-thumbnail","7":"first","8":"instock","9":"shipping-taxable","10":"product-type-simple"},"acf":[],"yoast_head":"<!-- This site is optimized with the Yoast SEO plugin v26.6 - https:\/\/yoast.com\/wordpress\/plugins\/seo\/ -->\n<title>PoxClin BodyMousse - PoxClin<\/title>\n<meta name=\"description\" content=\"PoxClin BodyMousse, jest przyjazn\u0105 dla sk\u00f3ry dzieci piank\u0105 przeciw\u015bwi\u0105dow\u0105, stosowan\u0105 do \u0142agodzenia objaw\u00f3w zwi\u0105zanych ze \u015bwi\u0105dem sk\u00f3ry, spowodowanym pokrzywka\u0105 lub z mi\u0119nyczmakiem.\" \/>\n<meta name=\"robots\" content=\"noindex, follow, max-snippet:-1, max-image-preview:large, max-video-preview:-1\" \/>\n<meta property=\"og:locale\" content=\"pl_PL\" \/>\n<meta property=\"og:type\" content=\"article\" \/>\n<meta property=\"og:title\" content=\"PoxClin BodyMousse - PoxClin\" \/>\n<meta property=\"og:description\" content=\"PoxClin BodyMousse, jest przyjazn\u0105 dla sk\u00f3ry dzieci piank\u0105 przeciw\u015bwi\u0105dow\u0105, stosowan\u0105 do \u0142agodzenia objaw\u00f3w zwi\u0105zanych ze \u015bwi\u0105dem sk\u00f3ry, spowodowanym pokrzywka\u0105 lub z mi\u0119nyczmakiem.\" \/>\n<meta property=\"og:url\" content=\"https:\/\/stage.poxclin.com\/pl\/produkt\/poxclin-bodymousse\/\" \/>\n<meta property=\"og:site_name\" content=\"PoxClin\" \/>\n<meta property=\"article:modified_time\" content=\"2026-02-23T09:47:22+00:00\" \/>\n<meta property=\"og:image\" content=\"https:\/\/stage.poxclin.com\/app\/uploads\/sites\/9\/2023\/01\/poxclin-bodymousse.png\" \/>\n\t<meta property=\"og:image:width\" content=\"550\" \/>\n\t<meta property=\"og:image:height\" content=\"550\" \/>\n\t<meta property=\"og:image:type\" content=\"image\/png\" \/>\n<meta name=\"twitter:card\" content=\"summary_large_image\" \/>\n<meta name=\"twitter:label1\" content=\"Szacowany czas czytania\" \/>\n\t<meta name=\"twitter:data1\" content=\"2 minuty\" \/>\n<script type=\"application\/ld+json\" class=\"yoast-schema-graph\">{\"@context\":\"https:\/\/schema.org\",\"@graph\":[{\"@type\":\"WebPage\",\"@id\":\"https:\/\/stage.poxclin.com\/pl\/produkt\/poxclin-bodymousse\/\",\"url\":\"https:\/\/stage.poxclin.com\/pl\/produkt\/poxclin-bodymousse\/\",\"name\":\"PoxClin BodyMousse - PoxClin\",\"isPartOf\":{\"@id\":\"https:\/\/stage.poxclin.com\/pl\/#website\"},\"primaryImageOfPage\":{\"@id\":\"https:\/\/stage.poxclin.com\/pl\/produkt\/poxclin-bodymousse\/#primaryimage\"},\"image\":{\"@id\":\"https:\/\/stage.poxclin.com\/pl\/produkt\/poxclin-bodymousse\/#primaryimage\"},\"thumbnailUrl\":\"https:\/\/stage.poxclin.com\/app\/uploads\/sites\/9\/2023\/01\/poxclin-bodymousse.png\",\"datePublished\":\"2023-01-18T13:06:46+00:00\",\"dateModified\":\"2026-02-23T09:47:22+00:00\",\"description\":\"PoxClin BodyMousse, jest przyjazn\u0105 dla sk\u00f3ry dzieci piank\u0105 przeciw\u015bwi\u0105dow\u0105, stosowan\u0105 do \u0142agodzenia objaw\u00f3w zwi\u0105zanych ze \u015bwi\u0105dem sk\u00f3ry, spowodowanym pokrzywka\u0105 lub z mi\u0119nyczmakiem.\",\"breadcrumb\":{\"@id\":\"https:\/\/stage.poxclin.com\/pl\/produkt\/poxclin-bodymousse\/#breadcrumb\"},\"inLanguage\":\"pl-PL\",\"potentialAction\":[{\"@type\":\"ReadAction\",\"target\":[\"https:\/\/stage.poxclin.com\/pl\/produkt\/poxclin-bodymousse\/\"]}]},{\"@type\":\"ImageObject\",\"inLanguage\":\"pl-PL\",\"@id\":\"https:\/\/stage.poxclin.com\/pl\/produkt\/poxclin-bodymousse\/#primaryimage\",\"url\":\"https:\/\/stage.poxclin.com\/app\/uploads\/sites\/9\/2023\/01\/poxclin-bodymousse.png\",\"contentUrl\":\"https:\/\/stage.poxclin.com\/app\/uploads\/sites\/9\/2023\/01\/poxclin-bodymousse.png\",\"width\":550,\"height\":550,\"caption\":\"PoxClin BodyMousse\"},{\"@type\":\"BreadcrumbList\",\"@id\":\"https:\/\/stage.poxclin.com\/pl\/produkt\/poxclin-bodymousse\/#breadcrumb\",\"itemListElement\":[{\"@type\":\"ListItem\",\"position\":1,\"name\":\"Produkty\",\"item\":\"https:\/\/stage.poxclin.com\/pl\/produkty\/\"},{\"@type\":\"ListItem\",\"position\":2,\"name\":\"PoxClin BodyMousse\"}]},{\"@type\":\"WebSite\",\"@id\":\"https:\/\/stage.poxclin.com\/pl\/#website\",\"url\":\"https:\/\/stage.poxclin.com\/pl\/\",\"name\":\"PoxClin\",\"description\":\"\",\"publisher\":{\"@id\":\"https:\/\/stage.poxclin.com\/pl\/#organization\"},\"potentialAction\":[{\"@type\":\"SearchAction\",\"target\":{\"@type\":\"EntryPoint\",\"urlTemplate\":\"https:\/\/stage.poxclin.com\/pl\/?s={search_term_string}\"},\"query-input\":{\"@type\":\"PropertyValueSpecification\",\"valueRequired\":true,\"valueName\":\"search_term_string\"}}],\"inLanguage\":\"pl-PL\"},{\"@type\":\"Organization\",\"@id\":\"https:\/\/stage.poxclin.com\/pl\/#organization\",\"name\":\"PoxClin\",\"url\":\"https:\/\/stage.poxclin.com\/pl\/\",\"logo\":{\"@type\":\"ImageObject\",\"inLanguage\":\"pl-PL\",\"@id\":\"https:\/\/stage.poxclin.com\/pl\/#\/schema\/logo\/image\/\",\"url\":\"https:\/\/stage.poxclin.com\/app\/uploads\/sites\/9\/2023\/01\/PoxClin-logo.png\",\"contentUrl\":\"https:\/\/stage.poxclin.com\/app\/uploads\/sites\/9\/2023\/01\/PoxClin-logo.png\",\"width\":88,\"height\":24,\"caption\":\"PoxClin\"},\"image\":{\"@id\":\"https:\/\/stage.poxclin.com\/pl\/#\/schema\/logo\/image\/\"}}]}<\/script>\n<!-- \/ Yoast SEO plugin. -->","yoast_head_json":{"title":"PoxClin BodyMousse - PoxClin","description":"PoxClin BodyMousse, jest przyjazn\u0105 dla sk\u00f3ry dzieci piank\u0105 przeciw\u015bwi\u0105dow\u0105, stosowan\u0105 do \u0142agodzenia objaw\u00f3w zwi\u0105zanych ze \u015bwi\u0105dem sk\u00f3ry, spowodowanym pokrzywka\u0105 lub z mi\u0119nyczmakiem.","robots":{"index":"noindex","follow":"follow","max-snippet":"max-snippet:-1","max-image-preview":"max-image-preview:large","max-video-preview":"max-video-preview:-1"},"og_locale":"pl_PL","og_type":"article","og_title":"PoxClin BodyMousse - PoxClin","og_description":"PoxClin BodyMousse, jest przyjazn\u0105 dla sk\u00f3ry dzieci piank\u0105 przeciw\u015bwi\u0105dow\u0105, stosowan\u0105 do \u0142agodzenia objaw\u00f3w zwi\u0105zanych ze \u015bwi\u0105dem sk\u00f3ry, spowodowanym pokrzywka\u0105 lub z mi\u0119nyczmakiem.","og_url":"https:\/\/stage.poxclin.com\/pl\/produkt\/poxclin-bodymousse\/","og_site_name":"PoxClin","article_modified_time":"2026-02-23T09:47:22+00:00","og_image":[{"width":550,"height":550,"url":"https:\/\/stage.poxclin.com\/app\/uploads\/sites\/9\/2023\/01\/poxclin-bodymousse.png","type":"image\/png"}],"twitter_card":"summary_large_image","twitter_misc":{"Szacowany czas czytania":"2 minuty"},"schema":{"@context":"https:\/\/schema.org","@graph":[{"@type":"WebPage","@id":"https:\/\/stage.poxclin.com\/pl\/produkt\/poxclin-bodymousse\/","url":"https:\/\/stage.poxclin.com\/pl\/produkt\/poxclin-bodymousse\/","name":"PoxClin BodyMousse - PoxClin","isPartOf":{"@id":"https:\/\/stage.poxclin.com\/pl\/#website"},"primaryImageOfPage":{"@id":"https:\/\/stage.poxclin.com\/pl\/produkt\/poxclin-bodymousse\/#primaryimage"},"image":{"@id":"https:\/\/stage.poxclin.com\/pl\/produkt\/poxclin-bodymousse\/#primaryimage"},"thumbnailUrl":"https:\/\/stage.poxclin.com\/app\/uploads\/sites\/9\/2023\/01\/poxclin-bodymousse.png","datePublished":"2023-01-18T13:06:46+00:00","dateModified":"2026-02-23T09:47:22+00:00","description":"PoxClin BodyMousse, jest przyjazn\u0105 dla sk\u00f3ry dzieci piank\u0105 przeciw\u015bwi\u0105dow\u0105, stosowan\u0105 do \u0142agodzenia objaw\u00f3w zwi\u0105zanych ze \u015bwi\u0105dem sk\u00f3ry, spowodowanym pokrzywka\u0105 lub z mi\u0119nyczmakiem.","breadcrumb":{"@id":"https:\/\/stage.poxclin.com\/pl\/produkt\/poxclin-bodymousse\/#breadcrumb"},"inLanguage":"pl-PL","potentialAction":[{"@type":"ReadAction","target":["https:\/\/stage.poxclin.com\/pl\/produkt\/poxclin-bodymousse\/"]}]},{"@type":"ImageObject","inLanguage":"pl-PL","@id":"https:\/\/stage.poxclin.com\/pl\/produkt\/poxclin-bodymousse\/#primaryimage","url":"https:\/\/stage.poxclin.com\/app\/uploads\/sites\/9\/2023\/01\/poxclin-bodymousse.png","contentUrl":"https:\/\/stage.poxclin.com\/app\/uploads\/sites\/9\/2023\/01\/poxclin-bodymousse.png","width":550,"height":550,"caption":"PoxClin BodyMousse"},{"@type":"BreadcrumbList","@id":"https:\/\/stage.poxclin.com\/pl\/produkt\/poxclin-bodymousse\/#breadcrumb","itemListElement":[{"@type":"ListItem","position":1,"name":"Produkty","item":"https:\/\/stage.poxclin.com\/pl\/produkty\/"},{"@type":"ListItem","position":2,"name":"PoxClin BodyMousse"}]},{"@type":"WebSite","@id":"https:\/\/stage.poxclin.com\/pl\/#website","url":"https:\/\/stage.poxclin.com\/pl\/","name":"PoxClin","description":"","publisher":{"@id":"https:\/\/stage.poxclin.com\/pl\/#organization"},"potentialAction":[{"@type":"SearchAction","target":{"@type":"EntryPoint","urlTemplate":"https:\/\/stage.poxclin.com\/pl\/?s={search_term_string}"},"query-input":{"@type":"PropertyValueSpecification","valueRequired":true,"valueName":"search_term_string"}}],"inLanguage":"pl-PL"},{"@type":"Organization","@id":"https:\/\/stage.poxclin.com\/pl\/#organization","name":"PoxClin","url":"https:\/\/stage.poxclin.com\/pl\/","logo":{"@type":"ImageObject","inLanguage":"pl-PL","@id":"https:\/\/stage.poxclin.com\/pl\/#\/schema\/logo\/image\/","url":"https:\/\/stage.poxclin.com\/app\/uploads\/sites\/9\/2023\/01\/PoxClin-logo.png","contentUrl":"https:\/\/stage.poxclin.com\/app\/uploads\/sites\/9\/2023\/01\/PoxClin-logo.png","width":88,"height":24,"caption":"PoxClin"},"image":{"@id":"https:\/\/stage.poxclin.com\/pl\/#\/schema\/logo\/image\/"}}]}},"_links":{"self":[{"href":"https:\/\/stage.poxclin.com\/pl\/wp-json\/wp\/v2\/product\/83","targetHints":{"allow":["GET"]}}],"collection":[{"href":"https:\/\/stage.poxclin.com\/pl\/wp-json\/wp\/v2\/product"}],"about":[{"href":"https:\/\/stage.poxclin.com\/pl\/wp-json\/wp\/v2\/types\/product"}],"replies":[{"embeddable":true,"href":"https:\/\/stage.poxclin.com\/pl\/wp-json\/wp\/v2\/comments?post=83"}],"version-history":[{"count":10,"href":"https:\/\/stage.poxclin.com\/pl\/wp-json\/wp\/v2\/product\/83\/revisions"}],"predecessor-version":[{"id":216,"href":"https:\/\/stage.poxclin.com\/pl\/wp-json\/wp\/v2\/product\/83\/revisions\/216"}],"wp:featuredmedia":[{"embeddable":true,"href":"https:\/\/stage.poxclin.com\/pl\/wp-json\/wp\/v2\/media\/88"}],"wp:attachment":[{"href":"https:\/\/stage.poxclin.com\/pl\/wp-json\/wp\/v2\/media?parent=83"}],"wp:term":[{"taxonomy":"product_brand","embeddable":true,"href":"https:\/\/stage.poxclin.com\/pl\/wp-json\/wp\/v2\/product_brand?post=83"},{"taxonomy":"product_cat","embeddable":true,"href":"https:\/\/stage.poxclin.com\/pl\/wp-json\/wp\/v2\/product_cat?post=83"},{"taxonomy":"product_tag","embeddable":true,"href":"https:\/\/stage.poxclin.com\/pl\/wp-json\/wp\/v2\/product_tag?post=83"}],"curies":[{"name":"wp","href":"https:\/\/api.w.org\/{rel}","templated":true}]}}