{"id":20,"date":"2022-06-30T10:36:41","date_gmt":"2022-06-30T08:36:41","guid":{"rendered":"https:\/\/stage.kidsclin.com\/se\/?page_id=20"},"modified":"2022-09-16T13:32:51","modified_gmt":"2022-09-16T11:32:51","slug":"vanliga-fragor","status":"publish","type":"page","link":"https:\/\/stage.poxclin.com\/se\/vanliga-fragor\/","title":{"rendered":"Vanliga fr\u00e5gor"},"content":{"rendered":"\n<div class=\"wp-block-karopharma-free-text pt-large pb-large bg-center bg-cover bg-no-repeat\" style=\"background-image:url(https:\/\/stage.poxclin.com\/cdn-cgi\/image\/format=auto\/app\/uploads\/sites\/7\/2022\/06\/bg-red.png)\"><div class=\"free-text-wrapper container max-w-medium text-center\">\n<h1 class=\"is-style-heading-huge has-white-color has-text-color wp-block-heading\">Vanliga fr\u00e5gor<\/h1>\n<\/div><\/div>\n\n\n\n<div class=\"wp-block-karopharma-free-text pt-large pb-small bg-center bg-cover bg-no-repeat\" style=\"background-image:url()\"><div class=\"free-text-wrapper container max-w-medium text-center\">\n<h2 class=\"is-style-heading-h2 wp-block-heading\">PoxClin CoolMousse<\/h2>\n<\/div><\/div>\n\n\n\n<div class=\"wp-block-karopharma-accordions\"><div class=\"container\">\n<details class=\"wp-block-karopharma-accordion\"><summary><h2 class=\"accordion-title\">Hur l\u00e4nge har man vattkoppor?<\/h2><\/summary><div class=\"accordion-content\">\n<p>N\u00e4r en person har varit i kontakt med vattkoppor tar det runt tv\u00e5 veckor innan symptomen upptr\u00e4der. Vattkoppor b\u00f6rjar med en mild feber och karakt\u00e4riseras av kliande, bl\u00e5sande utslag \u00f6ver hela kroppen som b\u00f6rjar skorpa sig efter n\u00e5gra dagar innan de faller av. Vattkoppor upptr\u00e4der i v\u00e5gor. Medan de f\u00f6rsta prickarna b\u00f6rjar skorpa sig, kommer nya. Symptomen h\u00e5ller i sig i bara n\u00e5gra dagar, men det tar runt 10-14 dagar tills alla vattkoppor helt skorpat sig och ditt barn inte l\u00e4ngre \u00e4r smittob\u00e4rare.<\/p>\n<\/div><\/details>\n\n\n\n<details class=\"wp-block-karopharma-accordion\"><summary><h2 class=\"accordion-title\">\u00c4r det sant att man f\u00e5r livsl\u00e5ng immunitet f\u00f6r vattkoppor om man haft det som barn?<\/h2><\/summary><div class=\"accordion-content\">\n<p>En enstaka infektion resulterar ofta i livsl\u00e5ng immunitet mot sjukdomen. Dock \u00e4r det s\u00e5 att om ett nyf\u00f6tt barn eller bebis f\u00e5r vattkoppor sina f\u00f6rsta sex m\u00e5nader i livet, \u00e4r risken stor att det insjuknar igen i ett senare skede i livet.<\/p>\n<\/div><\/details>\n\n\n\n<details class=\"wp-block-karopharma-accordion\"><summary><h2 class=\"accordion-title\">Smittar vattkoppor?<\/h2><\/summary><div class=\"accordion-content\">\n<p>Vattkoppor \u00e4r ett vanligt och extremt smittsamt luftburet virus (varizella zoster, medlem i herpesfamiljen) som man ofta blir smittad av som barn. Det sprids genom luften n\u00e4r n\u00e5gon annan hostar eller nyser, eller genom hudkontakt.<\/p>\n<\/div><\/details>\n\n\n\n<details class=\"wp-block-karopharma-accordion\"><summary><h2 class=\"accordion-title\">Finns det vaccin som skyddar mot vattkoppor?<\/h2><\/summary><div class=\"accordion-content\">\n<p>Ja, det finns vaccin som ger skydd mot vattkoppor. Alla l\u00e4nder erbjuder dock inte vaccination i programmet. Vissa l\u00e4nder vaccinerar hela populationen medan andra l\u00e4nder bara vaccinerar bebisar och barn. H\u00f6r med din l\u00e4kare om vaccintationsalternativ i ditt land. Kom ih\u00e5g att generellt sett g\u00e5r en infektion av vattkoppor \u00f6ver utan komplikationer och \u00e4r inte livshotande.<\/p>\n<\/div><\/details>\n\n\n\n<details class=\"wp-block-karopharma-accordion\"><summary><h2 class=\"accordion-title\">Passar PoxClin \u00e4ven f\u00f6r vuxna?<\/h2><\/summary><div class=\"accordion-content\">\n<p>Fr\u00e5n 0 \u00e5r och upp\u00e5t kan man anv\u00e4nda Poxclin f\u00f6r att lindra kl\u00e5dan vid vattkoppor. Dock b\u00f6r vuxna som f\u00e5r vattkoppor tala med en l\u00e4kare, speciellt om man \u00e4r gravid eller har nedsatt immunf\u00f6rsvar. Detta f\u00f6r att vuxna ofta f\u00e5r mer allvarliga fall av vattkoppor \u00e4n barn och kan utveckla lunginflammation.<\/p>\n<\/div><\/details>\n\n\n\n<details class=\"wp-block-karopharma-accordion\"><summary><h2 class=\"accordion-title\">Kan mitt barn g\u00e5 till lekgrupper, f\u00f6rskola eller skola n\u00e4r han\/hon har vattkoppor?<\/h2><\/summary><div class=\"accordion-content\">\n<p>Om ditt barn har f\u00e5tt vattkoppor, informera lekgruppen, f\u00f6rkolan eller skolan och l\u00e5t dem stanna hemma tills alla vattkoppor har skorpat sig och inte l\u00e4ngre \u00e4r smittsamma. Det tar normalt 10-14 dagar efter att det f\u00f6rsta utslaget visat sig. Vissa lekgrupper och skolor har olika regler vad g\u00e4ller detta eftersom ditt barn kan ha f\u00e5tt vattkopporna d\u00e4rifr\u00e5n fr\u00e5n f\u00f6rsta b\u00f6rjan. D\u00e4rf\u00f6r \u00e4r det bra att prata med ditt barns l\u00e4rare i varje enskilt fall.<\/p>\n<\/div><\/details>\n\n\n\n<details class=\"wp-block-karopharma-accordion\"><summary><h2 class=\"accordion-title\">Kan mitt barn g\u00e5 till f\u00f6rskola, skola eller offentliga platser n\u00e4r han\/hon har vattkoppor?<\/h2><\/summary><div class=\"accordion-content\">\n<p>F\u00f6rs\u00f6k undvika offentliga platser eftersom andra kan smittas av viruset, som kan vara farligt speciellt f\u00f6r de som \u00e4r gravida eller har nedsatt immunf\u00f6rsvar. Om ditt barn f\u00e5tt vattkoppor, h\u00e5ll dem borta fr\u00e5n lekplatser och andra offentliga platser tills vattkopporna skorpat sig och inte l\u00e4ngre \u00e4r smittsamma. Det tar normalt 10-14 dagar efter att f\u00f6rsta utslagen visat sig. Om du \u00e4nd\u00e5 tar ditt barn till en lekplats eller liknande, informera f\u00f6r\u00e4ldrarna d\u00e4r att ditt barn har vattkoppor och fortfarande kan smitta. Gl\u00f6m inte att \u00e4ven om du tycker det \u00e4r okej att ta ditt barn till offentliga platser inte betyder att andra tycker det.<\/p>\n<\/div><\/details>\n\n\n\n<details class=\"wp-block-karopharma-accordion\"><summary><h2 class=\"accordion-title\">Kan mitt barn g\u00e5 och simma eller sporta?<\/h2><\/summary><div class=\"accordion-content\">\n<p>Vattkoppor \u00e4r mycket smittsamt. Om ditt barn har vattkoppor b\u00f6r han\/hon inte simma eller utf\u00f6ra lagsporter om inte alla bl\u00e5sorna har skorpat sig. Det tar normalt 10-14 dagar efter att de f\u00f6rsta prickarna b\u00f6rjat komma. F\u00f6rs\u00f6k att undvika allm\u00e4nna platser eftersom andra kan bli smittade av viruset som kan vara farligt f\u00f6r gravida eller de med f\u00f6rsvagat immunsystem. Simning och bad kan mjuka upp skorporna, som kan resultera i en \u00e4nnu mer intensiv kl\u00e5da, som i sin tur g\u00f6r att skorporna faller av f\u00f6r tidigt och kan l\u00e4mna efter sig \u00e4rr.<\/p>\n<\/div><\/details>\n\n\n\n<details class=\"wp-block-karopharma-accordion\"><summary><h2 class=\"accordion-title\">Kan mitt barn ta en dusch eller bada n\u00e4r han\/hon har vattkoppor?<\/h2><\/summary><div class=\"accordion-content\">\n<p>Det \u00e4r okej f\u00f6r ditt barn att ta ett snabbt bad eller dusch n\u00e4r han eller hon har vattkoppor. Vissa barn kan tycka att ljummet eller kallt vatten lindrar kl\u00e5dan. L\u00e5t inte barnet bada i varmt vatten eftersom det kan f\u00f6rv\u00e4rra kl\u00e5dan. L\u00e5t inte heller barnet bada f\u00f6r l\u00e4nge. Torka f\u00f6rsiktigt ditt barn efter bad och dusch. Gnugga inte p\u00e5 huden eftersom det kan g\u00f6ra att bl\u00e5sorna blir infekterade, skorporna kan falla av och l\u00e4mna \u00e4rr.<\/p>\n<\/div><\/details>\n\n\n\n<details class=\"wp-block-karopharma-accordion\"><summary><h2 class=\"accordion-title\">\u00c4r det s\u00e4kert att flyga?<\/h2><\/summary><div class=\"accordion-content\">\n<p>Vattkoppor \u00e4r mycket smittsamt. Ditt barn kanske inte till\u00e5ts att flyga f\u00f6rr\u00e4n skorporna har fallit av. Detta f\u00f6r att bakterier cirkulerar inne i planet, och viruset kan vara extra farligt f\u00f6r gravida eller de med nedsatt immunf\u00f6rsvar. Generellt \u00e4r barnet bara till\u00e5tet att flyga om man har l\u00e4karintyg. Varje flygbolag har sin egen policy s\u00e5 kolla med dem f\u00f6rst. Om ditt barn f\u00e5r vattkoppor, informera genast ditt resef\u00f6rs\u00e4kringsbolag f\u00f6r att s\u00e4kerst\u00e4lla att du f\u00e5r ers\u00e4ttning om du beh\u00f6ver avboka eller skjuta upp din resa, eller om du beh\u00f6ver f\u00f6rl\u00e4nga din resa tills ditt barn \u00e4r friskt nog att flyga hem.<\/p>\n<\/div><\/details>\n\n\n\n<details class=\"wp-block-karopharma-accordion\"><summary><h2 class=\"accordion-title\">Kan mitt barn bes\u00f6ka ett sjukhus eller v\u00e5rdcentral n\u00e4r han\/hon har vattkoppor?<\/h2><\/summary><div class=\"accordion-content\">\n<p>Barn med vattkoppor b\u00f6r inte bes\u00f6ka sl\u00e4ktingar eller v\u00e4nner p\u00e5 sjukhus eller v\u00e5rdcentraler utan att ha f\u00e5tt till\u00e5telse innan.<\/p>\n<\/div><\/details>\n\n\n\n<details class=\"wp-block-karopharma-accordion\"><summary><h2 class=\"accordion-title\">\u00c4r det s\u00e4kert f\u00f6r gravida eller ammande kvinnor att vara omkring ett barn som har vattkoppor?<\/h2><\/summary><div class=\"accordion-content\">\n<p>De flesta kvinnor har haft vattkoppor som barn och \u00e4r d\u00e4rf\u00f6r immuna eller har f\u00e5tt vaccin mot vattkoppor. Dock utvecklar en liten procent av gravida kvinnor vattkoppor, vilket kan orsaka komplikationer f\u00f6r s\u00e5v\u00e4l den of\u00f6dda bebisen som den gravida mamman. Det finns en liten risk att bebisen utvecklar en sjukdom som kallas kongenitalt varicellasyndrom som kan orsaka allvarliga f\u00f6r\u00e4ndringar p\u00e5 olika delar av kroppen. F\u00f6r detaljerad information om riskerna f\u00f6r att ditt barn utvecklar kongenitalt varicellasyndrom, kontakta din barnmorska eller gynekolog. Olika faser under graviditeten inneb\u00e4r olika risker.<br>Om du \u00e4r gravid och du tror eller vet att du kan ha f\u00e5tt vattkoppor, kontakta din barnmorska, gynekolog och\/eller l\u00e4kare genast.<\/p>\n<\/div><\/details>\n\n\n\n<details class=\"wp-block-karopharma-accordion\"><summary><h2 class=\"accordion-title\">\u00c4r det farligt f\u00f6r min nyf\u00f6dda bebis umg\u00e5s med ett syskon som har vattkoppor?<\/h2><\/summary><div class=\"accordion-content\">\n<p>En infektion av vattkoppor skapar oftast en livsl\u00e5ng immunitet mot viruset. Ammande nyf\u00f6dda och bebisar \u00e4r i de flesta fall inte mottagliga f\u00f6r vattkoppor om mamman har haft vattkoppor som barn. Antikroppar passerar genom moderkakan under graviditeten och sedan genom br\u00f6stmj\u00f6lken f\u00f6r att ge ett tillr\u00e4ckligt skydd. Om ditt nyf\u00f6dda barn \u00e4nd\u00e5 f\u00e5r vattkoppor de f\u00f6rsta sex m\u00e5naderna, finns risken att barnet inte utvecklar tillr\u00e4ckligt med antikroppar och kan vara mottagliga f\u00f6r viruset igen i ett senare skede.<\/p>\n<\/div><\/details>\n\n\n\n<details class=\"wp-block-karopharma-accordion\"><summary><h2 class=\"accordion-title\">\u00c4r det s\u00e4kert f\u00f6r mitt barn att vara i solen n\u00e4r han\/hon har vattkoppor?<\/h2><\/summary><div class=\"accordion-content\">\n<p>Barnens hud \u00e4r v\u00e4ldigt s\u00e5rbar under en infektion av vattkoppor. Om man exponeras av solen kan det leda till ytterligare irritation s\u00e5 det \u00e4r b\u00e4st att h\u00e5lla ditt barn borta fr\u00e5n solen under en l\u00e4ngre tid.<\/p>\n<\/div><\/details>\n<\/div><\/div>\n\n\n\n<div class=\"wp-block-karopharma-free-text pt-large pb-small bg-center bg-cover bg-no-repeat\" style=\"background-image:url()\"><div class=\"free-text-wrapper container max-w-medium text-center\">\n<h2 class=\"is-style-heading-h2 wp-block-heading\">KidsClin Skorv Kit<\/h2>\n<\/div><\/div>\n\n\n\n<div class=\"wp-block-karopharma-accordions\"><div class=\"container\">\n<details class=\"wp-block-karopharma-accordion\"><summary><h2 class=\"accordion-title\">Hur l\u00e5ng tid tar det att f\u00e5 bort skorv?<\/h2><\/summary><div class=\"accordion-content\">\n<p>Behandlingstiden varierar beroende p\u00e5 allvarlighetsgrad men det tar normalt mellan 1-4 veckor.<\/p>\n<\/div><\/details>\n\n\n\n<details class=\"wp-block-karopharma-accordion\"><summary><h2 class=\"accordion-title\">Kan alla barn anv\u00e4nda KidsClin Skorv Kit?<\/h2><\/summary><div class=\"accordion-content\">\n<p>KidsClin Skorv \u00e4r kliniskt testad och s\u00e4ker att anv\u00e4nda f\u00f6r barn. Det finns inga k\u00e4nda biverkningar associerade med anv\u00e4ndningen av KidsClin<\/p>\n<\/div><\/details>\n\n\n\n<details class=\"wp-block-karopharma-accordion\"><summary><h2 class=\"accordion-title\">Vad \u00e4r skorv?<\/h2><\/summary><div class=\"accordion-content\">\n<p>Skorv k\u00e4nnetecknas av gula eller brunaktiga fj\u00e4ll som ofta upptr\u00e4der i h\u00e5rbotten. Fj\u00e4llen flagar och kan g\u00f6ra att huden under blir r\u00f6d. Ibland kan h\u00e5rstr\u00e5n f\u00f6lja med flagorna men det v\u00e4xer tillbaka. Oftast bildas skorv i h\u00e5rbotten men kan ocks\u00e5 upptr\u00e4da i ansiktet, p\u00e5 \u00f6ronen, i nacken, kring bl\u00f6jomr\u00e5det och i armh\u00e5lorna.<\/p>\n<\/div><\/details>\n\n\n\n<details class=\"wp-block-karopharma-accordion\"><summary><h2 class=\"accordion-title\">Vad orsakar skorv?<\/h2><\/summary><div class=\"accordion-content\">\n<p>Den faktiska orsaken till skorv \u00e4r inte s\u00e4kerst\u00e4lld med det tros vara associerat med en \u00f6verproduktion av talg (en oljig substans) i kombination med en svamp-infektion (malassezia). Det s\u00e4gs ocks\u00e5 bero p\u00e5 en otillr\u00e4ckligd m\u00e4ngd av en fettsyra som kallas Gamma linolensyra.<\/p>\n<\/div><\/details>\n\n\n\n<details class=\"wp-block-karopharma-accordion\"><summary><h2 class=\"accordion-title\">Hur anv\u00e4nds svampen och kammen f\u00f6r att ta bort skorv?<\/h2><\/summary><div class=\"accordion-content\">\n<p>N\u00e4r KidsClin anv\u00e4nds f\u00f6r f\u00f6rsta g\u00e5ngen, kan svampen anv\u00e4ndas f\u00f6r att skonsamt ta bort flagorna. Kammen anv\u00e4nds f\u00f6r att f\u00f6rsiktigt ta bort flagorna fr\u00e5n barnets h\u00e5r.<\/p>\n<\/div><\/details>\n<\/div><\/div>\n","protected":false},"excerpt":{"rendered":"","protected":false},"author":3,"featured_media":0,"parent":0,"menu_order":0,"comment_status":"closed","ping_status":"closed","template":"","meta":{"_acf_changed":false,"footnotes":""},"from-article-database":[],"class_list":["post-20","page","type-page","status-publish","hentry"],"acf":[],"yoast_head":"<!-- This site is optimized with the Yoast SEO plugin v26.6 - https:\/\/yoast.com\/wordpress\/plugins\/seo\/ -->\n<title>Vanliga fr\u00e5gor - PoxClin<\/title>\n<meta name=\"description\" content=\"Vanliga fr\u00e5gor om PoxClin CoolMousse, KidsClin Skorv Kit och KidsClin Bl\u00f6jeksem\" \/>\n<meta name=\"robots\" content=\"noindex, follow, max-snippet:-1, max-image-preview:large, max-video-preview:-1\" \/>\n<meta property=\"og:locale\" content=\"sv_SE\" \/>\n<meta property=\"og:type\" content=\"article\" \/>\n<meta property=\"og:title\" content=\"Vanliga fr\u00e5gor - PoxClin\" \/>\n<meta property=\"og:description\" content=\"Vanliga fr\u00e5gor om PoxClin CoolMousse, KidsClin Skorv Kit och KidsClin Bl\u00f6jeksem\" \/>\n<meta property=\"og:url\" content=\"https:\/\/stage.poxclin.com\/se\/vanliga-fragor\/\" \/>\n<meta property=\"og:site_name\" content=\"PoxClin\" \/>\n<meta property=\"article:modified_time\" content=\"2022-09-16T11:32:51+00:00\" \/>\n<meta name=\"twitter:card\" content=\"summary_large_image\" \/>\n<meta name=\"twitter:label1\" content=\"Ber\u00e4knad l\u00e4stid\" \/>\n\t<meta name=\"twitter:data1\" content=\"7 minuter\" \/>\n<script type=\"application\/ld+json\" class=\"yoast-schema-graph\">{\"@context\":\"https:\/\/schema.org\",\"@graph\":[{\"@type\":\"WebPage\",\"@id\":\"https:\/\/stage.poxclin.com\/se\/vanliga-fragor\/\",\"url\":\"https:\/\/stage.poxclin.com\/se\/vanliga-fragor\/\",\"name\":\"Vanliga fr\u00e5gor - PoxClin\",\"isPartOf\":{\"@id\":\"https:\/\/stage.poxclin.com\/se\/#website\"},\"datePublished\":\"2022-06-30T08:36:41+00:00\",\"dateModified\":\"2022-09-16T11:32:51+00:00\",\"description\":\"Vanliga fr\u00e5gor om PoxClin CoolMousse, KidsClin Skorv Kit och KidsClin Bl\u00f6jeksem\",\"inLanguage\":\"sv-SE\",\"potentialAction\":[{\"@type\":\"ReadAction\",\"target\":[\"https:\/\/stage.poxclin.com\/se\/vanliga-fragor\/\"]}]},{\"@type\":\"WebSite\",\"@id\":\"https:\/\/stage.poxclin.com\/se\/#website\",\"url\":\"https:\/\/stage.poxclin.com\/se\/\",\"name\":\"PoxClin\",\"description\":\"\",\"publisher\":{\"@id\":\"https:\/\/stage.poxclin.com\/se\/#organization\"},\"potentialAction\":[{\"@type\":\"SearchAction\",\"target\":{\"@type\":\"EntryPoint\",\"urlTemplate\":\"https:\/\/stage.poxclin.com\/se\/?s={search_term_string}\"},\"query-input\":{\"@type\":\"PropertyValueSpecification\",\"valueRequired\":true,\"valueName\":\"search_term_string\"}}],\"inLanguage\":\"sv-SE\"},{\"@type\":\"Organization\",\"@id\":\"https:\/\/stage.poxclin.com\/se\/#organization\",\"name\":\"PoxClin\",\"url\":\"https:\/\/stage.poxclin.com\/se\/\",\"logo\":{\"@type\":\"ImageObject\",\"inLanguage\":\"sv-SE\",\"@id\":\"https:\/\/stage.poxclin.com\/se\/#\/schema\/logo\/image\/\",\"url\":\"https:\/\/stage.poxclin.com\/app\/uploads\/sites\/7\/2022\/07\/PoxClin-KidsClin-logo.png\",\"contentUrl\":\"https:\/\/stage.poxclin.com\/app\/uploads\/sites\/7\/2022\/07\/PoxClin-KidsClin-logo.png\",\"width\":205,\"height\":32,\"caption\":\"PoxClin\"},\"image\":{\"@id\":\"https:\/\/stage.poxclin.com\/se\/#\/schema\/logo\/image\/\"}}]}<\/script>\n<!-- \/ Yoast SEO plugin. -->","yoast_head_json":{"title":"Vanliga fr\u00e5gor - PoxClin","description":"Vanliga fr\u00e5gor om PoxClin CoolMousse, KidsClin Skorv Kit och KidsClin Bl\u00f6jeksem","robots":{"index":"noindex","follow":"follow","max-snippet":"max-snippet:-1","max-image-preview":"max-image-preview:large","max-video-preview":"max-video-preview:-1"},"og_locale":"sv_SE","og_type":"article","og_title":"Vanliga fr\u00e5gor - PoxClin","og_description":"Vanliga fr\u00e5gor om PoxClin CoolMousse, KidsClin Skorv Kit och KidsClin Bl\u00f6jeksem","og_url":"https:\/\/stage.poxclin.com\/se\/vanliga-fragor\/","og_site_name":"PoxClin","article_modified_time":"2022-09-16T11:32:51+00:00","twitter_card":"summary_large_image","twitter_misc":{"Ber\u00e4knad l\u00e4stid":"7 minuter"},"schema":{"@context":"https:\/\/schema.org","@graph":[{"@type":"WebPage","@id":"https:\/\/stage.poxclin.com\/se\/vanliga-fragor\/","url":"https:\/\/stage.poxclin.com\/se\/vanliga-fragor\/","name":"Vanliga fr\u00e5gor - PoxClin","isPartOf":{"@id":"https:\/\/stage.poxclin.com\/se\/#website"},"datePublished":"2022-06-30T08:36:41+00:00","dateModified":"2022-09-16T11:32:51+00:00","description":"Vanliga fr\u00e5gor om PoxClin CoolMousse, KidsClin Skorv Kit och KidsClin Bl\u00f6jeksem","inLanguage":"sv-SE","potentialAction":[{"@type":"ReadAction","target":["https:\/\/stage.poxclin.com\/se\/vanliga-fragor\/"]}]},{"@type":"WebSite","@id":"https:\/\/stage.poxclin.com\/se\/#website","url":"https:\/\/stage.poxclin.com\/se\/","name":"PoxClin","description":"","publisher":{"@id":"https:\/\/stage.poxclin.com\/se\/#organization"},"potentialAction":[{"@type":"SearchAction","target":{"@type":"EntryPoint","urlTemplate":"https:\/\/stage.poxclin.com\/se\/?s={search_term_string}"},"query-input":{"@type":"PropertyValueSpecification","valueRequired":true,"valueName":"search_term_string"}}],"inLanguage":"sv-SE"},{"@type":"Organization","@id":"https:\/\/stage.poxclin.com\/se\/#organization","name":"PoxClin","url":"https:\/\/stage.poxclin.com\/se\/","logo":{"@type":"ImageObject","inLanguage":"sv-SE","@id":"https:\/\/stage.poxclin.com\/se\/#\/schema\/logo\/image\/","url":"https:\/\/stage.poxclin.com\/app\/uploads\/sites\/7\/2022\/07\/PoxClin-KidsClin-logo.png","contentUrl":"https:\/\/stage.poxclin.com\/app\/uploads\/sites\/7\/2022\/07\/PoxClin-KidsClin-logo.png","width":205,"height":32,"caption":"PoxClin"},"image":{"@id":"https:\/\/stage.poxclin.com\/se\/#\/schema\/logo\/image\/"}}]}},"_links":{"self":[{"href":"https:\/\/stage.poxclin.com\/se\/wp-json\/wp\/v2\/pages\/20","targetHints":{"allow":["GET"]}}],"collection":[{"href":"https:\/\/stage.poxclin.com\/se\/wp-json\/wp\/v2\/pages"}],"about":[{"href":"https:\/\/stage.poxclin.com\/se\/wp-json\/wp\/v2\/types\/page"}],"author":[{"embeddable":true,"href":"https:\/\/stage.poxclin.com\/se\/wp-json\/wp\/v2\/users\/3"}],"replies":[{"embeddable":true,"href":"https:\/\/stage.poxclin.com\/se\/wp-json\/wp\/v2\/comments?post=20"}],"version-history":[{"count":2,"href":"https:\/\/stage.poxclin.com\/se\/wp-json\/wp\/v2\/pages\/20\/revisions"}],"predecessor-version":[{"id":308,"href":"https:\/\/stage.poxclin.com\/se\/wp-json\/wp\/v2\/pages\/20\/revisions\/308"}],"wp:attachment":[{"href":"https:\/\/stage.poxclin.com\/se\/wp-json\/wp\/v2\/media?parent=20"}],"wp:term":[{"taxonomy":"from-article-database","embeddable":true,"href":"https:\/\/stage.poxclin.com\/se\/wp-json\/wp\/v2\/from-article-database?post=20"}],"curies":[{"name":"wp","href":"https:\/\/api.w.org\/{rel}","templated":true}]}}