{"id":4,"date":"2022-06-30T10:24:56","date_gmt":"2022-06-30T08:24:56","guid":{"rendered":"https:\/\/stage.kidsclin.com\/se\/?page_id=4"},"modified":"2023-10-11T12:46:46","modified_gmt":"2023-10-11T10:46:46","slug":"poxclin-kidsclin","status":"publish","type":"page","link":"https:\/\/stage.poxclin.com\/se\/","title":{"rendered":"PoxClin KidsClin"},"content":{"rendered":"\n<div class=\"wp-block-karopharma-product-promotion text-align-right pt-large pb-large bg-top bg-cover bg-no-repeat\" style=\"background-image:url(https:\/\/stage.poxclin.com\/cdn-cgi\/image\/format=auto\/app\/uploads\/sites\/7\/2022\/09\/kidsclin_hero-cropped.jpg)\"><div class=\"container max-w-large\">\n<div class=\"wp-block-group is-layout-flow wp-block-group-is-layout-flow\">\n<figure class=\"wp-block-image size-full is-resized blanker\"><img loading=\"lazy\" decoding=\"async\" src=\"https:\/\/stage.poxclin.com\/app\/uploads\/sites\/7\/2022\/09\/blank.png\" alt=\"blank\" class=\"wp-image-272\" width=\"512\" height=\"683\" srcset=\"https:\/\/stage.poxclin.com\/app\/uploads\/sites\/7\/2022\/09\/blank.png 600w, https:\/\/stage.poxclin.com\/app\/uploads\/sites\/7\/2022\/09\/blank-240x320.png 240w\" sizes=\"auto, (max-width: 512px) 100vw, 512px\" \/><\/figure>\n<\/div>\n\n\n\n<div class=\"wp-block-group is-layout-flow wp-block-group-is-layout-flow\">\n<h1 class=\"title is-style-heading-huge has-white-color has-text-color wp-block-heading\">SNABBA OCH EFFEKTIVA BEHANDLINGAR F\u00d6R DITT BARNS HUD<\/h1>\n\n\n\n<h2 class=\"heading is-style-heading-h2 has-white-color has-text-color wp-block-heading\">PoxClin och KidsClin<\/h2>\n\n\n\n<p class=\"has-white-color has-text-color\">\u2013 Skyddar ditt barns hud<\/p>\n\n\n\n<ul class=\"is-style-icon vittext has-white-color has-text-color wp-block-list\"><li>Effektiv<\/li><li>L\u00e4tt att anv\u00e4nda<\/li><li>Barnv\u00e4nliga<\/li><\/ul>\n\n\n\n<div class=\"wp-block-buttons is-layout-flex wp-block-buttons-is-layout-flex\">\n<div class=\"wp-block-button is-style-alternative-button\"><a class=\"wp-block-button__link\" href=\"https:\/\/stage.poxclin.com\/se\/produkter\/\">Mer information om v\u00e5ra produkter<\/a><\/div>\n<\/div>\n<\/div>\n<\/div><\/div>\n\n\n<div class=\"product-list wp-block-karopharma-product-list\" data-testid=\"product-list\">\n      <div class=\"swiper-container\">\n      <div class=\"swiper\">\n        <div class=\"swiper-wrapper\">\n                      <div class=\"swiper-slide\">\n              <div class=\"product-card\" data-testid=\"product-card\">\n  <a\n    href=https:\/\/stage.poxclin.com\/se\/produkt\/poxclin-coolmousse\/\n    class=\"product-card-link\"\n    title=\"PoxClin CoolMousse\"\n  >\n  <figure class=\"product-card-image\" data-testid=\"product-image\">\n                          <img decoding=\"async\" src=\"https:\/\/stage.poxclin.com\/cdn-cgi\/image\/width=700,format=auto\/app\/uploads\/sites\/7\/2022\/07\/poxclin_coolmousse_se.png\"\n        srcset=\"https:\/\/stage.poxclin.com\/cdn-cgi\/image\/width=250,format=auto\/app\/uploads\/sites\/7\/2022\/07\/poxclin_coolmousse_se.png 250w,\n                https:\/\/stage.poxclin.com\/cdn-cgi\/image\/width=500,format=auto\/app\/uploads\/sites\/7\/2022\/07\/poxclin_coolmousse_se.png 500w,\n                https:\/\/stage.poxclin.com\/cdn-cgi\/image\/width=700,format=auto\/app\/uploads\/sites\/7\/2022\/07\/poxclin_coolmousse_se.png 700w\"\n        sizes=\"(max-width: 400px) 250px, (max-width: 800px) 500px, 700px\"\n        alt=\"PoxClin CoolMousse\"\n        class=\"img\">\n            <\/figure>\n    <div class=\"product-card-content\">\n      <div class=\"heading-wrapper\">\n        <h2 class=\"heading\">PoxClin CoolMousse<\/h2>\n      <\/div>\n      <div class=\"product-card-description\"><\/div>\n                      <\/div>\n  <\/a>\n          <div class=\"button-wrapper buy-now \" data-testid=\"buy-now\">\n      <div class=\"buy-now-container dropdown-container\">\n      <div class=\"theme-button button-primary-color dropdown-link\" aria-label=\"K\u00f6p nu\">\n          K\u00f6p nu <i class=\"dropdown\"><\/i>\n      <\/div>\n      <ul class=\"reseller-list submenu\">\n                    <li>\n              <a\n                href=\"https:\/\/apohem.se\/sok\/?q=poxclin\" onclick=\"dataLayer.push({'event':'ga_event', 'eventCategory':'Click on Reseller', 'eventAction':'Apohem', 'eventLabel':'PoxClin CoolMousse', 'eventValue': undefined})\" rel=\"noopener\" target=\"_blank\" title=\"Apohem\"\n                data-testid=\"buy-now-reseller\">\n                <i class=\"fa-solid fa-arrow-right\"><\/i> Apohem\n              <\/a>\n          <\/li>\n                    <li>\n              <a\n                href=\"https:\/\/www.apotea.se\/poxclin\" onclick=\"dataLayer.push({'event':'ga_event', 'eventCategory':'Click on Reseller', 'eventAction':'Apotea', 'eventLabel':'PoxClin CoolMousse', 'eventValue': undefined})\" rel=\"noopener\" target=\"_blank\" title=\"Apotea\"\n                data-testid=\"buy-now-reseller\">\n                <i class=\"fa-solid fa-arrow-right\"><\/i> Apotea\n              <\/a>\n          <\/li>\n                    <li>\n              <a\n                href=\"https:\/\/www.apoteket.se\/produkt\/poxclin-coolmousse-100-ml-254880\/\" onclick=\"dataLayer.push({'event':'ga_event', 'eventCategory':'Click on Reseller', 'eventAction':'Apoteket', 'eventLabel':'PoxClin CoolMousse', 'eventValue': undefined})\" rel=\"noopener\" target=\"_blank\" title=\"Apoteket\"\n                data-testid=\"buy-now-reseller\">\n                <i class=\"fa-solid fa-arrow-right\"><\/i> Apoteket\n              <\/a>\n          <\/li>\n                    <li>\n              <a\n                href=\"https:\/\/www.apotekhjartat.se\/soksida\/?query=poxclin\" onclick=\"dataLayer.push({'event':'ga_event', 'eventCategory':'Click on Reseller', 'eventAction':'Apotek Hj\u00e4rtat', 'eventLabel':'PoxClin CoolMousse', 'eventValue': undefined})\" rel=\"noopener\" target=\"_blank\" title=\"Apotek Hj\u00e4rtat\"\n                data-testid=\"buy-now-reseller\">\n                <i class=\"fa-solid fa-arrow-right\"><\/i> Apotek Hj\u00e4rtat\n              <\/a>\n          <\/li>\n                    <li>\n              <a\n                href=\"https:\/\/dozapotek.se\/poxclin-coolmousse-vattkoppor-100-ml-751752.html\" onclick=\"dataLayer.push({'event':'ga_event', 'eventCategory':'Click on Reseller', 'eventAction':'DOZ Apotek', 'eventLabel':'PoxClin CoolMousse', 'eventValue': undefined})\" rel=\"noopener\" target=\"_blank\" title=\"DOZ Apotek\"\n                data-testid=\"buy-now-reseller\">\n                <i class=\"fa-solid fa-arrow-right\"><\/i> DOZ Apotek\n              <\/a>\n          <\/li>\n                    <li>\n              <a\n                href=\"https:\/\/www.kronansapotek.se\/PoxClinKidsClin-Coolmousse-vattkopp\/p\/751752\/\" onclick=\"dataLayer.push({'event':'ga_event', 'eventCategory':'Click on Reseller', 'eventAction':'Kronans Apotek', 'eventLabel':'PoxClin CoolMousse', 'eventValue': undefined})\" rel=\"noopener\" target=\"_blank\" title=\"Kronans Apotek\"\n                data-testid=\"buy-now-reseller\">\n                <i class=\"fa-solid fa-arrow-right\"><\/i> Kronans Apotek\n              <\/a>\n          <\/li>\n                    <li>\n              <a\n                href=\"https:\/\/www.meds.se\/sok\/?q=poxclin\" onclick=\"dataLayer.push({'event':'ga_event', 'eventCategory':'Click on Reseller', 'eventAction':'Meds', 'eventLabel':'PoxClin CoolMousse', 'eventValue': undefined})\" rel=\"noopener\" target=\"_blank\" title=\"Meds\"\n                data-testid=\"buy-now-reseller\">\n                <i class=\"fa-solid fa-arrow-right\"><\/i> Meds\n              <\/a>\n          <\/li>\n                <\/ul>\n    <\/div>\n  <\/div>\n  <\/div>\n            <\/div>\n                      <div class=\"swiper-slide\">\n              <div class=\"product-card\" data-testid=\"product-card\">\n  <a\n    href=https:\/\/stage.poxclin.com\/se\/produkt\/kidsclin-body-mousse\/\n    class=\"product-card-link\"\n    title=\"KidsClin Body Mousse\"\n  >\n  <figure class=\"product-card-image\" data-testid=\"product-image\">\n                          <img decoding=\"async\" src=\"https:\/\/stage.poxclin.com\/cdn-cgi\/image\/width=700,format=auto\/app\/uploads\/sites\/7\/2022\/07\/kidsclin_hudirritation_se.png\"\n        srcset=\"https:\/\/stage.poxclin.com\/cdn-cgi\/image\/width=250,format=auto\/app\/uploads\/sites\/7\/2022\/07\/kidsclin_hudirritation_se.png 250w,\n                https:\/\/stage.poxclin.com\/cdn-cgi\/image\/width=500,format=auto\/app\/uploads\/sites\/7\/2022\/07\/kidsclin_hudirritation_se.png 500w,\n                https:\/\/stage.poxclin.com\/cdn-cgi\/image\/width=700,format=auto\/app\/uploads\/sites\/7\/2022\/07\/kidsclin_hudirritation_se.png 700w\"\n        sizes=\"(max-width: 400px) 250px, (max-width: 800px) 500px, 700px\"\n        alt=\"KidsClin Hudirritation\"\n        class=\"img\">\n            <\/figure>\n    <div class=\"product-card-content\">\n      <div class=\"heading-wrapper\">\n        <h2 class=\"heading\">KidsClin Body Mousse<\/h2>\n      <\/div>\n      <div class=\"product-card-description\"><\/div>\n                      <\/div>\n  <\/a>\n      <div class=\"button-wrapper\">\n    <a\n      href=https:\/\/stage.poxclin.com\/se\/produkt\/kidsclin-body-mousse\/\n      target=_self\n      class=\"theme-button button-primary-color rounded-button\"\n      rel=\"noopener\"\n      title=\"L\u00e4s mer\"\n    >\n       L\u00e4s mer\n    <\/a>\n<\/div>  <\/div>\n            <\/div>\n                      <div class=\"swiper-slide\">\n              <div class=\"product-card\" data-testid=\"product-card\">\n  <a\n    href=https:\/\/stage.poxclin.com\/se\/produkt\/kidsclin-skorv-kit\/\n    class=\"product-card-link\"\n    title=\"KidsClin Skorv Serum\"\n  >\n  <figure class=\"product-card-image\" data-testid=\"product-image\">\n                          <img decoding=\"async\" src=\"https:\/\/stage.poxclin.com\/cdn-cgi\/image\/width=700,format=auto\/app\/uploads\/sites\/7\/2022\/07\/kidsclin_skorv_se.png\"\n        srcset=\"https:\/\/stage.poxclin.com\/cdn-cgi\/image\/width=250,format=auto\/app\/uploads\/sites\/7\/2022\/07\/kidsclin_skorv_se.png 250w,\n                https:\/\/stage.poxclin.com\/cdn-cgi\/image\/width=500,format=auto\/app\/uploads\/sites\/7\/2022\/07\/kidsclin_skorv_se.png 500w,\n                https:\/\/stage.poxclin.com\/cdn-cgi\/image\/width=700,format=auto\/app\/uploads\/sites\/7\/2022\/07\/kidsclin_skorv_se.png 700w\"\n        sizes=\"(max-width: 400px) 250px, (max-width: 800px) 500px, 700px\"\n        alt=\"KidsClin Skorv\"\n        class=\"img\">\n            <\/figure>\n    <div class=\"product-card-content\">\n      <div class=\"heading-wrapper\">\n        <h2 class=\"heading\">KidsClin Skorv Serum<\/h2>\n      <\/div>\n      <div class=\"product-card-description\"><\/div>\n                      <\/div>\n  <\/a>\n          <div class=\"button-wrapper buy-now \" data-testid=\"buy-now\">\n      <div class=\"buy-now-container dropdown-container\">\n      <div class=\"theme-button button-primary-color dropdown-link\" aria-label=\"K\u00f6p nu\">\n          K\u00f6p nu <i class=\"dropdown\"><\/i>\n      <\/div>\n      <ul class=\"reseller-list submenu\">\n                    <li>\n              <a\n                href=\"https:\/\/www.apotea.se\/kidsclin-skorv-30-ml\" onclick=\"dataLayer.push({'event':'ga_event', 'eventCategory':'Click on Reseller', 'eventAction':'Apotea', 'eventLabel':'KidsClin Skorv Serum', 'eventValue': undefined})\" rel=\"noopener\" target=\"_blank\" title=\"Apotea\"\n                data-testid=\"buy-now-reseller\">\n                <i class=\"fa-solid fa-arrow-right\"><\/i> Apotea\n              <\/a>\n          <\/li>\n                    <li>\n              <a\n                href=\"https:\/\/www.apoteket.se\/produkt\/kidsclin-skorv-30-ml-ask-1384004\/\" onclick=\"dataLayer.push({'event':'ga_event', 'eventCategory':'Click on Reseller', 'eventAction':'Apoteket', 'eventLabel':'KidsClin Skorv Serum', 'eventValue': undefined})\" rel=\"noopener\" target=\"_blank\" title=\"Apoteket\"\n                data-testid=\"buy-now-reseller\">\n                <i class=\"fa-solid fa-arrow-right\"><\/i> Apoteket\n              <\/a>\n          <\/li>\n                    <li>\n              <a\n                href=\"https:\/\/www.apotekhjartat.se\/produkt\/kidsclin-skorv-30-ml\/\" onclick=\"dataLayer.push({'event':'ga_event', 'eventCategory':'Click on Reseller', 'eventAction':'Apotek Hj\u00e4rtat', 'eventLabel':'KidsClin Skorv Serum', 'eventValue': undefined})\" rel=\"noopener\" target=\"_blank\" title=\"Apotek Hj\u00e4rtat\"\n                data-testid=\"buy-now-reseller\">\n                <i class=\"fa-solid fa-arrow-right\"><\/i> Apotek Hj\u00e4rtat\n              <\/a>\n          <\/li>\n                    <li>\n              <a\n                href=\"https:\/\/dozapotek.se\/kidsclin-dermicin-skorv-serumspray-30-ml-786493.html\" onclick=\"dataLayer.push({'event':'ga_event', 'eventCategory':'Click on Reseller', 'eventAction':'DOZ Apotek', 'eventLabel':'KidsClin Skorv Serum', 'eventValue': undefined})\" rel=\"noopener\" target=\"_blank\" title=\"DOZ Apotek\"\n                data-testid=\"buy-now-reseller\">\n                <i class=\"fa-solid fa-arrow-right\"><\/i> DOZ Apotek\n              <\/a>\n          <\/li>\n                <\/ul>\n    <\/div>\n  <\/div>\n  <\/div>\n            <\/div>\n                  <\/div>\n        <div class=\"swiper-scrollbar\"><\/div>\n      <\/div>\n    <\/div>\n  <\/div>\n\n\n\n<div class=\"wp-block-karopharma-free-text pt-large pb-large bg-center bg-cover bg-no-repeat  is-style-primary\" style=\"background-image:url(https:\/\/stage.poxclin.com\/cdn-cgi\/image\/format=auto\/app\/uploads\/sites\/7\/2022\/06\/bg-orange.png)\"><div class=\"free-text-wrapper container max-w-small text-center\">\n<h2 class=\"is-style-heading-huge has-white-color has-text-color wp-block-heading\">Skyddar ditt barns hud<\/h2>\n\n\n\n<p class=\"is-style-paragraph-preamble has-white-color has-text-color\">Vattkoppor \u00e4r vanligt, men det finns produkter som lindrar symptomen kopplade till de h\u00e4r \u00e5kommorna. Vi har ocks\u00e5 flera effektiva produkter som hj\u00e4lper till att motverka, behandla och lugna kliande hud, skorv och bl\u00f6jeksem.<\/p>\n\n\n\n<div class=\"wp-block-buttons is-layout-flex wp-block-buttons-is-layout-flex\">\n<div class=\"wp-block-button is-style-alternative-button\"><a class=\"wp-block-button__link\" href=\"https:\/\/stage.poxclin.com\/se\/produkter\/\">Se v\u00e5ra produkter<\/a><\/div>\n<\/div>\n<\/div><\/div>\n\n\n\n<div class=\"wp-block-karopharma-free-text pt-none pb-none bg-center bg-cover bg-no-repeat\" style=\"background-image:url(https:\/\/stage.poxclin.com\/cdn-cgi\/image\/format=auto\/app\/uploads\/sites\/7\/2022\/06\/bg-red.png)\"><div class=\"free-text-wrapper container max-w-full text-left\">\n<figure class=\"wp-block-image size-large is-resized\"><img loading=\"lazy\" decoding=\"async\" src=\"https:\/\/stage.poxclin.com\/app\/uploads\/sites\/7\/2022\/06\/poxclin-girlonfloor-1024x420.jpg\" alt=\"KidsClin\" class=\"wp-image-58\" width=\"1920\" height=\"787\" srcset=\"https:\/\/stage.poxclin.com\/app\/uploads\/sites\/7\/2022\/06\/poxclin-girlonfloor-1024x420.jpg 1024w, https:\/\/stage.poxclin.com\/app\/uploads\/sites\/7\/2022\/06\/poxclin-girlonfloor-320x131.jpg 320w, https:\/\/stage.poxclin.com\/app\/uploads\/sites\/7\/2022\/06\/poxclin-girlonfloor-768x315.jpg 768w, https:\/\/stage.poxclin.com\/app\/uploads\/sites\/7\/2022\/06\/poxclin-girlonfloor-1536x629.jpg 1536w, https:\/\/stage.poxclin.com\/app\/uploads\/sites\/7\/2022\/06\/poxclin-girlonfloor-600x246.jpg 600w, https:\/\/stage.poxclin.com\/app\/uploads\/sites\/7\/2022\/06\/poxclin-girlonfloor.jpg 2033w\" sizes=\"auto, (max-width: 1920px) 100vw, 1920px\" \/><\/figure>\n<\/div><\/div>\n\n\n\n<div class=\"wp-block-karopharma-free-text pt-large pb-large bg-center bg-cover bg-no-repeat  is-style-primary\" style=\"background-image:url(https:\/\/stage.poxclin.com\/cdn-cgi\/image\/format=auto\/app\/uploads\/sites\/7\/2022\/06\/bg-orange.png)\"><div class=\"free-text-wrapper container max-w-small text-center\">\n<h2 class=\"is-style-heading-huge has-white-color has-text-color wp-block-heading\">Beh\u00f6ver du mer information?<\/h2>\n\n\n\n<p class=\"is-style-paragraph-preamble has-white-color has-text-color\">Det kan vara sv\u00e5rt att veta vilka symptomen \u00e4r f\u00f6r skorv och bl\u00f6jeksem, eller hur man ska behandla vattkoppor. Vi har samlat lite v\u00e4rdefull information till dig.<\/p>\n\n\n\n<div class=\"wp-block-buttons is-layout-flex wp-block-buttons-is-layout-flex\">\n<div class=\"wp-block-button is-style-secondary-button\"><a class=\"wp-block-button__link\" href=\"https:\/\/stage.poxclin.com\/se\/vanliga-fragor\/\">Vanliga fr\u00e5gor<\/a><\/div>\n<\/div>\n<\/div><\/div>\n","protected":false},"excerpt":{"rendered":"","protected":false},"author":3,"featured_media":0,"parent":0,"menu_order":0,"comment_status":"closed","ping_status":"closed","template":"","meta":{"_acf_changed":false,"footnotes":""},"from-article-database":[],"class_list":["post-4","page","type-page","status-publish","hentry"],"acf":[],"yoast_head":"<!-- This site is optimized with the Yoast SEO plugin v26.6 - https:\/\/yoast.com\/wordpress\/plugins\/seo\/ -->\n<title>PoxClin KidsClin - PoxClin<\/title>\n<meta name=\"description\" content=\"S\u00e4kra behandlingar f\u00f6r ditt barn\u2013 Skyddar ditt barns hud.\" \/>\n<meta name=\"robots\" content=\"noindex, follow, max-snippet:-1, max-image-preview:large, max-video-preview:-1\" \/>\n<meta property=\"og:locale\" content=\"sv_SE\" \/>\n<meta property=\"og:type\" content=\"article\" \/>\n<meta property=\"og:title\" content=\"PoxClin KidsClin - PoxClin\" \/>\n<meta property=\"og:description\" content=\"S\u00e4kra behandlingar f\u00f6r ditt barn\u2013 Skyddar ditt barns hud.\" \/>\n<meta property=\"og:url\" content=\"https:\/\/stage.poxclin.com\/se\/\" \/>\n<meta property=\"og:site_name\" content=\"PoxClin\" \/>\n<meta property=\"article:modified_time\" content=\"2023-10-11T10:46:46+00:00\" \/>\n<meta property=\"og:image\" content=\"https:\/\/stage.poxclin.com\/app\/uploads\/sites\/7\/2022\/09\/blank.png\" \/>\n<meta name=\"twitter:card\" content=\"summary_large_image\" \/>\n<meta name=\"twitter:label1\" content=\"Ber\u00e4knad l\u00e4stid\" \/>\n\t<meta name=\"twitter:data1\" content=\"1 minut\" \/>\n<script type=\"application\/ld+json\" class=\"yoast-schema-graph\">{\"@context\":\"https:\/\/schema.org\",\"@graph\":[{\"@type\":\"WebPage\",\"@id\":\"https:\/\/stage.poxclin.com\/se\/\",\"url\":\"https:\/\/stage.poxclin.com\/se\/\",\"name\":\"PoxClin KidsClin - PoxClin\",\"isPartOf\":{\"@id\":\"https:\/\/stage.poxclin.com\/se\/#website\"},\"primaryImageOfPage\":{\"@id\":\"https:\/\/stage.poxclin.com\/se\/#primaryimage\"},\"image\":{\"@id\":\"https:\/\/stage.poxclin.com\/se\/#primaryimage\"},\"thumbnailUrl\":\"https:\/\/stage.poxclin.com\/app\/uploads\/sites\/7\/2022\/09\/blank.png\",\"datePublished\":\"2022-06-30T08:24:56+00:00\",\"dateModified\":\"2023-10-11T10:46:46+00:00\",\"description\":\"S\u00e4kra behandlingar f\u00f6r ditt barn\u2013 Skyddar ditt barns hud.\",\"inLanguage\":\"sv-SE\",\"potentialAction\":[{\"@type\":\"ReadAction\",\"target\":[\"https:\/\/stage.poxclin.com\/se\/\"]}]},{\"@type\":\"ImageObject\",\"inLanguage\":\"sv-SE\",\"@id\":\"https:\/\/stage.poxclin.com\/se\/#primaryimage\",\"url\":\"https:\/\/stage.poxclin.com\/app\/uploads\/sites\/7\/2022\/09\/blank.png\",\"contentUrl\":\"https:\/\/stage.poxclin.com\/app\/uploads\/sites\/7\/2022\/09\/blank.png\"},{\"@type\":\"WebSite\",\"@id\":\"https:\/\/stage.poxclin.com\/se\/#website\",\"url\":\"https:\/\/stage.poxclin.com\/se\/\",\"name\":\"PoxClin\",\"description\":\"\",\"publisher\":{\"@id\":\"https:\/\/stage.poxclin.com\/se\/#organization\"},\"potentialAction\":[{\"@type\":\"SearchAction\",\"target\":{\"@type\":\"EntryPoint\",\"urlTemplate\":\"https:\/\/stage.poxclin.com\/se\/?s={search_term_string}\"},\"query-input\":{\"@type\":\"PropertyValueSpecification\",\"valueRequired\":true,\"valueName\":\"search_term_string\"}}],\"inLanguage\":\"sv-SE\"},{\"@type\":\"Organization\",\"@id\":\"https:\/\/stage.poxclin.com\/se\/#organization\",\"name\":\"PoxClin\",\"url\":\"https:\/\/stage.poxclin.com\/se\/\",\"logo\":{\"@type\":\"ImageObject\",\"inLanguage\":\"sv-SE\",\"@id\":\"https:\/\/stage.poxclin.com\/se\/#\/schema\/logo\/image\/\",\"url\":\"https:\/\/stage.poxclin.com\/app\/uploads\/sites\/7\/2022\/07\/PoxClin-KidsClin-logo.png\",\"contentUrl\":\"https:\/\/stage.poxclin.com\/app\/uploads\/sites\/7\/2022\/07\/PoxClin-KidsClin-logo.png\",\"width\":205,\"height\":32,\"caption\":\"PoxClin\"},\"image\":{\"@id\":\"https:\/\/stage.poxclin.com\/se\/#\/schema\/logo\/image\/\"}}]}<\/script>\n<!-- \/ Yoast SEO plugin. -->","yoast_head_json":{"title":"PoxClin KidsClin - PoxClin","description":"S\u00e4kra behandlingar f\u00f6r ditt barn\u2013 Skyddar ditt barns hud.","robots":{"index":"noindex","follow":"follow","max-snippet":"max-snippet:-1","max-image-preview":"max-image-preview:large","max-video-preview":"max-video-preview:-1"},"og_locale":"sv_SE","og_type":"article","og_title":"PoxClin KidsClin - PoxClin","og_description":"S\u00e4kra behandlingar f\u00f6r ditt barn\u2013 Skyddar ditt barns hud.","og_url":"https:\/\/stage.poxclin.com\/se\/","og_site_name":"PoxClin","article_modified_time":"2023-10-11T10:46:46+00:00","og_image":[{"url":"https:\/\/stage.poxclin.com\/app\/uploads\/sites\/7\/2022\/09\/blank.png","type":"","width":"","height":""}],"twitter_card":"summary_large_image","twitter_misc":{"Ber\u00e4knad l\u00e4stid":"1 minut"},"schema":{"@context":"https:\/\/schema.org","@graph":[{"@type":"WebPage","@id":"https:\/\/stage.poxclin.com\/se\/","url":"https:\/\/stage.poxclin.com\/se\/","name":"PoxClin KidsClin - PoxClin","isPartOf":{"@id":"https:\/\/stage.poxclin.com\/se\/#website"},"primaryImageOfPage":{"@id":"https:\/\/stage.poxclin.com\/se\/#primaryimage"},"image":{"@id":"https:\/\/stage.poxclin.com\/se\/#primaryimage"},"thumbnailUrl":"https:\/\/stage.poxclin.com\/app\/uploads\/sites\/7\/2022\/09\/blank.png","datePublished":"2022-06-30T08:24:56+00:00","dateModified":"2023-10-11T10:46:46+00:00","description":"S\u00e4kra behandlingar f\u00f6r ditt barn\u2013 Skyddar ditt barns hud.","inLanguage":"sv-SE","potentialAction":[{"@type":"ReadAction","target":["https:\/\/stage.poxclin.com\/se\/"]}]},{"@type":"ImageObject","inLanguage":"sv-SE","@id":"https:\/\/stage.poxclin.com\/se\/#primaryimage","url":"https:\/\/stage.poxclin.com\/app\/uploads\/sites\/7\/2022\/09\/blank.png","contentUrl":"https:\/\/stage.poxclin.com\/app\/uploads\/sites\/7\/2022\/09\/blank.png"},{"@type":"WebSite","@id":"https:\/\/stage.poxclin.com\/se\/#website","url":"https:\/\/stage.poxclin.com\/se\/","name":"PoxClin","description":"","publisher":{"@id":"https:\/\/stage.poxclin.com\/se\/#organization"},"potentialAction":[{"@type":"SearchAction","target":{"@type":"EntryPoint","urlTemplate":"https:\/\/stage.poxclin.com\/se\/?s={search_term_string}"},"query-input":{"@type":"PropertyValueSpecification","valueRequired":true,"valueName":"search_term_string"}}],"inLanguage":"sv-SE"},{"@type":"Organization","@id":"https:\/\/stage.poxclin.com\/se\/#organization","name":"PoxClin","url":"https:\/\/stage.poxclin.com\/se\/","logo":{"@type":"ImageObject","inLanguage":"sv-SE","@id":"https:\/\/stage.poxclin.com\/se\/#\/schema\/logo\/image\/","url":"https:\/\/stage.poxclin.com\/app\/uploads\/sites\/7\/2022\/07\/PoxClin-KidsClin-logo.png","contentUrl":"https:\/\/stage.poxclin.com\/app\/uploads\/sites\/7\/2022\/07\/PoxClin-KidsClin-logo.png","width":205,"height":32,"caption":"PoxClin"},"image":{"@id":"https:\/\/stage.poxclin.com\/se\/#\/schema\/logo\/image\/"}}]}},"_links":{"self":[{"href":"https:\/\/stage.poxclin.com\/se\/wp-json\/wp\/v2\/pages\/4","targetHints":{"allow":["GET"]}}],"collection":[{"href":"https:\/\/stage.poxclin.com\/se\/wp-json\/wp\/v2\/pages"}],"about":[{"href":"https:\/\/stage.poxclin.com\/se\/wp-json\/wp\/v2\/types\/page"}],"author":[{"embeddable":true,"href":"https:\/\/stage.poxclin.com\/se\/wp-json\/wp\/v2\/users\/3"}],"replies":[{"embeddable":true,"href":"https:\/\/stage.poxclin.com\/se\/wp-json\/wp\/v2\/comments?post=4"}],"version-history":[{"count":9,"href":"https:\/\/stage.poxclin.com\/se\/wp-json\/wp\/v2\/pages\/4\/revisions"}],"predecessor-version":[{"id":334,"href":"https:\/\/stage.poxclin.com\/se\/wp-json\/wp\/v2\/pages\/4\/revisions\/334"}],"wp:attachment":[{"href":"https:\/\/stage.poxclin.com\/se\/wp-json\/wp\/v2\/media?parent=4"}],"wp:term":[{"taxonomy":"from-article-database","embeddable":true,"href":"https:\/\/stage.poxclin.com\/se\/wp-json\/wp\/v2\/from-article-database?post=4"}],"curies":[{"name":"wp","href":"https:\/\/api.w.org\/{rel}","templated":true}]}}