{"id":94,"date":"2022-07-04T08:26:00","date_gmt":"2022-07-04T06:26:00","guid":{"rendered":"https:\/\/stage.kidsclin.com\/se\/?page_id=94"},"modified":"2022-09-16T13:31:58","modified_gmt":"2022-09-16T11:31:58","slug":"om-poxclin-kidsclin","status":"publish","type":"page","link":"https:\/\/stage.poxclin.com\/se\/om-poxclin-kidsclin\/","title":{"rendered":"Om PoxClin &amp; KidsClin"},"content":{"rendered":"\n<div class=\"wp-block-karopharma-free-text pt-large pb-large bg-center bg-cover bg-no-repeat\" style=\"background-image:url(https:\/\/stage.poxclin.com\/cdn-cgi\/image\/format=auto\/app\/uploads\/sites\/7\/2022\/06\/bg-red.png)\"><div class=\"free-text-wrapper container max-w-medium text-center\">\n<h1 class=\"is-style-heading-huge has-white-color has-text-color wp-block-heading\">Om PoxClin &amp; KidsClin<\/h1>\n<\/div><\/div>\n\n\n\n<div class=\"wp-block-karopharma-free-text pt-large pb-large bg-center bg-cover bg-no-repeat  is-style-secondary\" style=\"background-image:url()\"><div class=\"free-text-wrapper container max-w-medium text-left\">\n<h2 class=\"is-style-heading-h2 wp-block-heading\">PoxClin &amp; KidsClin Storartade l\u00f6sningar p\u00e5 sm\u00e5 problem<\/h2>\n\n\n\n<ul class=\"is-style-icon wp-block-list\"><li>PoxClin Cool Mousse hj\u00e4lper mot kl\u00e5da vid vattkoppor<\/li><li>Den kylande moussen har omedelbar effekt<\/li><li>Svalkar och lindrar kl\u00e5dan<\/li><li>Genom att s\u00e4tta stopp f\u00f6r kl\u00e5dan minskar risken att kopporna klias s\u00f6nder och risk f\u00f6r infektion<\/li><li>KidsClin Body Mousse lindrar kl\u00e5da fr\u00e5n t.ex n\u00e4sselutslag eller torr hud<\/li><li>Moussen g\u00f6r det l\u00e4tt att applicera utan att irritera eller vara kladdig<\/li><li>Barnv\u00e4nlig<\/li><li>PoxClin Cool Mousse och KidsClin Body Mousse \u00e4r medicintekniska produkter<\/li><\/ul>\n\n\n\n<div style=\"height:100px\" aria-hidden=\"true\" class=\"wp-block-spacer is-style-responsive-small\"><\/div>\n\n\n\n<p class=\"is-style-paragraph-preamble\"><strong>KidsClin Skorv Serum \u00e4r en skonsam borttagning av skorv.<\/strong><\/p>\n\n\n\n<ul class=\"is-style-icon wp-block-list\"><li><span style=\"font-family: var(--font-family-body);font-size: 1rem;font-weight: var(--font-weight-body);background-color: var(--color-secondary-10);color: initial\">Barnv\u00e4nlig<\/span><\/li><li>Skapar en skyddande yta<\/li><li>Omedelbart resultat<\/li><\/ul>\n<\/div><\/div>\n","protected":false},"excerpt":{"rendered":"","protected":false},"author":3,"featured_media":0,"parent":0,"menu_order":0,"comment_status":"closed","ping_status":"closed","template":"","meta":{"_acf_changed":false,"footnotes":""},"from-article-database":[],"class_list":["post-94","page","type-page","status-publish","hentry"],"acf":[],"yoast_head":"<!-- This site is optimized with the Yoast SEO plugin v26.6 - https:\/\/yoast.com\/wordpress\/plugins\/seo\/ -->\n<title>Om PoxClin &amp; KidsClin - PoxClin<\/title>\n<meta name=\"robots\" content=\"noindex, follow, max-snippet:-1, max-image-preview:large, max-video-preview:-1\" \/>\n<meta property=\"og:locale\" content=\"sv_SE\" \/>\n<meta property=\"og:type\" content=\"article\" \/>\n<meta property=\"og:title\" content=\"Om PoxClin &amp; KidsClin - PoxClin\" \/>\n<meta property=\"og:url\" content=\"https:\/\/stage.poxclin.com\/se\/om-poxclin-kidsclin\/\" \/>\n<meta property=\"og:site_name\" content=\"PoxClin\" \/>\n<meta property=\"article:modified_time\" content=\"2022-09-16T11:31:58+00:00\" \/>\n<meta name=\"twitter:card\" content=\"summary_large_image\" \/>\n<meta name=\"twitter:label1\" content=\"Ber\u00e4knad l\u00e4stid\" \/>\n\t<meta name=\"twitter:data1\" content=\"1 minut\" \/>\n<script type=\"application\/ld+json\" class=\"yoast-schema-graph\">{\"@context\":\"https:\/\/schema.org\",\"@graph\":[{\"@type\":\"WebPage\",\"@id\":\"https:\/\/stage.poxclin.com\/se\/om-poxclin-kidsclin\/\",\"url\":\"https:\/\/stage.poxclin.com\/se\/om-poxclin-kidsclin\/\",\"name\":\"Om PoxClin &amp; KidsClin - PoxClin\",\"isPartOf\":{\"@id\":\"https:\/\/stage.poxclin.com\/se\/#website\"},\"datePublished\":\"2022-07-04T06:26:00+00:00\",\"dateModified\":\"2022-09-16T11:31:58+00:00\",\"inLanguage\":\"sv-SE\",\"potentialAction\":[{\"@type\":\"ReadAction\",\"target\":[\"https:\/\/stage.poxclin.com\/se\/om-poxclin-kidsclin\/\"]}]},{\"@type\":\"WebSite\",\"@id\":\"https:\/\/stage.poxclin.com\/se\/#website\",\"url\":\"https:\/\/stage.poxclin.com\/se\/\",\"name\":\"PoxClin\",\"description\":\"\",\"publisher\":{\"@id\":\"https:\/\/stage.poxclin.com\/se\/#organization\"},\"potentialAction\":[{\"@type\":\"SearchAction\",\"target\":{\"@type\":\"EntryPoint\",\"urlTemplate\":\"https:\/\/stage.poxclin.com\/se\/?s={search_term_string}\"},\"query-input\":{\"@type\":\"PropertyValueSpecification\",\"valueRequired\":true,\"valueName\":\"search_term_string\"}}],\"inLanguage\":\"sv-SE\"},{\"@type\":\"Organization\",\"@id\":\"https:\/\/stage.poxclin.com\/se\/#organization\",\"name\":\"PoxClin\",\"url\":\"https:\/\/stage.poxclin.com\/se\/\",\"logo\":{\"@type\":\"ImageObject\",\"inLanguage\":\"sv-SE\",\"@id\":\"https:\/\/stage.poxclin.com\/se\/#\/schema\/logo\/image\/\",\"url\":\"https:\/\/stage.poxclin.com\/app\/uploads\/sites\/7\/2022\/07\/PoxClin-KidsClin-logo.png\",\"contentUrl\":\"https:\/\/stage.poxclin.com\/app\/uploads\/sites\/7\/2022\/07\/PoxClin-KidsClin-logo.png\",\"width\":205,\"height\":32,\"caption\":\"PoxClin\"},\"image\":{\"@id\":\"https:\/\/stage.poxclin.com\/se\/#\/schema\/logo\/image\/\"}}]}<\/script>\n<!-- \/ Yoast SEO plugin. -->","yoast_head_json":{"title":"Om PoxClin &amp; KidsClin - PoxClin","robots":{"index":"noindex","follow":"follow","max-snippet":"max-snippet:-1","max-image-preview":"max-image-preview:large","max-video-preview":"max-video-preview:-1"},"og_locale":"sv_SE","og_type":"article","og_title":"Om PoxClin &amp; KidsClin - PoxClin","og_url":"https:\/\/stage.poxclin.com\/se\/om-poxclin-kidsclin\/","og_site_name":"PoxClin","article_modified_time":"2022-09-16T11:31:58+00:00","twitter_card":"summary_large_image","twitter_misc":{"Ber\u00e4knad l\u00e4stid":"1 minut"},"schema":{"@context":"https:\/\/schema.org","@graph":[{"@type":"WebPage","@id":"https:\/\/stage.poxclin.com\/se\/om-poxclin-kidsclin\/","url":"https:\/\/stage.poxclin.com\/se\/om-poxclin-kidsclin\/","name":"Om PoxClin &amp; KidsClin - PoxClin","isPartOf":{"@id":"https:\/\/stage.poxclin.com\/se\/#website"},"datePublished":"2022-07-04T06:26:00+00:00","dateModified":"2022-09-16T11:31:58+00:00","inLanguage":"sv-SE","potentialAction":[{"@type":"ReadAction","target":["https:\/\/stage.poxclin.com\/se\/om-poxclin-kidsclin\/"]}]},{"@type":"WebSite","@id":"https:\/\/stage.poxclin.com\/se\/#website","url":"https:\/\/stage.poxclin.com\/se\/","name":"PoxClin","description":"","publisher":{"@id":"https:\/\/stage.poxclin.com\/se\/#organization"},"potentialAction":[{"@type":"SearchAction","target":{"@type":"EntryPoint","urlTemplate":"https:\/\/stage.poxclin.com\/se\/?s={search_term_string}"},"query-input":{"@type":"PropertyValueSpecification","valueRequired":true,"valueName":"search_term_string"}}],"inLanguage":"sv-SE"},{"@type":"Organization","@id":"https:\/\/stage.poxclin.com\/se\/#organization","name":"PoxClin","url":"https:\/\/stage.poxclin.com\/se\/","logo":{"@type":"ImageObject","inLanguage":"sv-SE","@id":"https:\/\/stage.poxclin.com\/se\/#\/schema\/logo\/image\/","url":"https:\/\/stage.poxclin.com\/app\/uploads\/sites\/7\/2022\/07\/PoxClin-KidsClin-logo.png","contentUrl":"https:\/\/stage.poxclin.com\/app\/uploads\/sites\/7\/2022\/07\/PoxClin-KidsClin-logo.png","width":205,"height":32,"caption":"PoxClin"},"image":{"@id":"https:\/\/stage.poxclin.com\/se\/#\/schema\/logo\/image\/"}}]}},"_links":{"self":[{"href":"https:\/\/stage.poxclin.com\/se\/wp-json\/wp\/v2\/pages\/94","targetHints":{"allow":["GET"]}}],"collection":[{"href":"https:\/\/stage.poxclin.com\/se\/wp-json\/wp\/v2\/pages"}],"about":[{"href":"https:\/\/stage.poxclin.com\/se\/wp-json\/wp\/v2\/types\/page"}],"author":[{"embeddable":true,"href":"https:\/\/stage.poxclin.com\/se\/wp-json\/wp\/v2\/users\/3"}],"replies":[{"embeddable":true,"href":"https:\/\/stage.poxclin.com\/se\/wp-json\/wp\/v2\/comments?post=94"}],"version-history":[{"count":2,"href":"https:\/\/stage.poxclin.com\/se\/wp-json\/wp\/v2\/pages\/94\/revisions"}],"predecessor-version":[{"id":307,"href":"https:\/\/stage.poxclin.com\/se\/wp-json\/wp\/v2\/pages\/94\/revisions\/307"}],"wp:attachment":[{"href":"https:\/\/stage.poxclin.com\/se\/wp-json\/wp\/v2\/media?parent=94"}],"wp:term":[{"taxonomy":"from-article-database","embeddable":true,"href":"https:\/\/stage.poxclin.com\/se\/wp-json\/wp\/v2\/from-article-database?post=94"}],"curies":[{"name":"wp","href":"https:\/\/api.w.org\/{rel}","templated":true}]}}