{"id":109,"date":"2022-07-04T09:03:05","date_gmt":"2022-07-04T07:03:05","guid":{"rendered":"https:\/\/stage.kidsclin.com\/se\/?post_type=product&#038;p=109"},"modified":"2023-03-01T10:16:49","modified_gmt":"2023-03-01T09:16:49","slug":"poxclin-coolmousse","status":"publish","type":"product","link":"https:\/\/stage.poxclin.com\/se\/produkt\/poxclin-coolmousse\/","title":{"rendered":"PoxClin CoolMousse"},"content":{"rendered":"\n<div class=\"wp-block-karopharma-free-text pt-small pb-small bg-center bg-cover bg-no-repeat  is-style-secondary\" style=\"background-image:url()\"><div class=\"free-text-wrapper container max-w-medium text-left\">\n<h2 class=\"wp-block-heading\"><\/h2>\n<\/div><\/div>\n\n\n\n<div class=\"wp-block-karopharma-accordions is-style-secondary\"><div class=\"container\">\n<details class=\"wp-block-karopharma-accordion\"><summary><h2 class=\"accordion-title\">Instruktioner<\/h2><\/summary><div class=\"accordion-content\">\n<div class=\"wp-block-karopharma-several-images-with-text several-images-with-text\"><div class=\"container large col-1 content-align-none\" test-data=\"inner-content\">\n<section class=\"wp-block-karopharma-image-with-text image-with-text image-with-text__full-width\"><div class=\"image-with-text-container \"><div class=\"image-with-text-container-image-container\"><img decoding=\"async\" loading=\"lazy\" src=\"https:\/\/stage.poxclin.com\/cdn-cgi\/image\/format=auto\/app\/uploads\/sites\/7\/2022\/07\/chickenpox_howtouse_1.png\" alt=\"chickenpox_howtouse_1\"\/><\/div><div class=\"image-with-text-container-content\" style=\"text-align:left\" data-test=\"content\"><div class=\"content\"><p class=\"body\" data-test=\"body\">1. Skaka flaskan 1-2 g\u00e5nger<\/p>\n<div class=\"wp-block-buttons is-layout-flex wp-block-buttons-is-layout-flex\"><\/div>\n<\/div><\/div><\/div><\/section>\n\n\n\n<section class=\"wp-block-karopharma-image-with-text image-with-text image-with-text__full-width\"><div class=\"image-with-text-container \"><div class=\"image-with-text-container-image-container\"><img decoding=\"async\" loading=\"lazy\" src=\"https:\/\/stage.poxclin.com\/cdn-cgi\/image\/format=auto\/app\/uploads\/sites\/7\/2022\/07\/chickenpox_howtouse_2.png\" alt=\"chickenpox_howtouse_2\"\/><\/div><div class=\"image-with-text-container-content\" style=\"text-align:left\" data-test=\"content\"><div class=\"content\"><p class=\"body\" data-test=\"body\">2. Tryck ut mousse i handen<\/p>\n<div class=\"wp-block-buttons is-layout-flex wp-block-buttons-is-layout-flex\"><\/div>\n<\/div><\/div><\/div><\/section>\n\n\n\n<section class=\"wp-block-karopharma-image-with-text image-with-text image-with-text__full-width\"><div class=\"image-with-text-container \"><div class=\"image-with-text-container-image-container\"><img decoding=\"async\" loading=\"lazy\" src=\"https:\/\/stage.poxclin.com\/cdn-cgi\/image\/format=auto\/app\/uploads\/sites\/7\/2022\/07\/chickenpox_howtouse_3.png\" alt=\"chickenpox_howtouse_3\"\/><\/div><div class=\"image-with-text-container-content\" style=\"text-align:left\" data-test=\"content\"><div class=\"content\"><p class=\"body\" data-test=\"body\">3. Applicera PoxClin f\u00f6rsiktigt p\u00e5 ber\u00f6rda hudomr\u00e5den \u2013 gnugga\/skrubba inte<\/p>\n<div class=\"wp-block-buttons is-layout-flex wp-block-buttons-is-layout-flex\"><\/div>\n<\/div><\/div><\/div><\/section>\n<\/div><\/div>\n\n\n\n<div class=\"wp-block-karopharma-several-images-with-text several-images-with-text\"><div class=\"container large col-1 content-align-none\" test-data=\"inner-content\">\n<section class=\"wp-block-karopharma-image-with-text image-with-text image-with-text__full-width\"><div class=\"image-with-text-container \"><div class=\"image-with-text-container-image-container\"><img decoding=\"async\" loading=\"lazy\" src=\"https:\/\/stage.poxclin.com\/cdn-cgi\/image\/format=auto\/app\/uploads\/sites\/7\/2022\/07\/chickenpox_howtouse_5.png\" alt=\"chickenpox_howtouse_5\"\/><\/div><div class=\"image-with-text-container-content\" style=\"text-align:left\" data-test=\"content\"><div class=\"content\"><p class=\"body\" data-test=\"body\">4. Repetera minst tre g\u00e5nger dagligen tills vattkopporna \u00e4r borta<\/p>\n<div class=\"wp-block-buttons is-layout-flex wp-block-buttons-is-layout-flex\"><\/div>\n<\/div><\/div><\/div><\/section>\n\n\n\n<section class=\"wp-block-karopharma-image-with-text image-with-text image-with-text__full-width\"><div class=\"image-with-text-container \"><div class=\"image-with-text-container-image-container\"><img decoding=\"async\" loading=\"lazy\" src=\"https:\/\/stage.poxclin.com\/cdn-cgi\/image\/format=auto\/app\/uploads\/sites\/7\/2022\/07\/chickenpox_cooling.png\" alt=\"chickenpox_cooling\"\/><\/div><div class=\"image-with-text-container-content\" style=\"text-align:left\" data-test=\"content\"><div class=\"content\"><p class=\"body\" data-test=\"body\">5. F\u00f6r extra kylande effekt, f\u00f6rvara PoxClin\u00ae CoolMousse i kylsk\u00e5p<\/p>\n<div class=\"wp-block-buttons is-layout-flex wp-block-buttons-is-layout-flex\"><\/div>\n<\/div><\/div><\/div><\/section>\n\n\n\n<section class=\"wp-block-karopharma-image-with-text image-with-text image-with-text__full-width\"><div class=\"image-with-text-container \"><div class=\"image-with-text-container-image-container\"><img decoding=\"async\" loading=\"lazy\" src=\"https:\/\/stage.poxclin.com\/cdn-cgi\/image\/format=auto\/app\/uploads\/sites\/7\/2022\/07\/chickenpox_howtouse_4.png\" alt=\"chickenpox_howtouse_4\"\/><\/div><div class=\"image-with-text-container-content\" style=\"text-align:left\" data-test=\"content\"><div class=\"content\"><p class=\"body\" data-test=\"body\">6. Vid kontakt med \u00f6gonen, spola genast med mycket vatten<\/p>\n<div class=\"wp-block-buttons is-layout-flex wp-block-buttons-is-layout-flex\"><\/div>\n<\/div><\/div><\/div><\/section>\n<\/div><\/div>\n\n\n\n<p>PoxClin\u00ae CoolMousse \u00e4r en l\u00e4tt och len mousse som l\u00e4tt absorberas av huden.<\/p>\n\n\n\n<p>PoxClin\u00ae CoolMousse kan l\u00e4tt och hygieniskt appliceras p\u00e5 ber\u00f6rda hudomr\u00e5den.<\/p>\n<\/div><\/details>\n\n\n\n<details class=\"wp-block-karopharma-accordion\"><summary><h2 class=\"accordion-title\">Snabba fakta<\/h2><\/summary><div class=\"accordion-content\">\n<p><strong>F\u00f6rdelar med PoxClin\u00ae CoolMousse:<\/strong><\/p>\n\n\n\n<ul class=\"is-style-default wp-block-list\"><li><span style=\"font-family: var(--font-family-body);font-size: 1rem;font-weight: var(--font-weight-body);background-color: var(--color-secondary-10);color: initial\">Direkt kylande effekt f\u00f6r lindring av symptom vid vattkoppor<\/span><\/li><li>Kan anv\u00e4ndas p\u00e5 skadad eller uppriven hud<\/li><\/ul>\n\n\n\n<p><strong>Inneh\u00e5ll 100 ml f\u00f6rpackning<\/strong><\/p>\n\n\n\n<p>F\u00f6rpackningen inneh\u00e5ller 100ml CoolMousse.<\/p>\n\n\n\n<p>Kyler och d\u00e4mpar kl\u00e5dan. Produkten har en l\u00e4tt och trevlig doft fr\u00e5n lavendel och kamomillextrakt.<\/p>\n<\/div><\/details>\n<\/div><\/div>\n\n\n\n<div class=\"wp-block-karopharma-free-text pt-small pb-small bg-center bg-cover bg-no-repeat  is-style-secondary\" style=\"background-image:url()\"><div class=\"free-text-wrapper container max-w-medium text-left\">\n<h2 class=\"wp-block-heading\"><\/h2>\n<\/div><\/div>\n\n\n\n<div class=\"wp-block-karopharma-accordions is-style-primary\"><div class=\"container\">\n<details class=\"wp-block-karopharma-accordion\"><summary><h2 class=\"accordion-title\">Var ska PoxClin\u00ae CoolMousse f\u00f6rvaras?<\/h2><\/summary><div class=\"accordion-content\">\n<p>F\u00f6rvaras torrt och svalt, g\u00e4rna i kylen f\u00f6r f\u00f6rst\u00e4rkt effekt.. Anv\u00e4nd inte efter utg\u00e5ngsdatumet p\u00e5 f\u00f6rpackningen eller kartongen. Anv\u00e4nd \u00f6ppnad f\u00f6rpackning inom 30 dagar.<\/p>\n<\/div><\/details>\n\n\n\n<details class=\"wp-block-karopharma-accordion\"><summary><h2 class=\"accordion-title\">Smittar vattkoppor?<\/h2><\/summary><div class=\"accordion-content\">\n<p>Vattkoppor \u00e4r ett vanligt och extremt smittsamt luftburet virus (varizella zoster, medlem i herpesfamiljen) som man ofta blir smittad av som barn. Det sprids genom luften n\u00e4r n\u00e5gon annan hostar eller nyser, eller genom hudkontakt<\/p>\n<\/div><\/details>\n\n\n\n<details class=\"wp-block-karopharma-accordion\"><summary><h2 class=\"accordion-title\">Hur l\u00e4nge har man vattkoppor?<\/h2><\/summary><div class=\"accordion-content\">\n<p>N\u00e4r en person har varit i kontakt med vattkoppor tar det runt tv\u00e5 veckor innan symptomen upptr\u00e4der. Vattkoppor b\u00f6rjar med en mild feber och karakt\u00e4riseras av kliande, bl\u00e5sande utslag \u00f6ver hela kroppen som b\u00f6rjar skorpa sig efter n\u00e5gra dagar innan de faller av. Vattkoppor upptr\u00e4der i v\u00e5gor. Medan de f\u00f6rsta prickarna b\u00f6rjar skorpa sig, kommer nya. Symptomen h\u00e5ller i sig i bara n\u00e5gra dagar, men det tar runt 10-14 dagar tills alla vattkoppor helt skorpat sig och ditt barn inte l\u00e4ngre \u00e4r smittob\u00e4rare.<\/p>\n<\/div><\/details>\n\n\n\n<details class=\"wp-block-karopharma-accordion\"><summary><h2 class=\"accordion-title\">Finns det vaccin som skyddar mot vattkoppor?<\/h2><\/summary><div class=\"accordion-content\">\n<p>Ja, det finns vaccin som ger skydd mot vattkoppor. Alla l\u00e4nder erbjuder dock inte vaccination i programmet. Vissa l\u00e4nder vaccinerar hela populationen medan andra l\u00e4nder bara vaccinerar bebisar och barn. H\u00f6r med din l\u00e4kare om vaccintationsalternativ i ditt land. Kom ih\u00e5g att generellt sett g\u00e5r en infektion av vattkoppor \u00f6ver utan komplikationer och \u00e4r inte livshotande.<\/p>\n<\/div><\/details>\n<\/div><\/div>\n","protected":false},"excerpt":{"rendered":"","protected":false},"featured_media":135,"comment_status":"closed","ping_status":"closed","template":"","meta":{"_acf_changed":false,"footnotes":""},"product_brand":[],"product_cat":[],"product_tag":[],"class_list":{"0":"post-109","1":"product","2":"type-product","3":"status-publish","4":"has-post-thumbnail","7":"first","8":"instock","9":"shipping-taxable","10":"product-type-simple"},"acf":[],"yoast_head":"<!-- This site is optimized with the Yoast SEO plugin v26.6 - https:\/\/yoast.com\/wordpress\/plugins\/seo\/ -->\n<title>PoxClin CoolMousse - PoxClin<\/title>\n<meta name=\"description\" content=\"F\u00f6r lindring av symptom vid vattkoppor.Lindrar hudirritation, kl\u00e5da, sveda och k\u00e4nslighet associerad till vattkoppor.\" \/>\n<meta name=\"robots\" content=\"noindex, follow, max-snippet:-1, max-image-preview:large, max-video-preview:-1\" \/>\n<meta property=\"og:locale\" content=\"sv_SE\" \/>\n<meta property=\"og:type\" content=\"article\" \/>\n<meta property=\"og:title\" content=\"PoxClin CoolMousse - PoxClin\" \/>\n<meta property=\"og:description\" content=\"F\u00f6r lindring av symptom vid vattkoppor.Lindrar hudirritation, kl\u00e5da, sveda och k\u00e4nslighet associerad till vattkoppor.\" \/>\n<meta property=\"og:url\" content=\"https:\/\/stage.poxclin.com\/se\/produkt\/poxclin-coolmousse\/\" \/>\n<meta property=\"og:site_name\" content=\"PoxClin\" \/>\n<meta property=\"article:modified_time\" content=\"2023-03-01T09:16:49+00:00\" \/>\n<meta property=\"og:image\" content=\"https:\/\/stage.poxclin.com\/app\/uploads\/sites\/7\/2022\/07\/poxclin_coolmousse_se.png\" \/>\n\t<meta property=\"og:image:width\" content=\"1000\" \/>\n\t<meta property=\"og:image:height\" content=\"1000\" \/>\n\t<meta property=\"og:image:type\" content=\"image\/png\" \/>\n<meta name=\"twitter:card\" content=\"summary_large_image\" \/>\n<meta name=\"twitter:label1\" content=\"Ber\u00e4knad l\u00e4stid\" \/>\n\t<meta name=\"twitter:data1\" content=\"3 minuter\" \/>\n<script type=\"application\/ld+json\" class=\"yoast-schema-graph\">{\"@context\":\"https:\/\/schema.org\",\"@graph\":[{\"@type\":\"WebPage\",\"@id\":\"https:\/\/stage.poxclin.com\/se\/produkt\/poxclin-coolmousse\/\",\"url\":\"https:\/\/stage.poxclin.com\/se\/produkt\/poxclin-coolmousse\/\",\"name\":\"PoxClin CoolMousse - PoxClin\",\"isPartOf\":{\"@id\":\"https:\/\/stage.poxclin.com\/se\/#website\"},\"primaryImageOfPage\":{\"@id\":\"https:\/\/stage.poxclin.com\/se\/produkt\/poxclin-coolmousse\/#primaryimage\"},\"image\":{\"@id\":\"https:\/\/stage.poxclin.com\/se\/produkt\/poxclin-coolmousse\/#primaryimage\"},\"thumbnailUrl\":\"https:\/\/stage.poxclin.com\/app\/uploads\/sites\/7\/2022\/07\/poxclin_coolmousse_se.png\",\"datePublished\":\"2022-07-04T07:03:05+00:00\",\"dateModified\":\"2023-03-01T09:16:49+00:00\",\"description\":\"F\u00f6r lindring av symptom vid vattkoppor.Lindrar hudirritation, kl\u00e5da, sveda och k\u00e4nslighet associerad till vattkoppor.\",\"breadcrumb\":{\"@id\":\"https:\/\/stage.poxclin.com\/se\/produkt\/poxclin-coolmousse\/#breadcrumb\"},\"inLanguage\":\"sv-SE\",\"potentialAction\":[{\"@type\":\"ReadAction\",\"target\":[\"https:\/\/stage.poxclin.com\/se\/produkt\/poxclin-coolmousse\/\"]}]},{\"@type\":\"ImageObject\",\"inLanguage\":\"sv-SE\",\"@id\":\"https:\/\/stage.poxclin.com\/se\/produkt\/poxclin-coolmousse\/#primaryimage\",\"url\":\"https:\/\/stage.poxclin.com\/app\/uploads\/sites\/7\/2022\/07\/poxclin_coolmousse_se.png\",\"contentUrl\":\"https:\/\/stage.poxclin.com\/app\/uploads\/sites\/7\/2022\/07\/poxclin_coolmousse_se.png\",\"width\":1000,\"height\":1000,\"caption\":\"PoxClin CoolMousse\"},{\"@type\":\"BreadcrumbList\",\"@id\":\"https:\/\/stage.poxclin.com\/se\/produkt\/poxclin-coolmousse\/#breadcrumb\",\"itemListElement\":[{\"@type\":\"ListItem\",\"position\":1,\"name\":\"Produkter\",\"item\":\"https:\/\/stage.poxclin.com\/se\/produkter\/\"},{\"@type\":\"ListItem\",\"position\":2,\"name\":\"PoxClin CoolMousse\"}]},{\"@type\":\"WebSite\",\"@id\":\"https:\/\/stage.poxclin.com\/se\/#website\",\"url\":\"https:\/\/stage.poxclin.com\/se\/\",\"name\":\"PoxClin\",\"description\":\"\",\"publisher\":{\"@id\":\"https:\/\/stage.poxclin.com\/se\/#organization\"},\"potentialAction\":[{\"@type\":\"SearchAction\",\"target\":{\"@type\":\"EntryPoint\",\"urlTemplate\":\"https:\/\/stage.poxclin.com\/se\/?s={search_term_string}\"},\"query-input\":{\"@type\":\"PropertyValueSpecification\",\"valueRequired\":true,\"valueName\":\"search_term_string\"}}],\"inLanguage\":\"sv-SE\"},{\"@type\":\"Organization\",\"@id\":\"https:\/\/stage.poxclin.com\/se\/#organization\",\"name\":\"PoxClin\",\"url\":\"https:\/\/stage.poxclin.com\/se\/\",\"logo\":{\"@type\":\"ImageObject\",\"inLanguage\":\"sv-SE\",\"@id\":\"https:\/\/stage.poxclin.com\/se\/#\/schema\/logo\/image\/\",\"url\":\"https:\/\/stage.poxclin.com\/app\/uploads\/sites\/7\/2022\/07\/PoxClin-KidsClin-logo.png\",\"contentUrl\":\"https:\/\/stage.poxclin.com\/app\/uploads\/sites\/7\/2022\/07\/PoxClin-KidsClin-logo.png\",\"width\":205,\"height\":32,\"caption\":\"PoxClin\"},\"image\":{\"@id\":\"https:\/\/stage.poxclin.com\/se\/#\/schema\/logo\/image\/\"}}]}<\/script>\n<!-- \/ Yoast SEO plugin. -->","yoast_head_json":{"title":"PoxClin CoolMousse - PoxClin","description":"F\u00f6r lindring av symptom vid vattkoppor.Lindrar hudirritation, kl\u00e5da, sveda och k\u00e4nslighet associerad till vattkoppor.","robots":{"index":"noindex","follow":"follow","max-snippet":"max-snippet:-1","max-image-preview":"max-image-preview:large","max-video-preview":"max-video-preview:-1"},"og_locale":"sv_SE","og_type":"article","og_title":"PoxClin CoolMousse - PoxClin","og_description":"F\u00f6r lindring av symptom vid vattkoppor.Lindrar hudirritation, kl\u00e5da, sveda och k\u00e4nslighet associerad till vattkoppor.","og_url":"https:\/\/stage.poxclin.com\/se\/produkt\/poxclin-coolmousse\/","og_site_name":"PoxClin","article_modified_time":"2023-03-01T09:16:49+00:00","og_image":[{"width":1000,"height":1000,"url":"https:\/\/stage.poxclin.com\/app\/uploads\/sites\/7\/2022\/07\/poxclin_coolmousse_se.png","type":"image\/png"}],"twitter_card":"summary_large_image","twitter_misc":{"Ber\u00e4knad l\u00e4stid":"3 minuter"},"schema":{"@context":"https:\/\/schema.org","@graph":[{"@type":"WebPage","@id":"https:\/\/stage.poxclin.com\/se\/produkt\/poxclin-coolmousse\/","url":"https:\/\/stage.poxclin.com\/se\/produkt\/poxclin-coolmousse\/","name":"PoxClin CoolMousse - PoxClin","isPartOf":{"@id":"https:\/\/stage.poxclin.com\/se\/#website"},"primaryImageOfPage":{"@id":"https:\/\/stage.poxclin.com\/se\/produkt\/poxclin-coolmousse\/#primaryimage"},"image":{"@id":"https:\/\/stage.poxclin.com\/se\/produkt\/poxclin-coolmousse\/#primaryimage"},"thumbnailUrl":"https:\/\/stage.poxclin.com\/app\/uploads\/sites\/7\/2022\/07\/poxclin_coolmousse_se.png","datePublished":"2022-07-04T07:03:05+00:00","dateModified":"2023-03-01T09:16:49+00:00","description":"F\u00f6r lindring av symptom vid vattkoppor.Lindrar hudirritation, kl\u00e5da, sveda och k\u00e4nslighet associerad till vattkoppor.","breadcrumb":{"@id":"https:\/\/stage.poxclin.com\/se\/produkt\/poxclin-coolmousse\/#breadcrumb"},"inLanguage":"sv-SE","potentialAction":[{"@type":"ReadAction","target":["https:\/\/stage.poxclin.com\/se\/produkt\/poxclin-coolmousse\/"]}]},{"@type":"ImageObject","inLanguage":"sv-SE","@id":"https:\/\/stage.poxclin.com\/se\/produkt\/poxclin-coolmousse\/#primaryimage","url":"https:\/\/stage.poxclin.com\/app\/uploads\/sites\/7\/2022\/07\/poxclin_coolmousse_se.png","contentUrl":"https:\/\/stage.poxclin.com\/app\/uploads\/sites\/7\/2022\/07\/poxclin_coolmousse_se.png","width":1000,"height":1000,"caption":"PoxClin CoolMousse"},{"@type":"BreadcrumbList","@id":"https:\/\/stage.poxclin.com\/se\/produkt\/poxclin-coolmousse\/#breadcrumb","itemListElement":[{"@type":"ListItem","position":1,"name":"Produkter","item":"https:\/\/stage.poxclin.com\/se\/produkter\/"},{"@type":"ListItem","position":2,"name":"PoxClin CoolMousse"}]},{"@type":"WebSite","@id":"https:\/\/stage.poxclin.com\/se\/#website","url":"https:\/\/stage.poxclin.com\/se\/","name":"PoxClin","description":"","publisher":{"@id":"https:\/\/stage.poxclin.com\/se\/#organization"},"potentialAction":[{"@type":"SearchAction","target":{"@type":"EntryPoint","urlTemplate":"https:\/\/stage.poxclin.com\/se\/?s={search_term_string}"},"query-input":{"@type":"PropertyValueSpecification","valueRequired":true,"valueName":"search_term_string"}}],"inLanguage":"sv-SE"},{"@type":"Organization","@id":"https:\/\/stage.poxclin.com\/se\/#organization","name":"PoxClin","url":"https:\/\/stage.poxclin.com\/se\/","logo":{"@type":"ImageObject","inLanguage":"sv-SE","@id":"https:\/\/stage.poxclin.com\/se\/#\/schema\/logo\/image\/","url":"https:\/\/stage.poxclin.com\/app\/uploads\/sites\/7\/2022\/07\/PoxClin-KidsClin-logo.png","contentUrl":"https:\/\/stage.poxclin.com\/app\/uploads\/sites\/7\/2022\/07\/PoxClin-KidsClin-logo.png","width":205,"height":32,"caption":"PoxClin"},"image":{"@id":"https:\/\/stage.poxclin.com\/se\/#\/schema\/logo\/image\/"}}]}},"_links":{"self":[{"href":"https:\/\/stage.poxclin.com\/se\/wp-json\/wp\/v2\/product\/109","targetHints":{"allow":["GET"]}}],"collection":[{"href":"https:\/\/stage.poxclin.com\/se\/wp-json\/wp\/v2\/product"}],"about":[{"href":"https:\/\/stage.poxclin.com\/se\/wp-json\/wp\/v2\/types\/product"}],"replies":[{"embeddable":true,"href":"https:\/\/stage.poxclin.com\/se\/wp-json\/wp\/v2\/comments?post=109"}],"version-history":[{"count":3,"href":"https:\/\/stage.poxclin.com\/se\/wp-json\/wp\/v2\/product\/109\/revisions"}],"predecessor-version":[{"id":317,"href":"https:\/\/stage.poxclin.com\/se\/wp-json\/wp\/v2\/product\/109\/revisions\/317"}],"wp:featuredmedia":[{"embeddable":true,"href":"https:\/\/stage.poxclin.com\/se\/wp-json\/wp\/v2\/media\/135"}],"wp:attachment":[{"href":"https:\/\/stage.poxclin.com\/se\/wp-json\/wp\/v2\/media?parent=109"}],"wp:term":[{"taxonomy":"product_brand","embeddable":true,"href":"https:\/\/stage.poxclin.com\/se\/wp-json\/wp\/v2\/product_brand?post=109"},{"taxonomy":"product_cat","embeddable":true,"href":"https:\/\/stage.poxclin.com\/se\/wp-json\/wp\/v2\/product_cat?post=109"},{"taxonomy":"product_tag","embeddable":true,"href":"https:\/\/stage.poxclin.com\/se\/wp-json\/wp\/v2\/product_tag?post=109"}],"curies":[{"name":"wp","href":"https:\/\/api.w.org\/{rel}","templated":true}]}}