{"id":138,"date":"2022-07-04T10:04:14","date_gmt":"2022-07-04T08:04:14","guid":{"rendered":"https:\/\/stage.kidsclin.com\/se\/?post_type=product&#038;p=138"},"modified":"2022-09-26T11:50:34","modified_gmt":"2022-09-26T09:50:34","slug":"kidsclin-body-mousse","status":"publish","type":"product","link":"https:\/\/stage.poxclin.com\/se\/produkt\/kidsclin-body-mousse\/","title":{"rendered":"KidsClin Body Mousse"},"content":{"rendered":"\n<div class=\"wp-block-karopharma-free-text pt-small pb-small bg-center bg-cover bg-no-repeat  is-style-secondary\" style=\"background-image:url()\"><div class=\"free-text-wrapper container max-w-medium text-left\">\n<h2 class=\"wp-block-heading\"><\/h2>\n<\/div><\/div>\n\n\n\n<div class=\"wp-block-karopharma-accordions is-style-secondary\"><div class=\"container\">\n<details class=\"wp-block-karopharma-accordion\"><summary><h2 class=\"accordion-title\">Instruktioner<\/h2><\/summary><div class=\"accordion-content\">\n<div class=\"wp-block-karopharma-several-images-with-text several-images-with-text\"><div class=\"container large col-1 content-align-none\" test-data=\"inner-content\">\n<section class=\"wp-block-karopharma-image-with-text image-with-text image-with-text__full-width\"><div class=\"image-with-text-container \"><div class=\"image-with-text-container-image-container\"><img decoding=\"async\" loading=\"lazy\" src=\"https:\/\/stage.poxclin.com\/cdn-cgi\/image\/format=auto\/app\/uploads\/sites\/7\/2022\/07\/chickenpox_howtouse_1.png\" alt=\"chickenpox_howtouse_1\"\/><\/div><div class=\"image-with-text-container-content\" style=\"text-align:left\" data-test=\"content\"><div class=\"content\"><p class=\"body\" data-test=\"body\">1. Skaka flaskan 1-2 g\u00e5nger<\/p>\n<div class=\"wp-block-buttons is-layout-flex wp-block-buttons-is-layout-flex\"><\/div>\n<\/div><\/div><\/div><\/section>\n\n\n\n<section class=\"wp-block-karopharma-image-with-text image-with-text image-with-text__full-width\"><div class=\"image-with-text-container \"><div class=\"image-with-text-container-image-container\"><img decoding=\"async\" loading=\"lazy\" src=\"https:\/\/stage.poxclin.com\/cdn-cgi\/image\/format=auto\/app\/uploads\/sites\/7\/2022\/07\/chickenpox_howtouse_2.png\" alt=\"chickenpox_howtouse_2\"\/><\/div><div class=\"image-with-text-container-content\" style=\"text-align:left\" data-test=\"content\"><div class=\"content\"><p class=\"body\" data-test=\"body\">2. Tryck ut mousse i handen<\/p>\n<div class=\"wp-block-buttons is-layout-flex wp-block-buttons-is-layout-flex\"><\/div>\n<\/div><\/div><\/div><\/section>\n\n\n\n<section class=\"wp-block-karopharma-image-with-text image-with-text image-with-text__full-width\"><div class=\"image-with-text-container \"><div class=\"image-with-text-container-image-container\"><img decoding=\"async\" loading=\"lazy\" src=\"https:\/\/stage.poxclin.com\/cdn-cgi\/image\/format=auto\/app\/uploads\/sites\/7\/2022\/07\/chickenpox_howtouse_3.png\" alt=\"chickenpox_howtouse_3\"\/><\/div><div class=\"image-with-text-container-content\" style=\"text-align:left\" data-test=\"content\"><div class=\"content\"><p class=\"body\" data-test=\"body\">3. Applicera KidsClin Hudirritation f\u00f6rsiktigt p\u00e5 ber\u00f6rda hudomr\u00e5den \u2013 gnugga\/skrubba inte<\/p>\n<div class=\"wp-block-buttons is-layout-flex wp-block-buttons-is-layout-flex\"><\/div>\n<\/div><\/div><\/div><\/section>\n<\/div><\/div>\n\n\n\n<div class=\"wp-block-karopharma-several-images-with-text several-images-with-text\"><div class=\"container large col-1 content-align-none\" test-data=\"inner-content\">\n<section class=\"wp-block-karopharma-image-with-text image-with-text image-with-text__full-width\"><div class=\"image-with-text-container \"><div class=\"image-with-text-container-image-container\"><img decoding=\"async\" loading=\"lazy\" src=\"https:\/\/stage.poxclin.com\/cdn-cgi\/image\/format=auto\/app\/uploads\/sites\/7\/2022\/07\/chickenpox_howtouse_5.png\" alt=\"chickenpox_howtouse_5\"\/><\/div><div class=\"image-with-text-container-content\" style=\"text-align:left\" data-test=\"content\"><div class=\"content\"><p class=\"body\" data-test=\"body\">4. Repetera tre g\u00e5nger dagligen tills besv\u00e4ren \u00e4r borta<\/p>\n<div class=\"wp-block-buttons is-layout-flex wp-block-buttons-is-layout-flex\"><\/div>\n<\/div><\/div><\/div><\/section>\n\n\n\n<section class=\"wp-block-karopharma-image-with-text image-with-text image-with-text__full-width\"><div class=\"image-with-text-container \"><div class=\"image-with-text-container-image-container\"><img decoding=\"async\" loading=\"lazy\" src=\"https:\/\/stage.poxclin.com\/cdn-cgi\/image\/format=auto\/app\/uploads\/sites\/7\/2022\/07\/chickenpox_cooling.png\" alt=\"chickenpox_cooling\"\/><\/div><div class=\"image-with-text-container-content\" style=\"text-align:left\" data-test=\"content\"><div class=\"content\"><p class=\"body\" data-test=\"body\">5. F\u00f6r extra kylande effekt, f\u00f6rvara KidsClin\u00ae Hudirritation i kylsk\u00e5p<\/p>\n<div class=\"wp-block-buttons is-layout-flex wp-block-buttons-is-layout-flex\"><\/div>\n<\/div><\/div><\/div><\/section>\n\n\n\n<section class=\"wp-block-karopharma-image-with-text image-with-text image-with-text__full-width\"><div class=\"image-with-text-container \"><div class=\"image-with-text-container-image-container\"><img decoding=\"async\" loading=\"lazy\" src=\"https:\/\/stage.poxclin.com\/cdn-cgi\/image\/format=auto\/app\/uploads\/sites\/7\/2022\/07\/chickenpox_howtouse_4.png\" alt=\"chickenpox_howtouse_4\"\/><\/div><div class=\"image-with-text-container-content\" style=\"text-align:left\" data-test=\"content\"><div class=\"content\"><p class=\"body\" data-test=\"body\">6. Vid kontakt med \u00f6gonen, spola genast med mycket vatten<\/p>\n<div class=\"wp-block-buttons is-layout-flex wp-block-buttons-is-layout-flex\"><\/div>\n<\/div><\/div><\/div><\/section>\n<\/div><\/div>\n<\/div><\/details>\n\n\n\n<details class=\"wp-block-karopharma-accordion\"><summary><h2 class=\"accordion-title\">Snabba fakta<\/h2><\/summary><div class=\"accordion-content\">\n<p><strong>F\u00f6rdelar med KidsClin BodyMousse<\/strong><\/p>\n\n\n\n<ul class=\"is-style-default wp-block-list\"><li><span style=\"font-family: var(--font-family-body);font-size: 1rem;font-weight: var(--font-weight-body);background-color: var(--color-secondary-10);color: initial\">Inga negativa biverkningar<\/span><\/li><li>Parfymfri<\/li><li>Direkt kylande effekt f\u00f6r lindring av symptom vid kliande hud och symptom associerat till n\u00e4sselutslag och torr hud.<\/li><li>Kan anv\u00e4ndas p\u00e5 skadad eller uppriven hud<\/li><\/ul>\n\n\n\n<p><strong>Inneh\u00e5ll 100 ml f\u00f6rpackning<\/strong><\/p>\n\n\n\n<p>F\u00f6rpackningen inneh\u00e5ller 100ml BodyMousse.<\/p>\n\n\n\n<p>Moussen lugnar och d\u00e4mpar kl\u00e5dan. Produkten \u00e4r parfymfri.<\/p>\n\n\n\n<p><strong>Ingredienser<\/strong><\/p>\n\n\n\n<p>Aqua, Aloe Barbadensis Extract, Galactoarabinan Polyglucoronic Acid Crosspolymer*, Betaine, Laureth-9, PEG-40 Hydrogenated Castor Oil, Glycerin, Sodium Coco-Glucoside Tartrate, Polyglyceryl-10 laurate, Phenoxyethanol, Panthenol, Ethylhexylglycerin, Allantoin, Citric Acid, Sodium Hydroxide. <\/p>\n<\/div><\/details>\n<\/div><\/div>\n\n\n\n<div class=\"wp-block-karopharma-free-text pt-small pb-small bg-center bg-cover bg-no-repeat  is-style-secondary\" style=\"background-image:url()\"><div class=\"free-text-wrapper container max-w-medium text-left\">\n<h2 class=\"wp-block-heading\"><\/h2>\n<\/div><\/div>\n\n\n\n<div class=\"wp-block-karopharma-accordions is-style-primary\"><div class=\"container\">\n<details class=\"wp-block-karopharma-accordion\"><summary><h2 class=\"accordion-title\">Var ska KidsClin\u00ae BodyMousse f\u00f6rvaras?<\/h2><\/summary><div class=\"accordion-content\">\n<p>F\u00f6rvaras torrt och svalt. Anv\u00e4nds inte efter utg\u00e5ngsdatum som visas p\u00e5 f\u00f6rpackningen. \u00d6ppnad produkt anv\u00e4nds inom 30 dagar.<\/p>\n<\/div><\/details>\n<\/div><\/div>\n","protected":false},"excerpt":{"rendered":"","protected":false},"featured_media":142,"comment_status":"closed","ping_status":"closed","template":"","meta":{"_acf_changed":false,"footnotes":""},"product_brand":[],"product_cat":[],"product_tag":[],"class_list":{"0":"post-138","1":"product","2":"type-product","3":"status-publish","4":"has-post-thumbnail","7":"first","8":"instock","9":"shipping-taxable","10":"product-type-simple"},"acf":[],"yoast_head":"<!-- This site is optimized with the Yoast SEO plugin v26.6 - https:\/\/yoast.com\/wordpress\/plugins\/seo\/ -->\n<title>KidsClin Body Mousse - PoxClin<\/title>\n<meta name=\"description\" content=\"Lindrar symptom associerade med kliande hud, mollusker och n\u00e4sselutslag.\" \/>\n<meta name=\"robots\" content=\"noindex, follow, max-snippet:-1, max-image-preview:large, max-video-preview:-1\" \/>\n<meta property=\"og:locale\" content=\"sv_SE\" \/>\n<meta property=\"og:type\" content=\"article\" \/>\n<meta property=\"og:title\" content=\"KidsClin Body Mousse - PoxClin\" \/>\n<meta property=\"og:description\" content=\"Lindrar symptom associerade med kliande hud, mollusker och n\u00e4sselutslag.\" \/>\n<meta property=\"og:url\" content=\"https:\/\/stage.poxclin.com\/se\/produkt\/kidsclin-body-mousse\/\" \/>\n<meta property=\"og:site_name\" content=\"PoxClin\" \/>\n<meta property=\"article:modified_time\" content=\"2022-09-26T09:50:34+00:00\" \/>\n<meta property=\"og:image\" content=\"https:\/\/stage.poxclin.com\/app\/uploads\/sites\/7\/2022\/07\/kidsclin_hudirritation_se.png\" \/>\n\t<meta property=\"og:image:width\" content=\"1000\" \/>\n\t<meta property=\"og:image:height\" content=\"1000\" \/>\n\t<meta property=\"og:image:type\" content=\"image\/png\" \/>\n<meta name=\"twitter:card\" content=\"summary_large_image\" \/>\n<meta name=\"twitter:label1\" content=\"Ber\u00e4knad l\u00e4stid\" \/>\n\t<meta name=\"twitter:data1\" content=\"2 minuter\" \/>\n<script type=\"application\/ld+json\" class=\"yoast-schema-graph\">{\"@context\":\"https:\/\/schema.org\",\"@graph\":[{\"@type\":\"WebPage\",\"@id\":\"https:\/\/stage.poxclin.com\/se\/produkt\/kidsclin-body-mousse\/\",\"url\":\"https:\/\/stage.poxclin.com\/se\/produkt\/kidsclin-body-mousse\/\",\"name\":\"KidsClin Body Mousse - PoxClin\",\"isPartOf\":{\"@id\":\"https:\/\/stage.poxclin.com\/se\/#website\"},\"primaryImageOfPage\":{\"@id\":\"https:\/\/stage.poxclin.com\/se\/produkt\/kidsclin-body-mousse\/#primaryimage\"},\"image\":{\"@id\":\"https:\/\/stage.poxclin.com\/se\/produkt\/kidsclin-body-mousse\/#primaryimage\"},\"thumbnailUrl\":\"https:\/\/stage.poxclin.com\/app\/uploads\/sites\/7\/2022\/07\/kidsclin_hudirritation_se.png\",\"datePublished\":\"2022-07-04T08:04:14+00:00\",\"dateModified\":\"2022-09-26T09:50:34+00:00\",\"description\":\"Lindrar symptom associerade med kliande hud, mollusker och n\u00e4sselutslag.\",\"breadcrumb\":{\"@id\":\"https:\/\/stage.poxclin.com\/se\/produkt\/kidsclin-body-mousse\/#breadcrumb\"},\"inLanguage\":\"sv-SE\",\"potentialAction\":[{\"@type\":\"ReadAction\",\"target\":[\"https:\/\/stage.poxclin.com\/se\/produkt\/kidsclin-body-mousse\/\"]}]},{\"@type\":\"ImageObject\",\"inLanguage\":\"sv-SE\",\"@id\":\"https:\/\/stage.poxclin.com\/se\/produkt\/kidsclin-body-mousse\/#primaryimage\",\"url\":\"https:\/\/stage.poxclin.com\/app\/uploads\/sites\/7\/2022\/07\/kidsclin_hudirritation_se.png\",\"contentUrl\":\"https:\/\/stage.poxclin.com\/app\/uploads\/sites\/7\/2022\/07\/kidsclin_hudirritation_se.png\",\"width\":1000,\"height\":1000,\"caption\":\"KidsClin Hudirritation\"},{\"@type\":\"BreadcrumbList\",\"@id\":\"https:\/\/stage.poxclin.com\/se\/produkt\/kidsclin-body-mousse\/#breadcrumb\",\"itemListElement\":[{\"@type\":\"ListItem\",\"position\":1,\"name\":\"Produkter\",\"item\":\"https:\/\/stage.poxclin.com\/se\/produkter\/\"},{\"@type\":\"ListItem\",\"position\":2,\"name\":\"KidsClin Body Mousse\"}]},{\"@type\":\"WebSite\",\"@id\":\"https:\/\/stage.poxclin.com\/se\/#website\",\"url\":\"https:\/\/stage.poxclin.com\/se\/\",\"name\":\"PoxClin\",\"description\":\"\",\"publisher\":{\"@id\":\"https:\/\/stage.poxclin.com\/se\/#organization\"},\"potentialAction\":[{\"@type\":\"SearchAction\",\"target\":{\"@type\":\"EntryPoint\",\"urlTemplate\":\"https:\/\/stage.poxclin.com\/se\/?s={search_term_string}\"},\"query-input\":{\"@type\":\"PropertyValueSpecification\",\"valueRequired\":true,\"valueName\":\"search_term_string\"}}],\"inLanguage\":\"sv-SE\"},{\"@type\":\"Organization\",\"@id\":\"https:\/\/stage.poxclin.com\/se\/#organization\",\"name\":\"PoxClin\",\"url\":\"https:\/\/stage.poxclin.com\/se\/\",\"logo\":{\"@type\":\"ImageObject\",\"inLanguage\":\"sv-SE\",\"@id\":\"https:\/\/stage.poxclin.com\/se\/#\/schema\/logo\/image\/\",\"url\":\"https:\/\/stage.poxclin.com\/app\/uploads\/sites\/7\/2022\/07\/PoxClin-KidsClin-logo.png\",\"contentUrl\":\"https:\/\/stage.poxclin.com\/app\/uploads\/sites\/7\/2022\/07\/PoxClin-KidsClin-logo.png\",\"width\":205,\"height\":32,\"caption\":\"PoxClin\"},\"image\":{\"@id\":\"https:\/\/stage.poxclin.com\/se\/#\/schema\/logo\/image\/\"}}]}<\/script>\n<!-- \/ Yoast SEO plugin. -->","yoast_head_json":{"title":"KidsClin Body Mousse - PoxClin","description":"Lindrar symptom associerade med kliande hud, mollusker och n\u00e4sselutslag.","robots":{"index":"noindex","follow":"follow","max-snippet":"max-snippet:-1","max-image-preview":"max-image-preview:large","max-video-preview":"max-video-preview:-1"},"og_locale":"sv_SE","og_type":"article","og_title":"KidsClin Body Mousse - PoxClin","og_description":"Lindrar symptom associerade med kliande hud, mollusker och n\u00e4sselutslag.","og_url":"https:\/\/stage.poxclin.com\/se\/produkt\/kidsclin-body-mousse\/","og_site_name":"PoxClin","article_modified_time":"2022-09-26T09:50:34+00:00","og_image":[{"width":1000,"height":1000,"url":"https:\/\/stage.poxclin.com\/app\/uploads\/sites\/7\/2022\/07\/kidsclin_hudirritation_se.png","type":"image\/png"}],"twitter_card":"summary_large_image","twitter_misc":{"Ber\u00e4knad l\u00e4stid":"2 minuter"},"schema":{"@context":"https:\/\/schema.org","@graph":[{"@type":"WebPage","@id":"https:\/\/stage.poxclin.com\/se\/produkt\/kidsclin-body-mousse\/","url":"https:\/\/stage.poxclin.com\/se\/produkt\/kidsclin-body-mousse\/","name":"KidsClin Body Mousse - PoxClin","isPartOf":{"@id":"https:\/\/stage.poxclin.com\/se\/#website"},"primaryImageOfPage":{"@id":"https:\/\/stage.poxclin.com\/se\/produkt\/kidsclin-body-mousse\/#primaryimage"},"image":{"@id":"https:\/\/stage.poxclin.com\/se\/produkt\/kidsclin-body-mousse\/#primaryimage"},"thumbnailUrl":"https:\/\/stage.poxclin.com\/app\/uploads\/sites\/7\/2022\/07\/kidsclin_hudirritation_se.png","datePublished":"2022-07-04T08:04:14+00:00","dateModified":"2022-09-26T09:50:34+00:00","description":"Lindrar symptom associerade med kliande hud, mollusker och n\u00e4sselutslag.","breadcrumb":{"@id":"https:\/\/stage.poxclin.com\/se\/produkt\/kidsclin-body-mousse\/#breadcrumb"},"inLanguage":"sv-SE","potentialAction":[{"@type":"ReadAction","target":["https:\/\/stage.poxclin.com\/se\/produkt\/kidsclin-body-mousse\/"]}]},{"@type":"ImageObject","inLanguage":"sv-SE","@id":"https:\/\/stage.poxclin.com\/se\/produkt\/kidsclin-body-mousse\/#primaryimage","url":"https:\/\/stage.poxclin.com\/app\/uploads\/sites\/7\/2022\/07\/kidsclin_hudirritation_se.png","contentUrl":"https:\/\/stage.poxclin.com\/app\/uploads\/sites\/7\/2022\/07\/kidsclin_hudirritation_se.png","width":1000,"height":1000,"caption":"KidsClin Hudirritation"},{"@type":"BreadcrumbList","@id":"https:\/\/stage.poxclin.com\/se\/produkt\/kidsclin-body-mousse\/#breadcrumb","itemListElement":[{"@type":"ListItem","position":1,"name":"Produkter","item":"https:\/\/stage.poxclin.com\/se\/produkter\/"},{"@type":"ListItem","position":2,"name":"KidsClin Body Mousse"}]},{"@type":"WebSite","@id":"https:\/\/stage.poxclin.com\/se\/#website","url":"https:\/\/stage.poxclin.com\/se\/","name":"PoxClin","description":"","publisher":{"@id":"https:\/\/stage.poxclin.com\/se\/#organization"},"potentialAction":[{"@type":"SearchAction","target":{"@type":"EntryPoint","urlTemplate":"https:\/\/stage.poxclin.com\/se\/?s={search_term_string}"},"query-input":{"@type":"PropertyValueSpecification","valueRequired":true,"valueName":"search_term_string"}}],"inLanguage":"sv-SE"},{"@type":"Organization","@id":"https:\/\/stage.poxclin.com\/se\/#organization","name":"PoxClin","url":"https:\/\/stage.poxclin.com\/se\/","logo":{"@type":"ImageObject","inLanguage":"sv-SE","@id":"https:\/\/stage.poxclin.com\/se\/#\/schema\/logo\/image\/","url":"https:\/\/stage.poxclin.com\/app\/uploads\/sites\/7\/2022\/07\/PoxClin-KidsClin-logo.png","contentUrl":"https:\/\/stage.poxclin.com\/app\/uploads\/sites\/7\/2022\/07\/PoxClin-KidsClin-logo.png","width":205,"height":32,"caption":"PoxClin"},"image":{"@id":"https:\/\/stage.poxclin.com\/se\/#\/schema\/logo\/image\/"}}]}},"_links":{"self":[{"href":"https:\/\/stage.poxclin.com\/se\/wp-json\/wp\/v2\/product\/138","targetHints":{"allow":["GET"]}}],"collection":[{"href":"https:\/\/stage.poxclin.com\/se\/wp-json\/wp\/v2\/product"}],"about":[{"href":"https:\/\/stage.poxclin.com\/se\/wp-json\/wp\/v2\/types\/product"}],"replies":[{"embeddable":true,"href":"https:\/\/stage.poxclin.com\/se\/wp-json\/wp\/v2\/comments?post=138"}],"version-history":[{"count":2,"href":"https:\/\/stage.poxclin.com\/se\/wp-json\/wp\/v2\/product\/138\/revisions"}],"predecessor-version":[{"id":300,"href":"https:\/\/stage.poxclin.com\/se\/wp-json\/wp\/v2\/product\/138\/revisions\/300"}],"wp:featuredmedia":[{"embeddable":true,"href":"https:\/\/stage.poxclin.com\/se\/wp-json\/wp\/v2\/media\/142"}],"wp:attachment":[{"href":"https:\/\/stage.poxclin.com\/se\/wp-json\/wp\/v2\/media?parent=138"}],"wp:term":[{"taxonomy":"product_brand","embeddable":true,"href":"https:\/\/stage.poxclin.com\/se\/wp-json\/wp\/v2\/product_brand?post=138"},{"taxonomy":"product_cat","embeddable":true,"href":"https:\/\/stage.poxclin.com\/se\/wp-json\/wp\/v2\/product_cat?post=138"},{"taxonomy":"product_tag","embeddable":true,"href":"https:\/\/stage.poxclin.com\/se\/wp-json\/wp\/v2\/product_tag?post=138"}],"curies":[{"name":"wp","href":"https:\/\/api.w.org\/{rel}","templated":true}]}}