{"id":147,"date":"2022-07-04T10:23:10","date_gmt":"2022-07-04T08:23:10","guid":{"rendered":"https:\/\/stage.kidsclin.com\/se\/?post_type=product&#038;p=147"},"modified":"2023-03-01T10:19:52","modified_gmt":"2023-03-01T09:19:52","slug":"kidsclin-skorv-kit","status":"publish","type":"product","link":"https:\/\/stage.poxclin.com\/se\/produkt\/kidsclin-skorv-kit\/","title":{"rendered":"KidsClin Skorv Serum"},"content":{"rendered":"\n<div class=\"wp-block-karopharma-free-text pt-small pb-small bg-center bg-cover bg-no-repeat  is-style-secondary\" style=\"background-image:url()\"><div class=\"free-text-wrapper container max-w-medium text-left\">\n<h2 class=\"wp-block-heading\"><\/h2>\n<\/div><\/div>\n\n\n\n<div class=\"wp-block-karopharma-accordions is-style-secondary\"><div class=\"container\">\n<details class=\"wp-block-karopharma-accordion\"><summary><h2 class=\"accordion-title\">Instruktioner<\/h2><\/summary><div class=\"accordion-content\">\n<div class=\"wp-block-karopharma-several-images-with-text several-images-with-text\"><div class=\"container large col-1 content-align-none\" test-data=\"inner-content\">\n<section class=\"wp-block-karopharma-image-with-text image-with-text image-with-text__full-width\"><div class=\"image-with-text-container \"><div class=\"image-with-text-container-image-container\"><img decoding=\"async\" loading=\"lazy\" src=\"https:\/\/stage.poxclin.com\/cdn-cgi\/image\/format=auto\/app\/uploads\/sites\/7\/2022\/07\/kidsclin_cradlecap_howtouse_1.png\" alt=\"kidsclin_cradlecap_howtouse_1\"\/><\/div><div class=\"image-with-text-container-content\" style=\"text-align:left\" data-test=\"content\"><div class=\"content\"><p class=\"body\" data-test=\"body\">1. Spraya serumet tv\u00e5 g\u00e5nger i handflatan<\/p>\n<div class=\"wp-block-buttons is-layout-flex wp-block-buttons-is-layout-flex\"><\/div>\n<\/div><\/div><\/div><\/section>\n\n\n\n<section class=\"wp-block-karopharma-image-with-text image-with-text image-with-text__full-width\"><div class=\"image-with-text-container \"><div class=\"image-with-text-container-image-container\"><img decoding=\"async\" loading=\"lazy\" src=\"https:\/\/stage.poxclin.com\/cdn-cgi\/image\/format=auto\/app\/uploads\/sites\/7\/2022\/07\/kidsclin_cradlecap_howtouse_2.png\" alt=\"kidsclin_cradlecap_howtouse_2\"\/><\/div><div class=\"image-with-text-container-content\" style=\"text-align:left\" data-test=\"content\"><div class=\"content\"><p class=\"body\" data-test=\"body\">2. Massera in serumet p\u00e5 ber\u00f6rda hudomr\u00e5den, tv\u00e5 g\u00e5nger dagligen tills skorven \u00e4r borta<\/p>\n<div class=\"wp-block-buttons is-layout-flex wp-block-buttons-is-layout-flex\"><\/div>\n<\/div><\/div><\/div><\/section>\n\n\n\n<section class=\"wp-block-karopharma-image-with-text image-with-text image-with-text__full-width\"><div class=\"image-with-text-container \"><div class=\"image-with-text-container-image-container\"><img decoding=\"async\" loading=\"lazy\" src=\"https:\/\/stage.poxclin.com\/cdn-cgi\/image\/format=auto\/app\/uploads\/sites\/7\/2022\/07\/kidsclin_cradlecap_howtouse_3.png\" alt=\"kidsclin_cradlecap_howtouse_3\"\/><\/div><div class=\"image-with-text-container-content\" style=\"text-align:left\" data-test=\"content\"><div class=\"content\"><p class=\"body\" data-test=\"body\">3. F\u00f6r s\u00e4ker borttagning av skorv \u2013 anv\u00e4nd borsten med svampen och kammen (hj\u00e4lper n\u00e4r det \u00e4r h\u00e5r i v\u00e4gen)<\/p>\n<div class=\"wp-block-buttons is-layout-flex wp-block-buttons-is-layout-flex\"><\/div>\n<\/div><\/div><\/div><\/section>\n\n\n\n<section class=\"wp-block-karopharma-image-with-text image-with-text image-with-text__full-width\"><div class=\"image-with-text-container \"><div class=\"image-with-text-container-image-container\"><img decoding=\"async\" loading=\"lazy\" src=\"https:\/\/stage.poxclin.com\/cdn-cgi\/image\/format=auto\/app\/uploads\/sites\/7\/2022\/07\/kidsclin_cradlecap_howtouse_4.png\" alt=\"kidsclin_cradlecap_howtouse_4\"\/><\/div><div class=\"image-with-text-container-content\" style=\"text-align:left\" data-test=\"content\"><div class=\"content\"><p class=\"body\" data-test=\"body\">4. Om barnet har skorv runt \u00f6gonen, kan KidsClin\u00ae sprayas p\u00e5 en bomullsrondell f\u00f6r att g\u00f6ra det l\u00e4ttare att applicera utan att f\u00e5 serumet i barnets \u00f6ga<\/p>\n<div class=\"wp-block-buttons is-layout-flex wp-block-buttons-is-layout-flex\"><\/div>\n<\/div><\/div><\/div><\/section>\n<\/div><\/div>\n<\/div><\/details>\n\n\n\n<details class=\"wp-block-karopharma-accordion\"><summary><h2 class=\"accordion-title\">Snabba fakta<\/h2><\/summary><div class=\"accordion-content\">\n<p><strong>F\u00f6rdelar med KidsClin Skorv<\/strong><\/p>\n\n\n\n<ul class=\"is-style-default wp-block-list\"><li>Praktisk kit \u2013 inneh\u00e5ller allt du beh\u00f6ver f\u00f6r att skonsamt ta bort skorv<\/li><li>Tar skonsamt bort skorv<\/li><li>\u00c5terfuktar och g\u00f6r huden mjuk<\/li><li>Bildar ett skyddande lager<\/li><li>Motverkar infektion<\/li><li>Omedelbart resultat<\/li><li>Barnv\u00e4nlig<\/li><\/ul>\n\n\n\n<div style=\"height:100px\" aria-hidden=\"true\" class=\"wp-block-spacer is-style-responsive-small\"><\/div>\n\n\n\n<p><strong>Inneh\u00e5ll 30ml f\u00f6rpackning<\/strong><\/p>\n\n\n\n<p>Kitet inneh\u00e5ller:<\/p>\n\n\n\n<p><strong>Serum spray<\/strong><\/p>\n\n\n\n<ul class=\"is-style-default wp-block-list\"><li>L\u00f6ser genast upp det klibbiga lagret av torr talg<\/li><li>Reducerar fuktf\u00f6rlusten genom huden<\/li><li>\u00c5terst\u00e4ller hudens barri\u00e4rfunktion<\/li><\/ul>\n\n\n\n<p><strong>Borste<\/strong><br>Masserar varsamt h\u00e5rbotten och tar bort fj\u00e4ll<\/p>\n\n\n\n<p><strong>Kam<br><\/strong>F\u00f6rsiktigt avl\u00e4gsnande av flagor fr\u00e5n h\u00e5ret<\/p>\n\n\n\n<div style=\"height:100px\" aria-hidden=\"true\" class=\"wp-block-spacer is-style-responsive-small\"><\/div>\n\n\n\n<p><strong>Ingredienser<\/strong><\/p>\n\n\n\n<p>Borago Officinalis Seed Oil, Squalane, Tocopheryl Acetate, Helianthus Annuus Seed Oil, Rosmarinus Officinalis Leaf Extract.<\/p>\n<\/div><\/details>\n<\/div><\/div>\n\n\n\n<div class=\"wp-block-karopharma-free-text pt-small pb-small bg-center bg-cover bg-no-repeat  is-style-secondary\" style=\"background-image:url()\"><div class=\"free-text-wrapper container max-w-medium text-left\">\n<h2 class=\"wp-block-heading\"><\/h2>\n<\/div><\/div>\n\n\n\n<div class=\"wp-block-karopharma-accordions is-style-primary\"><div class=\"container\">\n<details class=\"wp-block-karopharma-accordion\"><summary><h2 class=\"accordion-title\">Var ska KidsClin\u00ae Skorv f\u00f6rvaras?<\/h2><\/summary><div class=\"accordion-content\">\n<p>F\u00f6rvara utom syn- och r\u00e4ckh\u00e5ll f\u00f6r barn, i sin originalf\u00f6rpackning i en temperatur mellan 2\u00b0C och 30\u00b0C.<br>Anv\u00e4nd inte KidsClin\u00ae Skorv efter utg\u00e5ngsdatumet.<\/p>\n<\/div><\/details>\n\n\n\n<details class=\"wp-block-karopharma-accordion\"><summary><h2 class=\"accordion-title\">Vad \u00e4r skorv?<\/h2><\/summary><div class=\"accordion-content\">\n<p>Skorv k\u00e4nnetecknas av gula eller brunaktiga fj\u00e4ll som ofta upptr\u00e4der i h\u00e5rbotten. Fj\u00e4llen flagar och kan g\u00f6ra att huden under blir r\u00f6d. Ibland kan h\u00e5rstr\u00e5n f\u00f6lja med flagorna men det v\u00e4xer tillbaka. Oftast bildas skorv i h\u00e5rbotten men kan ocks\u00e5 upptr\u00e4da i ansiktet, p\u00e5 \u00f6ronen, i nacken, kring bl\u00f6jomr\u00e5det och i armh\u00e5lorna.<\/p>\n<\/div><\/details>\n\n\n\n<details class=\"wp-block-karopharma-accordion\"><summary><h2 class=\"accordion-title\">Hur l\u00e5ng tid tar det att f\u00e5 bort skorv?<\/h2><\/summary><div class=\"accordion-content\">\n<p>Behandlingstiden varierar beroende p\u00e5 allvarlighetsgrad men det tar normalt mellan 1-4 veckor.<\/p>\n<\/div><\/details>\n<\/div><\/div>\n","protected":false},"excerpt":{"rendered":"","protected":false},"featured_media":148,"comment_status":"closed","ping_status":"closed","template":"","meta":{"_acf_changed":false,"footnotes":""},"product_brand":[],"product_cat":[],"product_tag":[],"class_list":{"0":"post-147","1":"product","2":"type-product","3":"status-publish","4":"has-post-thumbnail","7":"first","8":"instock","9":"shipping-taxable","10":"product-type-simple"},"acf":[],"yoast_head":"<!-- This site is optimized with the Yoast SEO plugin v26.6 - https:\/\/yoast.com\/wordpress\/plugins\/seo\/ -->\n<title>KidsClin Skorv Serum - PoxClin<\/title>\n<meta name=\"description\" content=\"KidsClin Skorv Serum erbjuder allt du beh\u00f6ver f\u00f6r att skonsamt ta bort skorv. Kitet inneh\u00e5ller ett djupverkande serum, en borste med en mjuk svamp och en kam f\u00f6r omedelbar och s\u00e4ker borttagning av skorv.\" \/>\n<meta name=\"robots\" content=\"noindex, follow, max-snippet:-1, max-image-preview:large, max-video-preview:-1\" \/>\n<meta property=\"og:locale\" content=\"sv_SE\" \/>\n<meta property=\"og:type\" content=\"article\" \/>\n<meta property=\"og:title\" content=\"KidsClin Skorv Serum - PoxClin\" \/>\n<meta property=\"og:description\" content=\"KidsClin Skorv Serum erbjuder allt du beh\u00f6ver f\u00f6r att skonsamt ta bort skorv. Kitet inneh\u00e5ller ett djupverkande serum, en borste med en mjuk svamp och en kam f\u00f6r omedelbar och s\u00e4ker borttagning av skorv.\" \/>\n<meta property=\"og:url\" content=\"https:\/\/stage.poxclin.com\/se\/produkt\/kidsclin-skorv-kit\/\" \/>\n<meta property=\"og:site_name\" content=\"PoxClin\" \/>\n<meta property=\"article:modified_time\" content=\"2023-03-01T09:19:52+00:00\" \/>\n<meta property=\"og:image\" content=\"https:\/\/stage.poxclin.com\/app\/uploads\/sites\/7\/2022\/07\/kidsclin_skorv_se.png\" \/>\n\t<meta property=\"og:image:width\" content=\"1000\" \/>\n\t<meta property=\"og:image:height\" content=\"1000\" \/>\n\t<meta property=\"og:image:type\" content=\"image\/png\" \/>\n<meta name=\"twitter:card\" content=\"summary_large_image\" \/>\n<meta name=\"twitter:label1\" content=\"Ber\u00e4knad l\u00e4stid\" \/>\n\t<meta name=\"twitter:data1\" content=\"3 minuter\" \/>\n<script type=\"application\/ld+json\" class=\"yoast-schema-graph\">{\"@context\":\"https:\/\/schema.org\",\"@graph\":[{\"@type\":\"WebPage\",\"@id\":\"https:\/\/stage.poxclin.com\/se\/produkt\/kidsclin-skorv-kit\/\",\"url\":\"https:\/\/stage.poxclin.com\/se\/produkt\/kidsclin-skorv-kit\/\",\"name\":\"KidsClin Skorv Serum - PoxClin\",\"isPartOf\":{\"@id\":\"https:\/\/stage.poxclin.com\/se\/#website\"},\"primaryImageOfPage\":{\"@id\":\"https:\/\/stage.poxclin.com\/se\/produkt\/kidsclin-skorv-kit\/#primaryimage\"},\"image\":{\"@id\":\"https:\/\/stage.poxclin.com\/se\/produkt\/kidsclin-skorv-kit\/#primaryimage\"},\"thumbnailUrl\":\"https:\/\/stage.poxclin.com\/app\/uploads\/sites\/7\/2022\/07\/kidsclin_skorv_se.png\",\"datePublished\":\"2022-07-04T08:23:10+00:00\",\"dateModified\":\"2023-03-01T09:19:52+00:00\",\"description\":\"KidsClin Skorv Serum erbjuder allt du beh\u00f6ver f\u00f6r att skonsamt ta bort skorv. Kitet inneh\u00e5ller ett djupverkande serum, en borste med en mjuk svamp och en kam f\u00f6r omedelbar och s\u00e4ker borttagning av skorv.\",\"breadcrumb\":{\"@id\":\"https:\/\/stage.poxclin.com\/se\/produkt\/kidsclin-skorv-kit\/#breadcrumb\"},\"inLanguage\":\"sv-SE\",\"potentialAction\":[{\"@type\":\"ReadAction\",\"target\":[\"https:\/\/stage.poxclin.com\/se\/produkt\/kidsclin-skorv-kit\/\"]}]},{\"@type\":\"ImageObject\",\"inLanguage\":\"sv-SE\",\"@id\":\"https:\/\/stage.poxclin.com\/se\/produkt\/kidsclin-skorv-kit\/#primaryimage\",\"url\":\"https:\/\/stage.poxclin.com\/app\/uploads\/sites\/7\/2022\/07\/kidsclin_skorv_se.png\",\"contentUrl\":\"https:\/\/stage.poxclin.com\/app\/uploads\/sites\/7\/2022\/07\/kidsclin_skorv_se.png\",\"width\":1000,\"height\":1000,\"caption\":\"KidsClin Skorv\"},{\"@type\":\"BreadcrumbList\",\"@id\":\"https:\/\/stage.poxclin.com\/se\/produkt\/kidsclin-skorv-kit\/#breadcrumb\",\"itemListElement\":[{\"@type\":\"ListItem\",\"position\":1,\"name\":\"Produkter\",\"item\":\"https:\/\/stage.poxclin.com\/se\/produkter\/\"},{\"@type\":\"ListItem\",\"position\":2,\"name\":\"KidsClin Skorv Serum\"}]},{\"@type\":\"WebSite\",\"@id\":\"https:\/\/stage.poxclin.com\/se\/#website\",\"url\":\"https:\/\/stage.poxclin.com\/se\/\",\"name\":\"PoxClin\",\"description\":\"\",\"publisher\":{\"@id\":\"https:\/\/stage.poxclin.com\/se\/#organization\"},\"potentialAction\":[{\"@type\":\"SearchAction\",\"target\":{\"@type\":\"EntryPoint\",\"urlTemplate\":\"https:\/\/stage.poxclin.com\/se\/?s={search_term_string}\"},\"query-input\":{\"@type\":\"PropertyValueSpecification\",\"valueRequired\":true,\"valueName\":\"search_term_string\"}}],\"inLanguage\":\"sv-SE\"},{\"@type\":\"Organization\",\"@id\":\"https:\/\/stage.poxclin.com\/se\/#organization\",\"name\":\"PoxClin\",\"url\":\"https:\/\/stage.poxclin.com\/se\/\",\"logo\":{\"@type\":\"ImageObject\",\"inLanguage\":\"sv-SE\",\"@id\":\"https:\/\/stage.poxclin.com\/se\/#\/schema\/logo\/image\/\",\"url\":\"https:\/\/stage.poxclin.com\/app\/uploads\/sites\/7\/2022\/07\/PoxClin-KidsClin-logo.png\",\"contentUrl\":\"https:\/\/stage.poxclin.com\/app\/uploads\/sites\/7\/2022\/07\/PoxClin-KidsClin-logo.png\",\"width\":205,\"height\":32,\"caption\":\"PoxClin\"},\"image\":{\"@id\":\"https:\/\/stage.poxclin.com\/se\/#\/schema\/logo\/image\/\"}}]}<\/script>\n<!-- \/ Yoast SEO plugin. -->","yoast_head_json":{"title":"KidsClin Skorv Serum - PoxClin","description":"KidsClin Skorv Serum erbjuder allt du beh\u00f6ver f\u00f6r att skonsamt ta bort skorv. Kitet inneh\u00e5ller ett djupverkande serum, en borste med en mjuk svamp och en kam f\u00f6r omedelbar och s\u00e4ker borttagning av skorv.","robots":{"index":"noindex","follow":"follow","max-snippet":"max-snippet:-1","max-image-preview":"max-image-preview:large","max-video-preview":"max-video-preview:-1"},"og_locale":"sv_SE","og_type":"article","og_title":"KidsClin Skorv Serum - PoxClin","og_description":"KidsClin Skorv Serum erbjuder allt du beh\u00f6ver f\u00f6r att skonsamt ta bort skorv. Kitet inneh\u00e5ller ett djupverkande serum, en borste med en mjuk svamp och en kam f\u00f6r omedelbar och s\u00e4ker borttagning av skorv.","og_url":"https:\/\/stage.poxclin.com\/se\/produkt\/kidsclin-skorv-kit\/","og_site_name":"PoxClin","article_modified_time":"2023-03-01T09:19:52+00:00","og_image":[{"width":1000,"height":1000,"url":"https:\/\/stage.poxclin.com\/app\/uploads\/sites\/7\/2022\/07\/kidsclin_skorv_se.png","type":"image\/png"}],"twitter_card":"summary_large_image","twitter_misc":{"Ber\u00e4knad l\u00e4stid":"3 minuter"},"schema":{"@context":"https:\/\/schema.org","@graph":[{"@type":"WebPage","@id":"https:\/\/stage.poxclin.com\/se\/produkt\/kidsclin-skorv-kit\/","url":"https:\/\/stage.poxclin.com\/se\/produkt\/kidsclin-skorv-kit\/","name":"KidsClin Skorv Serum - PoxClin","isPartOf":{"@id":"https:\/\/stage.poxclin.com\/se\/#website"},"primaryImageOfPage":{"@id":"https:\/\/stage.poxclin.com\/se\/produkt\/kidsclin-skorv-kit\/#primaryimage"},"image":{"@id":"https:\/\/stage.poxclin.com\/se\/produkt\/kidsclin-skorv-kit\/#primaryimage"},"thumbnailUrl":"https:\/\/stage.poxclin.com\/app\/uploads\/sites\/7\/2022\/07\/kidsclin_skorv_se.png","datePublished":"2022-07-04T08:23:10+00:00","dateModified":"2023-03-01T09:19:52+00:00","description":"KidsClin Skorv Serum erbjuder allt du beh\u00f6ver f\u00f6r att skonsamt ta bort skorv. Kitet inneh\u00e5ller ett djupverkande serum, en borste med en mjuk svamp och en kam f\u00f6r omedelbar och s\u00e4ker borttagning av skorv.","breadcrumb":{"@id":"https:\/\/stage.poxclin.com\/se\/produkt\/kidsclin-skorv-kit\/#breadcrumb"},"inLanguage":"sv-SE","potentialAction":[{"@type":"ReadAction","target":["https:\/\/stage.poxclin.com\/se\/produkt\/kidsclin-skorv-kit\/"]}]},{"@type":"ImageObject","inLanguage":"sv-SE","@id":"https:\/\/stage.poxclin.com\/se\/produkt\/kidsclin-skorv-kit\/#primaryimage","url":"https:\/\/stage.poxclin.com\/app\/uploads\/sites\/7\/2022\/07\/kidsclin_skorv_se.png","contentUrl":"https:\/\/stage.poxclin.com\/app\/uploads\/sites\/7\/2022\/07\/kidsclin_skorv_se.png","width":1000,"height":1000,"caption":"KidsClin Skorv"},{"@type":"BreadcrumbList","@id":"https:\/\/stage.poxclin.com\/se\/produkt\/kidsclin-skorv-kit\/#breadcrumb","itemListElement":[{"@type":"ListItem","position":1,"name":"Produkter","item":"https:\/\/stage.poxclin.com\/se\/produkter\/"},{"@type":"ListItem","position":2,"name":"KidsClin Skorv Serum"}]},{"@type":"WebSite","@id":"https:\/\/stage.poxclin.com\/se\/#website","url":"https:\/\/stage.poxclin.com\/se\/","name":"PoxClin","description":"","publisher":{"@id":"https:\/\/stage.poxclin.com\/se\/#organization"},"potentialAction":[{"@type":"SearchAction","target":{"@type":"EntryPoint","urlTemplate":"https:\/\/stage.poxclin.com\/se\/?s={search_term_string}"},"query-input":{"@type":"PropertyValueSpecification","valueRequired":true,"valueName":"search_term_string"}}],"inLanguage":"sv-SE"},{"@type":"Organization","@id":"https:\/\/stage.poxclin.com\/se\/#organization","name":"PoxClin","url":"https:\/\/stage.poxclin.com\/se\/","logo":{"@type":"ImageObject","inLanguage":"sv-SE","@id":"https:\/\/stage.poxclin.com\/se\/#\/schema\/logo\/image\/","url":"https:\/\/stage.poxclin.com\/app\/uploads\/sites\/7\/2022\/07\/PoxClin-KidsClin-logo.png","contentUrl":"https:\/\/stage.poxclin.com\/app\/uploads\/sites\/7\/2022\/07\/PoxClin-KidsClin-logo.png","width":205,"height":32,"caption":"PoxClin"},"image":{"@id":"https:\/\/stage.poxclin.com\/se\/#\/schema\/logo\/image\/"}}]}},"_links":{"self":[{"href":"https:\/\/stage.poxclin.com\/se\/wp-json\/wp\/v2\/product\/147","targetHints":{"allow":["GET"]}}],"collection":[{"href":"https:\/\/stage.poxclin.com\/se\/wp-json\/wp\/v2\/product"}],"about":[{"href":"https:\/\/stage.poxclin.com\/se\/wp-json\/wp\/v2\/types\/product"}],"replies":[{"embeddable":true,"href":"https:\/\/stage.poxclin.com\/se\/wp-json\/wp\/v2\/comments?post=147"}],"version-history":[{"count":2,"href":"https:\/\/stage.poxclin.com\/se\/wp-json\/wp\/v2\/product\/147\/revisions"}],"predecessor-version":[{"id":320,"href":"https:\/\/stage.poxclin.com\/se\/wp-json\/wp\/v2\/product\/147\/revisions\/320"}],"wp:featuredmedia":[{"embeddable":true,"href":"https:\/\/stage.poxclin.com\/se\/wp-json\/wp\/v2\/media\/148"}],"wp:attachment":[{"href":"https:\/\/stage.poxclin.com\/se\/wp-json\/wp\/v2\/media?parent=147"}],"wp:term":[{"taxonomy":"product_brand","embeddable":true,"href":"https:\/\/stage.poxclin.com\/se\/wp-json\/wp\/v2\/product_brand?post=147"},{"taxonomy":"product_cat","embeddable":true,"href":"https:\/\/stage.poxclin.com\/se\/wp-json\/wp\/v2\/product_cat?post=147"},{"taxonomy":"product_tag","embeddable":true,"href":"https:\/\/stage.poxclin.com\/se\/wp-json\/wp\/v2\/product_tag?post=147"}],"curies":[{"name":"wp","href":"https:\/\/api.w.org\/{rel}","templated":true}]}}